{"id":25500,"date":"2025-05-24T18:24:18","date_gmt":"2025-05-24T17:24:18","guid":{"rendered":"https:\/\/mamaterra.lt\/parduotuve\/bez-kategorii\/frankincense-stick-piestukas-su-naio-wood-aliejumi\/"},"modified":"2025-05-24T18:38:21","modified_gmt":"2025-05-24T17:38:21","slug":"frankincense-stick-olowek-z-olejem-naio-wood","status":"publish","type":"product","link":"https:\/\/mamaterra.lt\/pl\/parduotuve\/olejki-eteryczne\/frankincense-stick-olowek-z-olejem-naio-wood\/","title":{"rendered":"Frankincense Stick (O\u0142\u00f3wek) z olejem Naio Wood"},"content":{"rendered":"<h6>Frankincense Stick (O\u0142\u00f3wek) z olejem Naio Wood<\/h6>\n<p>&nbsp;<\/p>\n<p>Poczuj moc olejku Frankincense (Boswellia) jak nigdy dot\u0105d&#8230; Niezwyk\u0142e zalety tego \u0142atwego w u\u017cyciu o\u0142\u00f3wka zrewolucjonizowa\u0142y stosowanie olejku eterycznego Frankincense (Boswellia), odkrywaj\u0105c na nowo jego odnawiaj\u0105ce i upi\u0119kszaj\u0105ce w\u0142a\u015bciwo\u015bci. Ten niesamowity o\u0142\u00f3wek zawiera olejek eteryczny Niao Wood o optymalnej zawarto\u015bci alfa-bisabolu, a jego emolienty i sk\u0142adniki od\u017cywiaj\u0105ce sk\u00f3r\u0119 zatrzymuj\u0105 wilgo\u0107 i zapewniaj\u0105 koj\u0105cy, komfortowy zapach. Przywr\u00f3\u0107 i utrzymaj naturaln\u0105 barier\u0119 ochronn\u0105 sk\u00f3ry, aby uzyska\u0107 zdrowo wygl\u0105daj\u0105c\u0105 cer\u0119 dzi\u0119ki tej szybko wch\u0142aniaj\u0105cej si\u0119, delikatnie nak\u0142adaj\u0105cej si\u0119 kredce z siln\u0105 synergi\u0105 Frankincense (Boswellia) i Niao Wood.<\/p>\n","protected":false},"excerpt":{"rendered":"<ul class=\"spotlight__list-custom custom-list\">\n<li>Zawiera olejek eteryczny Niao Wood o optymalnej zawarto\u015bci alfa-bisabololu.<\/li>\n<li>Olejek eteryczny z kadzid\u0142owca (Boswellia) nadaje sk\u00f3rze zdrowy wygl\u0105d.<\/li>\n<li>Emolienty z oleju kokosowego i wosku z nasion s\u0142onecznika od\u017cywiaj\u0105 i zmi\u0119kczaj\u0105 sk\u00f3r\u0119.<\/li>\n<li>Niet\u0142usta kredka z aplikatorem zapewnia koj\u0105cy i piel\u0119gnuj\u0105cy zapach przy ka\u017cdym u\u017cyciu.<\/li>\n<li>Bezpieczny dla sk\u00f3ry wra\u017cliwej, nie zatyka por\u00f3w, nie zawiera ftalan\u00f3w ani syntetycznych substancji zapachowych.<\/li>\n<\/ul>\n","protected":false},"featured_media":25494,"template":"","meta":{"site-sidebar-layout":"default","site-content-layout":"","ast-site-content-layout":"default","site-content-style":"default","site-sidebar-style":"default","ast-global-header-display":"","ast-banner-title-visibility":"","ast-main-header-display":"","ast-hfb-above-header-display":"","ast-hfb-below-header-display":"","ast-hfb-mobile-header-display":"","site-post-title":"","ast-breadcrumbs-content":"","ast-featured-img":"","footer-sml-layout":"","ast-disable-related-posts":"","theme-transparent-header-meta":"default","adv-header-id-meta":"","stick-header-meta":"","header-above-stick-meta":"","header-main-stick-meta":"","header-below-stick-meta":"","astra-migrate-meta-layouts":"set","ast-page-background-enabled":"default","ast-page-background-meta":{"desktop":{"background-color":"","background-image":"","background-repeat":"repeat","background-position":"center center","background-size":"auto","background-attachment":"scroll","background-type":"","background-media":"","overlay-type":"","overlay-color":"","overlay-opacity":"","overlay-gradient":""},"tablet":{"background-color":"","background-image":"","background-repeat":"repeat","background-position":"center center","background-size":"auto","background-attachment":"scroll","background-type":"","background-media":"","overlay-type":"","overlay-color":"","overlay-opacity":"","overlay-gradient":""},"mobile":{"background-color":"","background-image":"","background-repeat":"repeat","background-position":"center center","background-size":"auto","background-attachment":"scroll","background-type":"","background-media":"","overlay-type":"","overlay-color":"","overlay-opacity":"","overlay-gradient":""}},"ast-content-background-meta":{"desktop":{"background-color":"var(--ast-global-color-5)","background-image":"","background-repeat":"repeat","background-position":"center center","background-size":"auto","background-attachment":"scroll","background-type":"","background-media":"","overlay-type":"","overlay-color":"","overlay-opacity":"","overlay-gradient":""},"tablet":{"background-color":"var(--ast-global-color-5)","background-image":"","background-repeat":"repeat","background-position":"center center","background-size":"auto","background-attachment":"scroll","background-type":"","background-media":"","overlay-type":"","overlay-color":"","overlay-opacity":"","overlay-gradient":""},"mobile":{"background-color":"var(--ast-global-color-5)","background-image":"","background-repeat":"repeat","background-position":"center center","background-size":"auto","background-attachment":"scroll","background-type":"","background-media":"","overlay-type":"","overlay-color":"","overlay-opacity":"","overlay-gradient":""}}},"product_brand":[],"product_cat":[1698],"product_tag":[],"class_list":{"0":"post-25500","1":"product","2":"type-product","3":"status-publish","4":"has-post-thumbnail","6":"product_cat-olejki-eteryczne","7":"desktop-align-left","8":"tablet-align-left","9":"mobile-align-left","11":"first","12":"instock","13":"taxable","14":"shipping-taxable","15":"purchasable","16":"product-type-simple"},"_links":{"self":[{"href":"https:\/\/mamaterra.lt\/pl\/wp-json\/wp\/v2\/product\/25500","targetHints":{"allow":["GET"]}}],"collection":[{"href":"https:\/\/mamaterra.lt\/pl\/wp-json\/wp\/v2\/product"}],"about":[{"href":"https:\/\/mamaterra.lt\/pl\/wp-json\/wp\/v2\/types\/product"}],"wp:featuredmedia":[{"embeddable":true,"href":"https:\/\/mamaterra.lt\/pl\/wp-json\/wp\/v2\/media\/25494"}],"wp:attachment":[{"href":"https:\/\/mamaterra.lt\/pl\/wp-json\/wp\/v2\/media?parent=25500"}],"wp:term":[{"taxonomy":"product_brand","embeddable":true,"href":"https:\/\/mamaterra.lt\/pl\/wp-json\/wp\/v2\/product_brand?post=25500"},{"taxonomy":"product_cat","embeddable":true,"href":"https:\/\/mamaterra.lt\/pl\/wp-json\/wp\/v2\/product_cat?post=25500"},{"taxonomy":"product_tag","embeddable":true,"href":"https:\/\/mamaterra.lt\/pl\/wp-json\/wp\/v2\/product_tag?post=25500"}],"curies":[{"name":"wp","href":"https:\/\/api.w.org\/{rel}","templated":true}]}}