{"id":25466,"date":"2025-05-24T17:40:29","date_gmt":"2025-05-24T16:40:29","guid":{"rendered":"https:\/\/mamaterra.lt\/?post_type=product&#038;p=25466"},"modified":"2025-05-24T17:47:09","modified_gmt":"2025-05-24T16:47:09","slug":"frankincense-microbead-capsules","status":"publish","type":"product","link":"https:\/\/mamaterra.lt\/pl\/parduotuve\/olejki-eteryczne\/mieszanki-olejkow-eterycznych\/frankincense-microbead-capsules\/","title":{"rendered":"Frankincense Microbead Capsules"},"content":{"rendered":"<h6 class=\"spotlight__head-title\">Frankincense Microbead Capsules<\/h6>\n<ul class=\"spotlight__list-custom custom-list\">\n<li>Suplement diety z AKBA z ekstraktu z kadzid\u0142owca i olejkiem eterycznym z kadzid\u0142owca<br \/>\nUwolnij moc kadzid\u0142owca jak nigdy dot\u0105d&#8230; Zawarta w innowacyjnym formacie formu\u0142a \u0142\u0105czy staro\u017cytn\u0105 m\u0105dro\u015b\u0107 olejku eterycznego Frankincense i \u017cywicy Frankincense w jednej niesamowitej kapsu\u0142ce z mikrogranulkami na bazie p\u0142ynu. Dzi\u0119ki silnemu 60% st\u0119\u017ceniu AKBA (kwasu acetylo-11-keto-beta-bosweliowego) z \u017cywicy Boswellia, jest to kompleksowa, \u0142atwa do po\u0142kni\u0119cia dawka, kt\u00f3ra zapewnia p\u0142ynn\u0105 integracj\u0119 z ka\u017cd\u0105 rutyn\u0105 wellness. Ten niezb\u0119dny dla dobrego samopoczucia produkt bez wysi\u0142ku wpasowuje si\u0119 w Tw\u00f3j dzie\u0144, przynosz\u0105c Ci korzy\u015bci p\u0142yn\u0105ce z Frankincense w najwygodniejszy i najsilniejszy spos\u00f3b, jaki mo\u017cna sobie wyobrazi\u0107.<\/li>\n<\/ul>\n","protected":false},"excerpt":{"rendered":"<ul class=\"spotlight__list-custom custom-list\">\n<li>To codzienne rozwi\u0105zanie wellness zapewni moc Frankincense (Boswellia) w Twojej rutynie.<\/li>\n<li>Produkt wega\u0144ski, wolny od GMO i glutenu.<\/li>\n<li>30 kapsu\u0142ek z mikro groszkiem | 17 g.<\/li>\n<\/ul>\n","protected":false},"featured_media":25467,"template":"","meta":{"site-sidebar-layout":"default","site-content-layout":"","ast-site-content-layout":"default","site-content-style":"default","site-sidebar-style":"default","ast-global-header-display":"","ast-banner-title-visibility":"","ast-main-header-display":"","ast-hfb-above-header-display":"","ast-hfb-below-header-display":"","ast-hfb-mobile-header-display":"","site-post-title":"","ast-breadcrumbs-content":"","ast-featured-img":"","footer-sml-layout":"","ast-disable-related-posts":"","theme-transparent-header-meta":"default","adv-header-id-meta":"","stick-header-meta":"","header-above-stick-meta":"","header-main-stick-meta":"","header-below-stick-meta":"","astra-migrate-meta-layouts":"set","ast-page-background-enabled":"default","ast-page-background-meta":{"desktop":{"background-color":"","background-image":"","background-repeat":"repeat","background-position":"center center","background-size":"auto","background-attachment":"scroll","background-type":"","background-media":"","overlay-type":"","overlay-color":"","overlay-opacity":"","overlay-gradient":""},"tablet":{"background-color":"","background-image":"","background-repeat":"repeat","background-position":"center center","background-size":"auto","background-attachment":"scroll","background-type":"","background-media":"","overlay-type":"","overlay-color":"","overlay-opacity":"","overlay-gradient":""},"mobile":{"background-color":"","background-image":"","background-repeat":"repeat","background-position":"center center","background-size":"auto","background-attachment":"scroll","background-type":"","background-media":"","overlay-type":"","overlay-color":"","overlay-opacity":"","overlay-gradient":""}},"ast-content-background-meta":{"desktop":{"background-color":"var(--ast-global-color-5)","background-image":"","background-repeat":"repeat","background-position":"center center","background-size":"auto","background-attachment":"scroll","background-type":"","background-media":"","overlay-type":"","overlay-color":"","overlay-opacity":"","overlay-gradient":""},"tablet":{"background-color":"var(--ast-global-color-5)","background-image":"","background-repeat":"repeat","background-position":"center center","background-size":"auto","background-attachment":"scroll","background-type":"","background-media":"","overlay-type":"","overlay-color":"","overlay-opacity":"","overlay-gradient":""},"mobile":{"background-color":"var(--ast-global-color-5)","background-image":"","background-repeat":"repeat","background-position":"center center","background-size":"auto","background-attachment":"scroll","background-type":"","background-media":"","overlay-type":"","overlay-color":"","overlay-opacity":"","overlay-gradient":""}}},"product_brand":[],"product_cat":[1702],"product_tag":[],"class_list":{"0":"post-25466","1":"product","2":"type-product","3":"status-publish","4":"has-post-thumbnail","6":"product_cat-mieszanki-olejkow-eterycznych","7":"desktop-align-left","8":"tablet-align-left","9":"mobile-align-left","11":"first","12":"instock","13":"taxable","14":"shipping-taxable","15":"purchasable","16":"product-type-simple"},"_links":{"self":[{"href":"https:\/\/mamaterra.lt\/pl\/wp-json\/wp\/v2\/product\/25466","targetHints":{"allow":["GET"]}}],"collection":[{"href":"https:\/\/mamaterra.lt\/pl\/wp-json\/wp\/v2\/product"}],"about":[{"href":"https:\/\/mamaterra.lt\/pl\/wp-json\/wp\/v2\/types\/product"}],"wp:featuredmedia":[{"embeddable":true,"href":"https:\/\/mamaterra.lt\/pl\/wp-json\/wp\/v2\/media\/25467"}],"wp:attachment":[{"href":"https:\/\/mamaterra.lt\/pl\/wp-json\/wp\/v2\/media?parent=25466"}],"wp:term":[{"taxonomy":"product_brand","embeddable":true,"href":"https:\/\/mamaterra.lt\/pl\/wp-json\/wp\/v2\/product_brand?post=25466"},{"taxonomy":"product_cat","embeddable":true,"href":"https:\/\/mamaterra.lt\/pl\/wp-json\/wp\/v2\/product_cat?post=25466"},{"taxonomy":"product_tag","embeddable":true,"href":"https:\/\/mamaterra.lt\/pl\/wp-json\/wp\/v2\/product_tag?post=25466"}],"curies":[{"name":"wp","href":"https:\/\/api.w.org\/{rel}","templated":true}]}}