{"id":25461,"date":"2025-05-24T14:36:57","date_gmt":"2025-05-24T13:36:57","guid":{"rendered":"https:\/\/mamaterra.lt\/parduotuve\/bez-kategorii\/doterra-vmg\/"},"modified":"2025-05-24T14:52:32","modified_gmt":"2025-05-24T13:52:32","slug":"doterra-vmg","status":"publish","type":"product","link":"https:\/\/mamaterra.lt\/pl\/parduotuve\/dla-wzmocnienia-odpornosci\/doterra-vmg\/","title":{"rendered":"doTERRA VMG+"},"content":{"rendered":"<p><strong>VMG+ &#8211; nowe podej\u015bcie do codziennej dawki witamin<\/strong><\/p>\n<p>VMG+ Whole-Food Nutrient Complex to zaawansowany, kompleksowy, codzienny nap\u00f3j od\u017cywczy w proszku, opracowany w celu wspierania podstawowych proces\u00f3w \u017cyciowych organizmu. I tak &#8211; naprawd\u0119 dobrze smakuje! \ud83d\ude0b<\/p>\n<p>Zawiera ponad 90 najwy\u017cszej jako\u015bci sk\u0142adnik\u00f3w:<br \/>\n&#8211; Naturalne witaminy i minera\u0142y pochodzenia ro\u015blinnego<br \/>\n&#8211; Owoce, warzywa, enzymy trawienne<br \/>\n&#8211; Probiotyki<br \/>\n&#8211; Olejki eteryczne CPTG\u00ae<br \/>\n&#8211; Inne korzystne minera\u0142y \u015bladowe<\/p>\n<p>\u2705 Wega\u0144ski<br \/>\n\u2705 Bezglutenowy<br \/>\n\u2705 Odpowiedni do codziennego stosowania<\/p>\n<p>Kluczowe korzy\u015bci dla organizmu:<\/p>\n<p>\ud83d\udd39 Wsparcie energetyczne<br \/>\n\ud83d\udd39 Uk\u0142ad odporno\u015bciowy<br \/>\n\ud83d\udd39 Zdrowie jelit i trawienie<br \/>\n\ud83d\udd39 Funkcjonowanie w\u0105troby<br \/>\n\ud83d\udd39 R\u00f3wnowaga hormonalna<br \/>\n\ud83d\udd39 Funkcjonowanie m\u00f3zgu.<\/p>\n<p>3 produkty w jednym:<\/p>\n<p>VMG+ \u0142\u0105czy Alpha CRS+\u00ae, Microplex VMz\u00ae (wersja wega\u0144ska) i mieszank\u0119 zielonych superfoods.<\/p>\n<p>Zawiera 5 opatentowanych kompleks\u00f3w:<\/p>\n<p>Nutritional Complex &#8211; ro\u015blinne witaminy, minera\u0142y, kofaktory<\/p>\n<p>Superfood Blend &#8211; przeciwutleniacze, fitosk\u0142adniki<\/p>\n<p>Cell Support Blend &#8211; ochrona kom\u00f3rek<\/p>\n<p>Biotransformation Blend &#8211; lepsze wch\u0142anianie<\/p>\n<p>Wzmacniacz biodost\u0119pno\u015bci &#8211; poprawia wch\u0142anianie sk\u0142adnik\u00f3w od\u017cywczych<\/p>\n<p>Torba na co dzie\u0144 = mocna podstawa zdrowia.<br \/>\nWygodne, smaczne, wszystko w jednym. Zdrowe \u017cycie nigdy nie by\u0142o \u0142atwiejsze!<\/p>\n","protected":false},"excerpt":{"rendered":"<p>VMG+ \u0142\u0105czy 3 produkty w jednym:<br \/>\nAlpha CRS+\u00ae, Microplex VMz\u00ae (wega\u0144ski) i mieszank\u0119 zielonych super\u017cywno\u015bci.<\/p>\n<p>Zawiera 5 opatentowanych kompleks\u00f3w, kt\u00f3re wspieraj\u0105 podstawowe procesy zdrowotne:<\/p>\n<p>1\ufe0f\u20e3 Nutritional Complex &#8211; witaminy pochodzenia ro\u015blinnego, minera\u0142y i niezb\u0119dne kofaktory botaniczne<br \/>\n2\ufe0f\u20e3 Superfood Complex &#8211; wspiera og\u00f3lny stan zdrowia dzi\u0119ki fitosk\u0142adnikom, przeciwutleniaczom, witaminy i minera\u0142y*<br \/>\n3\ufe0f\u20e3 Cell Support Complex &#8211; wspiera zdrowie kom\u00f3rek i ochron\u0119 antyoksydacyjn\u0105*<br \/>\n4\ufe0f\u20e3 Biotransformation Complex &#8211; dostarcza biologicznie aktywnych sk\u0142adnik\u00f3w od\u017cywczych*<br \/>\n5\ufe0f\u20e3 Bioavailability Enhancement Complex &#8211; zwi\u0119ksza wch\u0142anianie mikrosk\u0142adnik\u00f3w od\u017cywczych, jak wykazano w badaniach przedklinicznych*<\/p>\n","protected":false},"featured_media":25455,"template":"","meta":{"site-sidebar-layout":"default","site-content-layout":"","ast-site-content-layout":"default","site-content-style":"default","site-sidebar-style":"default","ast-global-header-display":"","ast-banner-title-visibility":"","ast-main-header-display":"","ast-hfb-above-header-display":"","ast-hfb-below-header-display":"","ast-hfb-mobile-header-display":"","site-post-title":"","ast-breadcrumbs-content":"","ast-featured-img":"","footer-sml-layout":"","ast-disable-related-posts":"","theme-transparent-header-meta":"default","adv-header-id-meta":"","stick-header-meta":"","header-above-stick-meta":"","header-main-stick-meta":"","header-below-stick-meta":"","astra-migrate-meta-layouts":"set","ast-page-background-enabled":"default","ast-page-background-meta":{"desktop":{"background-color":"","background-image":"","background-repeat":"repeat","background-position":"center center","background-size":"auto","background-attachment":"scroll","background-type":"","background-media":"","overlay-type":"","overlay-color":"","overlay-opacity":"","overlay-gradient":""},"tablet":{"background-color":"","background-image":"","background-repeat":"repeat","background-position":"center center","background-size":"auto","background-attachment":"scroll","background-type":"","background-media":"","overlay-type":"","overlay-color":"","overlay-opacity":"","overlay-gradient":""},"mobile":{"background-color":"","background-image":"","background-repeat":"repeat","background-position":"center center","background-size":"auto","background-attachment":"scroll","background-type":"","background-media":"","overlay-type":"","overlay-color":"","overlay-opacity":"","overlay-gradient":""}},"ast-content-background-meta":{"desktop":{"background-color":"var(--ast-global-color-5)","background-image":"","background-repeat":"repeat","background-position":"center center","background-size":"auto","background-attachment":"scroll","background-type":"","background-media":"","overlay-type":"","overlay-color":"","overlay-opacity":"","overlay-gradient":""},"tablet":{"background-color":"var(--ast-global-color-5)","background-image":"","background-repeat":"repeat","background-position":"center center","background-size":"auto","background-attachment":"scroll","background-type":"","background-media":"","overlay-type":"","overlay-color":"","overlay-opacity":"","overlay-gradient":""},"mobile":{"background-color":"var(--ast-global-color-5)","background-image":"","background-repeat":"repeat","background-position":"center center","background-size":"auto","background-attachment":"scroll","background-type":"","background-media":"","overlay-type":"","overlay-color":"","overlay-opacity":"","overlay-gradient":""}}},"product_brand":[],"product_cat":[1728],"product_tag":[],"class_list":{"0":"post-25461","1":"product","2":"type-product","3":"status-publish","4":"has-post-thumbnail","6":"product_cat-dla-wzmocnienia-odpornosci","7":"desktop-align-left","8":"tablet-align-left","9":"mobile-align-left","11":"first","12":"instock","13":"taxable","14":"shipping-taxable","15":"purchasable","16":"product-type-simple"},"_links":{"self":[{"href":"https:\/\/mamaterra.lt\/pl\/wp-json\/wp\/v2\/product\/25461","targetHints":{"allow":["GET"]}}],"collection":[{"href":"https:\/\/mamaterra.lt\/pl\/wp-json\/wp\/v2\/product"}],"about":[{"href":"https:\/\/mamaterra.lt\/pl\/wp-json\/wp\/v2\/types\/product"}],"wp:featuredmedia":[{"embeddable":true,"href":"https:\/\/mamaterra.lt\/pl\/wp-json\/wp\/v2\/media\/25455"}],"wp:attachment":[{"href":"https:\/\/mamaterra.lt\/pl\/wp-json\/wp\/v2\/media?parent=25461"}],"wp:term":[{"taxonomy":"product_brand","embeddable":true,"href":"https:\/\/mamaterra.lt\/pl\/wp-json\/wp\/v2\/product_brand?post=25461"},{"taxonomy":"product_cat","embeddable":true,"href":"https:\/\/mamaterra.lt\/pl\/wp-json\/wp\/v2\/product_cat?post=25461"},{"taxonomy":"product_tag","embeddable":true,"href":"https:\/\/mamaterra.lt\/pl\/wp-json\/wp\/v2\/product_tag?post=25461"}],"curies":[{"name":"wp","href":"https:\/\/api.w.org\/{rel}","templated":true}]}}