{"id":25425,"date":"2025-05-01T09:59:37","date_gmt":"2025-05-01T08:59:37","guid":{"rendered":"https:\/\/mamaterra.lt\/parduotuve\/bez-kategorii\/doterra-sun-lip-balm-lupu-balzamas\/"},"modified":"2025-05-01T10:17:59","modified_gmt":"2025-05-01T09:17:59","slug":"balsam-do-ust-doterra-sun","status":"publish","type":"product","link":"https:\/\/mamaterra.lt\/pl\/parduotuve\/olejki-eteryczne\/balsam-do-ust-doterra-sun\/","title":{"rendered":"Balsam do ust d\u014dTERRA sun"},"content":{"rendered":"<h6 class=\"spotlight__head-title\">Balsam do ust d\u014dTERRA sun<\/h6>\n<p>&nbsp;<\/p>\n<p>Pokochaj swoje usta codziennie u\u017cywaj\u0105c doTERRA sun. Ta mineralna formu\u0142a, zapewniaj\u0105ca ochron\u0119 SPF 15 UVA\/UVB, \u0142agodzi, zmi\u0119kcza i pomaga chroni\u0107 usta przed gor\u0105cem, zimnem i wiatrem. Formu\u0142a zawieraj\u0105ca nienano tlenek cynku, kt\u00f3ry pozostaje na sk\u00f3rze bez wch\u0142aniania, doTERRA sun Lip Balm jest zasilany sk\u0142adnikami ro\u015blinnymi, takimi jak mas\u0142o shea i olej mongongo, kt\u00f3re zapewniaj\u0105 bogate, nawil\u017caj\u0105ce od\u017cywienie, w tym olejki eteryczne z kadzid\u0142owca, kocanki, trawy cytrynowej, mi\u0119ty zielonej i manuka.<\/p>\n<h6 class=\"spotlight__foot-block-title\">Podstawowe korzy\u015bci<\/h6>\n<div class=\"spotlight__foot-block-content\">\n<ul class=\"spotlight__list-custom custom-list\">\n<li><span style=\"font-size: 16px;\">Opracowany na bazie nienanotlenku cynku, mas\u0142a shea, oleju mongongo i olejk\u00f3w eterycznych CPTG\u2122.<\/span><\/li>\n<li><span style=\"font-size: 16px;\">Nawil\u017caj\u0105cy, koj\u0105cy, testowany dermatologicznie, bezpieczny dla sk\u00f3ry wra\u017cliwej.<\/span><\/li>\n<li><span style=\"font-size: 16px;\">Nie zawiera ftalan\u00f3w, oksybenzonu i syntetycznych substancji zapachowych.<\/span><\/li>\n<\/ul>\n<\/div>\n","protected":false},"excerpt":{"rendered":"<ul class=\"spotlight__list-custom custom-list\">\n<li><span style=\"font-size: 16px;\">Opracowany na bazie nienanotlenku cynku, mas\u0142a shea, oleju mongongo i olejk\u00f3w eterycznych CPTG\u2122.<\/span><\/li>\n<li><span style=\"font-size: 16px;\">Nawil\u017caj\u0105cy, koj\u0105cy, testowany dermatologicznie, bezpieczny dla sk\u00f3ry wra\u017cliwej.<\/span><\/li>\n<li><span style=\"font-size: 16px;\">Nie zawiera ftalan\u00f3w, oksybenzonu i syntetycznych substancji zapachowych.<\/span><\/li>\n<\/ul>\n","protected":false},"featured_media":25419,"template":"","meta":{"site-sidebar-layout":"default","site-content-layout":"","ast-site-content-layout":"default","site-content-style":"default","site-sidebar-style":"default","ast-global-header-display":"","ast-banner-title-visibility":"","ast-main-header-display":"","ast-hfb-above-header-display":"","ast-hfb-below-header-display":"","ast-hfb-mobile-header-display":"","site-post-title":"","ast-breadcrumbs-content":"","ast-featured-img":"","footer-sml-layout":"","ast-disable-related-posts":"","theme-transparent-header-meta":"default","adv-header-id-meta":"","stick-header-meta":"","header-above-stick-meta":"","header-main-stick-meta":"","header-below-stick-meta":"","astra-migrate-meta-layouts":"set","ast-page-background-enabled":"default","ast-page-background-meta":{"desktop":{"background-color":"","background-image":"","background-repeat":"repeat","background-position":"center center","background-size":"auto","background-attachment":"scroll","background-type":"","background-media":"","overlay-type":"","overlay-color":"","overlay-opacity":"","overlay-gradient":""},"tablet":{"background-color":"","background-image":"","background-repeat":"repeat","background-position":"center center","background-size":"auto","background-attachment":"scroll","background-type":"","background-media":"","overlay-type":"","overlay-color":"","overlay-opacity":"","overlay-gradient":""},"mobile":{"background-color":"","background-image":"","background-repeat":"repeat","background-position":"center center","background-size":"auto","background-attachment":"scroll","background-type":"","background-media":"","overlay-type":"","overlay-color":"","overlay-opacity":"","overlay-gradient":""}},"ast-content-background-meta":{"desktop":{"background-color":"var(--ast-global-color-5)","background-image":"","background-repeat":"repeat","background-position":"center center","background-size":"auto","background-attachment":"scroll","background-type":"","background-media":"","overlay-type":"","overlay-color":"","overlay-opacity":"","overlay-gradient":""},"tablet":{"background-color":"var(--ast-global-color-5)","background-image":"","background-repeat":"repeat","background-position":"center center","background-size":"auto","background-attachment":"scroll","background-type":"","background-media":"","overlay-type":"","overlay-color":"","overlay-opacity":"","overlay-gradient":""},"mobile":{"background-color":"var(--ast-global-color-5)","background-image":"","background-repeat":"repeat","background-position":"center center","background-size":"auto","background-attachment":"scroll","background-type":"","background-media":"","overlay-type":"","overlay-color":"","overlay-opacity":"","overlay-gradient":""}}},"product_brand":[],"product_cat":[3586,1698],"product_tag":[],"class_list":{"0":"post-25425","1":"product","2":"type-product","3":"status-publish","4":"has-post-thumbnail","6":"product_cat-doterra-saules-linija-pl","7":"product_cat-olejki-eteryczne","8":"desktop-align-left","9":"tablet-align-left","10":"mobile-align-left","12":"first","13":"instock","14":"taxable","15":"shipping-taxable","16":"purchasable","17":"product-type-simple"},"_links":{"self":[{"href":"https:\/\/mamaterra.lt\/pl\/wp-json\/wp\/v2\/product\/25425","targetHints":{"allow":["GET"]}}],"collection":[{"href":"https:\/\/mamaterra.lt\/pl\/wp-json\/wp\/v2\/product"}],"about":[{"href":"https:\/\/mamaterra.lt\/pl\/wp-json\/wp\/v2\/types\/product"}],"wp:featuredmedia":[{"embeddable":true,"href":"https:\/\/mamaterra.lt\/pl\/wp-json\/wp\/v2\/media\/25419"}],"wp:attachment":[{"href":"https:\/\/mamaterra.lt\/pl\/wp-json\/wp\/v2\/media?parent=25425"}],"wp:term":[{"taxonomy":"product_brand","embeddable":true,"href":"https:\/\/mamaterra.lt\/pl\/wp-json\/wp\/v2\/product_brand?post=25425"},{"taxonomy":"product_cat","embeddable":true,"href":"https:\/\/mamaterra.lt\/pl\/wp-json\/wp\/v2\/product_cat?post=25425"},{"taxonomy":"product_tag","embeddable":true,"href":"https:\/\/mamaterra.lt\/pl\/wp-json\/wp\/v2\/product_tag?post=25425"}],"curies":[{"name":"wp","href":"https:\/\/api.w.org\/{rel}","templated":true}]}}