{"id":25339,"date":"2025-03-12T20:27:34","date_gmt":"2025-03-12T19:27:34","guid":{"rendered":"https:\/\/mamaterra.lt\/parduotuve\/bez-kategorii\/doterra-turmeric-dual-chamber-capsules\/"},"modified":"2025-03-12T20:41:51","modified_gmt":"2025-03-12T19:41:51","slug":"doterra-turmeric-dual-chamber-capsules","status":"publish","type":"product","link":"https:\/\/mamaterra.lt\/pl\/parduotuve\/olejki-eteryczne\/doterra-turmeric-dual-chamber-capsules\/","title":{"rendered":"doTERRA Turmeric Dual Chamber Capsules"},"content":{"rendered":"<h6 class=\"spotlight__head-title\">Turmeric Dual Chamber Capsules<\/h6>\n<p>doTERRA jako pierwsza po\u0142\u0105czy\u0142a olejek eteryczny z kurkumy i ekstrakt z kurkumy w specjalnie zaprojektowanej, dwukomorowej kapsu\u0142ce. Dzi\u0119ki po\u0142\u0105czeniu olejku eterycznego z kurkumy i ekstraktu z kurkumy, skuteczno\u015b\u0107 ka\u017cdego sk\u0142adnika jest zmaksymalizowana. Rezultatem jest rewolucyjny produkt bioaktywnych zwi\u0105zk\u00f3w ro\u015blinnych, tworz\u0105cy wyj\u0105tkowo siln\u0105 synergi\u0119 kurkuminy i kurkuminoid\u00f3w. Dost\u0119pna w wygodnym, \u0142atwym do po\u0142kni\u0119cia formacie, ka\u017cda kapsu\u0142ka zawiera 2 krople olejku eterycznego z kurkumy.<\/p>\n<ul class=\"spotlight__list-custom custom-list\">\n<li>Ekstrakt z kurkumy (k\u0142\u0105cze) z kurkuminoidami<br \/>\nZawiera naturalne przeciwutleniacze. *<br \/>\nPomaga utrzyma\u0107 zdrowie staw\u00f3w i ko\u015bci. *<br \/>\nPomaga utrzyma\u0107 zdrow\u0105 sk\u00f3r\u0119. *<br \/>\nWspomaga produkcj\u0119 i jako\u015b\u0107 krwi. *<br \/>\nWspomaga prac\u0119 serca. *<br \/>\nWspomaga kr\u0105\u017cenie krwi. *<br \/>\nWspomaga trawienie.<br \/>\nPrzyczynia si\u0119 do prawid\u0142owego funkcjonowania przewodu pokarmowego.<br \/>\nPrzyczynia si\u0119 do prawid\u0142owego wydzielania \u017c\u00f3\u0142ci. *<br \/>\nPomaga utrzyma\u0107 skuteczno\u015b\u0107 uk\u0142adu odporno\u015bciowego. *<br \/>\nPomaga utrzyma\u0107 odporno\u015b\u0107 na alergie. *<br \/>\n* Te o\u015bwiadczenia zdrowotne s\u0105 nadal rozpatrywane przez UE i EFSA<\/li>\n<\/ul>\n<p>Przyjmowa\u0107 2 kapsu\u0142ki dziennie.<br \/>\n\u015arodki ostro\u017cno\u015bci<br \/>\nPrzechowywa\u0107 w miejscu niedost\u0119pnym dla dzieci. Nie przekracza\u0107 zalecanej dawki dziennej. Suplementy diety nie mog\u0105 zast\u0119powa\u0107 zr\u00f3\u017cnicowanej i zbilansowanej diety oraz zdrowego trybu \u017cycia. Kobiety w ci\u0105\u017cy lub karmi\u0105ce piersi\u0105 oraz osoby ze znanymi schorzeniami powinny przed u\u017cyciem skonsultowa\u0107 si\u0119 z lekarzem. Nie zaleca si\u0119 stosowania u dzieci w wieku poni\u017cej 12 lat. W przypadku jednoczesnego przyjmowania lek\u00f3w przeciwzakrzepowych nale\u017cy skonsultowa\u0107 si\u0119 z lekarzem lub farmaceut\u0105. W przypadku przyjmowania lek\u00f3w nale\u017cy zasi\u0119gn\u0105\u0107 porady lekarza. Nie zaleca si\u0119 stosowania produktu w przypadku zaburze\u0144 czynno\u015bci w\u0105troby, dr\u00f3g \u017c\u00f3\u0142ciowych lub kamieni \u017c\u00f3\u0142ciowych. Przechowywa\u0107 w ch\u0142odnym i suchym miejscu.<\/p>\n","protected":false},"excerpt":{"rendered":"<ul class=\"spotlight__list-custom custom-list\">\n<li>Ekstrakt z kurkumy (k\u0142\u0105cze) z kurkuminoidami<br \/>\nZawiera naturalne przeciwutleniacze. *<br \/>\nPomaga utrzyma\u0107 zdrowie staw\u00f3w i ko\u015bci. *<br \/>\nPomaga utrzyma\u0107 zdrow\u0105 sk\u00f3r\u0119. *<br \/>\nWspomaga produkcj\u0119 i jako\u015b\u0107 krwi. *<br \/>\nWspomaga prac\u0119 serca. *<br \/>\nWspomaga kr\u0105\u017cenie krwi. *<br \/>\nWspomaga trawienie.<br \/>\nPrzyczynia si\u0119 do prawid\u0142owego funkcjonowania przewodu pokarmowego.<br \/>\nPrzyczynia si\u0119 do prawid\u0142owego wydzielania \u017c\u00f3\u0142ci. *<br \/>\nPomaga utrzyma\u0107 skuteczno\u015b\u0107 uk\u0142adu odporno\u015bciowego. *<br \/>\nPomaga utrzyma\u0107 odporno\u015b\u0107 na alergie. *<\/li>\n<\/ul>\n","protected":false},"featured_media":25333,"template":"","meta":{"site-sidebar-layout":"default","site-content-layout":"","ast-site-content-layout":"default","site-content-style":"default","site-sidebar-style":"default","ast-global-header-display":"","ast-banner-title-visibility":"","ast-main-header-display":"","ast-hfb-above-header-display":"","ast-hfb-below-header-display":"","ast-hfb-mobile-header-display":"","site-post-title":"","ast-breadcrumbs-content":"","ast-featured-img":"","footer-sml-layout":"","ast-disable-related-posts":"","theme-transparent-header-meta":"default","adv-header-id-meta":"","stick-header-meta":"","header-above-stick-meta":"","header-main-stick-meta":"","header-below-stick-meta":"","astra-migrate-meta-layouts":"set","ast-page-background-enabled":"default","ast-page-background-meta":{"desktop":{"background-color":"","background-image":"","background-repeat":"repeat","background-position":"center center","background-size":"auto","background-attachment":"scroll","background-type":"","background-media":"","overlay-type":"","overlay-color":"","overlay-opacity":"","overlay-gradient":""},"tablet":{"background-color":"","background-image":"","background-repeat":"repeat","background-position":"center center","background-size":"auto","background-attachment":"scroll","background-type":"","background-media":"","overlay-type":"","overlay-color":"","overlay-opacity":"","overlay-gradient":""},"mobile":{"background-color":"","background-image":"","background-repeat":"repeat","background-position":"center center","background-size":"auto","background-attachment":"scroll","background-type":"","background-media":"","overlay-type":"","overlay-color":"","overlay-opacity":"","overlay-gradient":""}},"ast-content-background-meta":{"desktop":{"background-color":"var(--ast-global-color-5)","background-image":"","background-repeat":"repeat","background-position":"center center","background-size":"auto","background-attachment":"scroll","background-type":"","background-media":"","overlay-type":"","overlay-color":"","overlay-opacity":"","overlay-gradient":""},"tablet":{"background-color":"var(--ast-global-color-5)","background-image":"","background-repeat":"repeat","background-position":"center center","background-size":"auto","background-attachment":"scroll","background-type":"","background-media":"","overlay-type":"","overlay-color":"","overlay-opacity":"","overlay-gradient":""},"mobile":{"background-color":"var(--ast-global-color-5)","background-image":"","background-repeat":"repeat","background-position":"center center","background-size":"auto","background-attachment":"scroll","background-type":"","background-media":"","overlay-type":"","overlay-color":"","overlay-opacity":"","overlay-gradient":""}}},"product_brand":[],"product_cat":[1728,1698,1758],"product_tag":[],"class_list":{"0":"post-25339","1":"product","2":"type-product","3":"status-publish","4":"has-post-thumbnail","6":"product_cat-dla-wzmocnienia-odpornosci","7":"product_cat-olejki-eteryczne","8":"product_cat-trawienie","9":"desktop-align-left","10":"tablet-align-left","11":"mobile-align-left","13":"first","14":"instock","15":"taxable","16":"shipping-taxable","17":"purchasable","18":"product-type-simple"},"_links":{"self":[{"href":"https:\/\/mamaterra.lt\/pl\/wp-json\/wp\/v2\/product\/25339","targetHints":{"allow":["GET"]}}],"collection":[{"href":"https:\/\/mamaterra.lt\/pl\/wp-json\/wp\/v2\/product"}],"about":[{"href":"https:\/\/mamaterra.lt\/pl\/wp-json\/wp\/v2\/types\/product"}],"wp:featuredmedia":[{"embeddable":true,"href":"https:\/\/mamaterra.lt\/pl\/wp-json\/wp\/v2\/media\/25333"}],"wp:attachment":[{"href":"https:\/\/mamaterra.lt\/pl\/wp-json\/wp\/v2\/media?parent=25339"}],"wp:term":[{"taxonomy":"product_brand","embeddable":true,"href":"https:\/\/mamaterra.lt\/pl\/wp-json\/wp\/v2\/product_brand?post=25339"},{"taxonomy":"product_cat","embeddable":true,"href":"https:\/\/mamaterra.lt\/pl\/wp-json\/wp\/v2\/product_cat?post=25339"},{"taxonomy":"product_tag","embeddable":true,"href":"https:\/\/mamaterra.lt\/pl\/wp-json\/wp\/v2\/product_tag?post=25339"}],"curies":[{"name":"wp","href":"https:\/\/api.w.org\/{rel}","templated":true}]}}