{"id":25209,"date":"2025-02-09T17:18:59","date_gmt":"2025-02-09T16:18:59","guid":{"rendered":"https:\/\/mamaterra.lt\/?post_type=product&#038;p=25209"},"modified":"2025-02-09T17:30:55","modified_gmt":"2025-02-09T16:30:55","slug":"citrus-bloom-touch","status":"publish","type":"product","link":"https:\/\/mamaterra.lt\/pl\/parduotuve\/olejki-eteryczne\/citrus-bloom-touch\/","title":{"rendered":"Citrus bloom touch"},"content":{"rendered":"<p>Mieszanka olejk\u00f3w eterycznych Citrus Bloom\u2122 przywo\u0142uje wspomnienia wiosny w pi\u0119knie wykonanym po\u0142\u0105czeniu jasnych cytrus\u00f3w i pachn\u0105cych kwiat\u00f3w. Olejki eteryczne z dzikiej pomara\u0144czy i grejpfruta zapewniaj\u0105 s\u0142oneczne i s\u0142odkie nuty zapachowe Citrus Bloom, podczas gdy kwitn\u0105ce aromaty olejku lawendowego, rumianku rzymskiego i magnolii dodaj\u0105 delikatniejszego, kwiatowego zapachu. Mieszanka ta zapewnia pozytywny, radosny aromat, kt\u00f3ry mo\u017ce by\u0107 rozpylany, noszony na sk\u00f3rze w celu uzyskania pi\u0119knego zapachu lub w\u0142\u0105czony do luksusowego wieczoru samozadowolenia.<\/p>\n<p>Olejki eteryczne<br \/>\nOlejek z dzikiej pomara\u0144czy znany jest ze swojego s\u0142odkiego i \u017cywego aromatu. Podobnie jak inne olejki cytrusowe, skutecznie czy\u015bci powierzchnie.<br \/>\nOlejek grejpfrutowy s\u0142ynie z jasnego, musuj\u0105cego zapachu i jest cz\u0119sto stosowany w piel\u0119gnacji sk\u00f3ry ze wzgl\u0119du na swoje miejscowe w\u0142a\u015bciwo\u015bci oczyszczaj\u0105ce.<br \/>\nKwiatowy aromat olejku lawendowego jest niepowtarzalny i uwielbiany. Dzia\u0142a on r\u00f3wnie\u017c koj\u0105co na sk\u00f3r\u0119.<br \/>\nRoman Chamomile i Magnolia to dekadenckie i uspokajaj\u0105ce aromaty cz\u0119sto spotykane w perfumach. Olejki eteryczne Roman Chamomile i Magnolia maj\u0105 aromaty, kt\u00f3re pomagaj\u0105 stworzy\u0107 uspokajaj\u0105ce otoczenie.<\/p>\n<p>&nbsp;<\/p>\n","protected":false},"excerpt":{"rendered":"<p>Mieszanka \u201eCitrus Bloom\u201d zapewnia pozytywny, radosny aromat, kt\u00f3ry mo\u017ce by\u0107 rozpylany, noszony na sk\u00f3rze w celu uzyskania pi\u0119knego zapachu lub w\u0142\u0105czony do luksusowego wieczoru samodzielnego rozpieszczania. Dzi\u0119ki po\u0142\u0105czeniu z frakcjonowanym olejem kokosowym w formacie Touch, u\u017cytkownik mo\u017ce \u0142atwo zastosowa\u0107 i do\u015bwiadczy\u0107 w\u0142a\u015bciwo\u015bci doTERRA Citrus Bloom.<\/p>\n","protected":false},"featured_media":25216,"template":"","meta":{"site-sidebar-layout":"default","site-content-layout":"","ast-site-content-layout":"default","site-content-style":"default","site-sidebar-style":"default","ast-global-header-display":"","ast-banner-title-visibility":"","ast-main-header-display":"","ast-hfb-above-header-display":"","ast-hfb-below-header-display":"","ast-hfb-mobile-header-display":"","site-post-title":"","ast-breadcrumbs-content":"","ast-featured-img":"","footer-sml-layout":"","ast-disable-related-posts":"","theme-transparent-header-meta":"default","adv-header-id-meta":"","stick-header-meta":"","header-above-stick-meta":"","header-main-stick-meta":"","header-below-stick-meta":"","astra-migrate-meta-layouts":"set","ast-page-background-enabled":"default","ast-page-background-meta":{"desktop":{"background-color":"","background-image":"","background-repeat":"repeat","background-position":"center center","background-size":"auto","background-attachment":"scroll","background-type":"","background-media":"","overlay-type":"","overlay-color":"","overlay-opacity":"","overlay-gradient":""},"tablet":{"background-color":"","background-image":"","background-repeat":"repeat","background-position":"center center","background-size":"auto","background-attachment":"scroll","background-type":"","background-media":"","overlay-type":"","overlay-color":"","overlay-opacity":"","overlay-gradient":""},"mobile":{"background-color":"","background-image":"","background-repeat":"repeat","background-position":"center center","background-size":"auto","background-attachment":"scroll","background-type":"","background-media":"","overlay-type":"","overlay-color":"","overlay-opacity":"","overlay-gradient":""}},"ast-content-background-meta":{"desktop":{"background-color":"var(--ast-global-color-5)","background-image":"","background-repeat":"repeat","background-position":"center center","background-size":"auto","background-attachment":"scroll","background-type":"","background-media":"","overlay-type":"","overlay-color":"","overlay-opacity":"","overlay-gradient":""},"tablet":{"background-color":"var(--ast-global-color-5)","background-image":"","background-repeat":"repeat","background-position":"center center","background-size":"auto","background-attachment":"scroll","background-type":"","background-media":"","overlay-type":"","overlay-color":"","overlay-opacity":"","overlay-gradient":""},"mobile":{"background-color":"var(--ast-global-color-5)","background-image":"","background-repeat":"repeat","background-position":"center center","background-size":"auto","background-attachment":"scroll","background-type":"","background-media":"","overlay-type":"","overlay-color":"","overlay-opacity":"","overlay-gradient":""}}},"product_brand":[],"product_cat":[1698],"product_tag":[],"class_list":{"0":"post-25209","1":"product","2":"type-product","3":"status-publish","4":"has-post-thumbnail","6":"product_cat-olejki-eteryczne","7":"desktop-align-left","8":"tablet-align-left","9":"mobile-align-left","11":"first","12":"outofstock","13":"taxable","14":"shipping-taxable","15":"purchasable","16":"product-type-simple"},"_links":{"self":[{"href":"https:\/\/mamaterra.lt\/pl\/wp-json\/wp\/v2\/product\/25209","targetHints":{"allow":["GET"]}}],"collection":[{"href":"https:\/\/mamaterra.lt\/pl\/wp-json\/wp\/v2\/product"}],"about":[{"href":"https:\/\/mamaterra.lt\/pl\/wp-json\/wp\/v2\/types\/product"}],"wp:featuredmedia":[{"embeddable":true,"href":"https:\/\/mamaterra.lt\/pl\/wp-json\/wp\/v2\/media\/25216"}],"wp:attachment":[{"href":"https:\/\/mamaterra.lt\/pl\/wp-json\/wp\/v2\/media?parent=25209"}],"wp:term":[{"taxonomy":"product_brand","embeddable":true,"href":"https:\/\/mamaterra.lt\/pl\/wp-json\/wp\/v2\/product_brand?post=25209"},{"taxonomy":"product_cat","embeddable":true,"href":"https:\/\/mamaterra.lt\/pl\/wp-json\/wp\/v2\/product_cat?post=25209"},{"taxonomy":"product_tag","embeddable":true,"href":"https:\/\/mamaterra.lt\/pl\/wp-json\/wp\/v2\/product_tag?post=25209"}],"curies":[{"name":"wp","href":"https:\/\/api.w.org\/{rel}","templated":true}]}}