{"id":24951,"date":"2025-01-04T18:41:11","date_gmt":"2025-01-04T17:41:11","guid":{"rendered":"https:\/\/mamaterra.lt\/parduotuve\/bez-kategorii\/doterra-yarrow-pom-paakiu-kaukes-yarrowpom-revitalizing-eye-mask\/"},"modified":"2025-01-04T19:26:22","modified_gmt":"2025-01-04T18:26:22","slug":"maseczki-pod-oczy-doterra-yarrow-pom-8-par","status":"publish","type":"product","link":"https:\/\/mamaterra.lt\/pl\/parduotuve\/higiena-i-pielegnacja-skory\/doterra-slonce-pl\/maseczki-pod-oczy-doterra-yarrow-pom-8-par\/","title":{"rendered":"doTERRA Maseczki pod oczy doTERRA Yarrow Pom (8 par)"},"content":{"rendered":"<h6>doTERRA Yarrow Pom Maseczki pod oczy\u00a0 (8 par)<\/h6>\n<p>&nbsp;<\/p>\n<p>arrow|Pom Eye Mask to nowy produkt do piel\u0119gnacji sk\u00f3ry, przeznaczony specjalnie do piel\u0119gnacji sk\u00f3ry pod oczami, kt\u00f3ry zapewnia ukierunkowane dzia\u0142anie wyg\u0142adzaj\u0105ce i uj\u0119drniaj\u0105ce sk\u00f3r\u0119. Kolejn\u0105 zalet\u0105 tego produktu jest to, \u017ce pomaga zredukowa\u0107 drobne linie i zmarszczki. Zawiera r\u00f3wnie\u017c wiele silnych zwi\u0105zk\u00f3w bioaktywnych i jest nasycony korzy\u015bciami p\u0142yn\u0105cymi z krwawnika pospolitego.<br \/>\nKilka innych rzeczy, na kt\u00f3re chc\u0119 zwr\u00f3ci\u0107 uwag\u0119, to fakt, \u017ce ta maska jest r\u00f3wnie\u017c nasycona Argireline\u00ae. Jest to unikalny peptyd, kt\u00f3ry jest znany z niesamowitych rezultat\u00f3w, zgodnie z badaniami przedklinicznymi, kt\u00f3re zosta\u0142y przeprowadzone na ten temat. Zawiera r\u00f3wnie\u017c kofein\u0119, kt\u00f3ra pomaga zmniejszy\u0107 opuchlizn\u0119 i cienie pod oczami. Zawiera r\u00f3wnie\u017c ekstrakt z r\u00f3\u017cy, kt\u00f3ry pomaga zwi\u0119kszy\u0107 elastyczno\u015b\u0107 sk\u00f3ry.<\/p>\n<p>Argireline &#8211; cho\u0107 jest to naprawd\u0119 fajne &#8211; jest naturalnym sposobem wysy\u0142ania wiadomo\u015bci do sk\u00f3ry, kt\u00f3re pomagaj\u0105 jej wygl\u0105da\u0107 m\u0142odziej, zachowywa\u0107 si\u0119 m\u0142odziej i redukowa\u0107 drobne linie i zmarszczki. Uwielbiamy wi\u0119c ten sk\u0142adnik.<\/p>\n","protected":false},"excerpt":{"rendered":"<p>Yarrow|Pom Eye Mask to nowy produkt do piel\u0119gnacji sk\u00f3ry, przeznaczony specjalnie do piel\u0119gnacji sk\u00f3ry pod oczami, kt\u00f3ry zapewnia ukierunkowane dzia\u0142anie wyg\u0142adzaj\u0105ce i uj\u0119drniaj\u0105ce sk\u00f3r\u0119<\/p>\n","protected":false},"featured_media":24945,"template":"","meta":{"site-sidebar-layout":"default","site-content-layout":"","ast-site-content-layout":"default","site-content-style":"default","site-sidebar-style":"default","ast-global-header-display":"","ast-banner-title-visibility":"","ast-main-header-display":"","ast-hfb-above-header-display":"","ast-hfb-below-header-display":"","ast-hfb-mobile-header-display":"","site-post-title":"","ast-breadcrumbs-content":"","ast-featured-img":"","footer-sml-layout":"","ast-disable-related-posts":"","theme-transparent-header-meta":"default","adv-header-id-meta":"","stick-header-meta":"","header-above-stick-meta":"","header-main-stick-meta":"","header-below-stick-meta":"","astra-migrate-meta-layouts":"set","ast-page-background-enabled":"default","ast-page-background-meta":{"desktop":{"background-color":"","background-image":"","background-repeat":"repeat","background-position":"center center","background-size":"auto","background-attachment":"scroll","background-type":"","background-media":"","overlay-type":"","overlay-color":"","overlay-opacity":"","overlay-gradient":""},"tablet":{"background-color":"","background-image":"","background-repeat":"repeat","background-position":"center center","background-size":"auto","background-attachment":"scroll","background-type":"","background-media":"","overlay-type":"","overlay-color":"","overlay-opacity":"","overlay-gradient":""},"mobile":{"background-color":"","background-image":"","background-repeat":"repeat","background-position":"center center","background-size":"auto","background-attachment":"scroll","background-type":"","background-media":"","overlay-type":"","overlay-color":"","overlay-opacity":"","overlay-gradient":""}},"ast-content-background-meta":{"desktop":{"background-color":"var(--ast-global-color-5)","background-image":"","background-repeat":"repeat","background-position":"center center","background-size":"auto","background-attachment":"scroll","background-type":"","background-media":"","overlay-type":"","overlay-color":"","overlay-opacity":"","overlay-gradient":""},"tablet":{"background-color":"var(--ast-global-color-5)","background-image":"","background-repeat":"repeat","background-position":"center center","background-size":"auto","background-attachment":"scroll","background-type":"","background-media":"","overlay-type":"","overlay-color":"","overlay-opacity":"","overlay-gradient":""},"mobile":{"background-color":"var(--ast-global-color-5)","background-image":"","background-repeat":"repeat","background-position":"center center","background-size":"auto","background-attachment":"scroll","background-type":"","background-media":"","overlay-type":"","overlay-color":"","overlay-opacity":"","overlay-gradient":""}}},"product_brand":[],"product_cat":[1740,3586,3585,1711,1688,1692],"product_tag":[],"class_list":{"0":"post-24951","1":"product","2":"type-product","3":"status-publish","4":"has-post-thumbnail","6":"product_cat-dla-kobiet","7":"product_cat-doterra-saules-linija-pl","8":"product_cat-doterra-slonce-pl","9":"product_cat-higiena-i-pielegnacja-skory","10":"product_cat-prezenty","11":"product_cat-prezenty-dla-kobiet","12":"desktop-align-left","13":"tablet-align-left","14":"mobile-align-left","16":"first","17":"instock","18":"taxable","19":"shipping-taxable","20":"purchasable","21":"product-type-simple"},"_links":{"self":[{"href":"https:\/\/mamaterra.lt\/pl\/wp-json\/wp\/v2\/product\/24951","targetHints":{"allow":["GET"]}}],"collection":[{"href":"https:\/\/mamaterra.lt\/pl\/wp-json\/wp\/v2\/product"}],"about":[{"href":"https:\/\/mamaterra.lt\/pl\/wp-json\/wp\/v2\/types\/product"}],"wp:featuredmedia":[{"embeddable":true,"href":"https:\/\/mamaterra.lt\/pl\/wp-json\/wp\/v2\/media\/24945"}],"wp:attachment":[{"href":"https:\/\/mamaterra.lt\/pl\/wp-json\/wp\/v2\/media?parent=24951"}],"wp:term":[{"taxonomy":"product_brand","embeddable":true,"href":"https:\/\/mamaterra.lt\/pl\/wp-json\/wp\/v2\/product_brand?post=24951"},{"taxonomy":"product_cat","embeddable":true,"href":"https:\/\/mamaterra.lt\/pl\/wp-json\/wp\/v2\/product_cat?post=24951"},{"taxonomy":"product_tag","embeddable":true,"href":"https:\/\/mamaterra.lt\/pl\/wp-json\/wp\/v2\/product_tag?post=24951"}],"curies":[{"name":"wp","href":"https:\/\/api.w.org\/{rel}","templated":true}]}}