{"id":24075,"date":"2024-11-30T16:29:56","date_gmt":"2024-11-30T15:29:56","guid":{"rendered":"https:\/\/mamaterra.lt\/parduotuve\/bez-kategorii\/doterra-gardenijos-ranku-kremas\/"},"modified":"2024-11-30T16:44:13","modified_gmt":"2024-11-30T15:44:13","slug":"doterra-gardenijos-ranku-kremas","status":"publish","type":"product","link":"https:\/\/mamaterra.lt\/pl\/parduotuve\/higiena-i-pielegnacja-skory\/doterra-slonce-pl\/doterra-gardenijos-ranku-kremas\/","title":{"rendered":"doTERRA Gardenia regeneruj\u0105cy krem do r\u0105k"},"content":{"rendered":"<h6>doTERRA Gardenia regeneruj\u0105cy krem do r\u0105k<\/h6>\n<p>Krem do r\u0105k Gardenia Restorative Hand Cream o zach\u0119caj\u0105cym, koj\u0105cym zapachu jest niet\u0142usty, szybko si\u0119 wch\u0142ania i zapewnia koj\u0105ce nawil\u017cenie.<br \/>\nZafunduj swojej sk\u00f3rze transformuj\u0105cy luksus dzi\u0119ki Gardenia Restorative Hand Cream, kt\u00f3ry zawiera olejek eteryczny Gardenia z certyfikatem CPTG Certified Pure Tested Grade\u00ae oraz \u015bwie\u017c\u0105 mieszank\u0119 ja\u015bminu, wiciokrzewu, osmantusa, dzikiej pomara\u0144czy i rozmarynu. G\u0142\u0119boko nawil\u017caj\u0105ca mieszanka mas\u0142a shea i oleju s\u0142onecznikowego sprawia, \u017ce Gardenia Hand Cream intensywnie od\u017cywia d\u0142onie, pozostawiaj\u0105c je mi\u0119kkie i elastyczne.<\/p>\n","protected":false},"excerpt":{"rendered":"<p>Dzi\u0119ki zach\u0119caj\u0105cemu, koj\u0105cemu aromatowi, Gardenia Restorative Hand Cream jest niet\u0142usty, szybko si\u0119 wch\u0142ania i zapewnia koj\u0105ce nawil\u017cenie.<\/p>\n","protected":false},"featured_media":24069,"template":"","meta":{"site-sidebar-layout":"default","site-content-layout":"","ast-site-content-layout":"default","site-content-style":"default","site-sidebar-style":"default","ast-global-header-display":"","ast-banner-title-visibility":"","ast-main-header-display":"","ast-hfb-above-header-display":"","ast-hfb-below-header-display":"","ast-hfb-mobile-header-display":"","site-post-title":"","ast-breadcrumbs-content":"","ast-featured-img":"","footer-sml-layout":"","ast-disable-related-posts":"","theme-transparent-header-meta":"default","adv-header-id-meta":"","stick-header-meta":"","header-above-stick-meta":"","header-main-stick-meta":"","header-below-stick-meta":"","astra-migrate-meta-layouts":"set","ast-page-background-enabled":"default","ast-page-background-meta":{"desktop":{"background-color":"","background-image":"","background-repeat":"repeat","background-position":"center center","background-size":"auto","background-attachment":"scroll","background-type":"","background-media":"","overlay-type":"","overlay-color":"","overlay-opacity":"","overlay-gradient":""},"tablet":{"background-color":"","background-image":"","background-repeat":"repeat","background-position":"center center","background-size":"auto","background-attachment":"scroll","background-type":"","background-media":"","overlay-type":"","overlay-color":"","overlay-opacity":"","overlay-gradient":""},"mobile":{"background-color":"","background-image":"","background-repeat":"repeat","background-position":"center center","background-size":"auto","background-attachment":"scroll","background-type":"","background-media":"","overlay-type":"","overlay-color":"","overlay-opacity":"","overlay-gradient":""}},"ast-content-background-meta":{"desktop":{"background-color":"var(--ast-global-color-5)","background-image":"","background-repeat":"repeat","background-position":"center center","background-size":"auto","background-attachment":"scroll","background-type":"","background-media":"","overlay-type":"","overlay-color":"","overlay-opacity":"","overlay-gradient":""},"tablet":{"background-color":"var(--ast-global-color-5)","background-image":"","background-repeat":"repeat","background-position":"center center","background-size":"auto","background-attachment":"scroll","background-type":"","background-media":"","overlay-type":"","overlay-color":"","overlay-opacity":"","overlay-gradient":""},"mobile":{"background-color":"var(--ast-global-color-5)","background-image":"","background-repeat":"repeat","background-position":"center center","background-size":"auto","background-attachment":"scroll","background-type":"","background-media":"","overlay-type":"","overlay-color":"","overlay-opacity":"","overlay-gradient":""}}},"product_brand":[],"product_cat":[1740,3586,3585,1711,1688,1692],"product_tag":[],"class_list":{"0":"post-24075","1":"product","2":"type-product","3":"status-publish","4":"has-post-thumbnail","6":"product_cat-dla-kobiet","7":"product_cat-doterra-saules-linija-pl","8":"product_cat-doterra-slonce-pl","9":"product_cat-higiena-i-pielegnacja-skory","10":"product_cat-prezenty","11":"product_cat-prezenty-dla-kobiet","12":"desktop-align-left","13":"tablet-align-left","14":"mobile-align-left","16":"first","17":"outofstock","18":"taxable","19":"shipping-taxable","20":"purchasable","21":"product-type-simple"},"_links":{"self":[{"href":"https:\/\/mamaterra.lt\/pl\/wp-json\/wp\/v2\/product\/24075","targetHints":{"allow":["GET"]}}],"collection":[{"href":"https:\/\/mamaterra.lt\/pl\/wp-json\/wp\/v2\/product"}],"about":[{"href":"https:\/\/mamaterra.lt\/pl\/wp-json\/wp\/v2\/types\/product"}],"wp:featuredmedia":[{"embeddable":true,"href":"https:\/\/mamaterra.lt\/pl\/wp-json\/wp\/v2\/media\/24069"}],"wp:attachment":[{"href":"https:\/\/mamaterra.lt\/pl\/wp-json\/wp\/v2\/media?parent=24075"}],"wp:term":[{"taxonomy":"product_brand","embeddable":true,"href":"https:\/\/mamaterra.lt\/pl\/wp-json\/wp\/v2\/product_brand?post=24075"},{"taxonomy":"product_cat","embeddable":true,"href":"https:\/\/mamaterra.lt\/pl\/wp-json\/wp\/v2\/product_cat?post=24075"},{"taxonomy":"product_tag","embeddable":true,"href":"https:\/\/mamaterra.lt\/pl\/wp-json\/wp\/v2\/product_tag?post=24075"}],"curies":[{"name":"wp","href":"https:\/\/api.w.org\/{rel}","templated":true}]}}