{"id":23983,"date":"2024-11-28T18:08:43","date_gmt":"2024-11-28T17:08:43","guid":{"rendered":"https:\/\/mamaterra.lt\/parduotuve\/bez-kategorii\/doterra-pb-restore\/"},"modified":"2024-11-28T18:28:23","modified_gmt":"2024-11-28T17:28:23","slug":"doterra-pb-restore","status":"publish","type":"product","link":"https:\/\/mamaterra.lt\/pl\/parduotuve\/trawienie\/doterra-pb-restore\/","title":{"rendered":"DoTERRA PB Restore"},"content":{"rendered":"<h6>DoTERRA PB Restore<\/h6>\n<h6 class=\"spotlight__head-latin-title\">z \u017cywymi kulturami bakterii i fruktooligosacharydami<\/h6>\n<p>PB Restore zosta\u0142 opracowany jako podstawowy suplement wspomagaj\u0105cy organizm. Zamkni\u0119ty w dwukomorowej kapsu\u0142ce, zawiera 30 bioaktywnych prebiotyk\u00f3w, probiotyk\u00f3w i postbiotyk\u00f3w. Ka\u017cda kapsu\u0142ka dostarcza 18 miliard\u00f3w \u017cywych kom\u00f3rek w momencie u\u017cycia. Wykorzystuj\u0105c zaawansowan\u0105 technologi\u0119 kapsu\u0142kowania, zewn\u0119trzna kapsu\u0142ka chroni prebiotyk i postbiotyk, podczas gdy wewn\u0119trzna kapsu\u0142ka, uwalniana z czasem, zawiera 28 szczep\u00f3w probiotycznych. Ten innowacyjny dwuwarstwowy system kapsu\u0142kowania chroni bioaktywne kultury przed trudnym \u015brodowiskiem \u017co\u0142\u0105dka, zapewniaj\u0105c optymalne dostarczanie ich aktywnych korzy\u015bci.<\/p>\n<p>Przyjmowa\u0107 1 kapsu\u0142k\u0119 dziennie, tu\u017c przed posi\u0142kiem.<\/p>\n","protected":false},"excerpt":{"rendered":"<ul class=\"spotlight__list-custom custom-list\">\n<li>Zapewnia unikaln\u0105 formu\u0142\u0119 30 prebiotyk\u00f3w, probiotyk\u00f3w i postbiotyk\u00f3w.<br \/>\nZawiera 28 szczep\u00f3w probiotycznych innych ni\u017c PB Assist+\u2122.<\/li>\n<li>Zawiera niezb\u0119dny prebiotyk &#8211; fruktooligosacharyd (FOS), naturalnie wyst\u0119puj\u0105cy w\u0119glowodan, kt\u00f3ry selektywnie promuje wzrost po\u017cytecznych bakterii.<\/li>\n<li>Dostarcza jednostek tworz\u0105cych kolonie (CFU) probiotyk\u00f3w, w tym zr\u00f3\u017cnicowan\u0105 gam\u0119 28 aktywnych kultur starannie wyselekcjonowanych z 20 r\u00f3\u017cnych gatunk\u00f3w, zapewniaj\u0105c wyj\u0105tkow\u0105 r\u00f3\u017cnorodno\u015b\u0107 drobnoustroj\u00f3w.<\/li>\n<li>Unikalna technologia dwuwarstwowej kapsu\u0142ki chroni bioaktywne kultury przed trudnym \u015brodowiskiem \u017co\u0142\u0105dka, zapewniaj\u0105c ich aktywne dzia\u0142anie.<\/li>\n<\/ul>\n","protected":false},"featured_media":23977,"template":"","meta":{"site-sidebar-layout":"default","site-content-layout":"","ast-site-content-layout":"default","site-content-style":"default","site-sidebar-style":"default","ast-global-header-display":"","ast-banner-title-visibility":"","ast-main-header-display":"","ast-hfb-above-header-display":"","ast-hfb-below-header-display":"","ast-hfb-mobile-header-display":"","site-post-title":"","ast-breadcrumbs-content":"","ast-featured-img":"","footer-sml-layout":"","ast-disable-related-posts":"","theme-transparent-header-meta":"default","adv-header-id-meta":"","stick-header-meta":"","header-above-stick-meta":"","header-main-stick-meta":"","header-below-stick-meta":"","astra-migrate-meta-layouts":"set","ast-page-background-enabled":"default","ast-page-background-meta":{"desktop":{"background-color":"","background-image":"","background-repeat":"repeat","background-position":"center center","background-size":"auto","background-attachment":"scroll","background-type":"","background-media":"","overlay-type":"","overlay-color":"","overlay-opacity":"","overlay-gradient":""},"tablet":{"background-color":"","background-image":"","background-repeat":"repeat","background-position":"center center","background-size":"auto","background-attachment":"scroll","background-type":"","background-media":"","overlay-type":"","overlay-color":"","overlay-opacity":"","overlay-gradient":""},"mobile":{"background-color":"","background-image":"","background-repeat":"repeat","background-position":"center center","background-size":"auto","background-attachment":"scroll","background-type":"","background-media":"","overlay-type":"","overlay-color":"","overlay-opacity":"","overlay-gradient":""}},"ast-content-background-meta":{"desktop":{"background-color":"var(--ast-global-color-5)","background-image":"","background-repeat":"repeat","background-position":"center center","background-size":"auto","background-attachment":"scroll","background-type":"","background-media":"","overlay-type":"","overlay-color":"","overlay-opacity":"","overlay-gradient":""},"tablet":{"background-color":"var(--ast-global-color-5)","background-image":"","background-repeat":"repeat","background-position":"center center","background-size":"auto","background-attachment":"scroll","background-type":"","background-media":"","overlay-type":"","overlay-color":"","overlay-opacity":"","overlay-gradient":""},"mobile":{"background-color":"var(--ast-global-color-5)","background-image":"","background-repeat":"repeat","background-position":"center center","background-size":"auto","background-attachment":"scroll","background-type":"","background-media":"","overlay-type":"","overlay-color":"","overlay-opacity":"","overlay-gradient":""}}},"product_brand":[],"product_cat":[1758],"product_tag":[],"class_list":{"0":"post-23983","1":"product","2":"type-product","3":"status-publish","4":"has-post-thumbnail","6":"product_cat-trawienie","7":"desktop-align-left","8":"tablet-align-left","9":"mobile-align-left","11":"first","12":"instock","13":"taxable","14":"shipping-taxable","15":"purchasable","16":"product-type-simple"},"_links":{"self":[{"href":"https:\/\/mamaterra.lt\/pl\/wp-json\/wp\/v2\/product\/23983","targetHints":{"allow":["GET"]}}],"collection":[{"href":"https:\/\/mamaterra.lt\/pl\/wp-json\/wp\/v2\/product"}],"about":[{"href":"https:\/\/mamaterra.lt\/pl\/wp-json\/wp\/v2\/types\/product"}],"wp:featuredmedia":[{"embeddable":true,"href":"https:\/\/mamaterra.lt\/pl\/wp-json\/wp\/v2\/media\/23977"}],"wp:attachment":[{"href":"https:\/\/mamaterra.lt\/pl\/wp-json\/wp\/v2\/media?parent=23983"}],"wp:term":[{"taxonomy":"product_brand","embeddable":true,"href":"https:\/\/mamaterra.lt\/pl\/wp-json\/wp\/v2\/product_brand?post=23983"},{"taxonomy":"product_cat","embeddable":true,"href":"https:\/\/mamaterra.lt\/pl\/wp-json\/wp\/v2\/product_cat?post=23983"},{"taxonomy":"product_tag","embeddable":true,"href":"https:\/\/mamaterra.lt\/pl\/wp-json\/wp\/v2\/product_tag?post=23983"}],"curies":[{"name":"wp","href":"https:\/\/api.w.org\/{rel}","templated":true}]}}