{"id":23864,"date":"2024-11-03T19:39:24","date_gmt":"2024-11-03T18:39:24","guid":{"rendered":"https:\/\/mamaterra.lt\/parduotuve\/bez-kategorii\/doterra-karsto-vandens-sildykle-ir-holiday-love-5-ml-2\/"},"modified":"2024-11-03T19:50:53","modified_gmt":"2024-11-03T18:50:53","slug":"doterra-podgrzewacz-wody-i-wakacyjna-milosc-5-ml","status":"publish","type":"product","link":"https:\/\/mamaterra.lt\/pl\/parduotuve\/prezenty\/doterra-podgrzewacz-wody-i-wakacyjna-milosc-5-ml\/","title":{"rendered":"doTERRA Podgrzewacz wody i wakacyjna mi\u0142o\u015b\u0107 (5 ml)"},"content":{"rendered":"<h6 class=\"spotlight__head-title\">doTERRA Podgrzewacz wody i wakacyjna mi\u0142o\u015b\u0107 (5 ml)<\/h6>\n<p>&nbsp;<\/p>\n<p>Duet, kt\u00f3ry uciele\u015bnia esencj\u0119 przytulnego ciep\u0142a \u015bwi\u0105tecznego sezonu.<\/p>\n<p>Holiday Love to mieszanka czystych olejk\u00f3w eterycznych i absolut\u00f3w, takich jak drzewo cedrowe, jod\u0142a syberyjska, dzika pomara\u0144cza, kadzid\u0142owiec i boswellia, Balsam Peruwia\u0144ski, Nootka, Labdanum, Cynamon, B\u00f3b Tonka i Wanilia.<\/p>\n<p>Gumowy podgrzewacz z wyj\u0105tkowo mi\u0119kkim polarowym pokrowcem dla wygody i ochrony rozgrzeje serce i umys\u0142 ka\u017cdego mi\u0142o\u015bnika olejk\u00f3w eterycznych. Kombinacja ma uroczy wygl\u0105d i jest prezentowana w eleganckim pude\u0142ku upominkowym marki d\u014dTERRA.<\/p>\n","protected":false},"excerpt":{"rendered":"<p>doTERRA Podgrzewacz wody i wakacyjna mi\u0142o\u015b\u0107 &#8211; Duet, kt\u00f3ry uciele\u015bnia esencj\u0119 przytulnego ciep\u0142a \u015bwi\u0105tecznego sezonu.<\/p>\n","protected":false},"featured_media":23840,"template":"","meta":{"site-sidebar-layout":"default","site-content-layout":"","ast-site-content-layout":"default","site-content-style":"default","site-sidebar-style":"default","ast-global-header-display":"","ast-banner-title-visibility":"","ast-main-header-display":"","ast-hfb-above-header-display":"","ast-hfb-below-header-display":"","ast-hfb-mobile-header-display":"","site-post-title":"","ast-breadcrumbs-content":"","ast-featured-img":"","footer-sml-layout":"","ast-disable-related-posts":"","theme-transparent-header-meta":"default","adv-header-id-meta":"","stick-header-meta":"","header-above-stick-meta":"","header-main-stick-meta":"","header-below-stick-meta":"","astra-migrate-meta-layouts":"set","ast-page-background-enabled":"default","ast-page-background-meta":{"desktop":{"background-color":"","background-image":"","background-repeat":"repeat","background-position":"center center","background-size":"auto","background-attachment":"scroll","background-type":"","background-media":"","overlay-type":"","overlay-color":"","overlay-opacity":"","overlay-gradient":""},"tablet":{"background-color":"","background-image":"","background-repeat":"repeat","background-position":"center center","background-size":"auto","background-attachment":"scroll","background-type":"","background-media":"","overlay-type":"","overlay-color":"","overlay-opacity":"","overlay-gradient":""},"mobile":{"background-color":"","background-image":"","background-repeat":"repeat","background-position":"center center","background-size":"auto","background-attachment":"scroll","background-type":"","background-media":"","overlay-type":"","overlay-color":"","overlay-opacity":"","overlay-gradient":""}},"ast-content-background-meta":{"desktop":{"background-color":"var(--ast-global-color-5)","background-image":"","background-repeat":"repeat","background-position":"center center","background-size":"auto","background-attachment":"scroll","background-type":"","background-media":"","overlay-type":"","overlay-color":"","overlay-opacity":"","overlay-gradient":""},"tablet":{"background-color":"var(--ast-global-color-5)","background-image":"","background-repeat":"repeat","background-position":"center center","background-size":"auto","background-attachment":"scroll","background-type":"","background-media":"","overlay-type":"","overlay-color":"","overlay-opacity":"","overlay-gradient":""},"mobile":{"background-color":"var(--ast-global-color-5)","background-image":"","background-repeat":"repeat","background-position":"center center","background-size":"auto","background-attachment":"scroll","background-type":"","background-media":"","overlay-type":"","overlay-color":"","overlay-opacity":"","overlay-gradient":""}}},"product_brand":[],"product_cat":[1688],"product_tag":[],"class_list":{"0":"post-23864","1":"product","2":"type-product","3":"status-publish","4":"has-post-thumbnail","6":"product_cat-prezenty","7":"desktop-align-left","8":"tablet-align-left","9":"mobile-align-left","11":"first","12":"instock","13":"taxable","14":"shipping-taxable","15":"purchasable","16":"product-type-simple"},"_links":{"self":[{"href":"https:\/\/mamaterra.lt\/pl\/wp-json\/wp\/v2\/product\/23864","targetHints":{"allow":["GET"]}}],"collection":[{"href":"https:\/\/mamaterra.lt\/pl\/wp-json\/wp\/v2\/product"}],"about":[{"href":"https:\/\/mamaterra.lt\/pl\/wp-json\/wp\/v2\/types\/product"}],"wp:featuredmedia":[{"embeddable":true,"href":"https:\/\/mamaterra.lt\/pl\/wp-json\/wp\/v2\/media\/23840"}],"wp:attachment":[{"href":"https:\/\/mamaterra.lt\/pl\/wp-json\/wp\/v2\/media?parent=23864"}],"wp:term":[{"taxonomy":"product_brand","embeddable":true,"href":"https:\/\/mamaterra.lt\/pl\/wp-json\/wp\/v2\/product_brand?post=23864"},{"taxonomy":"product_cat","embeddable":true,"href":"https:\/\/mamaterra.lt\/pl\/wp-json\/wp\/v2\/product_cat?post=23864"},{"taxonomy":"product_tag","embeddable":true,"href":"https:\/\/mamaterra.lt\/pl\/wp-json\/wp\/v2\/product_tag?post=23864"}],"curies":[{"name":"wp","href":"https:\/\/api.w.org\/{rel}","templated":true}]}}