{"id":23473,"date":"2024-07-11T19:00:46","date_gmt":"2024-07-11T18:00:46","guid":{"rendered":"https:\/\/mamaterra.lt\/parduotuve\/maaratlemata\/pripildomas-ranku-prausiklio-dozatorius-stiklinis\/"},"modified":"2024-07-11T19:16:50","modified_gmt":"2024-07-11T18:16:50","slug":"szklany-dozownik-do-mycia-rak-wielokrotnego-napelniania","status":"publish","type":"product","link":"https:\/\/mamaterra.lt\/pl\/parduotuve\/higiena-i-pielegnacja-skory\/szklany-dozownik-do-mycia-rak-wielokrotnego-napelniania\/","title":{"rendered":"Szklany dozownik do mycia r\u0105k wielokrotnego nape\u0142niania"},"content":{"rendered":"<p><strong>Szklany dozownik do mycia r\u0105k wielokrotnego nape\u0142niania<\/strong><\/p>\n<p>Stworzona z my\u015bl\u0105 o \u015bwiadomych konsumentach, ta trwa\u0142a szklana butelka wielokrotnego u\u017cytku jest wygodna i \u0142atwa do nape\u0142nienia ulubionym p\u0142ynem do mycia r\u0105k doTERRA. Jako produkt z naszej gamy d\u014dTERRA ab\u014dde\u2122 koncentrujemy si\u0119 na wykorzystaniu szk\u0142a nadaj\u0105cego si\u0119 do recyklingu zamiast plastiku jednorazowego u\u017cytku. Ten przyjazny dla \u015brodowiska wyb\u00f3r nie tylko zmniejsza zu\u017cycie plastiku w gospodarstwach domowych, ale tak\u017ce dodaje estetycznego wygl\u0105du produktowi i Twojemu domowi. Oferuj\u0105c skuteczno\u015b\u0107 i zr\u00f3wnowa\u017cony rozw\u00f3j, mo\u017cesz liczy\u0107 na to, \u017ce doTERRA zapewnia ekologiczne rozwi\u0105zania, kt\u00f3re odzwierciedlaj\u0105 nasz\u0105 wsp\u00f3ln\u0105 odpowiedzialno\u015b\u0107 za ochron\u0119 planety.<\/p>\n<p>Pi\u0119knie zaprojektowany i estetyczny.<br \/>\nBardzo trwa\u0142y dozownik z bursztynowego szk\u0142a z pompk\u0105 ze szczotkowanego metalu.<br \/>\nFunkcjonalny i trwa\u0142y, \u0142atwy do ponownego nape\u0142nienia.<br \/>\nPrzeznaczony do stosowania z koncentratami do mycia r\u0105k doTERRA.<\/p>\n","protected":false},"excerpt":{"rendered":"<p>1. Wlej koncentrat doTERRA Foaming Hand Wash Concentrate* do szklanej butelki, a\u017c do linii nape\u0142nienia koncentratem.<br \/>\n2. Dodaj oczyszczon\u0105 wod\u0119, a\u017c mieszanina osi\u0105gnie lini\u0119 nape\u0142niania wod\u0105.<br \/>\n3. Przymocuj pompk\u0119 do butelki i delikatnie wstrz\u0105\u015bnij.<br \/>\n4. U\u017cywa\u0107 w razie potrzeby do mycia r\u0105k.<\/p>\n","protected":false},"featured_media":23458,"template":"","meta":{"site-sidebar-layout":"default","site-content-layout":"","ast-site-content-layout":"default","site-content-style":"default","site-sidebar-style":"default","ast-global-header-display":"","ast-banner-title-visibility":"","ast-main-header-display":"","ast-hfb-above-header-display":"","ast-hfb-below-header-display":"","ast-hfb-mobile-header-display":"","site-post-title":"","ast-breadcrumbs-content":"","ast-featured-img":"","footer-sml-layout":"","ast-disable-related-posts":"","theme-transparent-header-meta":"","adv-header-id-meta":"","stick-header-meta":"","header-above-stick-meta":"","header-main-stick-meta":"","header-below-stick-meta":"","astra-migrate-meta-layouts":"set","ast-page-background-enabled":"default","ast-page-background-meta":{"desktop":{"background-color":"","background-image":"","background-repeat":"repeat","background-position":"center center","background-size":"auto","background-attachment":"scroll","background-type":"","background-media":"","overlay-type":"","overlay-color":"","overlay-opacity":"","overlay-gradient":""},"tablet":{"background-color":"","background-image":"","background-repeat":"repeat","background-position":"center center","background-size":"auto","background-attachment":"scroll","background-type":"","background-media":"","overlay-type":"","overlay-color":"","overlay-opacity":"","overlay-gradient":""},"mobile":{"background-color":"","background-image":"","background-repeat":"repeat","background-position":"center center","background-size":"auto","background-attachment":"scroll","background-type":"","background-media":"","overlay-type":"","overlay-color":"","overlay-opacity":"","overlay-gradient":""}},"ast-content-background-meta":{"desktop":{"background-color":"var(--ast-global-color-5)","background-image":"","background-repeat":"repeat","background-position":"center center","background-size":"auto","background-attachment":"scroll","background-type":"","background-media":"","overlay-type":"","overlay-color":"","overlay-opacity":"","overlay-gradient":""},"tablet":{"background-color":"var(--ast-global-color-5)","background-image":"","background-repeat":"repeat","background-position":"center center","background-size":"auto","background-attachment":"scroll","background-type":"","background-media":"","overlay-type":"","overlay-color":"","overlay-opacity":"","overlay-gradient":""},"mobile":{"background-color":"var(--ast-global-color-5)","background-image":"","background-repeat":"repeat","background-position":"center center","background-size":"auto","background-attachment":"scroll","background-type":"","background-media":"","overlay-type":"","overlay-color":"","overlay-opacity":"","overlay-gradient":""}}},"product_brand":[],"product_cat":[1858,1711],"product_tag":[],"class_list":{"0":"post-23473","1":"product","2":"type-product","3":"status-publish","4":"has-post-thumbnail","6":"product_cat-dodatki","7":"product_cat-higiena-i-pielegnacja-skory","8":"desktop-align-left","9":"tablet-align-left","10":"mobile-align-left","12":"first","13":"instock","14":"taxable","15":"shipping-taxable","16":"product-type-simple"},"_links":{"self":[{"href":"https:\/\/mamaterra.lt\/pl\/wp-json\/wp\/v2\/product\/23473","targetHints":{"allow":["GET"]}}],"collection":[{"href":"https:\/\/mamaterra.lt\/pl\/wp-json\/wp\/v2\/product"}],"about":[{"href":"https:\/\/mamaterra.lt\/pl\/wp-json\/wp\/v2\/types\/product"}],"wp:featuredmedia":[{"embeddable":true,"href":"https:\/\/mamaterra.lt\/pl\/wp-json\/wp\/v2\/media\/23458"}],"wp:attachment":[{"href":"https:\/\/mamaterra.lt\/pl\/wp-json\/wp\/v2\/media?parent=23473"}],"wp:term":[{"taxonomy":"product_brand","embeddable":true,"href":"https:\/\/mamaterra.lt\/pl\/wp-json\/wp\/v2\/product_brand?post=23473"},{"taxonomy":"product_cat","embeddable":true,"href":"https:\/\/mamaterra.lt\/pl\/wp-json\/wp\/v2\/product_cat?post=23473"},{"taxonomy":"product_tag","embeddable":true,"href":"https:\/\/mamaterra.lt\/pl\/wp-json\/wp\/v2\/product_tag?post=23473"}],"curies":[{"name":"wp","href":"https:\/\/api.w.org\/{rel}","templated":true}]}}