{"id":23449,"date":"2024-07-11T18:29:26","date_gmt":"2024-07-11T17:29:26","guid":{"rendered":"https:\/\/mamaterra.lt\/parduotuve\/maaratlemata\/doterra-costa-brio-ir-automobilinis-difuzorius\/"},"modified":"2024-07-11T18:52:04","modified_gmt":"2024-07-11T17:52:04","slug":"doterra-costa-brio-i-dyfuzor-samochodowy","status":"publish","type":"product","link":"https:\/\/mamaterra.lt\/pl\/parduotuve\/olejki-eteryczne\/mieszanki-olejkow-eterycznych\/doterra-costa-brio-i-dyfuzor-samochodowy\/","title":{"rendered":"doTERRA Costa Brio i dyfuzor samochodowy"},"content":{"rendered":"<p><strong>doTERRA Costa Brio i dyfuzor samochodowy<\/strong><\/p>\n<p>Mieszanka zapachowa Costa Brio Enlivening Blend, oddaj\u0105ca wibruj\u0105cy urok Ameryki Po\u0142udniowej, jest s\u0142odka, ziemista, cytrusowa, \u017cywiczna, drzewna i kwiatowa. Ka\u017cda przestrze\u0144 staje si\u0119 spokojnym azylem z wieloma zastosowaniami i korzy\u015bciami do wykorzystania. W po\u0142\u0105czeniu z dyfuzorem Car Clip. Ciesz si\u0119 podr\u00f3\u017c\u0105 w drodze, bez wzgl\u0119du na to, dok\u0105d Ci\u0119 ona zaprowadzi.<\/p>\n<p>Niech hipnotyzuj\u0105ca esencja doTERRA Costa Brio przeniesie Ci\u0119 do kolorowych krajobraz\u00f3w Ameryki Po\u0142udniowej, gdzie ka\u017cda kropla oddaje \u017cywio\u0142owo\u015b\u0107 jej magii. Aromat mieszanki Costa Brio Enlivening Blend to symfonia s\u0142odkich, ziemistych, cytrusowych, \u017cywicznych, drzewnych i kwiatowych nut. Ta harmonijna fuzja olejk\u00f3w eterycznych zawiera drzewo cedrowe, magnoli\u0119, Breu Branco, mi\u0119t\u0119 bergamotow\u0105, s\u0142odki koper w\u0142oski, cytryn\u0119 i balsam peruwia\u0144ski. Dzika pomara\u0144cza, r\u00f3\u017cowy pieprz, Copaiba, Petitgrain, drzewo gwajakowe i b\u00f3b tonka s\u0105 pozyskiwane z Ameryki Po\u0142udniowej w ramach inicjatyw Co-Impact Sourcing\u2122, zapewniaj\u0105c mieszank\u0119, kt\u00f3ra ma wiele zalet, a tak\u017ce podnosi na duchu spo\u0142eczno\u015bci.<\/p>\n<p>Mo\u017ce by\u0107 r\u00f3wnie\u017c wyj\u0105tkowym zapachem osobistym. Zaprojektowany jako m\u0119ski zapach, jest r\u00f3wnie\u017c bardzo atrakcyjny dla kobiet.<\/p>\n","protected":false},"excerpt":{"rendered":"<ul>\n<li>\u00a0Costa Brio &#8211; orze\u017awiaj\u0105ca mieszanka trawiastego drewna i dymu.<\/li>\n<li>Przekonuj\u0105ca, koj\u0105ca i uziemiaj\u0105ca.<\/li>\n<li>Idealny do medytacji i do codziennego u\u017cytku jako inspiruj\u0105ce zakl\u0119cie.<\/li>\n<\/ul>\n","protected":false},"featured_media":23731,"template":"","meta":{"site-sidebar-layout":"default","site-content-layout":"","ast-site-content-layout":"default","site-content-style":"default","site-sidebar-style":"default","ast-global-header-display":"","ast-banner-title-visibility":"","ast-main-header-display":"","ast-hfb-above-header-display":"","ast-hfb-below-header-display":"","ast-hfb-mobile-header-display":"","site-post-title":"","ast-breadcrumbs-content":"","ast-featured-img":"","footer-sml-layout":"","ast-disable-related-posts":"","theme-transparent-header-meta":"","adv-header-id-meta":"","stick-header-meta":"","header-above-stick-meta":"","header-main-stick-meta":"","header-below-stick-meta":"","astra-migrate-meta-layouts":"set","ast-page-background-enabled":"default","ast-page-background-meta":{"desktop":{"background-color":"","background-image":"","background-repeat":"repeat","background-position":"center center","background-size":"auto","background-attachment":"scroll","background-type":"","background-media":"","overlay-type":"","overlay-color":"","overlay-opacity":"","overlay-gradient":""},"tablet":{"background-color":"","background-image":"","background-repeat":"repeat","background-position":"center center","background-size":"auto","background-attachment":"scroll","background-type":"","background-media":"","overlay-type":"","overlay-color":"","overlay-opacity":"","overlay-gradient":""},"mobile":{"background-color":"","background-image":"","background-repeat":"repeat","background-position":"center center","background-size":"auto","background-attachment":"scroll","background-type":"","background-media":"","overlay-type":"","overlay-color":"","overlay-opacity":"","overlay-gradient":""}},"ast-content-background-meta":{"desktop":{"background-color":"var(--ast-global-color-5)","background-image":"","background-repeat":"repeat","background-position":"center center","background-size":"auto","background-attachment":"scroll","background-type":"","background-media":"","overlay-type":"","overlay-color":"","overlay-opacity":"","overlay-gradient":""},"tablet":{"background-color":"var(--ast-global-color-5)","background-image":"","background-repeat":"repeat","background-position":"center center","background-size":"auto","background-attachment":"scroll","background-type":"","background-media":"","overlay-type":"","overlay-color":"","overlay-opacity":"","overlay-gradient":""},"mobile":{"background-color":"var(--ast-global-color-5)","background-image":"","background-repeat":"repeat","background-position":"center center","background-size":"auto","background-attachment":"scroll","background-type":"","background-media":"","overlay-type":"","overlay-color":"","overlay-opacity":"","overlay-gradient":""}}},"product_brand":[],"product_cat":[1686,1702,1695],"product_tag":[],"class_list":{"0":"post-23449","1":"product","2":"type-product","3":"status-publish","4":"has-post-thumbnail","6":"product_cat-dyfuzory","7":"product_cat-mieszanki-olejkow-eterycznych","8":"product_cat-prezenty-dla-mezczyzn","9":"desktop-align-left","10":"tablet-align-left","11":"mobile-align-left","13":"first","14":"instock","15":"taxable","16":"shipping-taxable","17":"product-type-simple"},"_links":{"self":[{"href":"https:\/\/mamaterra.lt\/pl\/wp-json\/wp\/v2\/product\/23449","targetHints":{"allow":["GET"]}}],"collection":[{"href":"https:\/\/mamaterra.lt\/pl\/wp-json\/wp\/v2\/product"}],"about":[{"href":"https:\/\/mamaterra.lt\/pl\/wp-json\/wp\/v2\/types\/product"}],"wp:featuredmedia":[{"embeddable":true,"href":"https:\/\/mamaterra.lt\/pl\/wp-json\/wp\/v2\/media\/23731"}],"wp:attachment":[{"href":"https:\/\/mamaterra.lt\/pl\/wp-json\/wp\/v2\/media?parent=23449"}],"wp:term":[{"taxonomy":"product_brand","embeddable":true,"href":"https:\/\/mamaterra.lt\/pl\/wp-json\/wp\/v2\/product_brand?post=23449"},{"taxonomy":"product_cat","embeddable":true,"href":"https:\/\/mamaterra.lt\/pl\/wp-json\/wp\/v2\/product_cat?post=23449"},{"taxonomy":"product_tag","embeddable":true,"href":"https:\/\/mamaterra.lt\/pl\/wp-json\/wp\/v2\/product_tag?post=23449"}],"curies":[{"name":"wp","href":"https:\/\/api.w.org\/{rel}","templated":true}]}}