{"id":22821,"date":"2023-05-10T20:36:20","date_gmt":"2023-05-10T19:36:20","guid":{"rendered":"https:\/\/mamaterra.lt\/parduotuve\/bez-kategorii\/metapwr-assist\/"},"modified":"2024-03-24T15:14:51","modified_gmt":"2024-03-24T14:14:51","slug":"metapwr-assist","status":"publish","type":"product","link":"https:\/\/mamaterra.lt\/pl\/parduotuve\/olejki-eteryczne\/mieszanki-olejkow-eterycznych\/metapwr-assist\/","title":{"rendered":"MetaPWR Assist"},"content":{"rendered":"<p>Zwi\u0119ksz warto\u015b\u0107 od\u017cywcz\u0105 swojej diety dzi\u0119ki MetaPWR\u2122 Assist. Ka\u017cda kapsu\u0142ka zawiera ekstrakt z li\u015bci morwy bia\u0142ej, berberyn\u0119, sproszkowan\u0105 kor\u0119 cynamonu i zastrze\u017con\u0105 mieszank\u0119 olejk\u00f3w eterycznych MetaPWR. Przyjmowany przed g\u0142\u00f3wnym posi\u0142kiem dnia, ten pot\u0119\u017cny dodatek do codziennej rutyny wellness b\u0119dzie mia\u0142 najwi\u0119kszy wp\u0142yw na organizm. Korzystaj\u0105c z najwy\u017cszej jako\u015bci procesu maksymalizacji ekstrakcji aktywnego sk\u0142adnika w ekstrakcie z li\u015bci morwy, naukowcy kliniczni d\u014dTERRA opracowali wewn\u0119trznie stymuluj\u0105cy MetaPWR Assist.<\/p>\n<p>Kluczowe korzy\u015bci<br \/>\nNie zawiera GMO, nabia\u0142u, soi, glutenu, konserwant\u00f3w, sztucznych substancji s\u0142odz\u0105cych ani aromat\u00f3w.<br \/>\nLi\u015bcie morwy mog\u0105 przyczynia\u0107 si\u0119 do utrzymania r\u00f3wnowagi metabolicznej w\u0119glowodan\u00f3w w organizmie*.<\/p>\n<p>&#8222;MetaPWR Assist mo\u017ce pom\u00f3c zmniejszy\u0107 wahania poziomu glukozy po posi\u0142ku. Sk\u0142adnik li\u015bci morwy wi\u0105\u017ce si\u0119 z receptorami wi\u0105\u017c\u0105cymi glukoz\u0119, wi\u0119c nie ma ju\u017c miejsca, w kt\u00f3rym glukoza mog\u0142aby si\u0119 wi\u0105za\u0107, wi\u0119c glukoza nie jest tak szybko uwalniana do krwiobiegu. *<\/p>\n","protected":false},"excerpt":{"rendered":"<p>MetaPWR Assist to naturalny suplement diety opracowany, aby pom\u00f3c utrzyma\u0107 prawid\u0142owy poziom cukru we krwi kr\u00f3tko po jedzeniu.<\/p>\n","protected":false},"featured_media":17605,"template":"","meta":{"site-sidebar-layout":"default","site-content-layout":"default","ast-site-content-layout":"default","site-content-style":"default","site-sidebar-style":"default","ast-global-header-display":"","ast-banner-title-visibility":"","ast-main-header-display":"","ast-hfb-above-header-display":"","ast-hfb-below-header-display":"","ast-hfb-mobile-header-display":"","site-post-title":"","ast-breadcrumbs-content":"","ast-featured-img":"","footer-sml-layout":"","ast-disable-related-posts":"","theme-transparent-header-meta":"default","adv-header-id-meta":"","stick-header-meta":"","header-above-stick-meta":"","header-main-stick-meta":"","header-below-stick-meta":"","astra-migrate-meta-layouts":"set","ast-page-background-enabled":"default","ast-page-background-meta":{"desktop":{"background-color":"","background-image":"","background-repeat":"repeat","background-position":"center center","background-size":"auto","background-attachment":"scroll","background-type":"","background-media":"","overlay-type":"","overlay-color":"","overlay-opacity":"","overlay-gradient":""},"tablet":{"background-color":"","background-image":"","background-repeat":"repeat","background-position":"center center","background-size":"auto","background-attachment":"scroll","background-type":"","background-media":"","overlay-type":"","overlay-color":"","overlay-opacity":"","overlay-gradient":""},"mobile":{"background-color":"","background-image":"","background-repeat":"repeat","background-position":"center center","background-size":"auto","background-attachment":"scroll","background-type":"","background-media":"","overlay-type":"","overlay-color":"","overlay-opacity":"","overlay-gradient":""}},"ast-content-background-meta":{"desktop":{"background-color":"var(--ast-global-color-5)","background-image":"","background-repeat":"repeat","background-position":"center center","background-size":"auto","background-attachment":"scroll","background-type":"","background-media":"","overlay-type":"","overlay-color":"","overlay-opacity":"","overlay-gradient":""},"tablet":{"background-color":"var(--ast-global-color-5)","background-image":"","background-repeat":"repeat","background-position":"center center","background-size":"auto","background-attachment":"scroll","background-type":"","background-media":"","overlay-type":"","overlay-color":"","overlay-opacity":"","overlay-gradient":""},"mobile":{"background-color":"var(--ast-global-color-5)","background-image":"","background-repeat":"repeat","background-position":"center center","background-size":"auto","background-attachment":"scroll","background-type":"","background-media":"","overlay-type":"","overlay-color":"","overlay-opacity":"","overlay-gradient":""}}},"product_brand":[],"product_cat":[1702,1758],"product_tag":[],"class_list":{"0":"post-22821","1":"product","2":"type-product","3":"status-publish","4":"has-post-thumbnail","6":"product_cat-mieszanki-olejkow-eterycznych","7":"product_cat-trawienie","8":"desktop-align-left","9":"tablet-align-left","10":"mobile-align-left","12":"first","13":"instock","14":"taxable","15":"shipping-taxable","16":"purchasable","17":"product-type-simple"},"_links":{"self":[{"href":"https:\/\/mamaterra.lt\/pl\/wp-json\/wp\/v2\/product\/22821","targetHints":{"allow":["GET"]}}],"collection":[{"href":"https:\/\/mamaterra.lt\/pl\/wp-json\/wp\/v2\/product"}],"about":[{"href":"https:\/\/mamaterra.lt\/pl\/wp-json\/wp\/v2\/types\/product"}],"wp:featuredmedia":[{"embeddable":true,"href":"https:\/\/mamaterra.lt\/pl\/wp-json\/wp\/v2\/media\/17605"}],"wp:attachment":[{"href":"https:\/\/mamaterra.lt\/pl\/wp-json\/wp\/v2\/media?parent=22821"}],"wp:term":[{"taxonomy":"product_brand","embeddable":true,"href":"https:\/\/mamaterra.lt\/pl\/wp-json\/wp\/v2\/product_brand?post=22821"},{"taxonomy":"product_cat","embeddable":true,"href":"https:\/\/mamaterra.lt\/pl\/wp-json\/wp\/v2\/product_cat?post=22821"},{"taxonomy":"product_tag","embeddable":true,"href":"https:\/\/mamaterra.lt\/pl\/wp-json\/wp\/v2\/product_tag?post=22821"}],"curies":[{"name":"wp","href":"https:\/\/api.w.org\/{rel}","templated":true}]}}