{"id":22129,"date":"2023-12-23T18:59:49","date_gmt":"2023-12-23T17:59:49","guid":{"rendered":"https:\/\/mamaterra.lt\/parduotuve\/bez-kategorii\/ravintsara-5ml\/"},"modified":"2024-03-10T17:23:45","modified_gmt":"2024-03-10T16:23:45","slug":"doterra-ravintsara-5ml","status":"publish","type":"product","link":"https:\/\/mamaterra.lt\/pl\/parduotuve\/olejki-eteryczne\/czyste-olejki-eteryczne\/doterra-ravintsara-5ml\/","title":{"rendered":"doTERRA Ravintsara 5ml"},"content":{"rendered":"<h6>Olejek doTERRA Ravintsara jest destylowany z li\u015bci drzewa Cinnamomum camphora rosn\u0105cego na Madagaskarze..<\/h6>\n<div class=\"x11i5rnm xat24cr x1mh8g0r x1vvkbs xtlvy1s x126k92a\">\n<div dir=\"auto\">To pot\u0119\u017cne i wytrzyma\u0142e drzewo o grubym pniu i g\u0142\u0119bokich korzeniach.<br \/>\nOsi\u0105ga wysoko\u015b\u0107 20-30 m i mo\u017ce \u017cy\u0107 ponad 1000 lat.<br \/>\nDrzewo kamforowe jest uwa\u017cane w Japonii za \u015bwi\u0119te.<br \/>\nPrzyk\u0142adem znaczenia \u015bwi\u0119tego drzewa jest 700-letnie drzewo kamforowe rosn\u0105ce w \u015brodku stacji Kajashima.<br \/>\nLokalni mieszka\u0144cy protestowali przeciwko przeniesieniu drzewa, gdy stacja kolejowa musia\u0142a zosta\u0107 rozbudowana, wi\u0119c stacja zosta\u0142a zbudowana wok\u00f3\u0142 niego.<br \/>\nAromat Ravintsara mo\u017cna opisa\u0107 jako po\u0142\u0105czenie kamfory i eukaliptusa, ale bardziej zielone, podnosz\u0105ce na duchu i energetyzuj\u0105ce.<br \/>\n\u015awie\u017cy i ziemisty olejek Ravintsara ma silne dzia\u0142anie oczyszczaj\u0105ce i od\u015bwie\u017caj\u0105ce.<br \/>\nJego orze\u017awiaj\u0105cy aromat, podobnie jak eukaliptusa, jest idealny na zimne pory roku, zapewniaj\u0105c lekki oddech.<br \/>\nW aromaterapii energetycznej olejek Ravintsara jest zwi\u0105zany z czakr\u0105 gard\u0142a Vishuddha &#8211; u\u0142atwiaj\u0105c komunikacj\u0119 werbaln\u0105 i zdolno\u015b\u0107 wyra\u017cania siebie poprzez sztuk\u0119 i literatur\u0119.<br \/>\nZastosowanie:<br \/>\nNa stan emocjonalny &#8211; nanie\u015b\u0107 2-4 krople olejku et. rozcie\u0144czonego olejem bazowym na klatk\u0119 piersiow\u0105, stopy, punkty pulsu.<br \/>\nDla poprawy zdrowia &#8211; nanie\u015b\u0107 2-4 krople olejku eterycznego rozcie\u0144czonego w oleju bazowym na kr\u0119gos\u0142up, plecy, klatk\u0119 piersiow\u0105, stopy.<br \/>\nDla pi\u0119kniejszej cery &#8211; 1-2 krople olejku nanie\u015b\u0107 na d\u0142o\u0144 i umy\u0107 twarz.<br \/>\nDla wyciszenia &#8211; dodaj sole epson lub mleko i ciesz si\u0119 spokojn\u0105 i relaksuj\u0105c\u0105 k\u0105piel\u0105.<br \/>\nDo masa\u017cu &#8211; wkropl 2-4 krople olejku epson na d\u0142o\u0144 wraz z olejkiem do masa\u017cu.<br \/>\nAby stworzy\u0107 relaksuj\u0105ce otoczenie przed snem lub wzmocni\u0107 zapach w domu &#8211; wlej 4-6 kropli do dyfuzora.<\/div>\n<\/div>\n","protected":false},"excerpt":{"rendered":"<p>\u015awie\u017cy i ziemisty olejek Ravintsara ma silne dzia\u0142anie oczyszczaj\u0105ce i od\u015bwie\u017caj\u0105ce.<br \/>\nJego orze\u017awiaj\u0105cy aromat, podobnie jak eukaliptusa, jest idealny na zimne pory roku, zapewniaj\u0105c lekki oddech. difuzori\u0173.<\/p>\n","protected":false},"featured_media":19340,"template":"","meta":{"site-sidebar-layout":"default","site-content-layout":"","ast-site-content-layout":"default","site-content-style":"default","site-sidebar-style":"default","ast-global-header-display":"","ast-banner-title-visibility":"","ast-main-header-display":"","ast-hfb-above-header-display":"","ast-hfb-below-header-display":"","ast-hfb-mobile-header-display":"","site-post-title":"","ast-breadcrumbs-content":"","ast-featured-img":"","footer-sml-layout":"","ast-disable-related-posts":"","theme-transparent-header-meta":"default","adv-header-id-meta":"","stick-header-meta":"","header-above-stick-meta":"","header-main-stick-meta":"","header-below-stick-meta":"","astra-migrate-meta-layouts":"set","ast-page-background-enabled":"default","ast-page-background-meta":{"desktop":{"background-color":"","background-image":"","background-repeat":"repeat","background-position":"center center","background-size":"auto","background-attachment":"scroll","background-type":"","background-media":"","overlay-type":"","overlay-color":"","overlay-opacity":"","overlay-gradient":""},"tablet":{"background-color":"","background-image":"","background-repeat":"repeat","background-position":"center center","background-size":"auto","background-attachment":"scroll","background-type":"","background-media":"","overlay-type":"","overlay-color":"","overlay-opacity":"","overlay-gradient":""},"mobile":{"background-color":"","background-image":"","background-repeat":"repeat","background-position":"center center","background-size":"auto","background-attachment":"scroll","background-type":"","background-media":"","overlay-type":"","overlay-color":"","overlay-opacity":"","overlay-gradient":""}},"ast-content-background-meta":{"desktop":{"background-color":"var(--ast-global-color-5)","background-image":"","background-repeat":"repeat","background-position":"center center","background-size":"auto","background-attachment":"scroll","background-type":"","background-media":"","overlay-type":"","overlay-color":"","overlay-opacity":"","overlay-gradient":""},"tablet":{"background-color":"var(--ast-global-color-5)","background-image":"","background-repeat":"repeat","background-position":"center center","background-size":"auto","background-attachment":"scroll","background-type":"","background-media":"","overlay-type":"","overlay-color":"","overlay-opacity":"","overlay-gradient":""},"mobile":{"background-color":"var(--ast-global-color-5)","background-image":"","background-repeat":"repeat","background-position":"center center","background-size":"auto","background-attachment":"scroll","background-type":"","background-media":"","overlay-type":"","overlay-color":"","overlay-opacity":"","overlay-gradient":""}}},"product_brand":[],"product_cat":[1704,1728,1738,1750,1698,1752],"product_tag":[],"class_list":{"0":"post-22129","1":"product","2":"type-product","3":"status-publish","4":"has-post-thumbnail","6":"product_cat-czyste-olejki-eteryczne","7":"product_cat-dla-wzmocnienia-odpornosci","8":"product_cat-do-spania","9":"product_cat-oczyszczanie-powietrza","10":"product_cat-olejki-eteryczne","11":"product_cat-radzenia-sobie-ze-stresem","12":"desktop-align-left","13":"tablet-align-left","14":"mobile-align-left","16":"first","17":"instock","18":"taxable","19":"shipping-taxable","20":"purchasable","21":"product-type-simple"},"_links":{"self":[{"href":"https:\/\/mamaterra.lt\/pl\/wp-json\/wp\/v2\/product\/22129","targetHints":{"allow":["GET"]}}],"collection":[{"href":"https:\/\/mamaterra.lt\/pl\/wp-json\/wp\/v2\/product"}],"about":[{"href":"https:\/\/mamaterra.lt\/pl\/wp-json\/wp\/v2\/types\/product"}],"wp:featuredmedia":[{"embeddable":true,"href":"https:\/\/mamaterra.lt\/pl\/wp-json\/wp\/v2\/media\/19340"}],"wp:attachment":[{"href":"https:\/\/mamaterra.lt\/pl\/wp-json\/wp\/v2\/media?parent=22129"}],"wp:term":[{"taxonomy":"product_brand","embeddable":true,"href":"https:\/\/mamaterra.lt\/pl\/wp-json\/wp\/v2\/product_brand?post=22129"},{"taxonomy":"product_cat","embeddable":true,"href":"https:\/\/mamaterra.lt\/pl\/wp-json\/wp\/v2\/product_cat?post=22129"},{"taxonomy":"product_tag","embeddable":true,"href":"https:\/\/mamaterra.lt\/pl\/wp-json\/wp\/v2\/product_tag?post=22129"}],"curies":[{"name":"wp","href":"https:\/\/api.w.org\/{rel}","templated":true}]}}