{"id":21957,"date":"2024-03-01T20:25:42","date_gmt":"2024-03-01T19:25:42","guid":{"rendered":"https:\/\/mamaterra.lt\/?post_type=product&#038;p=21957"},"modified":"2024-03-01T21:01:36","modified_gmt":"2024-03-01T20:01:36","slug":"dyfuzor-scienny-myst-z-mieszanka-malama-15-ml","status":"publish","type":"product","link":"https:\/\/mamaterra.lt\/pl\/parduotuve\/olejki-eteryczne\/mieszanki-olejkow-eterycznych\/dyfuzor-scienny-myst-z-mieszanka-malama-15-ml\/","title":{"rendered":"Dyfuzor \u015bcienny Myst z mieszank\u0105 Malama 15 ml"},"content":{"rendered":"<p>Ekskluzywna oferta \u0142\u0105cz\u0105ca urzekaj\u0105c\u0105 mieszank\u0119 M\u0101lama\u2122 i innowacyjny dyfuzor Myst.<\/p>\n<p>M\u0101lama\u2122 nawi\u0105zuje do troskliwej opieki Matki Natury i wa\u017cnych kobiet w naszym \u017cyciu, uzupe\u0142nionej wyj\u0105tkowo\u015bci\u0105 dyfuzora Myst, kt\u00f3ry wykorzystuje technologi\u0119 rozpylania, bezwodn\u0105 i bezciepln\u0105, aby natychmiastowo od\u015bwie\u017cy\u0107 ka\u017cd\u0105 przestrze\u0144.<\/p>\n<p>Dyfuzor d\u014dTERRA\u2122 Myst mo\u017cna pod\u0142\u0105czy\u0107 bezpo\u015brednio do \u015bciany i jest wyposa\u017cony w wtyczk\u0119 EU<\/p>\n<p>Przygotuj si\u0119 na najnowsz\u0105 innowacj\u0119 w technologii dyfuzor\u00f3w &#8211; przedstawiamy prze\u0142omowy dyfuzor doTERRA Myst Wall Plug! Ta pierwsza w swoim rodzaju konstrukcja natychmiast wype\u0142nia ka\u017cd\u0105 przestrze\u0144, wykorzystuj\u0105c najnowocze\u015bniejsz\u0105 bezwodn\u0105, bezciepln\u0105 atomizacj\u0119. Wystarczy przekr\u0119ci\u0107 butelk\u0119 o pojemno\u015bci 5 lub 15 ml, pod\u0142\u0105czy\u0107 j\u0105 i rozpocz\u0105\u0107 magi\u0119 aktywowan\u0105 ruchem! Dzi\u0119ki takim funkcjom, jak konfigurowalne tryby mgie\u0142ki, tryb ciemny zapewniaj\u0105cy spok\u00f3j w nocy i genialny format zasilania, Myst sprawia, \u017ce podniesienie atmosfery jest \u0142atwiejsze ni\u017c kiedykolwiek.<\/p>\n<p>\u015arodki ostro\u017cno\u015bci<br \/>\nOlejki eteryczne o g\u0119stszej konsystencji mog\u0105 uniemo\u017cliwi\u0107 dyfuzorowi prawid\u0142owe rozpylanie. Formu\u0142y z frakcjonowanym olejem kokosowym nie powinny by\u0107 u\u017cywane z tym dyfuzorem.<\/p>\n","protected":false},"excerpt":{"rendered":"<ul>\n<li>Trzy konfigurowalne ustawienia<\/li>\n<li>Mo\u017cliwo\u015b\u0107 u\u017cycia w r\u00f3\u017cnych kierunkach gniazdka \u015bciennego dzi\u0119ki obrotowemu adapterowi \u015bciennemu<\/li>\n<li>Butelki o pojemno\u015bci 5 ml lub 15 ml<\/li>\n<li>Technologia bezwodna, nienagrzewaj\u0105ca si\u0119 i przyjazna dla \u015brodowiska<br \/>\nWymiary: 4,6 x 4,6 x 7,55 cm. Instrukcje dotycz\u0105ce czyszczenia znajduj\u0105 si\u0119 w instrukcji obs\u0142ugi dyfuzora.<br \/>\nMateria\u0142: tworzywo polipropylenowe (PP)<\/li>\n<\/ul>\n<p>&nbsp;<\/p>\n<p>&nbsp;<\/p>\n","protected":false},"featured_media":21965,"template":"","meta":{"site-sidebar-layout":"default","site-content-layout":"","ast-site-content-layout":"default","site-content-style":"default","site-sidebar-style":"default","ast-global-header-display":"","ast-banner-title-visibility":"","ast-main-header-display":"","ast-hfb-above-header-display":"","ast-hfb-below-header-display":"","ast-hfb-mobile-header-display":"","site-post-title":"","ast-breadcrumbs-content":"","ast-featured-img":"","footer-sml-layout":"","ast-disable-related-posts":"","theme-transparent-header-meta":"","adv-header-id-meta":"","stick-header-meta":"","header-above-stick-meta":"","header-main-stick-meta":"","header-below-stick-meta":"","astra-migrate-meta-layouts":"set","ast-page-background-enabled":"default","ast-page-background-meta":{"desktop":{"background-color":"","background-image":"","background-repeat":"repeat","background-position":"center center","background-size":"auto","background-attachment":"scroll","background-type":"","background-media":"","overlay-type":"","overlay-color":"","overlay-opacity":"","overlay-gradient":""},"tablet":{"background-color":"","background-image":"","background-repeat":"repeat","background-position":"center center","background-size":"auto","background-attachment":"scroll","background-type":"","background-media":"","overlay-type":"","overlay-color":"","overlay-opacity":"","overlay-gradient":""},"mobile":{"background-color":"","background-image":"","background-repeat":"repeat","background-position":"center center","background-size":"auto","background-attachment":"scroll","background-type":"","background-media":"","overlay-type":"","overlay-color":"","overlay-opacity":"","overlay-gradient":""}},"ast-content-background-meta":{"desktop":{"background-color":"var(--ast-global-color-5)","background-image":"","background-repeat":"repeat","background-position":"center center","background-size":"auto","background-attachment":"scroll","background-type":"","background-media":"","overlay-type":"","overlay-color":"","overlay-opacity":"","overlay-gradient":""},"tablet":{"background-color":"var(--ast-global-color-5)","background-image":"","background-repeat":"repeat","background-position":"center center","background-size":"auto","background-attachment":"scroll","background-type":"","background-media":"","overlay-type":"","overlay-color":"","overlay-opacity":"","overlay-gradient":""},"mobile":{"background-color":"var(--ast-global-color-5)","background-image":"","background-repeat":"repeat","background-position":"center center","background-size":"auto","background-attachment":"scroll","background-type":"","background-media":"","overlay-type":"","overlay-color":"","overlay-opacity":"","overlay-gradient":""}}},"product_brand":[],"product_cat":[1686,1702,1688,1695],"product_tag":[],"class_list":{"0":"post-21957","1":"product","2":"type-product","3":"status-publish","4":"has-post-thumbnail","6":"product_cat-dyfuzory","7":"product_cat-mieszanki-olejkow-eterycznych","8":"product_cat-prezenty","9":"product_cat-prezenty-dla-mezczyzn","10":"desktop-align-left","11":"tablet-align-left","12":"mobile-align-left","14":"first","15":"instock","16":"taxable","17":"shipping-taxable","18":"product-type-simple"},"_links":{"self":[{"href":"https:\/\/mamaterra.lt\/pl\/wp-json\/wp\/v2\/product\/21957","targetHints":{"allow":["GET"]}}],"collection":[{"href":"https:\/\/mamaterra.lt\/pl\/wp-json\/wp\/v2\/product"}],"about":[{"href":"https:\/\/mamaterra.lt\/pl\/wp-json\/wp\/v2\/types\/product"}],"wp:featuredmedia":[{"embeddable":true,"href":"https:\/\/mamaterra.lt\/pl\/wp-json\/wp\/v2\/media\/21965"}],"wp:attachment":[{"href":"https:\/\/mamaterra.lt\/pl\/wp-json\/wp\/v2\/media?parent=21957"}],"wp:term":[{"taxonomy":"product_brand","embeddable":true,"href":"https:\/\/mamaterra.lt\/pl\/wp-json\/wp\/v2\/product_brand?post=21957"},{"taxonomy":"product_cat","embeddable":true,"href":"https:\/\/mamaterra.lt\/pl\/wp-json\/wp\/v2\/product_cat?post=21957"},{"taxonomy":"product_tag","embeddable":true,"href":"https:\/\/mamaterra.lt\/pl\/wp-json\/wp\/v2\/product_tag?post=21957"}],"curies":[{"name":"wp","href":"https:\/\/api.w.org\/{rel}","templated":true}]}}