{"id":21784,"date":"2023-04-30T17:42:56","date_gmt":"2023-04-30T16:42:56","guid":{"rendered":"https:\/\/mamaterra.lt\/parduotuve\/bez-kategorii\/doterra-abode-eteriniu-alieju-misinys-15ml\/"},"modified":"2024-03-10T19:29:29","modified_gmt":"2024-03-10T18:29:29","slug":"mieszanka-olejkow-eterycznych-doterra-abode-15ml","status":"publish","type":"product","link":"https:\/\/mamaterra.lt\/pl\/parduotuve\/olejki-eteryczne\/mieszanki-olejkow-eterycznych\/mieszanka-olejkow-eterycznych-doterra-abode-15ml\/","title":{"rendered":"Mieszanka olejk\u00f3w eterycznych doTERRA Abode 15ml"},"content":{"rendered":"<p>Od\u015bwie\u017caj\u0105ca mieszanka<\/p>\n<p>Ekskluzywna mieszanka doTERRA abode to dynamiczna mieszanka olejk\u00f3w eterycznych CPTG\u2122 zawieraj\u0105cych destylowan\u0105 limonk\u0119, litsea, kasj\u0119 i cynamon, Eukaliptus Cytrynowy, Drzewo Herbaciane, Arborvitae, Eukaliptus Kochii, Kolendra, Lawenda, Mirt Cytrynowy. Jest bogaty w skuteczne sk\u0142adniki, takie jak limonen, geranial, neral i 1,8-cyneol. Olejek pozyskiwany z eukaliptusa Kochii, kt\u00f3ry ro\u015bnie tylko w p\u00f3\u0142pustynnym klimacie Australii Zachodniej, ma wy\u017csze st\u0119\u017cenie 1,8-cyneolu (lub eukaliptolu) ni\u017c jakikolwiek inny olejek eukaliptusowy. Mieszanka w domu doTERRA jest zawsze orze\u017awiaj\u0105ca.<\/p>\n<p>Zastosowanie<br \/>\nPrzechowuj w szafce \u0142azienkowej i ciesz si\u0119 oczyszczaj\u0105cym i od\u015bwie\u017caj\u0105cym dzia\u0142aniem na sk\u00f3r\u0119.<br \/>\nGdziekolwiek jeste\u015b, zabierz ze sob\u0105 \u015bwie\u017cy aromat abode.<br \/>\nStw\u00f3rz osobiste sanktuarium przed pracowitym dniem, stosuj\u0105c abode jako cz\u0119\u015b\u0107 porannej rutyny.<br \/>\nSpos\u00f3b u\u017cycia<\/p>\n<p>Do masa\u017cu zmiesza\u0107 5 kropli olejku z 10 ml oleju bazowego. Do k\u0105pieli zmiesza\u0107 5 kropli olejku z 5 ml oleju bazowego. W przypadku stosowania jako perfumy, zmiesza\u0107 1 kropl\u0119 z 10 kroplami oleju bazowego. Tylko do u\u017cytku zewn\u0119trznego.<br \/>\n\u015arodki ostro\u017cno\u015bci<\/p>\n<p>Mo\u017ce powodowa\u0107 podra\u017cnienie sk\u00f3ry. Przechowywa\u0107 w miejscu niedost\u0119pnym dla dzieci. W przypadku ci\u0105\u017cy lub leczenia nale\u017cy skonsultowa\u0107 si\u0119 z lekarzem. Unika\u0107 kontaktu z oczami, uchem wewn\u0119trznym i p\u0142atkiem ucha.<\/p>\n","protected":false},"excerpt":{"rendered":"<p>Z olejkami eterycznymi CPTG\u2122, znanymi z oczyszczaj\u0105cych sk\u0142adnik\u00f3w, takich jak limonen, geranial i neral.<br \/>\nZ olejkiem eterycznym Kochii Eucalyptus (Oil of Eucalyptus), kt\u00f3ry ma najwy\u017csz\u0105 zawarto\u015b\u0107 1,8-cyneolu.<br \/>\n\u015awie\u017cy cytrusowy aromat.<\/p>\n","protected":false},"featured_media":17592,"template":"","meta":{"site-sidebar-layout":"default","site-content-layout":"default","ast-site-content-layout":"default","site-content-style":"default","site-sidebar-style":"default","ast-global-header-display":"","ast-banner-title-visibility":"","ast-main-header-display":"","ast-hfb-above-header-display":"","ast-hfb-below-header-display":"","ast-hfb-mobile-header-display":"","site-post-title":"","ast-breadcrumbs-content":"","ast-featured-img":"","footer-sml-layout":"","ast-disable-related-posts":"","theme-transparent-header-meta":"default","adv-header-id-meta":"","stick-header-meta":"","header-above-stick-meta":"","header-main-stick-meta":"","header-below-stick-meta":"","astra-migrate-meta-layouts":"set","ast-page-background-enabled":"default","ast-page-background-meta":{"desktop":{"background-color":"","background-image":"","background-repeat":"repeat","background-position":"center center","background-size":"auto","background-attachment":"scroll","background-type":"","background-media":"","overlay-type":"","overlay-color":"","overlay-opacity":"","overlay-gradient":""},"tablet":{"background-color":"","background-image":"","background-repeat":"repeat","background-position":"center center","background-size":"auto","background-attachment":"scroll","background-type":"","background-media":"","overlay-type":"","overlay-color":"","overlay-opacity":"","overlay-gradient":""},"mobile":{"background-color":"","background-image":"","background-repeat":"repeat","background-position":"center center","background-size":"auto","background-attachment":"scroll","background-type":"","background-media":"","overlay-type":"","overlay-color":"","overlay-opacity":"","overlay-gradient":""}},"ast-content-background-meta":{"desktop":{"background-color":"var(--ast-global-color-5)","background-image":"","background-repeat":"repeat","background-position":"center center","background-size":"auto","background-attachment":"scroll","background-type":"","background-media":"","overlay-type":"","overlay-color":"","overlay-opacity":"","overlay-gradient":""},"tablet":{"background-color":"var(--ast-global-color-5)","background-image":"","background-repeat":"repeat","background-position":"center center","background-size":"auto","background-attachment":"scroll","background-type":"","background-media":"","overlay-type":"","overlay-color":"","overlay-opacity":"","overlay-gradient":""},"mobile":{"background-color":"var(--ast-global-color-5)","background-image":"","background-repeat":"repeat","background-position":"center center","background-size":"auto","background-attachment":"scroll","background-type":"","background-media":"","overlay-type":"","overlay-color":"","overlay-opacity":"","overlay-gradient":""}}},"product_brand":[],"product_cat":[1728,1702,1750,1743,1698],"product_tag":[],"class_list":{"0":"post-21784","1":"product","2":"type-product","3":"status-publish","4":"has-post-thumbnail","6":"product_cat-dla-wzmocnienia-odpornosci","7":"product_cat-mieszanki-olejkow-eterycznych","8":"product_cat-oczyszczanie-powietrza","9":"product_cat-od-komarow-i-kleszczy","10":"product_cat-olejki-eteryczne","11":"desktop-align-left","12":"tablet-align-left","13":"mobile-align-left","15":"first","16":"instock","17":"taxable","18":"shipping-taxable","19":"purchasable","20":"product-type-simple"},"_links":{"self":[{"href":"https:\/\/mamaterra.lt\/pl\/wp-json\/wp\/v2\/product\/21784","targetHints":{"allow":["GET"]}}],"collection":[{"href":"https:\/\/mamaterra.lt\/pl\/wp-json\/wp\/v2\/product"}],"about":[{"href":"https:\/\/mamaterra.lt\/pl\/wp-json\/wp\/v2\/types\/product"}],"wp:featuredmedia":[{"embeddable":true,"href":"https:\/\/mamaterra.lt\/pl\/wp-json\/wp\/v2\/media\/17592"}],"wp:attachment":[{"href":"https:\/\/mamaterra.lt\/pl\/wp-json\/wp\/v2\/media?parent=21784"}],"wp:term":[{"taxonomy":"product_brand","embeddable":true,"href":"https:\/\/mamaterra.lt\/pl\/wp-json\/wp\/v2\/product_brand?post=21784"},{"taxonomy":"product_cat","embeddable":true,"href":"https:\/\/mamaterra.lt\/pl\/wp-json\/wp\/v2\/product_cat?post=21784"},{"taxonomy":"product_tag","embeddable":true,"href":"https:\/\/mamaterra.lt\/pl\/wp-json\/wp\/v2\/product_tag?post=21784"}],"curies":[{"name":"wp","href":"https:\/\/api.w.org\/{rel}","templated":true}]}}