{"id":21593,"date":"2024-02-23T21:32:35","date_gmt":"2024-02-23T20:32:35","guid":{"rendered":"https:\/\/mamaterra.lt\/parduotuve\/bez-kategorii\/doterra-citrus-spring-15ml\/"},"modified":"2024-03-07T20:45:03","modified_gmt":"2024-03-07T19:45:03","slug":"doterra-citrus-spring-15ml","status":"publish","type":"product","link":"https:\/\/mamaterra.lt\/pl\/parduotuve\/olejki-eteryczne\/mieszanki-olejkow-eterycznych\/doterra-citrus-spring-15ml\/","title":{"rendered":"doTERRA Citrus Spring 15ml"},"content":{"rendered":"<h6 class=\"spotlight__head-title\">Citrus Spring<\/h6>\n<h6 class=\"spotlight__head-latin-title\"><\/h6>\n<div class=\"spotlight__head-copy\">\n<p>Wiosna przynosi \u015bwiatu nowe \u017cycie i energi\u0119. \u015awieci s\u0142o\u0144ce, \u015bpiewaj\u0105 ptaki, kwitn\u0105 drzewa i ogrody. Podobnie, doTERRA Citrus Spring Blooming Blend to idealna mieszanka, kt\u00f3ra pomo\u017ce Ci powita\u0107 nowe pory roku w Twoim \u017cyciu. Ta uspokajaj\u0105ca i relaksuj\u0105ca mieszanka mo\u017ce pom\u00f3c stworzy\u0107 pozytywne \u015brodowisko i nastr\u00f3j, gdy jest stosowana miejscowo. Jej aromat przypomina \u015bwie\u017cy wiosenny dzie\u0144, z nutami owoc\u00f3w cytrusowych i s\u0142odkich kwiat\u00f3w. doTERRA Citrus Spring \u0142\u0105czy w sobie olejki eteryczne CPTG\u2122 z dzikiej pomara\u0144czy, lawendy, bergamotki, jod\u0142y Douglas, drzewa cedrowego, sza\u0142wii muszkato\u0142owej i litsea, znane ze swoich wyj\u0105tkowych w\u0142a\u015bciwo\u015bci. Zacznij \u015bwie\u017co\u015b\u0107 ka\u017cdego dnia z doTERRA Citrus Spring!<\/p>\n<ul class=\"spotlight__list-custom custom-list\">\n<li><span style=\"font-size: 16px;\">Stosuj miejscowo ka\u017cdego ranka, aby powita\u0107 nowy dzie\u0144<br \/>\nStosuj przed snem lub jako cz\u0119\u015b\u0107 rutyny relaksacyjnej, aby promowa\u0107 pozytywne nastawienie i spok\u00f3j.<br \/>\nWymiesza\u0107 z frakcjonowanym olejem kokosowym lub bezzapachowym balsamem i stosowa\u0107 jako cz\u0119\u015b\u0107 relaksuj\u0105cego masa\u017cu.<br \/>\nSpos\u00f3b u\u017cycia<br \/>\nDo masa\u017cu zmiesza\u0107 5 kropli z \u2248 10 ml oleju no\u015bnikowego. Do k\u0105pieli, zmiesza\u0107 5 kropli z \u2248 5 ml oleju bazowego. Do perfumowania, zmiesza\u0107 1 kropl\u0119 z 10 kroplami oleju no\u015bnikowego. Tylko do stosowania miejscowego.<br \/>\n\u015arodki ostro\u017cno\u015bci<br \/>\nMo\u017cliwa nadwra\u017cliwo\u015b\u0107 sk\u00f3ry. Przechowywa\u0107 w miejscu niedost\u0119pnym dla dzieci. Skonsultowa\u0107 si\u0119 z lekarzem w przypadku ci\u0105\u017cy lub leczenia. Unika\u0107 oczu, uszu wewn\u0119trznych i wra\u017cliwych miejsc. Unika\u0107 \u015bwiat\u0142a s\u0142onecznego i promieni UV przez co najmniej 12 godzin po zastosowaniu.ojimui.<\/span><\/li>\n<\/ul>\n<\/div>\n","protected":false},"excerpt":{"rendered":"<p>Stosuj przed snem lub jako cz\u0119\u015b\u0107 rutyny relaksacyjnej, aby promowa\u0107 pozytywne nastawienie i spok\u00f3j.Wymiesza\u0107 z frakcjonowanym olejem kokosowym lub bezzapachowym balsamem i stosowa\u0107 jako cz\u0119\u015b\u0107 relaksuj\u0105cego masa\u017cu.<\/p>\n","protected":false},"featured_media":23738,"template":"","meta":{"site-sidebar-layout":"default","site-content-layout":"","ast-site-content-layout":"default","site-content-style":"default","site-sidebar-style":"default","ast-global-header-display":"","ast-banner-title-visibility":"","ast-main-header-display":"","ast-hfb-above-header-display":"","ast-hfb-below-header-display":"","ast-hfb-mobile-header-display":"","site-post-title":"","ast-breadcrumbs-content":"","ast-featured-img":"","footer-sml-layout":"","ast-disable-related-posts":"","theme-transparent-header-meta":"","adv-header-id-meta":"","stick-header-meta":"","header-above-stick-meta":"","header-main-stick-meta":"","header-below-stick-meta":"","astra-migrate-meta-layouts":"set","ast-page-background-enabled":"default","ast-page-background-meta":{"desktop":{"background-color":"","background-image":"","background-repeat":"repeat","background-position":"center center","background-size":"auto","background-attachment":"scroll","background-type":"","background-media":"","overlay-type":"","overlay-color":"","overlay-opacity":"","overlay-gradient":""},"tablet":{"background-color":"","background-image":"","background-repeat":"repeat","background-position":"center center","background-size":"auto","background-attachment":"scroll","background-type":"","background-media":"","overlay-type":"","overlay-color":"","overlay-opacity":"","overlay-gradient":""},"mobile":{"background-color":"","background-image":"","background-repeat":"repeat","background-position":"center center","background-size":"auto","background-attachment":"scroll","background-type":"","background-media":"","overlay-type":"","overlay-color":"","overlay-opacity":"","overlay-gradient":""}},"ast-content-background-meta":{"desktop":{"background-color":"var(--ast-global-color-5)","background-image":"","background-repeat":"repeat","background-position":"center center","background-size":"auto","background-attachment":"scroll","background-type":"","background-media":"","overlay-type":"","overlay-color":"","overlay-opacity":"","overlay-gradient":""},"tablet":{"background-color":"var(--ast-global-color-5)","background-image":"","background-repeat":"repeat","background-position":"center center","background-size":"auto","background-attachment":"scroll","background-type":"","background-media":"","overlay-type":"","overlay-color":"","overlay-opacity":"","overlay-gradient":""},"mobile":{"background-color":"var(--ast-global-color-5)","background-image":"","background-repeat":"repeat","background-position":"center center","background-size":"auto","background-attachment":"scroll","background-type":"","background-media":"","overlay-type":"","overlay-color":"","overlay-opacity":"","overlay-gradient":""}}},"product_brand":[],"product_cat":[1738,1702,1698,1752],"product_tag":[],"class_list":{"0":"post-21593","1":"product","2":"type-product","3":"status-publish","4":"has-post-thumbnail","6":"product_cat-do-spania","7":"product_cat-mieszanki-olejkow-eterycznych","8":"product_cat-olejki-eteryczne","9":"product_cat-radzenia-sobie-ze-stresem","10":"desktop-align-left","11":"tablet-align-left","12":"mobile-align-left","14":"first","15":"instock","16":"taxable","17":"shipping-taxable","18":"product-type-simple"},"_links":{"self":[{"href":"https:\/\/mamaterra.lt\/pl\/wp-json\/wp\/v2\/product\/21593","targetHints":{"allow":["GET"]}}],"collection":[{"href":"https:\/\/mamaterra.lt\/pl\/wp-json\/wp\/v2\/product"}],"about":[{"href":"https:\/\/mamaterra.lt\/pl\/wp-json\/wp\/v2\/types\/product"}],"wp:featuredmedia":[{"embeddable":true,"href":"https:\/\/mamaterra.lt\/pl\/wp-json\/wp\/v2\/media\/23738"}],"wp:attachment":[{"href":"https:\/\/mamaterra.lt\/pl\/wp-json\/wp\/v2\/media?parent=21593"}],"wp:term":[{"taxonomy":"product_brand","embeddable":true,"href":"https:\/\/mamaterra.lt\/pl\/wp-json\/wp\/v2\/product_brand?post=21593"},{"taxonomy":"product_cat","embeddable":true,"href":"https:\/\/mamaterra.lt\/pl\/wp-json\/wp\/v2\/product_cat?post=21593"},{"taxonomy":"product_tag","embeddable":true,"href":"https:\/\/mamaterra.lt\/pl\/wp-json\/wp\/v2\/product_tag?post=21593"}],"curies":[{"name":"wp","href":"https:\/\/api.w.org\/{rel}","templated":true}]}}