{"id":21308,"date":"2024-01-31T19:33:45","date_gmt":"2024-01-31T18:33:45","guid":{"rendered":"https:\/\/mamaterra.lt\/parduotuve\/bez-kategorii\/doterra-kudikiu-prieziuros-rinkinys-baby-care-set\/"},"modified":"2024-02-09T20:05:59","modified_gmt":"2024-02-09T19:05:59","slug":"doterra-zestaw-do-pielegnacji-dziecka","status":"publish","type":"product","link":"https:\/\/mamaterra.lt\/pl\/parduotuve\/higiena-i-pielegnacja-skory\/doterra-zestaw-do-pielegnacji-dziecka\/","title":{"rendered":"doTERRA Zestaw do piel\u0119gnacji dziecka"},"content":{"rendered":"<div class=\"aCQag\">\n<div class=\"zXU7Rb\">\n<div class=\"akczyd\">\n<div class=\"X4DQ0 zWsGpc\">\n<div class=\"VfPpkd-AznF2e-ZMv3u\" role=\"tablist\" data-use-automatic-activation=\"false\">\n<div class=\"VfPpkd-AznF2e-vzJc7b\">\n<div class=\"VfPpkd-AznF2e-LUERP-vJ7A6b\">\n<div class=\"VfPpkd-wJCpie-LhBDec\"><span class=\"jCAhz ChMk0b\" style=\"font-size: 16px;\"><span class=\"ryNqvb\">Kochaj i dbaj o swoje maluchy dzi\u0119ki akcesoriom dla dzieci i ciesz si\u0119 nowymi, ekskluzywnymi ofertami!<\/span><\/span> <span class=\"jCAhz ChMk0b\" style=\"font-size: 16px;\"><span class=\"ryNqvb\">Po raz pierwszy w Europie kolekcja ta obejmuje ulubione produkty: krem \u200b\u200bdo pieluszek dla niemowl\u0105t d\u014dTERRA oraz p\u0142yn do mycia w\u0142os\u00f3w i cia\u0142a d\u014dTERRA Baby Baby, a tak\u017ce po raz pierwszy w ofercie balsam dla niemowl\u0105t d\u014dTERRA.<\/span><\/span> <span class=\"jCAhz ChMk0b\" style=\"font-size: 16px;\"><span class=\"ryNqvb\">Tw\u00f3j maluch otrzyma tak\u017ce limitowan\u0105 czasowo ofert\u0119 myjek i mu\u015blin\u00f3w, zapakowanych w woreczek ze sznurkiem.<\/span><\/span> <span class=\"jCAhz ChMk0b\" style=\"font-size: 16px;\"><span class=\"ryNqvb\">Otocz swoje dziecko delikatno\u015bci\u0105 i delikatno\u015bci\u0105, kt\u00f3re wzmacniaj\u0105 koj\u0105c\u0105 wi\u0119\u017a rodzic-dziecko<\/span><\/span><\/div>\n<\/div>\n<\/div>\n<\/div>\n<\/div>\n<\/div>\n<\/div>\n<\/div>\n","protected":false},"excerpt":{"rendered":"<p>Krem do pieluszek dla niemowl\u0105t d\u014dTERRA oraz p\u0142yn do mycia w\u0142os\u00f3w i cia\u0142a d\u014dTERRA Baby, a tak\u017ce pierwszy w historii balsam dla niemowl\u0105t d\u014dTERRA.<br \/>\nTw\u00f3j maluch otrzyma tak\u017ce limitowan\u0105 czasowo ofert\u0119 myjek i mu\u015blin\u00f3w, zapakowanych w woreczek ze sznurkiem.<\/p>\n","protected":false},"featured_media":23766,"template":"","meta":{"site-sidebar-layout":"default","site-content-layout":"","ast-site-content-layout":"default","site-content-style":"default","site-sidebar-style":"default","ast-global-header-display":"","ast-banner-title-visibility":"","ast-main-header-display":"","ast-hfb-above-header-display":"","ast-hfb-below-header-display":"","ast-hfb-mobile-header-display":"","site-post-title":"","ast-breadcrumbs-content":"","ast-featured-img":"","footer-sml-layout":"","ast-disable-related-posts":"","theme-transparent-header-meta":"","adv-header-id-meta":"","stick-header-meta":"","header-above-stick-meta":"","header-main-stick-meta":"","header-below-stick-meta":"","astra-migrate-meta-layouts":"set","ast-page-background-enabled":"default","ast-page-background-meta":{"desktop":{"background-color":"","background-image":"","background-repeat":"repeat","background-position":"center center","background-size":"auto","background-attachment":"scroll","background-type":"","background-media":"","overlay-type":"","overlay-color":"","overlay-opacity":"","overlay-gradient":""},"tablet":{"background-color":"","background-image":"","background-repeat":"repeat","background-position":"center center","background-size":"auto","background-attachment":"scroll","background-type":"","background-media":"","overlay-type":"","overlay-color":"","overlay-opacity":"","overlay-gradient":""},"mobile":{"background-color":"","background-image":"","background-repeat":"repeat","background-position":"center center","background-size":"auto","background-attachment":"scroll","background-type":"","background-media":"","overlay-type":"","overlay-color":"","overlay-opacity":"","overlay-gradient":""}},"ast-content-background-meta":{"desktop":{"background-color":"var(--ast-global-color-5)","background-image":"","background-repeat":"repeat","background-position":"center center","background-size":"auto","background-attachment":"scroll","background-type":"","background-media":"","overlay-type":"","overlay-color":"","overlay-opacity":"","overlay-gradient":""},"tablet":{"background-color":"var(--ast-global-color-5)","background-image":"","background-repeat":"repeat","background-position":"center center","background-size":"auto","background-attachment":"scroll","background-type":"","background-media":"","overlay-type":"","overlay-color":"","overlay-opacity":"","overlay-gradient":""},"mobile":{"background-color":"var(--ast-global-color-5)","background-image":"","background-repeat":"repeat","background-position":"center center","background-size":"auto","background-attachment":"scroll","background-type":"","background-media":"","overlay-type":"","overlay-color":"","overlay-opacity":"","overlay-gradient":""}}},"product_brand":[],"product_cat":[1755,1711],"product_tag":[3542,3543,3544,1581,1611,3545,3546,3547,3548],"class_list":{"0":"post-21308","1":"product","2":"type-product","3":"status-publish","4":"has-post-thumbnail","6":"product_cat-dla-dzieci","7":"product_cat-higiena-i-pielegnacja-skory","8":"product_tag-baby-pl","9":"product_tag-baby-lotion-pl","10":"product_tag-babyset-pl","11":"product_tag-detergent-pl","12":"product_tag-dla-dzieci","13":"product_tag-kremas-nuo-issutimu-pl","14":"product_tag-kudikiams-pl","15":"product_tag-kudikiusampunas-pl","16":"product_tag-sauskelniu-kremas-pl","17":"desktop-align-left","18":"tablet-align-left","19":"mobile-align-left","21":"first","22":"instock","23":"taxable","24":"shipping-taxable","25":"product-type-simple"},"_links":{"self":[{"href":"https:\/\/mamaterra.lt\/pl\/wp-json\/wp\/v2\/product\/21308","targetHints":{"allow":["GET"]}}],"collection":[{"href":"https:\/\/mamaterra.lt\/pl\/wp-json\/wp\/v2\/product"}],"about":[{"href":"https:\/\/mamaterra.lt\/pl\/wp-json\/wp\/v2\/types\/product"}],"wp:featuredmedia":[{"embeddable":true,"href":"https:\/\/mamaterra.lt\/pl\/wp-json\/wp\/v2\/media\/23766"}],"wp:attachment":[{"href":"https:\/\/mamaterra.lt\/pl\/wp-json\/wp\/v2\/media?parent=21308"}],"wp:term":[{"taxonomy":"product_brand","embeddable":true,"href":"https:\/\/mamaterra.lt\/pl\/wp-json\/wp\/v2\/product_brand?post=21308"},{"taxonomy":"product_cat","embeddable":true,"href":"https:\/\/mamaterra.lt\/pl\/wp-json\/wp\/v2\/product_cat?post=21308"},{"taxonomy":"product_tag","embeddable":true,"href":"https:\/\/mamaterra.lt\/pl\/wp-json\/wp\/v2\/product_tag?post=21308"}],"curies":[{"name":"wp","href":"https:\/\/api.w.org\/{rel}","templated":true}]}}