{"id":21266,"date":"2024-01-31T19:48:51","date_gmt":"2024-01-31T18:48:51","guid":{"rendered":"https:\/\/mamaterra.lt\/parduotuve\/bez-kategorii\/doterra-kremas-nuo-issutimu-kudikiams-baby-diaper-cream\/"},"modified":"2024-02-10T20:02:49","modified_gmt":"2024-02-10T19:02:49","slug":"doterra-krem-do-pieluszek-dla-niemowlat","status":"publish","type":"product","link":"https:\/\/mamaterra.lt\/pl\/parduotuve\/higiena-i-pielegnacja-skory\/doterra-krem-do-pieluszek-dla-niemowlat\/","title":{"rendered":"doTERRA Krem do pieluszek dla niemowl\u0105t"},"content":{"rendered":"<p>Bezpieczny i skuteczny krem doTERRA Baby Bumps Cream \u0142atwo rozprowadza si\u0119 na wra\u017cliwej sk\u00f3rze, lecz\u0105c j\u0105, \u0142agodz\u0105c i zapobiegaj\u0105c powstawaniu wyprysk\u00f3w. doTERRA Baby Bumps Cream zawiera olejki eteryczne CPTG\u2122 z lawendy, nasion marchwi i drzewa herbacianego, kt\u00f3re \u0142agodz\u0105 sk\u00f3r\u0119 i nadaj\u0105 jej zdrowy wygl\u0105d. Jest r\u00f3wnie\u017c bogaty w mas\u0142o shea Muyao, kt\u00f3re nawil\u017ca sk\u00f3r\u0119 i pozostawia j\u0105 mi\u0119kk\u0105 i g\u0142adk\u0105. Chro\u0144 swoje male\u0144stwa tym delikatnym kremem opracowanym specjalnie dla wra\u017cliwej sk\u00f3ry niemowl\u0105t.<\/p>\n<p>Czyste mas\u0142o Muyao Shea z Afryki Wschodniej pomaga utrzyma\u0107 nawil\u017cenie sk\u00f3ry<br \/>\nOlejki eteryczne CPTG z lawendy, nasion marchwi i drzewa herbacianego koj\u0105 sk\u00f3r\u0119, nadaj\u0105c jej zdrowy wygl\u0105d.<br \/>\n\u0141atwo wch\u0142ania si\u0119 we wra\u017cliw\u0105 sk\u00f3r\u0119, lecz\u0105c j\u0105, \u0142agodz\u0105c i zapobiegaj\u0105c wypryskom.<br \/>\nStarannie opracowany dla wra\u017cliwej sk\u00f3ry niemowl\u0105t<br \/>\nStosowanie<br \/>\nStosowa\u0107 jako delikatn\u0105 alternatyw\u0119 \u0142agodz\u0105c\u0105 spierzchni\u0119t\u0105 sk\u00f3r\u0119.<br \/>\nStosowa\u0107 po k\u0105pieli dziecka przed snem, aby ukoi\u0107 wra\u017cliw\u0105 sk\u00f3r\u0119.<br \/>\nDla niemowl\u0105t i starszych dzieci jako delikatna alternatywa dla innych balsam\u00f3w i krem\u00f3w<br \/>\nDla uzyskania najlepszych rezultat\u00f3w stosowa\u0107 z innymi produktami doTERRA Baby<\/p>\n<p>Instrukcja u\u017cycia<br \/>\nNatychmiast zmieniaj mokre lub zabrudzone pieluchy, wyczy\u015b\u0107 sp\u00f3d i pozostaw do wyschni\u0119cia. Nak\u0142adaj krem \u200b\u200bprzy ka\u017cdej zmianie pieluszki.<br \/>\n\u015arodki ostro\u017cno\u015bci<\/p>\n<p>Tylko do u\u017cytku zewn\u0119trznego. Unika\u0107 kontaktu z oczami. Trzyma\u0107 z dala od dzieci. Przechowywa\u0107 w temperaturze 20-25\u00b0C. Nie u\u017cywa\u0107, je\u015bli znak jako\u015bci jest uszkodzony<\/p>\n","protected":false},"excerpt":{"rendered":"<p>60 g<\/p>\n<p>doTERRA Baby Bumps Cream zawiera olejki eteryczne CPTG\u2122 z lawendy, nasion marchwi i drzewa herbacianego, kt\u00f3re \u0142agodz\u0105 sk\u00f3r\u0119 i nadaj\u0105 jej zdrowy wygl\u0105d. Jest r\u00f3wnie\u017c bogaty w mas\u0142o shea Muyao, kt\u00f3re nawil\u017ca sk\u00f3r\u0119 i pozostawia j\u0105 mi\u0119kk\u0105 i g\u0142adk\u0105. Chro\u0144 swoje male\u0144stwa tym delikatnym kremem opracowanym specjalnie dla wra\u017cliwej sk\u00f3ry niemowl\u0105t.<\/p>\n","protected":false},"featured_media":23773,"template":"","meta":{"site-sidebar-layout":"default","site-content-layout":"","ast-site-content-layout":"default","site-content-style":"default","site-sidebar-style":"default","ast-global-header-display":"","ast-banner-title-visibility":"","ast-main-header-display":"","ast-hfb-above-header-display":"","ast-hfb-below-header-display":"","ast-hfb-mobile-header-display":"","site-post-title":"","ast-breadcrumbs-content":"","ast-featured-img":"","footer-sml-layout":"","ast-disable-related-posts":"","theme-transparent-header-meta":"","adv-header-id-meta":"","stick-header-meta":"","header-above-stick-meta":"","header-main-stick-meta":"","header-below-stick-meta":"","astra-migrate-meta-layouts":"set","ast-page-background-enabled":"default","ast-page-background-meta":{"desktop":{"background-color":"","background-image":"","background-repeat":"repeat","background-position":"center center","background-size":"auto","background-attachment":"scroll","background-type":"","background-media":"","overlay-type":"","overlay-color":"","overlay-opacity":"","overlay-gradient":""},"tablet":{"background-color":"","background-image":"","background-repeat":"repeat","background-position":"center center","background-size":"auto","background-attachment":"scroll","background-type":"","background-media":"","overlay-type":"","overlay-color":"","overlay-opacity":"","overlay-gradient":""},"mobile":{"background-color":"","background-image":"","background-repeat":"repeat","background-position":"center center","background-size":"auto","background-attachment":"scroll","background-type":"","background-media":"","overlay-type":"","overlay-color":"","overlay-opacity":"","overlay-gradient":""}},"ast-content-background-meta":{"desktop":{"background-color":"var(--ast-global-color-5)","background-image":"","background-repeat":"repeat","background-position":"center center","background-size":"auto","background-attachment":"scroll","background-type":"","background-media":"","overlay-type":"","overlay-color":"","overlay-opacity":"","overlay-gradient":""},"tablet":{"background-color":"var(--ast-global-color-5)","background-image":"","background-repeat":"repeat","background-position":"center center","background-size":"auto","background-attachment":"scroll","background-type":"","background-media":"","overlay-type":"","overlay-color":"","overlay-opacity":"","overlay-gradient":""},"mobile":{"background-color":"var(--ast-global-color-5)","background-image":"","background-repeat":"repeat","background-position":"center center","background-size":"auto","background-attachment":"scroll","background-type":"","background-media":"","overlay-type":"","overlay-color":"","overlay-opacity":"","overlay-gradient":""}}},"product_brand":[],"product_cat":[1755,1711],"product_tag":[],"class_list":{"0":"post-21266","1":"product","2":"type-product","3":"status-publish","4":"has-post-thumbnail","6":"product_cat-dla-dzieci","7":"product_cat-higiena-i-pielegnacja-skory","8":"desktop-align-left","9":"tablet-align-left","10":"mobile-align-left","12":"first","13":"instock","14":"taxable","15":"shipping-taxable","16":"product-type-simple"},"_links":{"self":[{"href":"https:\/\/mamaterra.lt\/pl\/wp-json\/wp\/v2\/product\/21266","targetHints":{"allow":["GET"]}}],"collection":[{"href":"https:\/\/mamaterra.lt\/pl\/wp-json\/wp\/v2\/product"}],"about":[{"href":"https:\/\/mamaterra.lt\/pl\/wp-json\/wp\/v2\/types\/product"}],"wp:featuredmedia":[{"embeddable":true,"href":"https:\/\/mamaterra.lt\/pl\/wp-json\/wp\/v2\/media\/23773"}],"wp:attachment":[{"href":"https:\/\/mamaterra.lt\/pl\/wp-json\/wp\/v2\/media?parent=21266"}],"wp:term":[{"taxonomy":"product_brand","embeddable":true,"href":"https:\/\/mamaterra.lt\/pl\/wp-json\/wp\/v2\/product_brand?post=21266"},{"taxonomy":"product_cat","embeddable":true,"href":"https:\/\/mamaterra.lt\/pl\/wp-json\/wp\/v2\/product_cat?post=21266"},{"taxonomy":"product_tag","embeddable":true,"href":"https:\/\/mamaterra.lt\/pl\/wp-json\/wp\/v2\/product_tag?post=21266"}],"curies":[{"name":"wp","href":"https:\/\/api.w.org\/{rel}","templated":true}]}}