{"id":19232,"date":"2023-12-02T21:16:39","date_gmt":"2023-12-02T20:16:39","guid":{"rendered":"https:\/\/mamaterra.lt\/parduotuve\/bez-kategorii\/doterra-glow-diffuser-difuzorius-ir-hygge-15-ml\/"},"modified":"2024-11-10T05:02:59","modified_gmt":"2024-11-10T04:02:59","slug":"doterra-glow-diffuser-difuzorius-ir-hygge-15-ml","status":"publish","type":"product","link":"https:\/\/mamaterra.lt\/pl\/parduotuve\/olejki-eteryczne\/mieszanki-olejkow-eterycznych\/doterra-glow-diffuser-difuzorius-ir-hygge-15-ml\/","title":{"rendered":"Dyfuzor doTERRA\u2122 Glow i Hygge (15 ml)"},"content":{"rendered":"<h3 class=\"spotlight__head-title\">Dyfuzor doTERRA\u2122 Glow i Hygge (15 ml)<\/h3>\n<div class=\"spotlight__head-copy\">\n<p>Uczy\u0144 swoje \u017cycie przytulnym dzi\u0119ki ekskluzywnej mieszance dyfuzora Hygge i Glow. To po\u0142\u0105czenie jest inspirowane du\u0144sk\u0105 koncepcj\u0105 hygge, kt\u00f3ra opisuje wszystkie przytulne rzeczy.<\/p>\n<h3 class=\"spotlight__foot-block-title\">Charakterystyka produktu<\/h3>\n<div class=\"spotlight__foot-block-content\">\n<ul class=\"spotlight__list-custom custom-list\">\n<li>Do 10 godzin parowania, nadaj\u0105c ka\u017cdemu otoczeniu ciep\u0142y, zach\u0119caj\u0105cy blask.<br \/>\nRegulowane ustawienia ciep\u0142ego \u015bwiat\u0142a i efekt migaj\u0105cej \u015bwiecy.<br \/>\nPi\u0119knie zaprojektowany z r\u0119cznie wykonanym szklanym blatem i plecionym przewodem.<br \/>\nCi\u0105g\u0142e u\u017cytkowanie: do 5 godzin.<br \/>\nPraca przerywana: do 10 godzin.<br \/>\nAutomatyczny wy\u0142\u0105cznik bezpiecze\u0144stwa.<br \/>\nDostarczany z adapterem.<br \/>\n2 lata gwarancji.<\/li>\n<\/ul>\n<div class=\"spotlight__foot-block-icons\">\n<div class=\"body-system-list\">\n<div class=\"body-system-list__item\">\n<div class=\"body-system-list__item-img\">\n<div class=\"span icon--relaxation icon--xl\">\n<div class=\"product-uses__block-list\">\n<ul class=\"custom-list\">\n<li>U\u017cywaj czystej wody z kranu o temperaturze pokojowej. Upewnij si\u0119, \u017ce poziom wody nie przekracza oznaczenia.<br \/>\nDodaj 5-10 kropli olejku eterycznego.<br \/>\n* Ostrze\u017cenia i instrukcje mo\u017cna znale\u017a\u0107 w instrukcji obs\u0142ugi dyfuzora.<\/li>\n<\/ul>\n<\/div>\n<div class=\"product-uses__cautions\">\n<h3 class=\"product-uses__block-title\">Czyszczenie dyfuzora<\/h3>\n<div class=\"product-uses__cautions-body\">\n<p>Zbiornik na wod\u0119 i tac\u0119 parow\u0105 nale\u017cy czy\u015bci\u0107 co najmniej dwa razy w tygodniu. Do czyszczenia nale\u017cy u\u017cywa\u0107 bawe\u0142nianej szmatki i neutralnego \u015brodka czyszcz\u0105cego. Sp\u0142ucz czyst\u0105 wod\u0105 i osusz szmatk\u0105.<\/p>\n<\/div>\n<\/div>\n<\/div>\n<\/div>\n<div class=\"body-system-list__item-label\"><\/div>\n<\/div>\n<\/div>\n<\/div>\n<\/div>\n<\/div>\n","protected":false},"excerpt":{"rendered":"<p>Zmie\u0144 sw\u00f3j dom w spokojne sanktuarium dzi\u0119ki dyfuzorowi doTERRA Glow. W du\u0144skiej kulturze hygge opisuje przytulne uczucie zadowolenia z \u017cycia i komfortu. Koncepcja ta zainspirowa\u0142a dyfuzor doTERRA Glow Diffuser, kt\u00f3rego g\u00f3rna cz\u0119\u015b\u0107 wykonana jest z matowego szk\u0142a i kt\u00f3rego spokojne migaj\u0105ce \u015bwiat\u0142o dodaje ciep\u0142ej witalno\u015bci ka\u017cdemu otoczeniu. Niezale\u017cnie od tego, co oznacza dla Ciebie &#8222;hygge&#8221;, ten dyfuzor pomo\u017ce Ci je stworzy\u0107.<\/p>\n<p>Wymiary: 15 x 15 x 12,2 cm. Instrukcje dotycz\u0105ce czyszczenia znajduj\u0105 si\u0119 w instrukcji obs\u0142ugi dyfuzora.<\/p>\n","protected":false},"featured_media":23687,"template":"","meta":{"site-sidebar-layout":"default","site-content-layout":"","ast-site-content-layout":"default","site-content-style":"default","site-sidebar-style":"default","ast-global-header-display":"","ast-banner-title-visibility":"","ast-main-header-display":"","ast-hfb-above-header-display":"","ast-hfb-below-header-display":"","ast-hfb-mobile-header-display":"","site-post-title":"","ast-breadcrumbs-content":"","ast-featured-img":"","footer-sml-layout":"","ast-disable-related-posts":"","theme-transparent-header-meta":"default","adv-header-id-meta":"","stick-header-meta":"","header-above-stick-meta":"","header-main-stick-meta":"","header-below-stick-meta":"","astra-migrate-meta-layouts":"set","ast-page-background-enabled":"default","ast-page-background-meta":{"desktop":{"background-color":"","background-image":"","background-repeat":"repeat","background-position":"center center","background-size":"auto","background-attachment":"scroll","background-type":"","background-media":"","overlay-type":"","overlay-color":"","overlay-opacity":"","overlay-gradient":""},"tablet":{"background-color":"","background-image":"","background-repeat":"repeat","background-position":"center center","background-size":"auto","background-attachment":"scroll","background-type":"","background-media":"","overlay-type":"","overlay-color":"","overlay-opacity":"","overlay-gradient":""},"mobile":{"background-color":"","background-image":"","background-repeat":"repeat","background-position":"center center","background-size":"auto","background-attachment":"scroll","background-type":"","background-media":"","overlay-type":"","overlay-color":"","overlay-opacity":"","overlay-gradient":""}},"ast-content-background-meta":{"desktop":{"background-color":"var(--ast-global-color-5)","background-image":"","background-repeat":"repeat","background-position":"center center","background-size":"auto","background-attachment":"scroll","background-type":"","background-media":"","overlay-type":"","overlay-color":"","overlay-opacity":"","overlay-gradient":""},"tablet":{"background-color":"var(--ast-global-color-5)","background-image":"","background-repeat":"repeat","background-position":"center center","background-size":"auto","background-attachment":"scroll","background-type":"","background-media":"","overlay-type":"","overlay-color":"","overlay-opacity":"","overlay-gradient":""},"mobile":{"background-color":"var(--ast-global-color-5)","background-image":"","background-repeat":"repeat","background-position":"center center","background-size":"auto","background-attachment":"scroll","background-type":"","background-media":"","overlay-type":"","overlay-color":"","overlay-opacity":"","overlay-gradient":""}}},"product_brand":[],"product_cat":[1738,1686,1702,1688,1692,1695,1752],"product_tag":[],"class_list":{"0":"post-19232","1":"product","2":"type-product","3":"status-publish","4":"has-post-thumbnail","6":"product_cat-do-spania","7":"product_cat-dyfuzory","8":"product_cat-mieszanki-olejkow-eterycznych","9":"product_cat-prezenty","10":"product_cat-prezenty-dla-kobiet","11":"product_cat-prezenty-dla-mezczyzn","12":"product_cat-radzenia-sobie-ze-stresem","13":"desktop-align-left","14":"tablet-align-left","15":"mobile-align-left","17":"first","18":"outofstock","19":"sold-individually","20":"taxable","21":"shipping-taxable","22":"purchasable","23":"product-type-simple"},"_links":{"self":[{"href":"https:\/\/mamaterra.lt\/pl\/wp-json\/wp\/v2\/product\/19232","targetHints":{"allow":["GET"]}}],"collection":[{"href":"https:\/\/mamaterra.lt\/pl\/wp-json\/wp\/v2\/product"}],"about":[{"href":"https:\/\/mamaterra.lt\/pl\/wp-json\/wp\/v2\/types\/product"}],"wp:featuredmedia":[{"embeddable":true,"href":"https:\/\/mamaterra.lt\/pl\/wp-json\/wp\/v2\/media\/23687"}],"wp:attachment":[{"href":"https:\/\/mamaterra.lt\/pl\/wp-json\/wp\/v2\/media?parent=19232"}],"wp:term":[{"taxonomy":"product_brand","embeddable":true,"href":"https:\/\/mamaterra.lt\/pl\/wp-json\/wp\/v2\/product_brand?post=19232"},{"taxonomy":"product_cat","embeddable":true,"href":"https:\/\/mamaterra.lt\/pl\/wp-json\/wp\/v2\/product_cat?post=19232"},{"taxonomy":"product_tag","embeddable":true,"href":"https:\/\/mamaterra.lt\/pl\/wp-json\/wp\/v2\/product_tag?post=19232"}],"curies":[{"name":"wp","href":"https:\/\/api.w.org\/{rel}","templated":true}]}}