{"id":19195,"date":"2023-11-23T21:42:57","date_gmt":"2023-11-23T20:42:57","guid":{"rendered":"https:\/\/mamaterra.lt\/parduotuve\/bez-kategorii\/doterra-niaouli-olejek-eteryczny-15-ml\/"},"modified":"2024-01-20T21:24:47","modified_gmt":"2024-01-20T20:24:47","slug":"doterra-niaouli-olejek-eteryczny-15-ml","status":"publish","type":"product","link":"https:\/\/mamaterra.lt\/pl\/parduotuve\/olejki-eteryczne\/czyste-olejki-eteryczne\/doterra-niaouli-olejek-eteryczny-15-ml\/","title":{"rendered":"doterra Niaouli olejek eteryczny 15 ml"},"content":{"rendered":"<h3 class=\"spotlight__head-title\">Olejek eteryczny z Niaoulis (mirt pi\u0119ciobojowy)<\/h3>\n<h3 class=\"spotlight__head-latin-title\">Melaleuca quinquenervia<\/h3>\n<div class=\"spotlight__head-copy\">\n<p>Pi\u0119ciono\u017cny mirt to du\u017ce, wiecznie zielone drzewo pochodz\u0105ce z Australii. Li\u015bcie tych drzew dorastaj\u0105 do 13 cm d\u0142ugo\u015bci, a kwiaty znajduj\u0105ce si\u0119 na ko\u0144cach ga\u0142\u0119zi s\u0105 \u017c\u00f3\u0142tawe i przypominaj\u0105 ma\u0142e w\u0105sy. Ze wzgl\u0119du na niezwyk\u0142y wygl\u0105d tego drzewa ludzie wymy\u015blili dla niego wiele nazw &#8211; nazywaj\u0105 je drzewem z kor\u0105 papierow\u0105 lub szczotk\u0105 do butelek. Mirt pi\u0119ciok\u0105tny to ro\u015blina podobna do drzewa herbacianego o s\u0142odkim drzewnym aromacie. Dzi\u0119ki po\u0142\u0105czeniu eukaliptolu i monoterpen\u00f3w w sk\u0142adzie ten olejek eteryczny dzia\u0142a pobudzaj\u0105co. Szeroko stosowany w r\u00f3\u017cnych produktach kosmetycznych, takich jak balsamy, kremy i myd\u0142a, olejek eteryczny Niaoul pomaga sk\u00f3rze wygl\u0105da\u0107 zdrowo i czysto. U\u017cywany do masa\u017cu, olejek ten mo\u017ce pom\u00f3c zrelaksowa\u0107 okre\u015blone obszary.<\/p>\n<p>Ju\u017c w dawnych czasach lokalni mieszka\u0144cy Autralii doceniali dezynfekuj\u0105ce w\u0142a\u015bciwo\u015bci tego oleju, a gdy pojawia\u0142y si\u0119 rany sk\u00f3ry, podra\u017cnienia po prostu k\u0142ad\u0142y li\u015bcie w miejscu podra\u017cnienia.<\/p>\n<p>Ma r\u00f3wnie\u017c pozytywny wp\u0142yw na drogi oddechowe, uk\u0142ad odporno\u015bciowy, proces regeneracji cele.<\/p>\n<h3 class=\"product-uses__block-title\">\u015arodki ostro\u017cno\u015bci<\/h3>\n<div class=\"product-uses__cautions-body\">\n<p>Mo\u017ce podra\u017cnia\u0107 sk\u00f3r\u0119. Przechowywa\u0107 w miejscu niedost\u0119pnym dla dzieci. Je\u015bli spodziewasz si\u0119 dziecka, karmisz piersi\u0105 lub jeste\u015b chora, skonsultuj si\u0119 z lekarzem. Nie dosta\u0107 si\u0119 do oczu, ucha wewn\u0119trznego, na twarz i wra\u017cliwe obszary.<\/p>\n<\/div>\n<\/div>\n","protected":false},"excerpt":{"rendered":"<p>Ju\u017c w dawnych czasach lokalni mieszka\u0144cy Autralii doceniali dezynfekuj\u0105ce w\u0142a\u015bciwo\u015bci tego oleju, a gdy pojawia\u0142y si\u0119 rany sk\u00f3ry, podra\u017cnienia po prostu k\u0142ad\u0142y li\u015bcie w miejscu podra\u017cnienia.<\/p>\n","protected":false},"featured_media":19189,"template":"","meta":{"site-sidebar-layout":"default","site-content-layout":"","ast-site-content-layout":"default","site-content-style":"default","site-sidebar-style":"default","ast-global-header-display":"","ast-banner-title-visibility":"","ast-main-header-display":"","ast-hfb-above-header-display":"","ast-hfb-below-header-display":"","ast-hfb-mobile-header-display":"","site-post-title":"","ast-breadcrumbs-content":"","ast-featured-img":"","footer-sml-layout":"","ast-disable-related-posts":"","theme-transparent-header-meta":"default","adv-header-id-meta":"","stick-header-meta":"","header-above-stick-meta":"","header-main-stick-meta":"","header-below-stick-meta":"","astra-migrate-meta-layouts":"set","ast-page-background-enabled":"default","ast-page-background-meta":{"desktop":{"background-color":"","background-image":"","background-repeat":"repeat","background-position":"center center","background-size":"auto","background-attachment":"scroll","background-type":"","background-media":"","overlay-type":"","overlay-color":"","overlay-opacity":"","overlay-gradient":""},"tablet":{"background-color":"","background-image":"","background-repeat":"repeat","background-position":"center center","background-size":"auto","background-attachment":"scroll","background-type":"","background-media":"","overlay-type":"","overlay-color":"","overlay-opacity":"","overlay-gradient":""},"mobile":{"background-color":"","background-image":"","background-repeat":"repeat","background-position":"center center","background-size":"auto","background-attachment":"scroll","background-type":"","background-media":"","overlay-type":"","overlay-color":"","overlay-opacity":"","overlay-gradient":""}},"ast-content-background-meta":{"desktop":{"background-color":"var(--ast-global-color-5)","background-image":"","background-repeat":"repeat","background-position":"center center","background-size":"auto","background-attachment":"scroll","background-type":"","background-media":"","overlay-type":"","overlay-color":"","overlay-opacity":"","overlay-gradient":""},"tablet":{"background-color":"var(--ast-global-color-5)","background-image":"","background-repeat":"repeat","background-position":"center center","background-size":"auto","background-attachment":"scroll","background-type":"","background-media":"","overlay-type":"","overlay-color":"","overlay-opacity":"","overlay-gradient":""},"mobile":{"background-color":"var(--ast-global-color-5)","background-image":"","background-repeat":"repeat","background-position":"center center","background-size":"auto","background-attachment":"scroll","background-type":"","background-media":"","overlay-type":"","overlay-color":"","overlay-opacity":"","overlay-gradient":""}}},"product_brand":[],"product_cat":[1704,1711,1735,1750,1698],"product_tag":[],"class_list":{"0":"post-19195","1":"product","2":"type-product","3":"status-publish","4":"has-post-thumbnail","6":"product_cat-czyste-olejki-eteryczne","7":"product_cat-higiena-i-pielegnacja-skory","8":"product_cat-masaz","9":"product_cat-oczyszczanie-powietrza","10":"product_cat-olejki-eteryczne","11":"desktop-align-left","12":"tablet-align-left","13":"mobile-align-left","15":"first","16":"outofstock","17":"sale","18":"taxable","19":"shipping-taxable","20":"purchasable","21":"product-type-simple"},"_links":{"self":[{"href":"https:\/\/mamaterra.lt\/pl\/wp-json\/wp\/v2\/product\/19195","targetHints":{"allow":["GET"]}}],"collection":[{"href":"https:\/\/mamaterra.lt\/pl\/wp-json\/wp\/v2\/product"}],"about":[{"href":"https:\/\/mamaterra.lt\/pl\/wp-json\/wp\/v2\/types\/product"}],"wp:featuredmedia":[{"embeddable":true,"href":"https:\/\/mamaterra.lt\/pl\/wp-json\/wp\/v2\/media\/19189"}],"wp:attachment":[{"href":"https:\/\/mamaterra.lt\/pl\/wp-json\/wp\/v2\/media?parent=19195"}],"wp:term":[{"taxonomy":"product_brand","embeddable":true,"href":"https:\/\/mamaterra.lt\/pl\/wp-json\/wp\/v2\/product_brand?post=19195"},{"taxonomy":"product_cat","embeddable":true,"href":"https:\/\/mamaterra.lt\/pl\/wp-json\/wp\/v2\/product_cat?post=19195"},{"taxonomy":"product_tag","embeddable":true,"href":"https:\/\/mamaterra.lt\/pl\/wp-json\/wp\/v2\/product_tag?post=19195"}],"curies":[{"name":"wp","href":"https:\/\/api.w.org\/{rel}","templated":true}]}}