{"id":19177,"date":"2023-11-21T20:13:21","date_gmt":"2023-11-21T19:13:21","guid":{"rendered":"https:\/\/mamaterra.lt\/parduotuve\/bez-kategorii\/doterra-tinted-lip-gloss\/"},"modified":"2024-02-10T11:18:42","modified_gmt":"2024-02-10T10:18:42","slug":"doterra-barwiacy-blyszczyk-do-ust","status":"publish","type":"product","link":"https:\/\/mamaterra.lt\/pl\/parduotuve\/prezenty\/prezenty-dla-kobiet\/doterra-barwiacy-blyszczyk-do-ust\/","title":{"rendered":"doTERRA Barwi\u0105cy b\u0142yszczyk do ust"},"content":{"rendered":"<p>Ultranawil\u017caj\u0105cy b\u0142yszczyk do ust Tinted Lip Gloss &#8211; wzbogacony olejkami eterycznymi z japo\u0144skiej mi\u0119ty, dzikiej pomara\u0144czy i go\u017adzika CPTG Certified Pure Tested Grade\u00ae &#8211; nadaje ustom pi\u0119kny imbirowy kolor i po\u0142ysk. Wzbogacony mieszank\u0105 naturalnych emolient\u00f3w, takich jak estry jojoba i olej s\u0142onecznikowy, ten mi\u0119towy b\u0142yszczyk zapewnia bogaty po\u0142ysk, wysoki po\u0142ysk i zroszone nawil\u017cenie.<\/p>\n<p>Fiolka jest wyposa\u017cona w aplikator z ko\u0144c\u00f3wk\u0105 zapewniaj\u0105c\u0105 g\u0142adk\u0105, r\u00f3wnomiern\u0105 aplikacj\u0119 za ka\u017cdym razem i \u0142atwo mie\u015bci si\u0119 w kosmetyczce, torebce lub kieszeni. B\u0142yszczyk idealnie nadaje si\u0119 do noszenia na co dzie\u0144 lub na wieczorne wyj\u015bcia, zapewniaj\u0105c ustom g\u0142adko\u015b\u0107 i nawil\u017cenie.<\/p>\n<ul>\n<li>Nadaje ustom po\u0142ysk i blask.<\/li>\n<li>Dodaje ciep\u0142ego koloru.<\/li>\n<li>Nawil\u017ca i wyg\u0142adza.<\/li>\n<li>Zawiera mieszank\u0119 nawil\u017caj\u0105cych emolient\u00f3w<\/li>\n<\/ul>\n<p>Tylko do u\u017cytku zewn\u0119trznego. Przechowywa\u0107 w miejscu niedost\u0119pnym dla dzieci.<\/p>\n","protected":false},"excerpt":{"rendered":"<p>Ultranawil\u017caj\u0105cy b\u0142yszczyk do ust Tinted Lip Gloss &#8211; wzbogacony olejkami eterycznymi z japo\u0144skiej mi\u0119ty, dzikiej pomara\u0144czy i go\u017adzika CPTG Certified Pure Tested Grade\u00ae &#8211; nadaje ustom pi\u0119kny imbirowy kolor i po\u0142ysk.<\/p>\n","protected":false},"featured_media":19173,"template":"","meta":{"site-sidebar-layout":"default","site-content-layout":"","ast-site-content-layout":"default","site-content-style":"default","site-sidebar-style":"default","ast-global-header-display":"","ast-banner-title-visibility":"","ast-main-header-display":"","ast-hfb-above-header-display":"","ast-hfb-below-header-display":"","ast-hfb-mobile-header-display":"","site-post-title":"","ast-breadcrumbs-content":"","ast-featured-img":"","footer-sml-layout":"","ast-disable-related-posts":"","theme-transparent-header-meta":"default","adv-header-id-meta":"","stick-header-meta":"","header-above-stick-meta":"","header-main-stick-meta":"","header-below-stick-meta":"","astra-migrate-meta-layouts":"set","ast-page-background-enabled":"default","ast-page-background-meta":{"desktop":{"background-color":"","background-image":"","background-repeat":"repeat","background-position":"center center","background-size":"auto","background-attachment":"scroll","background-type":"","background-media":"","overlay-type":"","overlay-color":"","overlay-opacity":"","overlay-gradient":""},"tablet":{"background-color":"","background-image":"","background-repeat":"repeat","background-position":"center center","background-size":"auto","background-attachment":"scroll","background-type":"","background-media":"","overlay-type":"","overlay-color":"","overlay-opacity":"","overlay-gradient":""},"mobile":{"background-color":"","background-image":"","background-repeat":"repeat","background-position":"center center","background-size":"auto","background-attachment":"scroll","background-type":"","background-media":"","overlay-type":"","overlay-color":"","overlay-opacity":"","overlay-gradient":""}},"ast-content-background-meta":{"desktop":{"background-color":"var(--ast-global-color-5)","background-image":"","background-repeat":"repeat","background-position":"center center","background-size":"auto","background-attachment":"scroll","background-type":"","background-media":"","overlay-type":"","overlay-color":"","overlay-opacity":"","overlay-gradient":""},"tablet":{"background-color":"var(--ast-global-color-5)","background-image":"","background-repeat":"repeat","background-position":"center center","background-size":"auto","background-attachment":"scroll","background-type":"","background-media":"","overlay-type":"","overlay-color":"","overlay-opacity":"","overlay-gradient":""},"mobile":{"background-color":"var(--ast-global-color-5)","background-image":"","background-repeat":"repeat","background-position":"center center","background-size":"auto","background-attachment":"scroll","background-type":"","background-media":"","overlay-type":"","overlay-color":"","overlay-opacity":"","overlay-gradient":""}}},"product_brand":[],"product_cat":[1740,1688,1692],"product_tag":[],"class_list":{"0":"post-19177","1":"product","2":"type-product","3":"status-publish","4":"has-post-thumbnail","6":"product_cat-dla-kobiet","7":"product_cat-prezenty","8":"product_cat-prezenty-dla-kobiet","9":"desktop-align-left","10":"tablet-align-left","11":"mobile-align-left","13":"first","14":"outofstock","15":"taxable","16":"shipping-taxable","17":"purchasable","18":"product-type-simple"},"_links":{"self":[{"href":"https:\/\/mamaterra.lt\/pl\/wp-json\/wp\/v2\/product\/19177","targetHints":{"allow":["GET"]}}],"collection":[{"href":"https:\/\/mamaterra.lt\/pl\/wp-json\/wp\/v2\/product"}],"about":[{"href":"https:\/\/mamaterra.lt\/pl\/wp-json\/wp\/v2\/types\/product"}],"wp:featuredmedia":[{"embeddable":true,"href":"https:\/\/mamaterra.lt\/pl\/wp-json\/wp\/v2\/media\/19173"}],"wp:attachment":[{"href":"https:\/\/mamaterra.lt\/pl\/wp-json\/wp\/v2\/media?parent=19177"}],"wp:term":[{"taxonomy":"product_brand","embeddable":true,"href":"https:\/\/mamaterra.lt\/pl\/wp-json\/wp\/v2\/product_brand?post=19177"},{"taxonomy":"product_cat","embeddable":true,"href":"https:\/\/mamaterra.lt\/pl\/wp-json\/wp\/v2\/product_cat?post=19177"},{"taxonomy":"product_tag","embeddable":true,"href":"https:\/\/mamaterra.lt\/pl\/wp-json\/wp\/v2\/product_tag?post=19177"}],"curies":[{"name":"wp","href":"https:\/\/api.w.org\/{rel}","templated":true}]}}