{"id":19162,"date":"2023-11-21T19:38:20","date_gmt":"2023-11-21T18:38:20","guid":{"rendered":"https:\/\/mamaterra.lt\/parduotuve\/bez-kategorii\/malama-collection-doterra\/"},"modified":"2024-03-10T18:24:10","modified_gmt":"2024-03-10T17:24:10","slug":"malama-collection-doterra","status":"publish","type":"product","link":"https:\/\/mamaterra.lt\/pl\/parduotuve\/olejki-eteryczne\/mieszanki-olejkow-eterycznych\/malama-collection-doterra\/","title":{"rendered":"Malama Collection doTERRA"},"content":{"rendered":"<p>Podobnie jak zapieraj\u0105ce dech w piersiach pi\u0119kno i t\u0119tni\u0105ca \u017cyciem kultura wysp Hawaj\u00f3w, piel\u0119gnuj\u0105ca mieszanka d\u014dTERRA M\u0101lama\u00ae oddaje magi\u0119 i energi\u0119 tej ziemi i jej mieszka\u0144c\u00f3w. B\u0142ogo \u015bwie\u017ca i ciep\u0142a M\u0101lama to musuj\u0105ce po\u0142\u0105czenie jasnych cytrus\u00f3w, czaruj\u0105cych kwiat\u00f3w i centruj\u0105cych aromat\u00f3w drzewnych. Zach\u0119caj\u0105cy aromat M\u0101lama jest dost\u0119pny w mieszance olejk\u00f3w doTERRA M\u0101lama\u00ae Oil Blend, nawil\u017caj\u0105cej kostce do k\u0105pieli d\u014dTERRA M\u0101lama\u00ae Moisturizing Bath Bar oraz regeneruj\u0105cym kremie do r\u0105k d\u014dTERRA M\u0101lama\u00ae Restorative Hand Cream.<\/p>\n<h5>M\u0101lama Essential Oil Blend : 15 mL<\/h5>\n<div>Dyfuzuj mieszank\u0119 olejk\u00f3w M\u0101lama przez ca\u0142y dzie\u0144, aby uzyska\u0107 czaruj\u0105co \u015bwie\u017cy i \u017cywy zapach.<\/div>\n<div><\/div>\n<div><strong>Podstawowe korzy\u015bci<\/strong><\/div>\n<ul>\n<li><\/li>\n<li>Creates a bright, uplifting, and engaging atmosphere<\/li>\n<li>Encourages a healthy perspective with an energizing aroma<\/li>\n<li>Enhances and refreshes personal and work surroundingst<\/li>\n<\/ul>\n<h5>Nawil\u017caj\u0105ca kostka do k\u0105pieli M\u0101lama 113 g.<\/h5>\n<p>Delikatnie pie\u015bci i koi sk\u00f3r\u0119 dzi\u0119ki \u0142agodnej pianie i nawil\u017caj\u0105cym emolientom. Te pi\u0119kne kostki do k\u0105pieli o musuj\u0105cym, \u015bwie\u017cym aromacie d\u014dTERRA M\u0101lama\u00ae Nurturing Blend pomog\u0105 zmy\u0107 troski ca\u0142ego dnia pod prysznicem.<\/p>\n<div>\n<div><\/div>\n<\/div>\n<div><strong>Podstawowe korzy\u015bci<\/strong><\/div>\n<ul>\n<li style=\"list-style-type: none;\">\n<ul>\n<li>Zapewnia relaksuj\u0105cy, ciep\u0142y, jasny aromat<\/li>\n<li>Tworzy delikatn\u0105, bogat\u0105 pian\u0119<\/li>\n<li>Nawil\u017ca i pomaga sk\u00f3rze zatrzyma\u0107 wilgo\u0107 dzi\u0119ki ro\u015blinnej glicerynie<\/li>\n<li>Nawil\u017ca i oczyszcza sk\u00f3r\u0119<\/li>\n<\/ul>\n<\/li>\n<\/ul>\n<h5>M\u0101lama Regeneruj\u0105cy krem do r\u0105k : 100.55 mL.<\/h5>\n<div>Na\u0142\u00f3\u017c luksusowy regeneruj\u0105cy krem do r\u0105k doTERRA M\u0101lama Restorative Hand Cream, aby nasyci\u0107 sk\u00f3r\u0119 bogatym nawil\u017ceniem i urzekaj\u0105cym aromatem mieszanki M\u0101lama Nurturing. Krem jest szczeg\u00f3lnie odpowiedni dla bardzo suchej sk\u00f3ry i mo\u017ce by\u0107 stosowany na d\u0142onie i cia\u0142o po prysznicu, przed snem lub za ka\u017cdym razem, gdy sk\u00f3ra potrzebuje dodatkowej piel\u0119gnacji.<\/div>\n<div><\/div>\n<div><strong>Podstawowe korzy\u015bci<\/strong><\/div>\n<ul>\n<li>Zawiera urzekaj\u0105cy aromat d\u014dTERRA M\u0101lama Nurturing Blend<\/li>\n<li>Zapewnia sk\u00f3rze niezwykle bogate, od\u017cywcze nawil\u017cenie<\/li>\n<li>Zapewnia intensywne nawil\u017cenie, kt\u00f3re szybko si\u0119 wch\u0142ania<\/li>\n<li>Dost\u0119pny w przyjaznym w podr\u00f3\u017cy s\u0142oiczku<\/li>\n<\/ul>\n","protected":false},"excerpt":{"rendered":"<p>Podobnie jak zapieraj\u0105ce dech w piersiach pi\u0119kno i t\u0119tni\u0105ca \u017cyciem kultura wysp Hawaj\u00f3w, piel\u0119gnuj\u0105ca mieszanka d\u014dTERRA M\u0101lama\u00ae oddaje magi\u0119 i energi\u0119 tej ziemi i jej mieszka\u0144c\u00f3w. B\u0142ogo \u015bwie\u017ca i ciep\u0142a M\u0101lama to musuj\u0105ce po\u0142\u0105czenie jasnych cytrus\u00f3w, czaruj\u0105cych kwiat\u00f3w i centruj\u0105cych aromat\u00f3w drzewnych. Zach\u0119caj\u0105cy aromat M\u0101lama jest dost\u0119pny w mieszance olejk\u00f3w doTERRA M\u0101lama\u00ae Oil Blend, nawil\u017caj\u0105cej kostce do k\u0105pieli d\u014dTERRA M\u0101lama\u00ae Moisturizing Bath Bar oraz regeneruj\u0105cym kremie do r\u0105k d\u014dTERRA M\u0101lama\u00ae Restorative Hand Cream.<\/p>\n","protected":false},"featured_media":19148,"template":"","meta":{"site-sidebar-layout":"default","site-content-layout":"","ast-site-content-layout":"default","site-content-style":"default","site-sidebar-style":"default","ast-global-header-display":"","ast-banner-title-visibility":"","ast-main-header-display":"","ast-hfb-above-header-display":"","ast-hfb-below-header-display":"","ast-hfb-mobile-header-display":"","site-post-title":"","ast-breadcrumbs-content":"","ast-featured-img":"","footer-sml-layout":"","ast-disable-related-posts":"","theme-transparent-header-meta":"default","adv-header-id-meta":"","stick-header-meta":"","header-above-stick-meta":"","header-main-stick-meta":"","header-below-stick-meta":"","astra-migrate-meta-layouts":"set","ast-page-background-enabled":"default","ast-page-background-meta":{"desktop":{"background-color":"","background-image":"","background-repeat":"repeat","background-position":"center center","background-size":"auto","background-attachment":"scroll","background-type":"","background-media":"","overlay-type":"","overlay-color":"","overlay-opacity":"","overlay-gradient":""},"tablet":{"background-color":"","background-image":"","background-repeat":"repeat","background-position":"center center","background-size":"auto","background-attachment":"scroll","background-type":"","background-media":"","overlay-type":"","overlay-color":"","overlay-opacity":"","overlay-gradient":""},"mobile":{"background-color":"","background-image":"","background-repeat":"repeat","background-position":"center center","background-size":"auto","background-attachment":"scroll","background-type":"","background-media":"","overlay-type":"","overlay-color":"","overlay-opacity":"","overlay-gradient":""}},"ast-content-background-meta":{"desktop":{"background-color":"var(--ast-global-color-5)","background-image":"","background-repeat":"repeat","background-position":"center center","background-size":"auto","background-attachment":"scroll","background-type":"","background-media":"","overlay-type":"","overlay-color":"","overlay-opacity":"","overlay-gradient":""},"tablet":{"background-color":"var(--ast-global-color-5)","background-image":"","background-repeat":"repeat","background-position":"center center","background-size":"auto","background-attachment":"scroll","background-type":"","background-media":"","overlay-type":"","overlay-color":"","overlay-opacity":"","overlay-gradient":""},"mobile":{"background-color":"var(--ast-global-color-5)","background-image":"","background-repeat":"repeat","background-position":"center center","background-size":"auto","background-attachment":"scroll","background-type":"","background-media":"","overlay-type":"","overlay-color":"","overlay-opacity":"","overlay-gradient":""}}},"product_brand":[],"product_cat":[1740,1711,1702,1688,1692,1695,1707],"product_tag":[],"class_list":{"0":"post-19162","1":"product","2":"type-product","3":"status-publish","4":"has-post-thumbnail","6":"product_cat-dla-kobiet","7":"product_cat-higiena-i-pielegnacja-skory","8":"product_cat-mieszanki-olejkow-eterycznych","9":"product_cat-prezenty","10":"product_cat-prezenty-dla-kobiet","11":"product_cat-prezenty-dla-mezczyzn","12":"product_cat-zestawy-i-kolekcje","13":"desktop-align-left","14":"tablet-align-left","15":"mobile-align-left","17":"first","18":"outofstock","19":"taxable","20":"shipping-taxable","21":"purchasable","22":"product-type-simple"},"_links":{"self":[{"href":"https:\/\/mamaterra.lt\/pl\/wp-json\/wp\/v2\/product\/19162","targetHints":{"allow":["GET"]}}],"collection":[{"href":"https:\/\/mamaterra.lt\/pl\/wp-json\/wp\/v2\/product"}],"about":[{"href":"https:\/\/mamaterra.lt\/pl\/wp-json\/wp\/v2\/types\/product"}],"wp:featuredmedia":[{"embeddable":true,"href":"https:\/\/mamaterra.lt\/pl\/wp-json\/wp\/v2\/media\/19148"}],"wp:attachment":[{"href":"https:\/\/mamaterra.lt\/pl\/wp-json\/wp\/v2\/media?parent=19162"}],"wp:term":[{"taxonomy":"product_brand","embeddable":true,"href":"https:\/\/mamaterra.lt\/pl\/wp-json\/wp\/v2\/product_brand?post=19162"},{"taxonomy":"product_cat","embeddable":true,"href":"https:\/\/mamaterra.lt\/pl\/wp-json\/wp\/v2\/product_cat?post=19162"},{"taxonomy":"product_tag","embeddable":true,"href":"https:\/\/mamaterra.lt\/pl\/wp-json\/wp\/v2\/product_tag?post=19162"}],"curies":[{"name":"wp","href":"https:\/\/api.w.org\/{rel}","templated":true}]}}