{"id":19135,"date":"2023-11-20T19:33:11","date_gmt":"2023-11-20T18:33:11","guid":{"rendered":"https:\/\/mamaterra.lt\/parduotuve\/bez-kategorii\/doterra-serenity-stick-valerian\/"},"modified":"2024-03-26T19:51:20","modified_gmt":"2024-03-26T18:51:20","slug":"doterra-serenity-stick-valerian","status":"publish","type":"product","link":"https:\/\/mamaterra.lt\/pl\/parduotuve\/olejki-eteryczne\/mieszanki-olejkow-eterycznych\/doterra-serenity-stick-valerian\/","title":{"rendered":"doTERRA Serenity Stick + Valerian"},"content":{"rendered":"<p>Przygotowanie do snu nigdy nie by\u0142o tak wygodne, jak dzi\u0119ki szybkiemu wch\u0142anianiu i p\u0142ynnej aplikacji sztyftu doTERRA Serenity Stick + Valerian. doTERRA Serenity Restful Blend zawiera olejek eteryczny z lawendy CPTG Certified Pure Tested Grade\u00ae, kt\u00f3ry dzia\u0142a koj\u0105co na sk\u00f3r\u0119, gdy jest stosowany miejscowo, zapewniaj\u0105c jednocze\u015bnie koj\u0105cy, uziemiaj\u0105cy aromat, kt\u00f3ry przyczynia si\u0119 do spokojnego otoczenia. Sztyft \u0142\u0105czy mieszank\u0119 Restful Blend z olejkiem eterycznym z waleriany, tworz\u0105c relaksuj\u0105c\u0105 atmosfer\u0119 w po\u0142\u0105czeniu ze zdrow\u0105 higien\u0105 snu.<\/p>\n<p>Lawenda<br \/>\nDrzewo cedrowe<br \/>\nKorze\u0144 waleriany<br \/>\nKolendra<br \/>\nYlang Ylang<br \/>\nMajeranek<br \/>\nRumianek pospolity<br \/>\nDrzewo sanda\u0142owe<br \/>\nWetyweria<\/p>\n<p>Sztyft doTERRA Serenity Stick + Valerian nie zawiera paraben\u00f3w, ftalan\u00f3w ani syntetycznych substancji zapachowych.<\/p>\n<h6>Zastosowanie<\/h6>\n<p>Nanie\u015b\u0107 na wewn\u0119trzn\u0105 stron\u0119 nadgarstk\u00f3w, kark, klatk\u0119 piersiow\u0105 i spody st\u00f3p w razie potrzeby, przygotowuj\u0105c si\u0119 do odpoczynku.<\/p>\n<h6>\u015arodki ostro\u017cno\u015bci<\/h6>\n<p>Unika\u0107 stosowania na twarz. Unika\u0107 kontaktu z oczami. Tylko do u\u017cytku zewn\u0119trznego. Je\u015bli wyst\u0105pi podra\u017cnienie, przerwa\u0107 stosowanie.<\/p>\n","protected":false},"excerpt":{"rendered":"<ul>\n<li>Wygodny w u\u017cyciu olejek eteryczny z waleriany i mieszanka doTERRA Serenity Restful Blend zapewniaj\u0105 komfortowy, koj\u0105cy aromat podczas stosowania miejscowego.<\/li>\n<li>G\u0142adko si\u0119 rozprowadza, nie pozostawiaj\u0105c t\u0142ustych \u015blad\u00f3w.<\/li>\n<li>Nie zawiera paraben\u00f3w, ftalan\u00f3w i syntetycznych substancji zapachowych.<\/li>\n<\/ul>\n","protected":false},"featured_media":19126,"template":"","meta":{"site-sidebar-layout":"default","site-content-layout":"","ast-site-content-layout":"default","site-content-style":"default","site-sidebar-style":"default","ast-global-header-display":"","ast-banner-title-visibility":"","ast-main-header-display":"","ast-hfb-above-header-display":"","ast-hfb-below-header-display":"","ast-hfb-mobile-header-display":"","site-post-title":"","ast-breadcrumbs-content":"","ast-featured-img":"","footer-sml-layout":"","ast-disable-related-posts":"","theme-transparent-header-meta":"","adv-header-id-meta":"","stick-header-meta":"","header-above-stick-meta":"","header-main-stick-meta":"","header-below-stick-meta":"","astra-migrate-meta-layouts":"set","ast-page-background-enabled":"default","ast-page-background-meta":{"desktop":{"background-color":"","background-image":"","background-repeat":"repeat","background-position":"center center","background-size":"auto","background-attachment":"scroll","background-type":"","background-media":"","overlay-type":"","overlay-color":"","overlay-opacity":"","overlay-gradient":""},"tablet":{"background-color":"","background-image":"","background-repeat":"repeat","background-position":"center center","background-size":"auto","background-attachment":"scroll","background-type":"","background-media":"","overlay-type":"","overlay-color":"","overlay-opacity":"","overlay-gradient":""},"mobile":{"background-color":"","background-image":"","background-repeat":"repeat","background-position":"center center","background-size":"auto","background-attachment":"scroll","background-type":"","background-media":"","overlay-type":"","overlay-color":"","overlay-opacity":"","overlay-gradient":""}},"ast-content-background-meta":{"desktop":{"background-color":"var(--ast-global-color-5)","background-image":"","background-repeat":"repeat","background-position":"center center","background-size":"auto","background-attachment":"scroll","background-type":"","background-media":"","overlay-type":"","overlay-color":"","overlay-opacity":"","overlay-gradient":""},"tablet":{"background-color":"var(--ast-global-color-5)","background-image":"","background-repeat":"repeat","background-position":"center center","background-size":"auto","background-attachment":"scroll","background-type":"","background-media":"","overlay-type":"","overlay-color":"","overlay-opacity":"","overlay-gradient":""},"mobile":{"background-color":"var(--ast-global-color-5)","background-image":"","background-repeat":"repeat","background-position":"center center","background-size":"auto","background-attachment":"scroll","background-type":"","background-media":"","overlay-type":"","overlay-color":"","overlay-opacity":"","overlay-gradient":""}}},"product_brand":[],"product_cat":[1755,1740,1738,1702,1688,1752],"product_tag":[],"class_list":{"0":"post-19135","1":"product","2":"type-product","3":"status-publish","4":"has-post-thumbnail","6":"product_cat-dla-dzieci","7":"product_cat-dla-kobiet","8":"product_cat-do-spania","9":"product_cat-mieszanki-olejkow-eterycznych","10":"product_cat-prezenty","11":"product_cat-radzenia-sobie-ze-stresem","12":"desktop-align-left","13":"tablet-align-left","14":"mobile-align-left","16":"first","17":"instock","18":"taxable","19":"shipping-taxable","20":"product-type-simple"},"_links":{"self":[{"href":"https:\/\/mamaterra.lt\/pl\/wp-json\/wp\/v2\/product\/19135","targetHints":{"allow":["GET"]}}],"collection":[{"href":"https:\/\/mamaterra.lt\/pl\/wp-json\/wp\/v2\/product"}],"about":[{"href":"https:\/\/mamaterra.lt\/pl\/wp-json\/wp\/v2\/types\/product"}],"wp:featuredmedia":[{"embeddable":true,"href":"https:\/\/mamaterra.lt\/pl\/wp-json\/wp\/v2\/media\/19126"}],"wp:attachment":[{"href":"https:\/\/mamaterra.lt\/pl\/wp-json\/wp\/v2\/media?parent=19135"}],"wp:term":[{"taxonomy":"product_brand","embeddable":true,"href":"https:\/\/mamaterra.lt\/pl\/wp-json\/wp\/v2\/product_brand?post=19135"},{"taxonomy":"product_cat","embeddable":true,"href":"https:\/\/mamaterra.lt\/pl\/wp-json\/wp\/v2\/product_cat?post=19135"},{"taxonomy":"product_tag","embeddable":true,"href":"https:\/\/mamaterra.lt\/pl\/wp-json\/wp\/v2\/product_tag?post=19135"}],"curies":[{"name":"wp","href":"https:\/\/api.w.org\/{rel}","templated":true}]}}