{"id":19115,"date":"2023-11-20T18:56:02","date_gmt":"2023-11-20T17:56:02","guid":{"rendered":"https:\/\/mamaterra.lt\/parduotuve\/bez-kategorii\/doterra-supermint-toothpaste-125g\/"},"modified":"2023-11-20T19:21:32","modified_gmt":"2023-11-20T18:21:32","slug":"doterra-supermint-toothpaste-125g","status":"publish","type":"product","link":"https:\/\/mamaterra.lt\/pl\/parduotuve\/higiena-i-pielegnacja-skory\/doterra-supermint-toothpaste-125g\/","title":{"rendered":"doTERRA SuperMint Toothpaste 125g"},"content":{"rendered":"<p>Orze\u017awiaj\u0105ca pasta do z\u0119b\u00f3w doTERRA SuperMint pomaga od\u015bwie\u017cy\u0107 oddech i oczy\u015bci\u0107 dzi\u0105s\u0142a, jednocze\u015bnie wybielaj\u0105c i remineralizuj\u0105c z\u0119by. Zawieraj\u0105ca mieszank\u0119 olejk\u00f3w eterycznych doTERRA SuperMint Mentha Blend of CPTG Certified Pure Tested Grade\u00ae Peppermint, Japanese Mint, Bergamot Mint i Spearmint, ta pasta do z\u0119b\u00f3w jest idealnym dodatkiem do naturalnej rutyny higieny jamy ustnej.<\/p>\n<p>Szczotkowanie z\u0119b\u00f3w dwa razy dziennie past\u0105 doTERRA SuperMint Toothpaste, wraz z odpowiedni\u0105 piel\u0119gnacj\u0105 jamy ustnej, mo\u017ce pom\u00f3c zredukowa\u0107 powstawanie ubytk\u00f3w i p\u0142ytki naz\u0119bnej. Pozbawiona fluoru pasta do z\u0119b\u00f3w doTERRA SuperMint Toothpaste zawiera hydroksyapatyt &#8211; naturalnie wyst\u0119puj\u0105cy zwi\u0105zek wapnia i fosforu. Najnowsze badania wskazuj\u0105, \u017ce hydroksyapatyt mo\u017ce pom\u00f3c w remineralizacji i odbudowie szkliwa, dzi\u0119ki czemu z\u0119by staj\u0105 si\u0119 mocniejsze, g\u0142adsze, zdrowsze i mniej wra\u017cliwe na ciep\u0142o lub zimno. Pasta do z\u0119b\u00f3w doTERRA SuperMint zawiera r\u00f3wnie\u017c uwodnion\u0105 krzemionk\u0119 i w\u0119glan wapnia, kt\u00f3re delikatnie poleruj\u0105 z\u0119by. Czysty mi\u0119towy smak sprawia, \u017ce szczotkowanie z\u0119b\u00f3w jest przyjemnym i satysfakcjonuj\u0105cym sposobem na rozpocz\u0119cie i zako\u0144czenie ka\u017cdego dnia.<\/p>\n<p>Przyjazna dla wegan &#8211; Bez sztucznych barwnik\u00f3w i aromat\u00f3w &#8211; Bez fluoru<\/p>\n<h6>Hydroxyapatite<\/h6>\n<p>Wed\u0142ug bada\u0144 eksperymentalnych pomaga remineralizowa\u0107 i odbudowywa\u0107 szkliwo z\u0119b\u00f3w. Sprawia, \u017ce z\u0119by staj\u0105 si\u0119 mocniejsze, g\u0142adsze, zdrowsze i mniej wra\u017cliwe na ciep\u0142o i zimno.<\/p>\n<h6>doTERRA SuperMint Mentha Blend<\/h6>\n<p>Zapewnia dodatkowe wzmocnienie czyszczenia. Nadaje pa\u015bcie do z\u0119b\u00f3w super mi\u0119towy, rze\u015bki smak, kt\u00f3ry pozostawia \u015bwie\u017cy oddech i czyst\u0105 szczoteczk\u0119 do z\u0119b\u00f3w przez ca\u0142y dzie\u0144.<\/p>\n<h6>Xylitol<\/h6>\n<p>Poprawia og\u00f3lny smak. Pomaga utrzyma\u0107 z\u0119by i dzi\u0105s\u0142a w czysto\u015bci.<\/p>\n<h6>Hydrated Silica and Calcium Carbonate<\/h6>\n<p>Naturalnie poleruje i pomaga usuwa\u0107 przebarwienia, a jednocze\u015bnie jest na tyle delikatna, \u017ce nie uszkadza szkliwa z\u0119b\u00f3w.<\/p>\n<h2><\/h2>\n<p>Dok\u0142adnie szczotkowa\u0107 z\u0119by co najmniej dwa razy dziennie lub zgodnie z zaleceniami dentysty lub lekarza. W przypadku dzieci poni\u017cej drugiego roku \u017cycia nale\u017cy skonsultowa\u0107 si\u0119 z lekarzem rodzinnym.<\/p>\n<h6>Przestrogi<\/h6>\n<p>Stosowa\u0107 wy\u0142\u0105cznie zgodnie z zaleceniami. Przechowywa\u0107 w miejscu niedost\u0119pnym dla dzieci.<\/p>\n","protected":false},"excerpt":{"rendered":"<h6><\/h6>\n<ul>\n<li>Zawiera hydroksyapatyt, kt\u00f3ry pomaga zachowa\u0107 i odbudowa\u0107 szkliwo z\u0119b\u00f3w.<\/li>\n<li>Zawiera mieszank\u0119 olejk\u00f3w eterycznych doTERRA SuperMint Mentha z mi\u0119ty pieprzowej, mi\u0119ty japo\u0144skiej, mi\u0119ty bergamotowej i mi\u0119ty zielonej, kt\u00f3ra zapewnia wyrazisty, czysty smak.<\/li>\n<li>Zawiera uwodnion\u0105 krzemionk\u0119 i w\u0119glan wapnia, kt\u00f3re s\u0105 naturalnymi \u015brodkami poleruj\u0105cymi.<\/li>\n<\/ul>\n","protected":false},"featured_media":19110,"template":"","meta":{"site-sidebar-layout":"default","site-content-layout":"","ast-site-content-layout":"default","site-content-style":"default","site-sidebar-style":"default","ast-global-header-display":"","ast-banner-title-visibility":"","ast-main-header-display":"","ast-hfb-above-header-display":"","ast-hfb-below-header-display":"","ast-hfb-mobile-header-display":"","site-post-title":"","ast-breadcrumbs-content":"","ast-featured-img":"","footer-sml-layout":"","ast-disable-related-posts":"","theme-transparent-header-meta":"default","adv-header-id-meta":"","stick-header-meta":"","header-above-stick-meta":"","header-main-stick-meta":"","header-below-stick-meta":"","astra-migrate-meta-layouts":"set","ast-page-background-enabled":"default","ast-page-background-meta":{"desktop":{"background-color":"","background-image":"","background-repeat":"repeat","background-position":"center center","background-size":"auto","background-attachment":"scroll","background-type":"","background-media":"","overlay-type":"","overlay-color":"","overlay-opacity":"","overlay-gradient":""},"tablet":{"background-color":"","background-image":"","background-repeat":"repeat","background-position":"center center","background-size":"auto","background-attachment":"scroll","background-type":"","background-media":"","overlay-type":"","overlay-color":"","overlay-opacity":"","overlay-gradient":""},"mobile":{"background-color":"","background-image":"","background-repeat":"repeat","background-position":"center center","background-size":"auto","background-attachment":"scroll","background-type":"","background-media":"","overlay-type":"","overlay-color":"","overlay-opacity":"","overlay-gradient":""}},"ast-content-background-meta":{"desktop":{"background-color":"var(--ast-global-color-5)","background-image":"","background-repeat":"repeat","background-position":"center center","background-size":"auto","background-attachment":"scroll","background-type":"","background-media":"","overlay-type":"","overlay-color":"","overlay-opacity":"","overlay-gradient":""},"tablet":{"background-color":"var(--ast-global-color-5)","background-image":"","background-repeat":"repeat","background-position":"center center","background-size":"auto","background-attachment":"scroll","background-type":"","background-media":"","overlay-type":"","overlay-color":"","overlay-opacity":"","overlay-gradient":""},"mobile":{"background-color":"var(--ast-global-color-5)","background-image":"","background-repeat":"repeat","background-position":"center center","background-size":"auto","background-attachment":"scroll","background-type":"","background-media":"","overlay-type":"","overlay-color":"","overlay-opacity":"","overlay-gradient":""}}},"product_brand":[],"product_cat":[1755,1740,1711],"product_tag":[],"class_list":{"0":"post-19115","1":"product","2":"type-product","3":"status-publish","4":"has-post-thumbnail","6":"product_cat-dla-dzieci","7":"product_cat-dla-kobiet","8":"product_cat-higiena-i-pielegnacja-skory","9":"desktop-align-left","10":"tablet-align-left","11":"mobile-align-left","13":"first","14":"instock","15":"taxable","16":"shipping-taxable","17":"purchasable","18":"product-type-simple"},"_links":{"self":[{"href":"https:\/\/mamaterra.lt\/pl\/wp-json\/wp\/v2\/product\/19115","targetHints":{"allow":["GET"]}}],"collection":[{"href":"https:\/\/mamaterra.lt\/pl\/wp-json\/wp\/v2\/product"}],"about":[{"href":"https:\/\/mamaterra.lt\/pl\/wp-json\/wp\/v2\/types\/product"}],"wp:featuredmedia":[{"embeddable":true,"href":"https:\/\/mamaterra.lt\/pl\/wp-json\/wp\/v2\/media\/19110"}],"wp:attachment":[{"href":"https:\/\/mamaterra.lt\/pl\/wp-json\/wp\/v2\/media?parent=19115"}],"wp:term":[{"taxonomy":"product_brand","embeddable":true,"href":"https:\/\/mamaterra.lt\/pl\/wp-json\/wp\/v2\/product_brand?post=19115"},{"taxonomy":"product_cat","embeddable":true,"href":"https:\/\/mamaterra.lt\/pl\/wp-json\/wp\/v2\/product_cat?post=19115"},{"taxonomy":"product_tag","embeddable":true,"href":"https:\/\/mamaterra.lt\/pl\/wp-json\/wp\/v2\/product_tag?post=19115"}],"curies":[{"name":"wp","href":"https:\/\/api.w.org\/{rel}","templated":true}]}}