{"id":19083,"date":"2023-11-17T19:31:34","date_gmt":"2023-11-17T18:31:34","guid":{"rendered":"https:\/\/mamaterra.lt\/parduotuve\/bez-kategorii\/jasmine-oil-jasminum-grandiflorum-25-ml\/"},"modified":"2024-03-10T18:14:36","modified_gmt":"2024-03-10T17:14:36","slug":"jasmine-oil-jasminum-grandiflorum-25-ml","status":"publish","type":"product","link":"https:\/\/mamaterra.lt\/pl\/parduotuve\/olejki-eteryczne\/czyste-olejki-eteryczne\/jasmine-oil-jasminum-grandiflorum-25-ml\/","title":{"rendered":"Olejek ja\u015bminowy  Jasminum grandiflorum 2,5 ml"},"content":{"rendered":"<p>&nbsp;<\/p>\n<p>Wizualnie pi\u0119kny i charakterystyczny, czysto bia\u0142y kwiat ja\u015bminu kojarzy si\u0119 z mi\u0142o\u015bci\u0105 i romansem. Ja\u015bmin ma uspokajaj\u0105cy aromat i pomaga stworzy\u0107 optymistyczn\u0105 atmosfer\u0119.<\/p>\n<h6>Opis<\/h6>\n<p>Jego aromat jest z\u0142o\u017cony i czaruj\u0105cy. Do niedawna jedynym sposobem na uchwycenie jego aromatycznej esencji i stworzenie absolutu by\u0142 z\u0142o\u017cony proces oddzielania substancji lotnych od wosk\u00f3w i \u017cywic delikatnych p\u0142atk\u00f3w. Destylacja parowa nie by\u0142a mo\u017cliwa ze wzgl\u0119du na delikatn\u0105 natur\u0119 p\u0142atk\u00f3w ja\u015bminu. Po latach bada\u0144, doTERRA odkry\u0142a spos\u00f3b na skuteczne pozyskiwanie czystego i naturalnego olejku eterycznego z kwiat\u00f3w ja\u015bminu poprzez destylacj\u0119 z par\u0105 wodn\u0105. Olejek eteryczny doTERRA Jasmine destylowany z par\u0105 wodn\u0105 jest s\u0142odki, \u015bwie\u017cy i kwiatowy, doskonale oddaj\u0105c esencj\u0119 kwiatu w momencie jego otwarcia. Ja\u015bmin ma uspokajaj\u0105cy aromat i pomaga stworzy\u0107 optymistyczn\u0105 atmosfer\u0119. Dodany do oleju no\u015bnikowego, mo\u017ce by\u0107 cz\u0119\u015bci\u0105 relaksuj\u0105cej k\u0105pieli lub koj\u0105cego masa\u017cu. G\u0142\u00f3wny sk\u0142adnik chemiczny ja\u015bminu, benzoesan benzylu, wspomaga zdrowy wygl\u0105d sk\u00f3ry.<\/p>\n<p>&nbsp;<\/p>\n<h6>Zastosowanie<\/h6>\n<ul>\n<li>Rozpyla\u0107 w celu uzyskania ciep\u0142ego i zach\u0119caj\u0105cego aromatu.<\/li>\n<li>Rozcie\u0144czy\u0107 w oleju no\u015bnikowym i doda\u0107 do ciep\u0142ej k\u0105pieli.<\/li>\n<li>Doda\u0107 kilka kropli do frakcjonowanego oleju kokosowego w celu wykonania relaksuj\u0105cego masa\u017cu.<\/li>\n<li>Stosowa\u0107 miejscowo lub dodawa\u0107 do preparat\u00f3w do sk\u00f3ry lub w\u0142os\u00f3w.<\/li>\n<\/ul>\n<p><strong>Za<\/strong><span style=\"font-size: 16px;\"><strong>stosowanie aromatyczne<\/strong>: Doda\u0107 trzy do czterech kropli do wybranego dyfuzora.<\/span><\/p>\n<p><strong>Stosowanie miejscowe<\/strong>: Nanie\u015b\u0107 jedn\u0105 do dw\u00f3ch kropli na wybrany obszar. Rozcie\u0144czy\u0107 olejem no\u015bnikowym, aby zminimalizowa\u0107 nadwra\u017cliwo\u015b\u0107 sk\u00f3ry. Dodatkowe \u015brodki ostro\u017cno\u015bci znajduj\u0105 si\u0119 poni\u017cej.<\/p>\n<p>\u015arodki ostro\u017cno\u015bci<\/p>\n<p>Mo\u017cliwa nadwra\u017cliwo\u015b\u0107 sk\u00f3ry. Przechowywa\u0107 w miejscu niedost\u0119pnym dla dzieci. Je\u015bli jeste\u015b w ci\u0105\u017cy, karmisz piersi\u0105 lub jeste\u015b pod opiek\u0105 lekarza, skonsultuj si\u0119 z lekarzem. Unika\u0107 kontaktu z oczami, uszami wewn\u0119trznymi i wra\u017cliwymi obszarami.<\/p>\n<p>&nbsp;<\/p>\n","protected":false},"excerpt":{"rendered":"<h2><\/h2>\n<ul>\n<li>Zapewnia pocieszaj\u0105cy i zach\u0119caj\u0105cy aromat<\/li>\n<li>Tworzy podnosz\u0105ce na duchu i inspiruj\u0105ce \u015brodowisko<\/li>\n<li>Promuje zdrowy wygl\u0105d sk\u00f3ry<\/li>\n<\/ul>\n","protected":false},"featured_media":19079,"template":"","meta":{"site-sidebar-layout":"default","site-content-layout":"","ast-site-content-layout":"default","site-content-style":"default","site-sidebar-style":"default","ast-global-header-display":"","ast-banner-title-visibility":"","ast-main-header-display":"","ast-hfb-above-header-display":"","ast-hfb-below-header-display":"","ast-hfb-mobile-header-display":"","site-post-title":"","ast-breadcrumbs-content":"","ast-featured-img":"","footer-sml-layout":"","ast-disable-related-posts":"","theme-transparent-header-meta":"default","adv-header-id-meta":"","stick-header-meta":"","header-above-stick-meta":"","header-main-stick-meta":"","header-below-stick-meta":"","astra-migrate-meta-layouts":"set","ast-page-background-enabled":"default","ast-page-background-meta":{"desktop":{"background-color":"","background-image":"","background-repeat":"repeat","background-position":"center center","background-size":"auto","background-attachment":"scroll","background-type":"","background-media":"","overlay-type":"","overlay-color":"","overlay-opacity":"","overlay-gradient":""},"tablet":{"background-color":"","background-image":"","background-repeat":"repeat","background-position":"center center","background-size":"auto","background-attachment":"scroll","background-type":"","background-media":"","overlay-type":"","overlay-color":"","overlay-opacity":"","overlay-gradient":""},"mobile":{"background-color":"","background-image":"","background-repeat":"repeat","background-position":"center center","background-size":"auto","background-attachment":"scroll","background-type":"","background-media":"","overlay-type":"","overlay-color":"","overlay-opacity":"","overlay-gradient":""}},"ast-content-background-meta":{"desktop":{"background-color":"var(--ast-global-color-5)","background-image":"","background-repeat":"repeat","background-position":"center center","background-size":"auto","background-attachment":"scroll","background-type":"","background-media":"","overlay-type":"","overlay-color":"","overlay-opacity":"","overlay-gradient":""},"tablet":{"background-color":"var(--ast-global-color-5)","background-image":"","background-repeat":"repeat","background-position":"center center","background-size":"auto","background-attachment":"scroll","background-type":"","background-media":"","overlay-type":"","overlay-color":"","overlay-opacity":"","overlay-gradient":""},"mobile":{"background-color":"var(--ast-global-color-5)","background-image":"","background-repeat":"repeat","background-position":"center center","background-size":"auto","background-attachment":"scroll","background-type":"","background-media":"","overlay-type":"","overlay-color":"","overlay-opacity":"","overlay-gradient":""}}},"product_brand":[],"product_cat":[1704,1698],"product_tag":[],"class_list":{"0":"post-19083","1":"product","2":"type-product","3":"status-publish","4":"has-post-thumbnail","6":"product_cat-czyste-olejki-eteryczne","7":"product_cat-olejki-eteryczne","8":"desktop-align-left","9":"tablet-align-left","10":"mobile-align-left","12":"first","13":"outofstock","14":"sale","15":"taxable","16":"shipping-taxable","17":"purchasable","18":"product-type-simple"},"_links":{"self":[{"href":"https:\/\/mamaterra.lt\/pl\/wp-json\/wp\/v2\/product\/19083","targetHints":{"allow":["GET"]}}],"collection":[{"href":"https:\/\/mamaterra.lt\/pl\/wp-json\/wp\/v2\/product"}],"about":[{"href":"https:\/\/mamaterra.lt\/pl\/wp-json\/wp\/v2\/types\/product"}],"wp:featuredmedia":[{"embeddable":true,"href":"https:\/\/mamaterra.lt\/pl\/wp-json\/wp\/v2\/media\/19079"}],"wp:attachment":[{"href":"https:\/\/mamaterra.lt\/pl\/wp-json\/wp\/v2\/media?parent=19083"}],"wp:term":[{"taxonomy":"product_brand","embeddable":true,"href":"https:\/\/mamaterra.lt\/pl\/wp-json\/wp\/v2\/product_brand?post=19083"},{"taxonomy":"product_cat","embeddable":true,"href":"https:\/\/mamaterra.lt\/pl\/wp-json\/wp\/v2\/product_cat?post=19083"},{"taxonomy":"product_tag","embeddable":true,"href":"https:\/\/mamaterra.lt\/pl\/wp-json\/wp\/v2\/product_tag?post=19083"}],"curies":[{"name":"wp","href":"https:\/\/api.w.org\/{rel}","templated":true}]}}