{"id":19060,"date":"2023-11-17T19:10:02","date_gmt":"2023-11-17T18:10:02","guid":{"rendered":"https:\/\/mamaterra.lt\/parduotuve\/bez-kategorii\/kapsulki-zelowe-z-mieta-pieprzowa\/"},"modified":"2023-11-17T19:10:02","modified_gmt":"2023-11-17T18:10:02","slug":"mieta-pieprzowa-kapsulki-zelowe","status":"publish","type":"product","link":"https:\/\/mamaterra.lt\/pl\/parduotuve\/olejki-eteryczne\/mieta-pieprzowa-kapsulki-zelowe\/","title":{"rendered":"Kapsu\u0142ki \u017celowe z mi\u0119t\u0105 pieprzow\u0105"},"content":{"rendered":"<p>&nbsp;<\/p>\n<p>Powlekane dojelitowo, te kapsu\u0142ki \u017celowe zapewniaj\u0105 silne dzia\u0142anie olejku eterycznego z mi\u0119ty pieprzowej a\u017c do dolnego odcinka jelita, co oznacza, \u017ce otrzymujesz ukierunkowany komfort trawienny i wsparcie, kt\u00f3rego szuka\u0142e\u015b.*<\/p>\n<h6>Wskaz\u00f3wki dotycz\u0105ce u\u017cytkowania:<\/h6>\n<ul>\n<li>Dla doros\u0142ych przyjmowa\u0107 do dw\u00f3ch kapsu\u0142ek doTERRA Peppermint przed posi\u0142kami.<\/li>\n<li>W przypadku dzieci w wieku o\u015bmiu lat i starszych nale\u017cy przyjmowa\u0107 jedn\u0105 kapsu\u0142k\u0119 przed posi\u0142kami.<\/li>\n<li>Aby uzyska\u0107 najlepsze rezultaty, nale\u017cy przyjmowa\u0107 30-60 minut przed posi\u0142kiem.<\/li>\n<\/ul>\n<h2><\/h2>\n<h6>Co to s\u0105 kapsu\u0142ki z mi\u0119t\u0105 pieprzow\u0105 powlekane dojelitowo?<\/h6>\n<p>Dostarczone przez nasz zesp\u00f3\u0142 lekarzy Prime Meridian\u2122, te kapsu\u0142ki \u017celowe z mi\u0119t\u0105 pieprzow\u0105 zosta\u0142y specjalnie zaprojektowane, aby zapewni\u0107 ukierunkowane wsparcie dolnych cz\u0119\u015bci jelit.* Pow\u0142oka dojelitowa kapsu\u0142ki pozwala mi\u0119kce z mi\u0119t\u0105 pieprzow\u0105 przetrwa\u0107 \u017co\u0142\u0105dek i dotrze\u0107 a\u017c do jelita cienkiego, gdzie  <a href=\"https:\/\/www.doterra.com\/US\/en\/p\/peppermint-oil\">Najskuteczniejszy b\u0119dzie olejek mi\u0119towy<\/a> .*<\/p>\n<h6>Mentol i trawienie<\/h6>\n<p>Jako\u015b\u0107 olejku z mi\u0119ty pieprzowej doTERRA wyr\u00f3\u017cnia si\u0119 nie tylko czysto\u015bci\u0105, ale tak\u017ce wysok\u0105 zawarto\u015bci\u0105 mentolu. Nasza mi\u0119ta pieprzowa jest uprawiana w idealnych warunkach, a tak\u017ce zbierana i destylowana we w\u0142a\u015bciwym czasie, aby uzyska\u0107 optymalny profil chemiczny, w tym wysoki poziom mentolu, co sprawia, \u017ce mi\u0119ta pieprzowa jest tak skuteczna we wspieraniu zdrowych funkcji trawiennych.<\/p>\n<h6>Ulga trawienna dla dolnych cz\u0119\u015bci jelita*<\/h6>\n<p>Badania kliniczne pokazuj\u0105, \u017ce olejek eteryczny z mi\u0119ty pieprzowej wykazuje zdolno\u015b\u0107 do \u0142agodzenia i rozlu\u017aniania mi\u0119\u015bni przewodu pokarmowego oraz uspokajania \u017co\u0142\u0105dka i przewodu pokarmowego.* Pomaga r\u00f3wnie\u017c zmniejszy\u0107 sporadyczne gazy, wzd\u0119cia i inne problemy trawienne.*<\/p>\n<p>Dzi\u0119ki tym kapsu\u0142kom z olejkiem z mi\u0119ty pieprzowej powlekanych dojelitowo Tw\u00f3j umys\u0142 i cia\u0142o mog\u0105 odetchn\u0105\u0107 z ulg\u0105. W tych kapsu\u0142kach \u017celowych z mi\u0119t\u0105 pieprzow\u0105 masz naturalne rozwi\u0105zanie swoich zmartwie\u0144 i trosk trawiennych.* Mo\u017cesz chodzi\u0107 troch\u0119 wy\u017cej i u\u015bmiecha\u0107 si\u0119 troch\u0119 wi\u0119cej dzi\u0119ki nowo odkrytemu komfortowi trawiennemu i jelitowemu.*<\/p>\n<p><iframe title=\"d\u014dTERRA Kapsu\u0142ki \u017celowe z olejkiem eterycznym z mi\u0119ty pieprzowej\" src=\"https:\/\/www.youtube.com\/embed\/ZwC0E-drAmM\" width=\"1083\" height=\"609\" frameborder=\"0\" allowfullscreen=\"allowfullscreen\"><\/iframe><\/p>\n","protected":false},"excerpt":{"rendered":"<p>&nbsp; Powlekane dojelitowo, te kapsu\u0142ki \u017celowe zapewniaj\u0105 silne dzia\u0142anie olejku eterycznego z mi\u0119ty pieprzowej a\u017c do dolnego odcinka jelita, co oznacza, \u017ce otrzymujesz ukierunkowany komfort trawienny i wsparcie, kt\u00f3rego szuka\u0142e\u015b.* Wskaz\u00f3wki dotycz\u0105ce u\u017cytkowania: Dla doros\u0142ych przyjmowa\u0107 do dw\u00f3ch kapsu\u0142ek doTERRA Peppermint przed posi\u0142kami. W przypadku dzieci w wieku o\u015bmiu lat i starszych nale\u017cy przyjmowa\u0107 jedn\u0105 [&hellip;]<\/p>\n","protected":false},"featured_media":19057,"template":"","meta":{"site-sidebar-layout":"default","site-content-layout":"","ast-site-content-layout":"default","site-content-style":"default","site-sidebar-style":"default","ast-global-header-display":"","ast-banner-title-visibility":"","ast-main-header-display":"","ast-hfb-above-header-display":"","ast-hfb-below-header-display":"","ast-hfb-mobile-header-display":"","site-post-title":"","ast-breadcrumbs-content":"","ast-featured-img":"","footer-sml-layout":"","ast-disable-related-posts":"","theme-transparent-header-meta":"default","adv-header-id-meta":"","stick-header-meta":"","header-above-stick-meta":"","header-main-stick-meta":"","header-below-stick-meta":"","astra-migrate-meta-layouts":"default","ast-page-background-enabled":"default","ast-page-background-meta":{"desktop":{"background-color":"","background-image":"","background-repeat":"repeat","background-position":"center center","background-size":"auto","background-attachment":"scroll","background-type":"","background-media":"","overlay-type":"","overlay-color":"","overlay-opacity":"","overlay-gradient":""},"tablet":{"background-color":"","background-image":"","background-repeat":"repeat","background-position":"center center","background-size":"auto","background-attachment":"scroll","background-type":"","background-media":"","overlay-type":"","overlay-color":"","overlay-opacity":"","overlay-gradient":""},"mobile":{"background-color":"","background-image":"","background-repeat":"repeat","background-position":"center center","background-size":"auto","background-attachment":"scroll","background-type":"","background-media":"","overlay-type":"","overlay-color":"","overlay-opacity":"","overlay-gradient":""}},"ast-content-background-meta":{"desktop":{"background-color":"var(--ast-global-color-5)","background-image":"","background-repeat":"repeat","background-position":"center center","background-size":"auto","background-attachment":"scroll","background-type":"","background-media":"","overlay-type":"","overlay-color":"","overlay-opacity":"","overlay-gradient":""},"tablet":{"background-color":"var(--ast-global-color-5)","background-image":"","background-repeat":"repeat","background-position":"center center","background-size":"auto","background-attachment":"scroll","background-type":"","background-media":"","overlay-type":"","overlay-color":"","overlay-opacity":"","overlay-gradient":""},"mobile":{"background-color":"var(--ast-global-color-5)","background-image":"","background-repeat":"repeat","background-position":"center center","background-size":"auto","background-attachment":"scroll","background-type":"","background-media":"","overlay-type":"","overlay-color":"","overlay-opacity":"","overlay-gradient":""}}},"product_brand":[],"product_cat":[1698,1758],"product_tag":[],"class_list":{"0":"post-19060","1":"product","2":"type-product","3":"status-publish","4":"has-post-thumbnail","6":"product_cat-olejki-eteryczne","7":"product_cat-trawienie","8":"desktop-align-left","9":"tablet-align-left","10":"mobile-align-left","12":"first","13":"instock","14":"sale","15":"taxable","16":"shipping-taxable","17":"purchasable","18":"product-type-simple"},"_links":{"self":[{"href":"https:\/\/mamaterra.lt\/pl\/wp-json\/wp\/v2\/product\/19060","targetHints":{"allow":["GET"]}}],"collection":[{"href":"https:\/\/mamaterra.lt\/pl\/wp-json\/wp\/v2\/product"}],"about":[{"href":"https:\/\/mamaterra.lt\/pl\/wp-json\/wp\/v2\/types\/product"}],"wp:featuredmedia":[{"embeddable":true,"href":"https:\/\/mamaterra.lt\/pl\/wp-json\/wp\/v2\/media\/19057"}],"wp:attachment":[{"href":"https:\/\/mamaterra.lt\/pl\/wp-json\/wp\/v2\/media?parent=19060"}],"wp:term":[{"taxonomy":"product_brand","embeddable":true,"href":"https:\/\/mamaterra.lt\/pl\/wp-json\/wp\/v2\/product_brand?post=19060"},{"taxonomy":"product_cat","embeddable":true,"href":"https:\/\/mamaterra.lt\/pl\/wp-json\/wp\/v2\/product_cat?post=19060"},{"taxonomy":"product_tag","embeddable":true,"href":"https:\/\/mamaterra.lt\/pl\/wp-json\/wp\/v2\/product_tag?post=19060"}],"curies":[{"name":"wp","href":"https:\/\/api.w.org\/{rel}","templated":true}]}}