{"id":19046,"date":"2023-11-17T18:48:45","date_gmt":"2023-11-17T17:48:45","guid":{"rendered":"https:\/\/mamaterra.lt\/parduotuve\/bez-kategorii\/kintana-essential-oil-personal-aroma-8-ml-spray\/"},"modified":"2023-11-17T19:01:52","modified_gmt":"2023-11-17T18:01:52","slug":"kintana-essential-oil-personal-aroma-8-ml-spray","status":"publish","type":"product","link":"https:\/\/mamaterra.lt\/pl\/parduotuve\/olejki-eteryczne\/mieszanki-olejkow-eterycznych\/kintana-essential-oil-personal-aroma-8-ml-spray\/","title":{"rendered":"Olejek eteryczny Kintana Personal Aroma 8 ml w sprayu"},"content":{"rendered":"<h6>Olejek eteryczny Kintana Personal Aroma 8 ml w sprayu<\/h6>\n<p>&nbsp;<\/p>\n<p>Podstawowe korzy\u015bci<br \/>\n+ S\u0142odki, subtelny zapach<br \/>\n+ Zapewnia niezwyk\u0142y osobisty aromat dzi\u0119ki olejkom eterycznym CPTG\u00ae i alkoholowi pochodz\u0105cemu z cukru<br \/>\n+ Zapewnia czaruj\u0105co bogaty, \u017cywy aromat<\/p>\n<p>Dziewicza i spektakularna, majestatyczna wyspa Madagaskar jest domem dla osza\u0142amiaj\u0105cych krajobraz\u00f3w, zapieraj\u0105cego dech w piersiach naturalnego pi\u0119kna oraz najbardziej unikalnej flory i fauny na \u015bwiecie.<br \/>\nniespotykanej nigdzie indziej na Ziemi. Ta idylliczna wyspa jest inspiracj\u0105 dla subtelnie s\u0142odkiego Kintana Personal Aroma Spray, pi\u0119knej mieszanki Ylang Ylang, Gardenii, drzewa sanda\u0142owego,<br \/>\nwetiweru, paczuli i go\u017adzika. Te olejki eteryczne \u0142\u0105cz\u0105 si\u0119, aby zapewni\u0107 nieodparty i podnosz\u0105cy na duchu zapach perfum.<\/p>\n<p>Zastosowanie<br \/>\n+ Spryska\u0107 go\u0142\u0105 sk\u00f3r\u0119.<br \/>\n+ Stosowa\u0107 na punkty wyczuwania pulsu, takie jak nadgarstki, \u0142okcie, szyja lub za kolanami.<br \/>\n+ Spryska\u0107 sk\u00f3r\u0119 po k\u0105pieli, aby utrwali\u0107 zapach.<\/p>\n<p>\u015arodki ostro\u017cno\u015bci<br \/>\nMo\u017cliwa nadwra\u017cliwo\u015b\u0107 sk\u00f3ry. Przechowywa\u0107 w miejscu niedost\u0119pnym dla dzieci. Je\u015bli jeste\u015b w ci\u0105\u017cy, karmisz piersi\u0105 lub jeste\u015b pod opiek\u0105 lekarza, skonsultuj si\u0119 z lekarzem. Unika\u0107 kontaktu z oczami, uszami wewn\u0119trznymi i wra\u017cliwymi obszarami.<\/p>\n<p>Unika\u0107 s\u0142o\u0144ca i promieni UV przez co najmniej 12 godzin po na\u0142o\u017ceniu produktu.<\/p>\n<p>\u0141atwopalny do wyschni\u0119cia. Przechowywa\u0107 z dala od p\u0142omieni i \u017ar\u00f3de\u0142 ciep\u0142a.<\/p>\n<p>Sk\u0142adniki<br \/>\nAlkohol, woda (Aqua), olejek Cananga odorata Flower Oil, olejek Gardenia florida Oil, olejek Citrus aurantium bergamia (Bergamot) Fruit Oil, olejek Santalum album (Sandalwood) Oil, olejek Vetiveria zizanoides (Vetiver) Root Oil, olejek Pogostemon cablin Oil, olejek Styrax be<span style=\"font-size: 16px;\">nzoin Resin Extract, Eugenia caryophyllus (Clove) Bud Oil, Evernia prunastri (Oakmoss) Extract<\/span><\/p>\n","protected":false},"excerpt":{"rendered":"<p>Podstawowe korzy\u015bci<br \/>\n+ S\u0142odki, subtelny zapach<br \/>\n+ Zapewnia niezwyk\u0142y osobisty aromat dzi\u0119ki olejkom eterycznym CPTG\u00ae i alkoholowi pochodz\u0105cemu z cukru<br \/>\n+ Zapewnia czaruj\u0105co bogaty, \u017cywy aromat<\/p>\n","protected":false},"featured_media":19042,"template":"","meta":{"site-sidebar-layout":"default","site-content-layout":"","ast-site-content-layout":"default","site-content-style":"default","site-sidebar-style":"default","ast-global-header-display":"","ast-banner-title-visibility":"","ast-main-header-display":"","ast-hfb-above-header-display":"","ast-hfb-below-header-display":"","ast-hfb-mobile-header-display":"","site-post-title":"","ast-breadcrumbs-content":"","ast-featured-img":"","footer-sml-layout":"","ast-disable-related-posts":"","theme-transparent-header-meta":"default","adv-header-id-meta":"","stick-header-meta":"","header-above-stick-meta":"","header-main-stick-meta":"","header-below-stick-meta":"","astra-migrate-meta-layouts":"set","ast-page-background-enabled":"default","ast-page-background-meta":{"desktop":{"background-color":"","background-image":"","background-repeat":"repeat","background-position":"center center","background-size":"auto","background-attachment":"scroll","background-type":"","background-media":"","overlay-type":"","overlay-color":"","overlay-opacity":"","overlay-gradient":""},"tablet":{"background-color":"","background-image":"","background-repeat":"repeat","background-position":"center center","background-size":"auto","background-attachment":"scroll","background-type":"","background-media":"","overlay-type":"","overlay-color":"","overlay-opacity":"","overlay-gradient":""},"mobile":{"background-color":"","background-image":"","background-repeat":"repeat","background-position":"center center","background-size":"auto","background-attachment":"scroll","background-type":"","background-media":"","overlay-type":"","overlay-color":"","overlay-opacity":"","overlay-gradient":""}},"ast-content-background-meta":{"desktop":{"background-color":"var(--ast-global-color-5)","background-image":"","background-repeat":"repeat","background-position":"center center","background-size":"auto","background-attachment":"scroll","background-type":"","background-media":"","overlay-type":"","overlay-color":"","overlay-opacity":"","overlay-gradient":""},"tablet":{"background-color":"var(--ast-global-color-5)","background-image":"","background-repeat":"repeat","background-position":"center center","background-size":"auto","background-attachment":"scroll","background-type":"","background-media":"","overlay-type":"","overlay-color":"","overlay-opacity":"","overlay-gradient":""},"mobile":{"background-color":"var(--ast-global-color-5)","background-image":"","background-repeat":"repeat","background-position":"center center","background-size":"auto","background-attachment":"scroll","background-type":"","background-media":"","overlay-type":"","overlay-color":"","overlay-opacity":"","overlay-gradient":""}}},"product_brand":[],"product_cat":[1740,1702,1688,1692],"product_tag":[1882,1883,1884,1885,1886],"class_list":{"0":"post-19046","1":"product","2":"type-product","3":"status-publish","4":"has-post-thumbnail","6":"product_cat-dla-kobiet","7":"product_cat-mieszanki-olejkow-eterycznych","8":"product_cat-prezenty","9":"product_cat-prezenty-dla-kobiet","10":"product_tag-for-women-pl","11":"product_tag-fragrance-pl","12":"product_tag-gift-pl","13":"product_tag-personal-aroma-pl","14":"product_tag-personalhygiene-pl","15":"desktop-align-left","16":"tablet-align-left","17":"mobile-align-left","19":"first","20":"outofstock","21":"sale","22":"taxable","23":"shipping-taxable","24":"purchasable","25":"product-type-simple"},"_links":{"self":[{"href":"https:\/\/mamaterra.lt\/pl\/wp-json\/wp\/v2\/product\/19046","targetHints":{"allow":["GET"]}}],"collection":[{"href":"https:\/\/mamaterra.lt\/pl\/wp-json\/wp\/v2\/product"}],"about":[{"href":"https:\/\/mamaterra.lt\/pl\/wp-json\/wp\/v2\/types\/product"}],"wp:featuredmedia":[{"embeddable":true,"href":"https:\/\/mamaterra.lt\/pl\/wp-json\/wp\/v2\/media\/19042"}],"wp:attachment":[{"href":"https:\/\/mamaterra.lt\/pl\/wp-json\/wp\/v2\/media?parent=19046"}],"wp:term":[{"taxonomy":"product_brand","embeddable":true,"href":"https:\/\/mamaterra.lt\/pl\/wp-json\/wp\/v2\/product_brand?post=19046"},{"taxonomy":"product_cat","embeddable":true,"href":"https:\/\/mamaterra.lt\/pl\/wp-json\/wp\/v2\/product_cat?post=19046"},{"taxonomy":"product_tag","embeddable":true,"href":"https:\/\/mamaterra.lt\/pl\/wp-json\/wp\/v2\/product_tag?post=19046"}],"curies":[{"name":"wp","href":"https:\/\/api.w.org\/{rel}","templated":true}]}}