{"id":19021,"date":"2023-11-14T18:45:09","date_gmt":"2023-11-14T17:45:09","guid":{"rendered":"https:\/\/mamaterra.lt\/?post_type=product&#038;p=19021"},"modified":"2023-11-14T19:18:00","modified_gmt":"2023-11-14T18:18:00","slug":"doterra-adaptiv-beard-blend-olejkow-eterycznych-30ml-copy","status":"publish","type":"product","link":"https:\/\/mamaterra.lt\/pl\/parduotuve\/olejki-eteryczne\/mieszanki-olejkow-eterycznych\/doterra-adaptiv-beard-blend-olejkow-eterycznych-30ml-copy\/","title":{"rendered":"doTERRA Adaptiv Beard Blend olejk\u00f3w eterycznych 30ml"},"content":{"rendered":"<p><strong>doTERRA Adaptiv Beard Blend olejk\u00f3w eterycznych <\/strong><\/p>\n<p>30ml<\/p>\n<p>&nbsp;<\/p>\n<p>Stosuj\u0105c olejek doTERRA Adaptiv Beard zapomnisz o szorstkich w\u0142osach. Zaledwie kilka kropli dziennie pomo\u017ce utrzyma\u0107 mi\u0119kkie, elastyczne i nawil\u017cone w\u0142osy.<\/p>\n<ul>\n<li>Nawil\u017ca i od\u017cywia sk\u00f3r\u0119 oraz utrzymuje kszta\u0142t zarostu.<\/li>\n<li>Nawil\u017ca sk\u00f3r\u0119 i zmi\u0119kcza brod\u0119 olejkami arganowym, jojoba, awokado i s\u0142onecznikowym.<\/li>\n<li>Zawiera mieszank\u0119 olejk\u00f3w eterycznych Adaptiv\u2122, zawieraj\u0105ca olejki eteryczne CPTG\u00ae: Lavender, Magnolia, Neroli, dzika pomara\u0144cza, mi\u0119ta zielona, Copaiba i rozmaryn, olejek do brody ma \u015bwie\u017cy i cytrusowy aromat, kt\u00f3ry zapewnia centrowanie i odnawiaj\u0105c\u0105 atmosfer\u0119, sprawiaj\u0105c, \u017ce piel\u0119gnacja staje si\u0119 przyjemno\u015bci\u0105.<\/li>\n<\/ul>\n<p>&nbsp;<\/p>\n","protected":false},"excerpt":{"rendered":"<ul>\n<li>Nawil\u017ca i od\u017cywia sk\u00f3r\u0119 oraz utrzymuje kszta\u0142t zarostu<\/li>\n<li>Nawil\u017ca sk\u00f3r\u0119 i zmi\u0119kcza brod\u0119 olejkami arganowym, jojoba, awokado i s\u0142onecznikowym<\/li>\n<li>Zawiera mieszank\u0119 olejk\u00f3w eterycznych Adaptiv\u2122, zawieraj\u0105ca olejki eteryczne CPTG\u00ae: Lavender, Magnolia, Neroli, dzika pomara\u0144cza, mi\u0119ta zielona, Copaiba i rozmaryn, olejek do brody ma \u015bwie\u017cy i cytrusowy aromat, kt\u00f3ry zapewnia centrowanie i odnawiaj\u0105c\u0105 atmosfer\u0119, sprawiaj\u0105c, \u017ce piel\u0119gnacja staje si\u0119 przyjemno\u015bci\u0105.<\/li>\n<li><\/li>\n<\/ul>\n","protected":false},"featured_media":19026,"template":"","meta":{"site-sidebar-layout":"default","site-content-layout":"default","ast-site-content-layout":"default","site-content-style":"default","site-sidebar-style":"default","ast-global-header-display":"","ast-banner-title-visibility":"","ast-main-header-display":"","ast-hfb-above-header-display":"","ast-hfb-below-header-display":"","ast-hfb-mobile-header-display":"","site-post-title":"","ast-breadcrumbs-content":"","ast-featured-img":"","footer-sml-layout":"","ast-disable-related-posts":"","theme-transparent-header-meta":"default","adv-header-id-meta":"","stick-header-meta":"","header-above-stick-meta":"","header-main-stick-meta":"","header-below-stick-meta":"","astra-migrate-meta-layouts":"set","ast-page-background-enabled":"default","ast-page-background-meta":{"desktop":{"background-color":"","background-image":"","background-repeat":"repeat","background-position":"center center","background-size":"auto","background-attachment":"scroll","background-type":"","background-media":"","overlay-type":"","overlay-color":"","overlay-opacity":"","overlay-gradient":""},"tablet":{"background-color":"","background-image":"","background-repeat":"repeat","background-position":"center center","background-size":"auto","background-attachment":"scroll","background-type":"","background-media":"","overlay-type":"","overlay-color":"","overlay-opacity":"","overlay-gradient":""},"mobile":{"background-color":"","background-image":"","background-repeat":"repeat","background-position":"center center","background-size":"auto","background-attachment":"scroll","background-type":"","background-media":"","overlay-type":"","overlay-color":"","overlay-opacity":"","overlay-gradient":""}},"ast-content-background-meta":{"desktop":{"background-color":"var(--ast-global-color-5)","background-image":"","background-repeat":"repeat","background-position":"center center","background-size":"auto","background-attachment":"scroll","background-type":"","background-media":"","overlay-type":"","overlay-color":"","overlay-opacity":"","overlay-gradient":""},"tablet":{"background-color":"var(--ast-global-color-5)","background-image":"","background-repeat":"repeat","background-position":"center center","background-size":"auto","background-attachment":"scroll","background-type":"","background-media":"","overlay-type":"","overlay-color":"","overlay-opacity":"","overlay-gradient":""},"mobile":{"background-color":"var(--ast-global-color-5)","background-image":"","background-repeat":"repeat","background-position":"center center","background-size":"auto","background-attachment":"scroll","background-type":"","background-media":"","overlay-type":"","overlay-color":"","overlay-opacity":"","overlay-gradient":""}}},"product_brand":[],"product_cat":[1711,1702,1688,1695],"product_tag":[760,1055],"class_list":{"0":"post-19021","1":"product","2":"type-product","3":"status-publish","4":"has-post-thumbnail","6":"product_cat-higiena-i-pielegnacja-skory","7":"product_cat-mieszanki-olejkow-eterycznych","8":"product_cat-prezenty","9":"product_cat-prezenty-dla-mezczyzn","10":"product_tag-30ml-pl","11":"product_tag-northern-escape-pl","12":"desktop-align-left","13":"tablet-align-left","14":"mobile-align-left","16":"first","17":"outofstock","18":"taxable","19":"shipping-taxable","20":"purchasable","21":"product-type-simple"},"_links":{"self":[{"href":"https:\/\/mamaterra.lt\/pl\/wp-json\/wp\/v2\/product\/19021","targetHints":{"allow":["GET"]}}],"collection":[{"href":"https:\/\/mamaterra.lt\/pl\/wp-json\/wp\/v2\/product"}],"about":[{"href":"https:\/\/mamaterra.lt\/pl\/wp-json\/wp\/v2\/types\/product"}],"wp:featuredmedia":[{"embeddable":true,"href":"https:\/\/mamaterra.lt\/pl\/wp-json\/wp\/v2\/media\/19026"}],"wp:attachment":[{"href":"https:\/\/mamaterra.lt\/pl\/wp-json\/wp\/v2\/media?parent=19021"}],"wp:term":[{"taxonomy":"product_brand","embeddable":true,"href":"https:\/\/mamaterra.lt\/pl\/wp-json\/wp\/v2\/product_brand?post=19021"},{"taxonomy":"product_cat","embeddable":true,"href":"https:\/\/mamaterra.lt\/pl\/wp-json\/wp\/v2\/product_cat?post=19021"},{"taxonomy":"product_tag","embeddable":true,"href":"https:\/\/mamaterra.lt\/pl\/wp-json\/wp\/v2\/product_tag?post=19021"}],"curies":[{"name":"wp","href":"https:\/\/api.w.org\/{rel}","templated":true}]}}