{"id":18832,"date":"2023-10-01T17:31:28","date_gmt":"2023-10-01T16:31:28","guid":{"rendered":"https:\/\/mamaterra.lt\/?post_type=product&#038;p=18832"},"modified":"2024-03-10T17:41:17","modified_gmt":"2024-03-10T16:41:17","slug":"myrrh-touch-doterra-olejek-eteryczny-10ml","status":"publish","type":"product","link":"https:\/\/mamaterra.lt\/pl\/parduotuve\/olejki-eteryczne\/czyste-olejki-eteryczne\/myrrh-touch-doterra-olejek-eteryczny-10ml\/","title":{"rendered":"MYRRH touch doTERRA Olejek Eteryczny 10ml"},"content":{"rendered":"<h6>MYRRH touch doTERRA Olejek Eteryczny 10ml<\/h6>\n<p>Commiphora myrrha | 10ml<\/p>\n<p>&nbsp;<\/p>\n<p>Mirra jest uwa\u017cana za jeden z najcenniejszych olejk\u00f3w na \u015bwiecie. Jej zdolno\u015b\u0107 do poprawy wygl\u0105du sk\u00f3ry sprawia, \u017ce jest kluczowym sk\u0142adnikiem wielu produkt\u00f3w do piel\u0119gnacji sk\u00f3ry, w tym doTERRA Salubelle. Przez wieki mirra by\u0142a wykorzystywana zar\u00f3wno w medytacji, jak i praktykach balsamowania. W dzisiejszych czasach nadal jest wysoko ceniona ze wzgl\u0119du na swoj\u0105 warto\u015b\u0107 w r\u00f3\u017cnych zastosowaniach, takich jak perfumy, kadzid\u0142a i kosmetyki. doTERRA \u0142\u0105czy olejek eteryczny z mirry z frakcjonowanym olejem kokosowym, aby stworzy\u0107 doskonale nawil\u017caj\u0105cy, odm\u0142adzaj\u0105cy dodatek do codziennej piel\u0119gnacji sk\u00f3ry.<\/p>\n<p>Olejek eteryczny mirra doTERRA ma silne w\u0142a\u015bciwo\u015bci oczyszczaj\u0105ce, szczeg\u00f3lnie dobre dla dzi\u0105se\u0142, gard\u0142a i jamy ustnej, a tak\u017ce nadaje sk\u00f3rze m\u0142odzie\u0144czy wygl\u0105d.<\/p>\n<p>Pomaga zachowa\u0107 r\u00f3wnowag\u0119 emocjonaln\u0105 i dobre samopoczucie<br \/>\nKorzystnie wp\u0142ywa na praktyk\u0119 uwa\u017cno\u015bci, zwi\u0119kszaj\u0105c koncentracj\u0119 i poczucie spokoju.<br \/>\nKoi sk\u00f3r\u0119, pozostawiaj\u0105c j\u0105 czyst\u0105 i m\u0142odo wygl\u0105daj\u0105c\u0105.<\/p>\n<p>Wi\u0119cej informacji o <strong>mirrze<\/strong> <strong>doTERRA<\/strong> <strong>Olejek eteryczny <\/strong>znajdziesz w poni\u017cszym filmie.<\/p>\n<p><iframe title=\"d\u014dTERRA Olejek eteryczny z mirry\" src=\"https:\/\/www.youtube.com\/embed\/foVE7H7r_nk\" width=\"853\" height=\"480\" frameborder=\"0\" allowfullscreen=\"allowfullscreen\"><\/iframe><\/p>\n","protected":false},"excerpt":{"rendered":"<ul>\n<li>Pomaga poczu\u0107 r\u00f3wnowag\u0119 emocjonaln\u0105 i dobre samopoczucie<\/li>\n<li>Doskona\u0142y \u015brodek oczyszczaj\u0105cy, szczeg\u00f3lnie odpowiedni dla gard\u0142a i jamy ustnej<\/li>\n<li>\u0141agodzi sk\u00f3r\u0119, oczyszcza j\u0105 i wygl\u0105da m\u0142odzie\u0144czo<\/li>\n<\/ul>\n","protected":false},"featured_media":21475,"template":"","meta":{"site-sidebar-layout":"default","site-content-layout":"default","ast-site-content-layout":"default","site-content-style":"default","site-sidebar-style":"default","ast-global-header-display":"","ast-banner-title-visibility":"","ast-main-header-display":"","ast-hfb-above-header-display":"","ast-hfb-below-header-display":"","ast-hfb-mobile-header-display":"","site-post-title":"","ast-breadcrumbs-content":"","ast-featured-img":"","footer-sml-layout":"","ast-disable-related-posts":"","theme-transparent-header-meta":"default","adv-header-id-meta":"","stick-header-meta":"","header-above-stick-meta":"","header-main-stick-meta":"","header-below-stick-meta":"","astra-migrate-meta-layouts":"set","ast-page-background-enabled":"default","ast-page-background-meta":{"desktop":{"background-color":"","background-image":"","background-repeat":"repeat","background-position":"center center","background-size":"auto","background-attachment":"scroll","background-type":"","background-media":"","overlay-type":"","overlay-color":"","overlay-opacity":"","overlay-gradient":""},"tablet":{"background-color":"","background-image":"","background-repeat":"repeat","background-position":"center center","background-size":"auto","background-attachment":"scroll","background-type":"","background-media":"","overlay-type":"","overlay-color":"","overlay-opacity":"","overlay-gradient":""},"mobile":{"background-color":"","background-image":"","background-repeat":"repeat","background-position":"center center","background-size":"auto","background-attachment":"scroll","background-type":"","background-media":"","overlay-type":"","overlay-color":"","overlay-opacity":"","overlay-gradient":""}},"ast-content-background-meta":{"desktop":{"background-color":"var(--ast-global-color-5)","background-image":"","background-repeat":"repeat","background-position":"center center","background-size":"auto","background-attachment":"scroll","background-type":"","background-media":"","overlay-type":"","overlay-color":"","overlay-opacity":"","overlay-gradient":""},"tablet":{"background-color":"var(--ast-global-color-5)","background-image":"","background-repeat":"repeat","background-position":"center center","background-size":"auto","background-attachment":"scroll","background-type":"","background-media":"","overlay-type":"","overlay-color":"","overlay-opacity":"","overlay-gradient":""},"mobile":{"background-color":"var(--ast-global-color-5)","background-image":"","background-repeat":"repeat","background-position":"center center","background-size":"auto","background-attachment":"scroll","background-type":"","background-media":"","overlay-type":"","overlay-color":"","overlay-opacity":"","overlay-gradient":""}}},"product_brand":[],"product_cat":[1704,1738,1711,1698,1752],"product_tag":[726,1041,1533],"class_list":{"0":"post-18832","1":"product","2":"type-product","3":"status-publish","4":"has-post-thumbnail","6":"product_cat-czyste-olejki-eteryczne","7":"product_cat-do-spania","8":"product_cat-higiena-i-pielegnacja-skory","9":"product_cat-olejki-eteryczne","10":"product_cat-radzenia-sobie-ze-stresem","11":"product_tag-15-ml-pl-2","12":"product_tag-myrrh-pl","13":"product_tag-olejki-eteryczne","14":"desktop-align-left","15":"tablet-align-left","16":"mobile-align-left","18":"first","19":"outofstock","20":"taxable","21":"shipping-taxable","22":"purchasable","23":"product-type-simple"},"_links":{"self":[{"href":"https:\/\/mamaterra.lt\/pl\/wp-json\/wp\/v2\/product\/18832","targetHints":{"allow":["GET"]}}],"collection":[{"href":"https:\/\/mamaterra.lt\/pl\/wp-json\/wp\/v2\/product"}],"about":[{"href":"https:\/\/mamaterra.lt\/pl\/wp-json\/wp\/v2\/types\/product"}],"wp:featuredmedia":[{"embeddable":true,"href":"https:\/\/mamaterra.lt\/pl\/wp-json\/wp\/v2\/media\/21475"}],"wp:attachment":[{"href":"https:\/\/mamaterra.lt\/pl\/wp-json\/wp\/v2\/media?parent=18832"}],"wp:term":[{"taxonomy":"product_brand","embeddable":true,"href":"https:\/\/mamaterra.lt\/pl\/wp-json\/wp\/v2\/product_brand?post=18832"},{"taxonomy":"product_cat","embeddable":true,"href":"https:\/\/mamaterra.lt\/pl\/wp-json\/wp\/v2\/product_cat?post=18832"},{"taxonomy":"product_tag","embeddable":true,"href":"https:\/\/mamaterra.lt\/pl\/wp-json\/wp\/v2\/product_tag?post=18832"}],"curies":[{"name":"wp","href":"https:\/\/api.w.org\/{rel}","templated":true}]}}