{"id":18810,"date":"2023-10-01T16:25:49","date_gmt":"2023-10-01T15:25:49","guid":{"rendered":"https:\/\/mamaterra.lt\/?post_type=product&#038;p=18810"},"modified":"2023-11-14T20:33:15","modified_gmt":"2023-11-14T19:33:15","slug":"zapach-goldenrod-vetiver-pure-doterra-olejek-eteryczny-15ml-copy","status":"publish","type":"product","link":"https:\/\/mamaterra.lt\/pl\/parduotuve\/olejki-eteryczne\/czyste-olejki-eteryczne\/zapach-goldenrod-vetiver-pure-doterra-olejek-eteryczny-15ml-copy\/","title":{"rendered":"VETIVER TOUCH 10ml"},"content":{"rendered":"<p><strong>Olejek eteryczny Vetiver z frakcjonowanym olejem kokosowym gotowy do na\u0142o\u017cenia na sk\u00f3r\u0119<\/strong><\/p>\n<p>Vetiveria zizanioides | 10ml<\/p>\n<p>Olejek eteryczny z wetywerii (pachn\u0105cej naw\u0142oci) ma bogaty i atrakcyjny z\u0142o\u017cony egzotyczny zapach. Z solidnych korzeni wysokiej trawy, olejek eteryczny z Wetywerii (pachn\u0105cej naw\u0142oci) jest cz\u0119sto nazywany &#8222;zapachem gleby&#8221; i &#8222;u\u015bpionym olejem&#8221; przez destylacj\u0119 par\u0105 wodn\u0105. Olej ten jest wysoko ceniony za dzia\u0142anie koj\u0105ce i uziemiaj\u0105ce. Aby stworzy\u0107 Vetiver Touch, specjali\u015bci doTERRA zmieszali olejek eteryczny Vetiver\u00a0 z frakcjonowanym olejem kokosowym (frakcjonowany olej kokosowy), dzi\u0119ki czemu mo\u017cna natychmiast u\u017cy\u0107 tego produktu w ramach przygotowa\u0144 do odpoczynku lub jako cz\u0119\u015b\u0107 od\u017cywczego schematu piel\u0119gnacji sk\u00f3ry, kt\u00f3ry od\u017cywia i nawil\u017ca. W przeciwie\u0144stwie do olejku eterycznego z tej ro\u015bliny, zapach produktu jest bardziej mi\u0119kki, a sam produkt jest prezentowany w wygodnej butelce z aplikatorem kulkowym, przystosowanym do wygodnego u\u017cytkowania.<\/p>\n<h4 class=\"product-whats-inside__info-list-item-title\">G\u0142\u00f3wne zalety<\/h4>\n<ul>\n<li>Ciep\u0142y, s\u0142odki i ziemisty aromat drzewny.<\/li>\n<li>Stosowany na sk\u00f3r\u0119 i \u0142agodzi.<\/li>\n<li>U\u017cywany w nocy pomaga stworzy\u0107 uspokajaj\u0105c\u0105 i relaksuj\u0105c\u0105 atmosfer\u0119.<\/li>\n<li>Ze wzgl\u0119du na dzia\u0142anie koj\u0105ce jest cz\u0119sto stosowany do masa\u017cu.<\/li>\n<li>Zmieszany z frakcjonowanym olejem kokosowym (frakcjonowanym olejem kokosowym), kt\u00f3ry od\u017cywia i nawil\u017ca sk\u00f3r\u0119.<\/li>\n<li>Zrobi\u0142 sobie przerw\u0119? U\u017cyj olejku z wetiwerii (pachn\u0105cej naw\u0142oci) po wzi\u0119ciu prysznica. Aby uzyska\u0107 najlepsze rezultaty, na\u0142\u00f3\u017c na sk\u00f3r\u0119, aby zablokowa\u0107 w niej wilgo\u0107 i ciesz si\u0119 bogatym, ciep\u0142ym zapachem. Te proste czynno\u015bci stworz\u0105 idealn\u0105 atmosfer\u0119 po wzi\u0119ciu prysznica i pomog\u0105 cieszy\u0107 si\u0119 dzia\u0142aniem przeciwb\u00f3lowym i koj\u0105cym podczas przygotowa\u0144 do odpoczynku.<\/li>\n<li>Nak\u0142adaj na nadgarstki, siekacze, szyj\u0119 lub stopy, aby poczu\u0107 spok\u00f3j i odpoczynek.<\/li>\n<li>W\u0142\u0105cz Vetiver Touch do codziennej piel\u0119gnacji sk\u00f3ry i poczuj stabilno\u015b\u0107 i pokor\u0119.<\/li>\n<li>S\u0142u\u017cy do masa\u017cu relaksacyjnego po wysi\u0142ku.<\/li>\n<\/ul>\n<p>Wetyweria jest uprawiana tam, gdzie inne ro\u015bliny nie rosn\u0105 &#8211; na suchej glebie. Ro\u015blina ro\u015bnie przez 16-18 miesi\u0119cy, wi\u0119c na Haiti biedni hodowcy otrzymywali wynagrodzenie raz na 18 miesi\u0119cy. Doterra zmieni\u0142a \u017cycie wielu ludzi na Haiti, inwestuj\u0105c w szkolenie hodowc\u00f3w w zakresie uprawy i<span style=\"font-size: 16px;\"> Aby wyodr\u0119bni\u0107 olej o najbardziej terapeutycznych w\u0142a\u015bciwo\u015bciach, p\u0142aci sta\u0142\u0105 uczciw\u0105 pensj\u0119. I mo\u017cemy cieszy\u0107 si\u0119 g\u0142\u0119bokim relaksem.<\/span><\/p>\n<div class=\"product-benefits__copy\"><strong style=\"font-size: 16px;\">\u015arodki ostro\u017cno\u015bci<\/strong><\/div>\n<div>\n<div class=\"product-uses__cautions\">\n<div class=\"product-uses__cautions-body\">\n<p>Mo\u017ce podra\u017cnia\u0107 sk\u00f3r\u0119. Przechowywa\u0107 w miejscu niedost\u0119pnym dla dzieci. Je\u015bli pacjentka jest w ci\u0105\u017cy, karmi piersi\u0105 lub jest pod nadzorem lekarza, powinna porozmawia\u0107 o tym z lekarzem. Nie dosta\u0107 si\u0119 do oczu, ucha wewn\u0119trznego i wra\u017cliwych obszar\u00f3w.<\/p>\n<\/div>\n<\/div>\n<\/div>\n<p>Wi\u0119cej informacji o <strong>pachn\u0105cej naw\u0142oci (VETIVER)<\/strong> <strong>doTERRA<\/strong> <strong>Olejek eteryczny <\/strong>znajdziesz w poni\u017cszym filmie.<\/p>\n<p><iframe title=\"Zastosowania i korzy\u015bci oleju wetiwerowego | olejki eteryczne doTERRA\" src=\"https:\/\/www.youtube.com\/embed\/3AY8sSF2VUA\" width=\"853\" height=\"480\" frameborder=\"0\" allowfullscreen=\"allowfullscreen\"><\/iframe><\/p>\n","protected":false},"excerpt":{"rendered":"<ul>\n<li>Olejek eteryczny z pachn\u0105cej naw\u0142oci znany jest ze swoich w\u0142a\u015bciwo\u015bci uziemiaj\u0105cych<\/li>\n<li>S\u0142u\u017cy do koj\u0105cego masa\u017cu aromatycznego<\/li>\n<li>U\u017cyj w swoich ulubionych aromatycznych mieszankach jako ziemistej nuty bazowej<\/li>\n<\/ul>\n","protected":false},"featured_media":18825,"template":"","meta":{"site-sidebar-layout":"default","site-content-layout":"default","ast-site-content-layout":"default","site-content-style":"default","site-sidebar-style":"default","ast-global-header-display":"","ast-banner-title-visibility":"","ast-main-header-display":"","ast-hfb-above-header-display":"","ast-hfb-below-header-display":"","ast-hfb-mobile-header-display":"","site-post-title":"","ast-breadcrumbs-content":"","ast-featured-img":"","footer-sml-layout":"","ast-disable-related-posts":"","theme-transparent-header-meta":"default","adv-header-id-meta":"","stick-header-meta":"","header-above-stick-meta":"","header-main-stick-meta":"","header-below-stick-meta":"","astra-migrate-meta-layouts":"set","ast-page-background-enabled":"default","ast-page-background-meta":{"desktop":{"background-color":"","background-image":"","background-repeat":"repeat","background-position":"center center","background-size":"auto","background-attachment":"scroll","background-type":"","background-media":"","overlay-type":"","overlay-color":"","overlay-opacity":"","overlay-gradient":""},"tablet":{"background-color":"","background-image":"","background-repeat":"repeat","background-position":"center center","background-size":"auto","background-attachment":"scroll","background-type":"","background-media":"","overlay-type":"","overlay-color":"","overlay-opacity":"","overlay-gradient":""},"mobile":{"background-color":"","background-image":"","background-repeat":"repeat","background-position":"center center","background-size":"auto","background-attachment":"scroll","background-type":"","background-media":"","overlay-type":"","overlay-color":"","overlay-opacity":"","overlay-gradient":""}},"ast-content-background-meta":{"desktop":{"background-color":"var(--ast-global-color-5)","background-image":"","background-repeat":"repeat","background-position":"center center","background-size":"auto","background-attachment":"scroll","background-type":"","background-media":"","overlay-type":"","overlay-color":"","overlay-opacity":"","overlay-gradient":""},"tablet":{"background-color":"var(--ast-global-color-5)","background-image":"","background-repeat":"repeat","background-position":"center center","background-size":"auto","background-attachment":"scroll","background-type":"","background-media":"","overlay-type":"","overlay-color":"","overlay-opacity":"","overlay-gradient":""},"mobile":{"background-color":"var(--ast-global-color-5)","background-image":"","background-repeat":"repeat","background-position":"center center","background-size":"auto","background-attachment":"scroll","background-type":"","background-media":"","overlay-type":"","overlay-color":"","overlay-opacity":"","overlay-gradient":""}}},"product_brand":[],"product_cat":[1704,1738,1698,1752],"product_tag":[726,1533,872],"class_list":{"0":"post-18810","1":"product","2":"type-product","3":"status-publish","4":"has-post-thumbnail","6":"product_cat-czyste-olejki-eteryczne","7":"product_cat-do-spania","8":"product_cat-olejki-eteryczne","9":"product_cat-radzenia-sobie-ze-stresem","10":"product_tag-15-ml-pl-2","11":"product_tag-olejki-eteryczne","12":"product_tag-vetiver-pl","13":"desktop-align-left","14":"tablet-align-left","15":"mobile-align-left","17":"first","18":"instock","19":"taxable","20":"shipping-taxable","21":"purchasable","22":"product-type-simple"},"_links":{"self":[{"href":"https:\/\/mamaterra.lt\/pl\/wp-json\/wp\/v2\/product\/18810","targetHints":{"allow":["GET"]}}],"collection":[{"href":"https:\/\/mamaterra.lt\/pl\/wp-json\/wp\/v2\/product"}],"about":[{"href":"https:\/\/mamaterra.lt\/pl\/wp-json\/wp\/v2\/types\/product"}],"wp:featuredmedia":[{"embeddable":true,"href":"https:\/\/mamaterra.lt\/pl\/wp-json\/wp\/v2\/media\/18825"}],"wp:attachment":[{"href":"https:\/\/mamaterra.lt\/pl\/wp-json\/wp\/v2\/media?parent=18810"}],"wp:term":[{"taxonomy":"product_brand","embeddable":true,"href":"https:\/\/mamaterra.lt\/pl\/wp-json\/wp\/v2\/product_brand?post=18810"},{"taxonomy":"product_cat","embeddable":true,"href":"https:\/\/mamaterra.lt\/pl\/wp-json\/wp\/v2\/product_cat?post=18810"},{"taxonomy":"product_tag","embeddable":true,"href":"https:\/\/mamaterra.lt\/pl\/wp-json\/wp\/v2\/product_tag?post=18810"}],"curies":[{"name":"wp","href":"https:\/\/api.w.org\/{rel}","templated":true}]}}