{"id":18681,"date":"2023-09-02T20:16:20","date_gmt":"2023-09-02T19:16:20","guid":{"rendered":"https:\/\/mamaterra.lt\/parduotuve\/bez-kategorii\/doterra-terrakotinis-pasyvusis-difuzorius-2vnt\/"},"modified":"2023-09-02T20:24:26","modified_gmt":"2023-09-02T19:24:26","slug":"doterra-terrakotinis-pasyvusis-difuzorius-2vnt","status":"publish","type":"product","link":"https:\/\/mamaterra.lt\/pl\/parduotuve\/dyfuzory\/doterra-terrakotinis-pasyvusis-difuzorius-2vnt\/","title":{"rendered":"doTERRA Dyfuzor pasywny Terrastone 2 szt."},"content":{"rendered":"<p>Ciesz si\u0119 olejkami eterycznymi d\u014dTERRA CPTG\u00ae gdziekolwiek jeste\u015b dzi\u0119ki tej parze przeno\u015bnych i ekologicznych dyfuzor\u00f3w Terrastone Passive Diffusers. Umieszczone w nadaj\u0105cym si\u0119 do recyklingu aluminium, te stylowe i funkcjonalne dyfuzory s\u0105 ma\u0142e, wielokrotnego u\u017cytku, przyjazne dla \u015brodowiska i zaprojektowane tak, aby doda\u0107 aromatu, atmosfery i stylu do ka\u017cdej przestrzeni. Mo\u017cna je umie\u015bci\u0107 na dowolnej p\u0142askiej powierzchni za pomoc\u0105 do\u0142\u0105czonej lepkiej gumowej podk\u0142adki lub przymocowa\u0107 do powierzchni magnetycznej za pomoc\u0105 wbudowanego magnesu w podstawie. Dodaj kilka kropli olejku eterycznego do powierzchni Terrastone, aby uzyska\u0107 odrobin\u0119 \u015bwie\u017co\u015bci &#8211; na p\u00f3\u0142ce szafy na bielizn\u0119, w rogu biurka lub na hotelowej szafce nocnej. Aby zachowa\u0107 ulubiony aromat, dyfuzory s\u0105 wyposa\u017cone w zamykan\u0105 pokrywk\u0119. Pasywne dyfuzory Terrastone to tak\u017ce wspania\u0142y spos\u00f3b na zapoznanie kogo\u015b z pi\u0119knem dyfuzji olejk\u00f3w eterycznych, a tak\u017ce przemy\u015blany prezent dla gospodyni na \u015bwi\u0105teczne przyj\u0119cia, do pokoju siostrzenicy w akademiku lub dla siebie.<br \/>\nOtw\u00f3rz pokryw\u0119. Dodaj 5-8 kropli wybranego olejku na powierzchni\u0119 dyfuzora. W razie potrzeby uzupe\u0142nij dodatkowymi kroplami olejku. Umie\u015b\u0107 dyfuzor na dowolnej p\u0142askiej powierzchni za pomoc\u0105 do\u0142\u0105czonej lepkiej gumowej podk\u0142adki lub przymocuj do powierzchni magnetycznej za pomoc\u0105 magnesu wbudowanego w podstaw\u0119. Aby unikn\u0105\u0107 uszkodze\u0144, dyfuzory nale\u017cy trzyma\u0107 z dala od urz\u0105dze\u0144 precyzyjnych, kt\u00f3re mog\u0105 by\u0107 wra\u017cliwe na dzia\u0142anie si\u0142y magnetycznej. U\u017cywa\u0107 wy\u0142\u0105cznie zgodnie z zaleceniami.<\/p>\n","protected":false},"excerpt":{"rendered":"<p>Ciesz si\u0119 olejkami eterycznymi d\u014dTERRA CPTG\u00ae gdziekolwiek jeste\u015b dzi\u0119ki tej parze przeno\u015bnych i ekologicznych dyfuzor\u00f3w Terrastone Passive Diffusers. Umieszczone w nadaj\u0105cym si\u0119 do recyklingu aluminium, te stylowe i funkcjonalne dyfuzory s\u0105 ma\u0142e, wielokrotnego u\u017cytku, przyjazne dla \u015brodowiska i zaprojektowane tak, aby doda\u0107 aromatu, atmosfery i stylu do ka\u017cdej przestrzeni.<\/p>\n","protected":false},"featured_media":18677,"template":"","meta":{"site-sidebar-layout":"default","site-content-layout":"","ast-site-content-layout":"default","site-content-style":"default","site-sidebar-style":"default","ast-global-header-display":"","ast-banner-title-visibility":"","ast-main-header-display":"","ast-hfb-above-header-display":"","ast-hfb-below-header-display":"","ast-hfb-mobile-header-display":"","site-post-title":"","ast-breadcrumbs-content":"","ast-featured-img":"","footer-sml-layout":"","ast-disable-related-posts":"","theme-transparent-header-meta":"default","adv-header-id-meta":"","stick-header-meta":"","header-above-stick-meta":"","header-main-stick-meta":"","header-below-stick-meta":"","astra-migrate-meta-layouts":"set","ast-page-background-enabled":"default","ast-page-background-meta":{"desktop":{"background-color":"","background-image":"","background-repeat":"repeat","background-position":"center center","background-size":"auto","background-attachment":"scroll","background-type":"","background-media":"","overlay-type":"","overlay-color":"","overlay-opacity":"","overlay-gradient":""},"tablet":{"background-color":"","background-image":"","background-repeat":"repeat","background-position":"center center","background-size":"auto","background-attachment":"scroll","background-type":"","background-media":"","overlay-type":"","overlay-color":"","overlay-opacity":"","overlay-gradient":""},"mobile":{"background-color":"","background-image":"","background-repeat":"repeat","background-position":"center center","background-size":"auto","background-attachment":"scroll","background-type":"","background-media":"","overlay-type":"","overlay-color":"","overlay-opacity":"","overlay-gradient":""}},"ast-content-background-meta":{"desktop":{"background-color":"var(--ast-global-color-5)","background-image":"","background-repeat":"repeat","background-position":"center center","background-size":"auto","background-attachment":"scroll","background-type":"","background-media":"","overlay-type":"","overlay-color":"","overlay-opacity":"","overlay-gradient":""},"tablet":{"background-color":"var(--ast-global-color-5)","background-image":"","background-repeat":"repeat","background-position":"center center","background-size":"auto","background-attachment":"scroll","background-type":"","background-media":"","overlay-type":"","overlay-color":"","overlay-opacity":"","overlay-gradient":""},"mobile":{"background-color":"var(--ast-global-color-5)","background-image":"","background-repeat":"repeat","background-position":"center center","background-size":"auto","background-attachment":"scroll","background-type":"","background-media":"","overlay-type":"","overlay-color":"","overlay-opacity":"","overlay-gradient":""}}},"product_brand":[],"product_cat":[1686,1688],"product_tag":[],"class_list":{"0":"post-18681","1":"product","2":"type-product","3":"status-publish","4":"has-post-thumbnail","6":"product_cat-dyfuzory","7":"product_cat-prezenty","8":"desktop-align-left","9":"tablet-align-left","10":"mobile-align-left","12":"first","13":"outofstock","14":"sale","15":"taxable","16":"shipping-taxable","17":"purchasable","18":"product-type-simple"},"_links":{"self":[{"href":"https:\/\/mamaterra.lt\/pl\/wp-json\/wp\/v2\/product\/18681","targetHints":{"allow":["GET"]}}],"collection":[{"href":"https:\/\/mamaterra.lt\/pl\/wp-json\/wp\/v2\/product"}],"about":[{"href":"https:\/\/mamaterra.lt\/pl\/wp-json\/wp\/v2\/types\/product"}],"wp:featuredmedia":[{"embeddable":true,"href":"https:\/\/mamaterra.lt\/pl\/wp-json\/wp\/v2\/media\/18677"}],"wp:attachment":[{"href":"https:\/\/mamaterra.lt\/pl\/wp-json\/wp\/v2\/media?parent=18681"}],"wp:term":[{"taxonomy":"product_brand","embeddable":true,"href":"https:\/\/mamaterra.lt\/pl\/wp-json\/wp\/v2\/product_brand?post=18681"},{"taxonomy":"product_cat","embeddable":true,"href":"https:\/\/mamaterra.lt\/pl\/wp-json\/wp\/v2\/product_cat?post=18681"},{"taxonomy":"product_tag","embeddable":true,"href":"https:\/\/mamaterra.lt\/pl\/wp-json\/wp\/v2\/product_tag?post=18681"}],"curies":[{"name":"wp","href":"https:\/\/api.w.org\/{rel}","templated":true}]}}