{"id":18610,"date":"2023-08-28T18:51:51","date_gmt":"2023-08-28T17:51:51","guid":{"rendered":"https:\/\/mamaterra.lt\/parduotuve\/bez-kategorii\/doterra-ravintsara-etrinis-aliejus-5-ml\/"},"modified":"2024-03-04T20:48:14","modified_gmt":"2024-03-04T19:48:14","slug":"olejek-eteryczny-doterra-ravintsara-5-ml","status":"publish","type":"product","link":"https:\/\/mamaterra.lt\/pl\/parduotuve\/olejki-eteryczne\/czyste-olejki-eteryczne\/olejek-eteryczny-doterra-ravintsara-5-ml\/","title":{"rendered":"Olejek eteryczny doTERRA Ravintsara 5 ml"},"content":{"rendered":"<p>Olejek eteryczny Ravintsara<br \/>\nCinnamomum camphora<\/p>\n<p>\u015awie\u017cy i ziemisty olejek eteryczny Ravintsara ma silne w\u0142a\u015bciwo\u015bci oczyszczaj\u0105ce i od\u015bwie\u017caj\u0105ce. Mo\u017ce by\u0107 rozpylany w celu od\u015bwie\u017cenia pomieszczenia lub dodawany do ulubionego \u015brodka do oczyszczania sk\u00f3ry. Podobnie jak eukaliptus, olejek Ravintsara jest \u0142agodniejszy.<\/p>\n<p>Dodaj kropl\u0119 do koj\u0105cej k\u0105pieli z sol\u0105 Epsom<br \/>\nRozpyl, aby uzyska\u0107 \u015bwie\u017cy zio\u0142owy zapach<br \/>\nDodaj kilka kropli do butelki z rozpylaczem i spryskaj powierzchnie lub d\u0142onie.<br \/>\nWymiesza\u0107 z p\u0142ynem do mycia twarzy w celu dodatkowego oczyszczenia.<\/p>\n<p>Aromat olejku eterycznego Ravintsara mo\u017cna opisa\u0107 jako po\u0142\u0105czenie kamfory i eukaliptusa, ale bardziej zielone &#8211; podnosz\u0105ce na duchu i energetyzuj\u0105ce. Zawiera sk\u0142adnik chemiczny eukaliptol, kt\u00f3ry nadaje mu w\u0142a\u015bciwo\u015bci podobne do olejku eukaliptusowego. Jest idealny do promowania czystego oddechu i otwartych dr\u00f3g oddechowych.<\/p>\n<p>Ravintsara ma relaksuj\u0105cy aromat. Dodaj kilka kropli Ravintsara do soli Epsom w ciep\u0142ej wodzie, aby uzyska\u0107 koj\u0105cy aromat w k\u0105pieli lub u\u017cyj go do relaksuj\u0105cego masa\u017cu po wyczerpuj\u0105cym treningu.<\/p>\n<p>Waporyzuj wieczorem z olejkiem eterycznym z lawendy, aby stworzy\u0107 spokojne otoczenie przed snem. Stw\u00f3rz swoje ulubione mieszanki, \u0142\u0105cz\u0105c Ravintsara z olejkami eterycznymi, takimi jak copaiba, boswellia, lawenda, mi\u0119ta pieprzowa, r\u00f3\u017ca, mandarynka, wetiwer lub bor\u00f3wka brusznica.<\/p>\n<div dir=\"auto\">Stosowanie tego olejku promuje te pozytywne w\u0142a\u015bciwo\u015bci:<br \/>\n\u015awiadomo\u015b\u0107 duchow\u0105, m\u0105dro\u015b\u0107, zdolno\u015b\u0107 do posiadania i ustalania zdrowych granic komunikacji, ca\u0142o\u015b\u0107, dobre samopoczucie, motywacj\u0119 i pozytywno\u015b\u0107, a tak\u017ce wizj\u0119 i zdolno\u015b\u0107 do podejmowania decyzji.<br \/>\nOlejek Ravintsara promuje wewn\u0119trzny spok\u00f3j, jasno\u015b\u0107 i m\u0105dro\u015b\u0107.<br \/>\nPomaga aktywowa\u0107 proces uzdrawiania, aby sta\u0107 si\u0119 silniejszym nie tylko fizycznie, ale tak\u017ce emocjonalnie.<br \/>\nOstrze\u017cenia<br \/>\n&#8211; Wy\u0142\u0105cznie do u\u017cytku zewn\u0119trznego;<br \/>\n&#8211; nie stosowa\u0107 nierozcie\u0144czonego bezpo\u015brednio na sk\u00f3r\u0119;<br \/>\n&#8211; stosowa\u0107 bezpiecznie, unikaj\u0105c kontaktu z oczami. W przypadku kontaktu oczy\u015bci\u0107 olejem ro\u015blinnym.<br \/>\n&#8211; Kobiety w ci\u0105\u017cy, dzieci karmione piersi\u0105, ma\u0142e dzieci, epileptycy, osoby cierpi\u0105ce na wysokie ci\u015bnienie krwi i r\u00f3\u017cne inne schorzenia powinny skonsultowa\u0107 si\u0119 z lekarzem rodzinnym w sprawie ewentualnego stosowania olejk\u00f3w eterycznych.<span style=\"font-size: 16px;\">imos gydytoju.<\/span><\/div>\n","protected":false},"excerpt":{"rendered":"<p>Aromat olejku eterycznego Ravintsara mo\u017cna opisa\u0107 jako po\u0142\u0105czenie kamfory i eukaliptusa, ale bardziej zielone &#8211; podnosz\u0105ce na duchu i energetyzuj\u0105ce. Zawiera sk\u0142adnik chemiczny eukaliptol, kt\u00f3ry nadaje mu w\u0142a\u015bciwo\u015bci podobne do olejku eukaliptusowego. Jest idealny do promowania czystego oddechu i otwartych dr\u00f3g oddechowych.<\/p>\n","protected":false},"featured_media":18606,"template":"","meta":{"site-sidebar-layout":"default","site-content-layout":"","ast-site-content-layout":"default","site-content-style":"default","site-sidebar-style":"default","ast-global-header-display":"","ast-banner-title-visibility":"","ast-main-header-display":"","ast-hfb-above-header-display":"","ast-hfb-below-header-display":"","ast-hfb-mobile-header-display":"","site-post-title":"","ast-breadcrumbs-content":"","ast-featured-img":"","footer-sml-layout":"","ast-disable-related-posts":"","theme-transparent-header-meta":"default","adv-header-id-meta":"","stick-header-meta":"","header-above-stick-meta":"","header-main-stick-meta":"","header-below-stick-meta":"","astra-migrate-meta-layouts":"set","ast-page-background-enabled":"default","ast-page-background-meta":{"desktop":{"background-color":"","background-image":"","background-repeat":"repeat","background-position":"center center","background-size":"auto","background-attachment":"scroll","background-type":"","background-media":"","overlay-type":"","overlay-color":"","overlay-opacity":"","overlay-gradient":""},"tablet":{"background-color":"","background-image":"","background-repeat":"repeat","background-position":"center center","background-size":"auto","background-attachment":"scroll","background-type":"","background-media":"","overlay-type":"","overlay-color":"","overlay-opacity":"","overlay-gradient":""},"mobile":{"background-color":"","background-image":"","background-repeat":"repeat","background-position":"center center","background-size":"auto","background-attachment":"scroll","background-type":"","background-media":"","overlay-type":"","overlay-color":"","overlay-opacity":"","overlay-gradient":""}},"ast-content-background-meta":{"desktop":{"background-color":"var(--ast-global-color-5)","background-image":"","background-repeat":"repeat","background-position":"center center","background-size":"auto","background-attachment":"scroll","background-type":"","background-media":"","overlay-type":"","overlay-color":"","overlay-opacity":"","overlay-gradient":""},"tablet":{"background-color":"var(--ast-global-color-5)","background-image":"","background-repeat":"repeat","background-position":"center center","background-size":"auto","background-attachment":"scroll","background-type":"","background-media":"","overlay-type":"","overlay-color":"","overlay-opacity":"","overlay-gradient":""},"mobile":{"background-color":"var(--ast-global-color-5)","background-image":"","background-repeat":"repeat","background-position":"center center","background-size":"auto","background-attachment":"scroll","background-type":"","background-media":"","overlay-type":"","overlay-color":"","overlay-opacity":"","overlay-gradient":""}}},"product_brand":[],"product_cat":[1704,1728,1711,1698],"product_tag":[],"class_list":{"0":"post-18610","1":"product","2":"type-product","3":"status-publish","4":"has-post-thumbnail","6":"product_cat-czyste-olejki-eteryczne","7":"product_cat-dla-wzmocnienia-odpornosci","8":"product_cat-higiena-i-pielegnacja-skory","9":"product_cat-olejki-eteryczne","10":"desktop-align-left","11":"tablet-align-left","12":"mobile-align-left","14":"first","15":"instock","16":"sale","17":"taxable","18":"shipping-taxable","19":"purchasable","20":"product-type-simple"},"_links":{"self":[{"href":"https:\/\/mamaterra.lt\/pl\/wp-json\/wp\/v2\/product\/18610","targetHints":{"allow":["GET"]}}],"collection":[{"href":"https:\/\/mamaterra.lt\/pl\/wp-json\/wp\/v2\/product"}],"about":[{"href":"https:\/\/mamaterra.lt\/pl\/wp-json\/wp\/v2\/types\/product"}],"wp:featuredmedia":[{"embeddable":true,"href":"https:\/\/mamaterra.lt\/pl\/wp-json\/wp\/v2\/media\/18606"}],"wp:attachment":[{"href":"https:\/\/mamaterra.lt\/pl\/wp-json\/wp\/v2\/media?parent=18610"}],"wp:term":[{"taxonomy":"product_brand","embeddable":true,"href":"https:\/\/mamaterra.lt\/pl\/wp-json\/wp\/v2\/product_brand?post=18610"},{"taxonomy":"product_cat","embeddable":true,"href":"https:\/\/mamaterra.lt\/pl\/wp-json\/wp\/v2\/product_cat?post=18610"},{"taxonomy":"product_tag","embeddable":true,"href":"https:\/\/mamaterra.lt\/pl\/wp-json\/wp\/v2\/product_tag?post=18610"}],"curies":[{"name":"wp","href":"https:\/\/api.w.org\/{rel}","templated":true}]}}