{"id":18596,"date":"2023-08-28T18:23:57","date_gmt":"2023-08-28T17:23:57","guid":{"rendered":"https:\/\/mamaterra.lt\/parduotuve\/bez-kategorii\/manuka-touch-10-ml\/"},"modified":"2023-08-28T18:34:44","modified_gmt":"2023-08-28T17:34:44","slug":"manuka-touch-10-ml","status":"publish","type":"product","link":"https:\/\/mamaterra.lt\/pl\/parduotuve\/olejki-eteryczne\/czyste-olejki-eteryczne\/manuka-touch-10-ml\/","title":{"rendered":"Manuka touch 10 ml"},"content":{"rendered":"<p>Manuka<\/p>\n<p>W po\u0142\u0105czeniu z frakcjonowanym olejem kokosowym w butelce z rolk\u0105 o pojemno\u015bci 10 ml, Manuka Touch jest wygodny w u\u017cyciu, aby promowa\u0107 wygl\u0105d zdrowej sk\u00f3ry.<\/p>\n<p>Opis<br \/>\nManuka jest od wiek\u00f3w stosowana w Nowej Zelandii ze wzgl\u0119du na liczne korzy\u015bci zdrowotne. Do\u015bwiadcz wielu miejscowych korzy\u015bci nowozelandzkiego olejku eterycznego Manuka firmy d\u014dTERRA w wygodnym formacie Touch. Manuka Touch ma w\u0142a\u015bciwo\u015bci, kt\u00f3re mog\u0105 z\u0142agodzi\u0107 uczucie stresu i naturalnie promowa\u0107 relaks.<\/p>\n<p>U\u017cyj Manuka Touch, aby uziemi\u0107 i wy\u015brodkowa\u0107 energie, jednocze\u015bnie os\u0142aniaj\u0105c si\u0119 przed g\u0142\u0119bok\u0105 medytacj\u0105. Stosowany miejscowo, Manuka Touch promuje g\u0142adk\u0105, zdrow\u0105 sk\u00f3r\u0119 i mo\u017ce zmniejszy\u0107 widoczno\u015b\u0107 wyprysk\u00f3w.<\/p>\n<p>Podstawowe korzy\u015bci<br \/>\nPomaga utrzyma\u0107 czyst\u0105 i jasn\u0105 sk\u00f3r\u0119, jednocze\u015bnie zmniejszaj\u0105c widoczno\u015b\u0107 wyprysk\u00f3w.<br \/>\nRelaksuje i poprawia nastr\u00f3j<br \/>\nWspiera odwag\u0119 i wewn\u0119trzn\u0105 si\u0142\u0119<br \/>\nPodstawowe korzy\u015bci<br \/>\nPomaga utrzyma\u0107 czyst\u0105 i jasn\u0105 sk\u00f3r\u0119, jednocze\u015bnie zmniejszaj\u0105c widoczno\u015b\u0107 wyprysk\u00f3w<br \/>\nRelaksuje i poprawia nastr\u00f3j<br \/>\nWspiera odwag\u0119 i wewn\u0119trzn\u0105 si\u0142\u0119<\/p>\n","protected":false},"excerpt":{"rendered":"<p>W po\u0142\u0105czeniu z frakcjonowanym olejem kokosowym w butelce z rolk\u0105 o pojemno\u015bci 10 ml, Manuka Touch jest wygodny w u\u017cyciu, aby promowa\u0107 wygl\u0105d zdrowej sk\u00f3ry.<\/p>\n","protected":false},"featured_media":23680,"template":"","meta":{"site-sidebar-layout":"default","site-content-layout":"","ast-site-content-layout":"default","site-content-style":"default","site-sidebar-style":"default","ast-global-header-display":"","ast-banner-title-visibility":"","ast-main-header-display":"","ast-hfb-above-header-display":"","ast-hfb-below-header-display":"","ast-hfb-mobile-header-display":"","site-post-title":"","ast-breadcrumbs-content":"","ast-featured-img":"","footer-sml-layout":"","ast-disable-related-posts":"","theme-transparent-header-meta":"default","adv-header-id-meta":"","stick-header-meta":"","header-above-stick-meta":"","header-main-stick-meta":"","header-below-stick-meta":"","astra-migrate-meta-layouts":"set","ast-page-background-enabled":"default","ast-page-background-meta":{"desktop":{"background-color":"","background-image":"","background-repeat":"repeat","background-position":"center center","background-size":"auto","background-attachment":"scroll","background-type":"","background-media":"","overlay-type":"","overlay-color":"","overlay-opacity":"","overlay-gradient":""},"tablet":{"background-color":"","background-image":"","background-repeat":"repeat","background-position":"center center","background-size":"auto","background-attachment":"scroll","background-type":"","background-media":"","overlay-type":"","overlay-color":"","overlay-opacity":"","overlay-gradient":""},"mobile":{"background-color":"","background-image":"","background-repeat":"repeat","background-position":"center center","background-size":"auto","background-attachment":"scroll","background-type":"","background-media":"","overlay-type":"","overlay-color":"","overlay-opacity":"","overlay-gradient":""}},"ast-content-background-meta":{"desktop":{"background-color":"var(--ast-global-color-5)","background-image":"","background-repeat":"repeat","background-position":"center center","background-size":"auto","background-attachment":"scroll","background-type":"","background-media":"","overlay-type":"","overlay-color":"","overlay-opacity":"","overlay-gradient":""},"tablet":{"background-color":"var(--ast-global-color-5)","background-image":"","background-repeat":"repeat","background-position":"center center","background-size":"auto","background-attachment":"scroll","background-type":"","background-media":"","overlay-type":"","overlay-color":"","overlay-opacity":"","overlay-gradient":""},"mobile":{"background-color":"var(--ast-global-color-5)","background-image":"","background-repeat":"repeat","background-position":"center center","background-size":"auto","background-attachment":"scroll","background-type":"","background-media":"","overlay-type":"","overlay-color":"","overlay-opacity":"","overlay-gradient":""}}},"product_brand":[],"product_cat":[1704,1732,1738,1711,1698,1752],"product_tag":[],"class_list":{"0":"post-18596","1":"product","2":"type-product","3":"status-publish","4":"has-post-thumbnail","6":"product_cat-czyste-olejki-eteryczne","7":"product_cat-dla-koncentracji","8":"product_cat-do-spania","9":"product_cat-higiena-i-pielegnacja-skory","10":"product_cat-olejki-eteryczne","11":"product_cat-radzenia-sobie-ze-stresem","12":"desktop-align-left","13":"tablet-align-left","14":"mobile-align-left","16":"first","17":"instock","18":"sale","19":"taxable","20":"shipping-taxable","21":"purchasable","22":"product-type-simple"},"_links":{"self":[{"href":"https:\/\/mamaterra.lt\/pl\/wp-json\/wp\/v2\/product\/18596","targetHints":{"allow":["GET"]}}],"collection":[{"href":"https:\/\/mamaterra.lt\/pl\/wp-json\/wp\/v2\/product"}],"about":[{"href":"https:\/\/mamaterra.lt\/pl\/wp-json\/wp\/v2\/types\/product"}],"wp:featuredmedia":[{"embeddable":true,"href":"https:\/\/mamaterra.lt\/pl\/wp-json\/wp\/v2\/media\/23680"}],"wp:attachment":[{"href":"https:\/\/mamaterra.lt\/pl\/wp-json\/wp\/v2\/media?parent=18596"}],"wp:term":[{"taxonomy":"product_brand","embeddable":true,"href":"https:\/\/mamaterra.lt\/pl\/wp-json\/wp\/v2\/product_brand?post=18596"},{"taxonomy":"product_cat","embeddable":true,"href":"https:\/\/mamaterra.lt\/pl\/wp-json\/wp\/v2\/product_cat?post=18596"},{"taxonomy":"product_tag","embeddable":true,"href":"https:\/\/mamaterra.lt\/pl\/wp-json\/wp\/v2\/product_tag?post=18596"}],"curies":[{"name":"wp","href":"https:\/\/api.w.org\/{rel}","templated":true}]}}