{"id":18540,"date":"2023-08-24T21:20:20","date_gmt":"2023-08-24T20:20:20","guid":{"rendered":"https:\/\/mamaterra.lt\/parduotuve\/bez-kategorii\/litsea-japoniniu-laureniu-eterinis-aliejus-15-ml\/"},"modified":"2024-02-28T22:26:37","modified_gmt":"2024-02-28T21:26:37","slug":"doterra-litsea15-ml","status":"publish","type":"product","link":"https:\/\/mamaterra.lt\/pl\/parduotuve\/olejki-eteryczne\/mieszanki-olejkow-eterycznych\/doterra-litsea15-ml\/","title":{"rendered":"doTERRA Litsea15 ml"},"content":{"rendered":"<p>Litsea cubeba<br \/>\nLitsea cubeba to wiecznie zielone drzewo lub krzew nale\u017c\u0105cy do rodziny Lauraceae. Jego owoce wytwarzaj\u0105 Litsea &#8211; olejek eteryczny przypominaj\u0105cy cytryn\u0119. Pochodz\u0105ca z Azji Wschodniej Litsea ma d\u0142ug\u0105 histori\u0119 tradycyjnego stosowania przez rdzennych mieszka\u0144c\u00f3w Tajwanu i jest szeroko rozpowszechniona w Japonii, Tajwanie, po\u0142udniowych Chinach i po\u0142udniowo-wschodniej Azji. Geranial i neral znajduj\u0105 si\u0119 r\u00f3wnie\u017c w trawie cytrynowej, kt\u00f3ra ma bardzo podobny zapach i w\u0142a\u015bciwo\u015bci.<\/p>\n<p>Zastosowanie<br \/>\nDodaj do ulubionego porannego smoothie, aby uzyska\u0107 orze\u017awiaj\u0105cy smak.<br \/>\nZastosowanie w kuchni azjatyckiej, zupach, herbatach i curry<br \/>\nDobrze komponuje si\u0119 z bazyli\u0105, kardamonem lub mi\u0119t\u0105.<br \/>\nSpos\u00f3b u\u017cycia<br \/>\nDo aromatyzowania \u017cywno\u015bci.<br \/>\n\u015arodki ostro\u017cno\u015bci<br \/>\nStosowa\u0107 wy\u0142\u0105cznie w postaci rozcie\u0144czonej. Stosowa\u0107 nie wi\u0119cej ni\u017c jedn\u0105 kropl\u0119 dziennie. Przechowywa\u0107 w miejscu niedost\u0119pnym dla dzieci. Przechowywa\u0107 z dala od oczu i b\u0142on \u015bluzowych.<\/p>\n","protected":false},"excerpt":{"rendered":"<p>Pochodz\u0105ca z Azji Wschodniej Litsea ma d\u0142ug\u0105 histori\u0119 tradycyjnego stosowania przez rdzennych mieszka\u0144c\u00f3w Tajwanu i jest szeroko rozpowszechniona w Japonii, Tajwanie, po\u0142udniowych Chinach i po\u0142udniowo-wschodniej Azji<\/p>\n","protected":false},"featured_media":18546,"template":"","meta":{"site-sidebar-layout":"default","site-content-layout":"","ast-site-content-layout":"default","site-content-style":"default","site-sidebar-style":"default","ast-global-header-display":"","ast-banner-title-visibility":"","ast-main-header-display":"","ast-hfb-above-header-display":"","ast-hfb-below-header-display":"","ast-hfb-mobile-header-display":"","site-post-title":"","ast-breadcrumbs-content":"","ast-featured-img":"","footer-sml-layout":"","ast-disable-related-posts":"","theme-transparent-header-meta":"default","adv-header-id-meta":"","stick-header-meta":"","header-above-stick-meta":"","header-main-stick-meta":"","header-below-stick-meta":"","astra-migrate-meta-layouts":"set","ast-page-background-enabled":"default","ast-page-background-meta":{"desktop":{"background-color":"","background-image":"","background-repeat":"repeat","background-position":"center center","background-size":"auto","background-attachment":"scroll","background-type":"","background-media":"","overlay-type":"","overlay-color":"","overlay-opacity":"","overlay-gradient":""},"tablet":{"background-color":"","background-image":"","background-repeat":"repeat","background-position":"center center","background-size":"auto","background-attachment":"scroll","background-type":"","background-media":"","overlay-type":"","overlay-color":"","overlay-opacity":"","overlay-gradient":""},"mobile":{"background-color":"","background-image":"","background-repeat":"repeat","background-position":"center center","background-size":"auto","background-attachment":"scroll","background-type":"","background-media":"","overlay-type":"","overlay-color":"","overlay-opacity":"","overlay-gradient":""}},"ast-content-background-meta":{"desktop":{"background-color":"var(--ast-global-color-5)","background-image":"","background-repeat":"repeat","background-position":"center center","background-size":"auto","background-attachment":"scroll","background-type":"","background-media":"","overlay-type":"","overlay-color":"","overlay-opacity":"","overlay-gradient":""},"tablet":{"background-color":"var(--ast-global-color-5)","background-image":"","background-repeat":"repeat","background-position":"center center","background-size":"auto","background-attachment":"scroll","background-type":"","background-media":"","overlay-type":"","overlay-color":"","overlay-opacity":"","overlay-gradient":""},"mobile":{"background-color":"var(--ast-global-color-5)","background-image":"","background-repeat":"repeat","background-position":"center center","background-size":"auto","background-attachment":"scroll","background-type":"","background-media":"","overlay-type":"","overlay-color":"","overlay-opacity":"","overlay-gradient":""}}},"product_brand":[],"product_cat":[1702,1698],"product_tag":[],"class_list":{"0":"post-18540","1":"product","2":"type-product","3":"status-publish","4":"has-post-thumbnail","6":"product_cat-mieszanki-olejkow-eterycznych","7":"product_cat-olejki-eteryczne","8":"desktop-align-left","9":"tablet-align-left","10":"mobile-align-left","12":"first","13":"outofstock","14":"taxable","15":"shipping-taxable","16":"purchasable","17":"product-type-simple"},"_links":{"self":[{"href":"https:\/\/mamaterra.lt\/pl\/wp-json\/wp\/v2\/product\/18540","targetHints":{"allow":["GET"]}}],"collection":[{"href":"https:\/\/mamaterra.lt\/pl\/wp-json\/wp\/v2\/product"}],"about":[{"href":"https:\/\/mamaterra.lt\/pl\/wp-json\/wp\/v2\/types\/product"}],"wp:featuredmedia":[{"embeddable":true,"href":"https:\/\/mamaterra.lt\/pl\/wp-json\/wp\/v2\/media\/18546"}],"wp:attachment":[{"href":"https:\/\/mamaterra.lt\/pl\/wp-json\/wp\/v2\/media?parent=18540"}],"wp:term":[{"taxonomy":"product_brand","embeddable":true,"href":"https:\/\/mamaterra.lt\/pl\/wp-json\/wp\/v2\/product_brand?post=18540"},{"taxonomy":"product_cat","embeddable":true,"href":"https:\/\/mamaterra.lt\/pl\/wp-json\/wp\/v2\/product_cat?post=18540"},{"taxonomy":"product_tag","embeddable":true,"href":"https:\/\/mamaterra.lt\/pl\/wp-json\/wp\/v2\/product_tag?post=18540"}],"curies":[{"name":"wp","href":"https:\/\/api.w.org\/{rel}","templated":true}]}}