{"id":18530,"date":"2023-08-24T21:00:26","date_gmt":"2023-08-24T20:00:26","guid":{"rendered":"https:\/\/mamaterra.lt\/parduotuve\/bez-kategorii\/sotumo-guma-su-metapwr-metaboliniu-misiniu\/"},"modified":"2024-03-26T20:08:59","modified_gmt":"2024-03-26T19:08:59","slug":"metapwr-metabolic-blend-satiety-gum","status":"publish","type":"product","link":"https:\/\/mamaterra.lt\/pl\/parduotuve\/olejki-eteryczne\/mieszanki-olejkow-eterycznych\/metapwr-metabolic-blend-satiety-gum\/","title":{"rendered":"MetaPWR Metabolic Blend Satiety Gum"},"content":{"rendered":"<h2 class=\"product__title mb-3\">MetaPWR Metabolic Blend Satiety Gum<\/h2>\n<p>&nbsp;<\/p>\n<div class=\"product__desc d-md-block d-sm-block d-none\">\n<p>MetaPWR Metabolic Blend Satiety Gum<br \/>\nAromatyczna guma MetaPWR Satiety Gum o d\u0142ugotrwa\u0142ym s\u0142odkim, mi\u0119towym i pikantnym smaku pomaga ograniczy\u0107 g\u0142\u00f3d, promuje \u015bwiadome od\u017cywianie i wspiera zdrowy metabolizm. * Opracowana we wsp\u00f3\u0142pracy z naukowcami doTERRA, guma MetaPWR Satiety Gum zawiera klinicznie zbilansowane proporcje olejk\u00f3w eterycznych CPTG\u00ae z grejpfruta, cytryny, mi\u0119ty pieprzowej, imbiru i kory cynamonu, aby promowa\u0107 zdrowie metaboliczne i ogranicza\u0107 g\u0142\u00f3d.* Bez cukru i sztucznych s\u0142odzik\u00f3w, guma ta jest przyjemnym sposobem na optymalizacj\u0119 MetaPWR Metabolic Blend w ramach codziennego schematu odchudzania i \u0107wicze\u0144.<\/p>\n<p>Guma MetaPWR Satiety Gum &#8211; cz\u0119\u015b\u0107 MetaPWR Metabolic System &#8211; wspiera zdrowy styl \u017cycia skoncentrowany na zwi\u0119kszonej energii i witalno\u015bci, zdrowiu metabolicznym i kontroli wagi, aby doda\u0107 zdrowie do d\u0142ugo\u015bci \u017cycia *.<\/p>\n<p>Bez GMO<br \/>\nBez soi<br \/>\nBez konserwant\u00f3w<br \/>\nBez nabia\u0142u<br \/>\nBez glutenu<br \/>\nBez sztucznych s\u0142odzik\u00f3w i aromat\u00f3w<\/p>\n<\/div>\n","protected":false},"excerpt":{"rendered":"<p>Aromatyczna guma MetaPWR Satiety Gum o d\u0142ugotrwa\u0142ym s\u0142odkim, mi\u0119towym i pikantnym smaku pomaga ograniczy\u0107 g\u0142\u00f3d, promuje \u015bwiadome od\u017cywianie i wspiera zdrowy metabolizm. * Opracowana we wsp\u00f3\u0142pracy z naukowcami doTERRA, guma MetaPWR Satiety Gum zawiera klinicznie zbilansowane proporcje olejk\u00f3w eterycznych CPTG\u00ae z grejpfruta, cytryny, mi\u0119ty pieprzowej, imbiru i kory cynamonu, aby promowa\u0107 zdrowie metaboliczne i ogranicza\u0107 g\u0142\u00f3d.* Bez cukru i sztucznych s\u0142odzik\u00f3w, guma ta jest przyjemnym sposobem na optymalizacj\u0119 MetaPWR Metabolic Blend w ramach codziennego schematu odchudzania i \u0107wicze\u0144.<\/p>\n","protected":false},"featured_media":0,"template":"","meta":{"site-sidebar-layout":"default","site-content-layout":"","ast-site-content-layout":"default","site-content-style":"default","site-sidebar-style":"default","ast-global-header-display":"","ast-banner-title-visibility":"","ast-main-header-display":"","ast-hfb-above-header-display":"","ast-hfb-below-header-display":"","ast-hfb-mobile-header-display":"","site-post-title":"","ast-breadcrumbs-content":"","ast-featured-img":"","footer-sml-layout":"","ast-disable-related-posts":"","theme-transparent-header-meta":"default","adv-header-id-meta":"","stick-header-meta":"","header-above-stick-meta":"","header-main-stick-meta":"","header-below-stick-meta":"","astra-migrate-meta-layouts":"set","ast-page-background-enabled":"default","ast-page-background-meta":{"desktop":{"background-color":"","background-image":"","background-repeat":"repeat","background-position":"center center","background-size":"auto","background-attachment":"scroll","background-type":"","background-media":"","overlay-type":"","overlay-color":"","overlay-opacity":"","overlay-gradient":""},"tablet":{"background-color":"","background-image":"","background-repeat":"repeat","background-position":"center center","background-size":"auto","background-attachment":"scroll","background-type":"","background-media":"","overlay-type":"","overlay-color":"","overlay-opacity":"","overlay-gradient":""},"mobile":{"background-color":"","background-image":"","background-repeat":"repeat","background-position":"center center","background-size":"auto","background-attachment":"scroll","background-type":"","background-media":"","overlay-type":"","overlay-color":"","overlay-opacity":"","overlay-gradient":""}},"ast-content-background-meta":{"desktop":{"background-color":"var(--ast-global-color-5)","background-image":"","background-repeat":"repeat","background-position":"center center","background-size":"auto","background-attachment":"scroll","background-type":"","background-media":"","overlay-type":"","overlay-color":"","overlay-opacity":"","overlay-gradient":""},"tablet":{"background-color":"var(--ast-global-color-5)","background-image":"","background-repeat":"repeat","background-position":"center center","background-size":"auto","background-attachment":"scroll","background-type":"","background-media":"","overlay-type":"","overlay-color":"","overlay-opacity":"","overlay-gradient":""},"mobile":{"background-color":"var(--ast-global-color-5)","background-image":"","background-repeat":"repeat","background-position":"center center","background-size":"auto","background-attachment":"scroll","background-type":"","background-media":"","overlay-type":"","overlay-color":"","overlay-opacity":"","overlay-gradient":""}}},"product_brand":[],"product_cat":[1702,1758],"product_tag":[],"class_list":{"0":"post-18530","1":"product","2":"type-product","3":"status-publish","5":"product_cat-mieszanki-olejkow-eterycznych","6":"product_cat-trawienie","7":"desktop-align-left","8":"tablet-align-left","9":"mobile-align-left","11":"first","12":"outofstock","13":"sale","14":"taxable","15":"shipping-taxable","16":"purchasable","17":"product-type-simple"},"_links":{"self":[{"href":"https:\/\/mamaterra.lt\/pl\/wp-json\/wp\/v2\/product\/18530","targetHints":{"allow":["GET"]}}],"collection":[{"href":"https:\/\/mamaterra.lt\/pl\/wp-json\/wp\/v2\/product"}],"about":[{"href":"https:\/\/mamaterra.lt\/pl\/wp-json\/wp\/v2\/types\/product"}],"wp:attachment":[{"href":"https:\/\/mamaterra.lt\/pl\/wp-json\/wp\/v2\/media?parent=18530"}],"wp:term":[{"taxonomy":"product_brand","embeddable":true,"href":"https:\/\/mamaterra.lt\/pl\/wp-json\/wp\/v2\/product_brand?post=18530"},{"taxonomy":"product_cat","embeddable":true,"href":"https:\/\/mamaterra.lt\/pl\/wp-json\/wp\/v2\/product_cat?post=18530"},{"taxonomy":"product_tag","embeddable":true,"href":"https:\/\/mamaterra.lt\/pl\/wp-json\/wp\/v2\/product_tag?post=18530"}],"curies":[{"name":"wp","href":"https:\/\/api.w.org\/{rel}","templated":true}]}}