{"id":18518,"date":"2023-08-24T20:43:11","date_gmt":"2023-08-24T19:43:11","guid":{"rendered":"https:\/\/mamaterra.lt\/parduotuve\/bez-kategorii\/doterra-metapwr-misinys-15ml\/"},"modified":"2024-02-10T18:42:23","modified_gmt":"2024-02-10T17:42:23","slug":"doterra-metapwr-mieszanka-olejkow-eterycznych-15ml","status":"publish","type":"product","link":"https:\/\/mamaterra.lt\/pl\/parduotuve\/olejki-eteryczne\/mieszanki-olejkow-eterycznych\/doterra-metapwr-mieszanka-olejkow-eterycznych-15ml\/","title":{"rendered":"doTERRA MetaPWR Mieszanka olejk\u00f3w eterycznych 15ml"},"content":{"rendered":"<div class=\"spotlight__head\">\n<div class=\"ui container\">\n<div class=\"spotlight__wrap\">\n<div class=\"spotlight__head-item spotlight__head-item--copy\">\n<h6>MetaPWR\u2122<br \/>\nMieszanka olejk\u00f3w eterycznych<\/h6>\n<p>Mieszanka olejk\u00f3w eterycznych MetaPWR zosta\u0142a opracowana, aby wspiera\u0107 styl \u017cycia skoncentrowany na zwi\u0119kszonej witalno\u015bci, lepszych wyborach \u017cywieniowych i utrzymaniu dobrego samopoczucia. Opracowana przez naukowc\u00f3w klinicznych i medycznych doTERRA, mieszanka MetaPWR sk\u0142ada si\u0119 ze zr\u00f3wnowa\u017conych proporcji olejk\u00f3w eterycznych CPTG\u2122 z grejpfruta, cytryny, mi\u0119ty pieprzowej, imbiru i cynamonu. Po\u0142\u0105czenie olejk\u00f3w cytrusowych, mi\u0119towych i przyprawowych sprawia, \u017ce MetaPWR jest silnym aromatem spo\u017cywczym, kt\u00f3ry pomaga zaspokoi\u0107 s\u0142odki apetyt!<\/p>\n<p>Idealny do dodawania do napoj\u00f3w dzi\u0119ki cytrusowemu, pikantnemu, mi\u0119towemu i s\u0142odkiemu aromatowi.<br \/>\nOferuje idealny zastrzyk energii, kt\u00f3rego potrzebujesz przed i podczas energicznego treningu.<br \/>\nMetaPWR mo\u017ce pobudza\u0107 zmys\u0142y i poprawia\u0107 nastr\u00f3j po dodaniu do przepis\u00f3w.<br \/>\nKorzystny dodatek do diety, uzupe\u0142niaj\u0105cy przemy\u015blane wybory \u017cywieniowe.<\/p>\n<p>W odniesieniu do sk\u0142adnika olejku eterycznego z mi\u0119ty pieprzowej:<\/p>\n<p>Stosowany w celu u\u0142atwienia trawienia*<br \/>\nPrzyczynia si\u0119 do stymulacji produkcji p\u0142yn\u00f3w trawiennych*.<br \/>\nWspomaga prac\u0119 w\u0105troby i dr\u00f3g \u017c\u00f3\u0142ciowych*<br \/>\nU\u0142atwia trawienie t\u0142uszcz\u00f3w*<br \/>\nPrzyczynia si\u0119 do lepszego trawienia t\u0142uszcz\u00f3w*<br \/>\nPomaga wspiera\u0107 trawienie*<br \/>\nPomaga utrzyma\u0107 zdrowy \u017co\u0142\u0105dek*.<\/p>\n<p>*Te o\u015bwiadczenia zdrowotne s\u0105 nadal przedmiotem decyzji UE i EFSA.<\/p>\n<p>Pe\u0142na lista sk\u0142adnik\u00f3w<\/p>\n<p>Olejek grejpfrutowy, olejek cytrynowy, olejek imbirowy, olejek z mi\u0119ty pieprzowej, olejek z kory cynamonu<\/p>\n<\/div>\n<\/div>\n<\/div>\n<\/div>\n","protected":false},"excerpt":{"rendered":"<p>Idealny do dodawania do napoj\u00f3w dzi\u0119ki cytrusowemu, pikantnemu, mi\u0119towemu i s\u0142odkiemu aromatowi.<br \/>\nOferuje idealny zastrzyk energii, kt\u00f3rego potrzebujesz przed i podczas energicznego treningu.<br \/>\nMetaPWR mo\u017ce pobudza\u0107 zmys\u0142y i poprawia\u0107 nastr\u00f3j po dodaniu do przepis\u00f3w.<br \/>\nKorzystny dodatek do diety, uzupe\u0142niaj\u0105cy przemy\u015blane wybory \u017cywieniowe.<\/p>\n","protected":false},"featured_media":14097,"template":"","meta":{"site-sidebar-layout":"default","site-content-layout":"","ast-site-content-layout":"default","site-content-style":"default","site-sidebar-style":"default","ast-global-header-display":"","ast-banner-title-visibility":"","ast-main-header-display":"","ast-hfb-above-header-display":"","ast-hfb-below-header-display":"","ast-hfb-mobile-header-display":"","site-post-title":"","ast-breadcrumbs-content":"","ast-featured-img":"","footer-sml-layout":"","ast-disable-related-posts":"","theme-transparent-header-meta":"default","adv-header-id-meta":"","stick-header-meta":"","header-above-stick-meta":"","header-main-stick-meta":"","header-below-stick-meta":"","astra-migrate-meta-layouts":"set","ast-page-background-enabled":"default","ast-page-background-meta":{"desktop":{"background-color":"","background-image":"","background-repeat":"repeat","background-position":"center center","background-size":"auto","background-attachment":"scroll","background-type":"","background-media":"","overlay-type":"","overlay-color":"","overlay-opacity":"","overlay-gradient":""},"tablet":{"background-color":"","background-image":"","background-repeat":"repeat","background-position":"center center","background-size":"auto","background-attachment":"scroll","background-type":"","background-media":"","overlay-type":"","overlay-color":"","overlay-opacity":"","overlay-gradient":""},"mobile":{"background-color":"","background-image":"","background-repeat":"repeat","background-position":"center center","background-size":"auto","background-attachment":"scroll","background-type":"","background-media":"","overlay-type":"","overlay-color":"","overlay-opacity":"","overlay-gradient":""}},"ast-content-background-meta":{"desktop":{"background-color":"var(--ast-global-color-5)","background-image":"","background-repeat":"repeat","background-position":"center center","background-size":"auto","background-attachment":"scroll","background-type":"","background-media":"","overlay-type":"","overlay-color":"","overlay-opacity":"","overlay-gradient":""},"tablet":{"background-color":"var(--ast-global-color-5)","background-image":"","background-repeat":"repeat","background-position":"center center","background-size":"auto","background-attachment":"scroll","background-type":"","background-media":"","overlay-type":"","overlay-color":"","overlay-opacity":"","overlay-gradient":""},"mobile":{"background-color":"var(--ast-global-color-5)","background-image":"","background-repeat":"repeat","background-position":"center center","background-size":"auto","background-attachment":"scroll","background-type":"","background-media":"","overlay-type":"","overlay-color":"","overlay-opacity":"","overlay-gradient":""}}},"product_brand":[],"product_cat":[1702,1698,1758],"product_tag":[],"class_list":{"0":"post-18518","1":"product","2":"type-product","3":"status-publish","4":"has-post-thumbnail","6":"product_cat-mieszanki-olejkow-eterycznych","7":"product_cat-olejki-eteryczne","8":"product_cat-trawienie","9":"desktop-align-left","10":"tablet-align-left","11":"mobile-align-left","13":"first","14":"instock","15":"taxable","16":"shipping-taxable","17":"purchasable","18":"product-type-simple"},"_links":{"self":[{"href":"https:\/\/mamaterra.lt\/pl\/wp-json\/wp\/v2\/product\/18518","targetHints":{"allow":["GET"]}}],"collection":[{"href":"https:\/\/mamaterra.lt\/pl\/wp-json\/wp\/v2\/product"}],"about":[{"href":"https:\/\/mamaterra.lt\/pl\/wp-json\/wp\/v2\/types\/product"}],"wp:featuredmedia":[{"embeddable":true,"href":"https:\/\/mamaterra.lt\/pl\/wp-json\/wp\/v2\/media\/14097"}],"wp:attachment":[{"href":"https:\/\/mamaterra.lt\/pl\/wp-json\/wp\/v2\/media?parent=18518"}],"wp:term":[{"taxonomy":"product_brand","embeddable":true,"href":"https:\/\/mamaterra.lt\/pl\/wp-json\/wp\/v2\/product_brand?post=18518"},{"taxonomy":"product_cat","embeddable":true,"href":"https:\/\/mamaterra.lt\/pl\/wp-json\/wp\/v2\/product_cat?post=18518"},{"taxonomy":"product_tag","embeddable":true,"href":"https:\/\/mamaterra.lt\/pl\/wp-json\/wp\/v2\/product_tag?post=18518"}],"curies":[{"name":"wp","href":"https:\/\/api.w.org\/{rel}","templated":true}]}}