{"id":18450,"date":"2023-08-09T15:53:20","date_gmt":"2023-08-09T14:53:20","guid":{"rendered":"https:\/\/mamaterra.lt\/parduotuve\/bez-kategorii\/doterra-gardenia-touch-gardenija-10-ml\/"},"modified":"2025-12-08T20:32:37","modified_gmt":"2025-12-08T19:32:37","slug":"doterra-gardenia-touch-gardenija-10-ml","status":"publish","type":"product","link":"https:\/\/mamaterra.lt\/pl\/parduotuve\/prezenty\/prezenty-dla-kobiet\/doterra-gardenia-touch-gardenija-10-ml\/","title":{"rendered":"doterra gardenia touch, Gardenia 10 ml"},"content":{"rendered":"<p>Gardenia jasminoides<\/p>\n<p>Uprawiana w Azji Po\u0142udniowo-Wschodniej Gardenia jasminoides to wiecznie zielone kwitn\u0105ce drzewo zwane &#8222;Zhi Zi&#8221; w Chinach. Pochodzi z Chin i Japonii. Przenikliwy i odurzaj\u0105cy zapach kwitn\u0105cych gardeii pokrytych ciemnozielonymi eliptycznymi li\u015b\u0107mi jest niezwykle bujny. Gdy drzewo kwitnie, p\u0142atki uk\u0142adaj\u0105 si\u0119 jak spirale, tworz\u0105c wspania\u0142y symetryczny obraz. Olejek eteryczny z tych ro\u015blin, podobnie jak ja\u015bmin, jest destylowany par\u0105 wodn\u0105 z kwiat\u00f3w ro\u015bliny, a do wydobycia niewielkiej ilo\u015bci potrzebna jest ich ogromna ilo\u015b\u0107. Rozcie\u0144czenie tego frakcjonowanego oleju kokosowego (Fractionated Coconut Oil) tworzy delikatny i delikatny zapach, kt\u00f3ry podawany jest w wygodnej butelce z aplikatorem kulkowym.<\/p>\n<p>Wykorzystanie<\/p>\n<p>Przed u\u017cyciem produkt\u00f3w do piel\u0119gnacji twarzy delikatnie wmasuj niewielk\u0105 ilo\u015b\u0107 w sk\u00f3r\u0119, aby poprawi\u0107 kondycj\u0119 sk\u00f3ry i zatrzyma\u0107 wilgo\u0107.<\/p>\n<p>Po umyciu w\u0142os\u00f3w na\u0142\u00f3\u017c niewielk\u0105 ilo\u015b\u0107 na d\u0142onie i na\u0142\u00f3\u017c na w\u0142osy i sk\u00f3r\u0119 g\u0142owy, aby je od\u017cywi\u0107 i nawil\u017cy\u0107.<\/p>\n<p>Zastosuj punkty pulsu, u\u017cywaj jako perfum, kt\u00f3re promuj\u0105 pozytywno\u015b\u0107.<\/p>\n<p>Podczas masa\u017cu od\u015bwie\u017ca doznania.<\/p>\n<p>Zalecenia dotycz\u0105ce stosowania<br \/>\nTylko do u\u017cytku zewn\u0119trznego. Pocieraj sk\u00f3r\u0119, je\u015bli chcesz oddycha\u0107, zadbaj o sk\u00f3r\u0119 lub masuj.<\/p>\n<p>Ostrze\u017cenia<br \/>\nMo\u017cliwa wra\u017cliwo\u015b\u0107 sk\u00f3ry. Przechowywa\u0107 w miejscu niedost\u0119pnym dla dzieci. Je\u015bli jeste\u015b w ci\u0105\u017cy lub pod nadzorem lekarza, skonsultuj si\u0119 z lekarzem. Unikaj kontaktu z oczami, uszami wewn\u0119trznymi i wra\u017cliwymi obszarami.<\/p>\n","protected":false},"excerpt":{"rendered":"<ul>\n<li>Uspokaja i relaksuje, zach\u0119ca do wi\u0119kszej tolerancji wobec siebie i innych, zapomina o \u017calach, u\u0142atwia nawi\u0105zywanie przyja\u017ani i relacji.<\/li>\n<li>Na\u0142\u00f3\u017c gardeni\u0119 doterra Touch na pulsuj\u0105ce miejsca i ciesz si\u0119 wspania\u0142ymi perfumami.<\/li>\n<li>  Nak\u0142adaj na sk\u00f3r\u0119, aby zachowa\u0107 jej zdrowy wygl\u0105d.<\/li>\n<li>  Stosowa\u0107 do masa\u017cu relaksacyjnego, jako dodatek \u0142agodz\u0105cy i nawil\u017caj\u0105cy.<\/li>\n<\/ul>\n","protected":false},"featured_media":18446,"template":"","meta":{"site-sidebar-layout":"default","site-content-layout":"default","ast-site-content-layout":"default","site-content-style":"default","site-sidebar-style":"default","ast-global-header-display":"","ast-banner-title-visibility":"","ast-main-header-display":"","ast-hfb-above-header-display":"","ast-hfb-below-header-display":"","ast-hfb-mobile-header-display":"","site-post-title":"","ast-breadcrumbs-content":"","ast-featured-img":"","footer-sml-layout":"","ast-disable-related-posts":"","theme-transparent-header-meta":"default","adv-header-id-meta":"","stick-header-meta":"","header-above-stick-meta":"","header-main-stick-meta":"","header-below-stick-meta":"","astra-migrate-meta-layouts":"default","ast-page-background-enabled":"default","ast-page-background-meta":{"desktop":{"background-color":"","background-image":"","background-repeat":"repeat","background-position":"center center","background-size":"auto","background-attachment":"scroll","background-type":"","background-media":"","overlay-type":"","overlay-color":"","overlay-opacity":"","overlay-gradient":""},"tablet":{"background-color":"","background-image":"","background-repeat":"repeat","background-position":"center center","background-size":"auto","background-attachment":"scroll","background-type":"","background-media":"","overlay-type":"","overlay-color":"","overlay-opacity":"","overlay-gradient":""},"mobile":{"background-color":"","background-image":"","background-repeat":"repeat","background-position":"center center","background-size":"auto","background-attachment":"scroll","background-type":"","background-media":"","overlay-type":"","overlay-color":"","overlay-opacity":"","overlay-gradient":""}},"ast-content-background-meta":{"desktop":{"background-color":"var(--ast-global-color-5)","background-image":"","background-repeat":"repeat","background-position":"center center","background-size":"auto","background-attachment":"scroll","background-type":"","background-media":"","overlay-type":"","overlay-color":"","overlay-opacity":"","overlay-gradient":""},"tablet":{"background-color":"var(--ast-global-color-5)","background-image":"","background-repeat":"repeat","background-position":"center center","background-size":"auto","background-attachment":"scroll","background-type":"","background-media":"","overlay-type":"","overlay-color":"","overlay-opacity":"","overlay-gradient":""},"mobile":{"background-color":"var(--ast-global-color-5)","background-image":"","background-repeat":"repeat","background-position":"center center","background-size":"auto","background-attachment":"scroll","background-type":"","background-media":"","overlay-type":"","overlay-color":"","overlay-opacity":"","overlay-gradient":""}}},"product_brand":[],"product_cat":[1740,1711,1698,1688,1692,1752],"product_tag":[],"class_list":{"0":"post-18450","1":"product","2":"type-product","3":"status-publish","4":"has-post-thumbnail","6":"product_cat-dla-kobiet","7":"product_cat-higiena-i-pielegnacja-skory","8":"product_cat-olejki-eteryczne","9":"product_cat-prezenty","10":"product_cat-prezenty-dla-kobiet","11":"product_cat-radzenia-sobie-ze-stresem","12":"desktop-align-left","13":"tablet-align-left","14":"mobile-align-left","16":"first","17":"instock","18":"sale","19":"taxable","20":"shipping-taxable","21":"purchasable","22":"product-type-simple"},"_links":{"self":[{"href":"https:\/\/mamaterra.lt\/pl\/wp-json\/wp\/v2\/product\/18450","targetHints":{"allow":["GET"]}}],"collection":[{"href":"https:\/\/mamaterra.lt\/pl\/wp-json\/wp\/v2\/product"}],"about":[{"href":"https:\/\/mamaterra.lt\/pl\/wp-json\/wp\/v2\/types\/product"}],"wp:featuredmedia":[{"embeddable":true,"href":"https:\/\/mamaterra.lt\/pl\/wp-json\/wp\/v2\/media\/18446"}],"wp:attachment":[{"href":"https:\/\/mamaterra.lt\/pl\/wp-json\/wp\/v2\/media?parent=18450"}],"wp:term":[{"taxonomy":"product_brand","embeddable":true,"href":"https:\/\/mamaterra.lt\/pl\/wp-json\/wp\/v2\/product_brand?post=18450"},{"taxonomy":"product_cat","embeddable":true,"href":"https:\/\/mamaterra.lt\/pl\/wp-json\/wp\/v2\/product_cat?post=18450"},{"taxonomy":"product_tag","embeddable":true,"href":"https:\/\/mamaterra.lt\/pl\/wp-json\/wp\/v2\/product_tag?post=18450"}],"curies":[{"name":"wp","href":"https:\/\/api.w.org\/{rel}","templated":true}]}}