{"id":18308,"date":"2023-07-01T12:17:32","date_gmt":"2023-07-01T11:17:32","guid":{"rendered":"https:\/\/mamaterra.lt\/parduotuve\/bez-kategorii\/doterra-sun-body-mineral-sunscreen-spray-mineralinis-purskiklis-nuo-saules-kunui\/"},"modified":"2024-03-10T16:13:25","modified_gmt":"2024-03-10T15:13:25","slug":"doterra-sun-mineralny-spray-przeciwsloneczny-do-ciala","status":"publish","type":"product","link":"https:\/\/mamaterra.lt\/pl\/parduotuve\/higiena-i-pielegnacja-skory\/doterra-slonce-pl\/doterra-sun-mineralny-spray-przeciwsloneczny-do-ciala\/","title":{"rendered":"d\u014dTERRA\u2122 sun Body Mineral Sunscreen Spray d\u014dTERRA\u2122 sun Mineralny spray przeciws\u0142oneczny do cia\u0142a"},"content":{"rendered":"<h6 class=\"spotlight__head-title\">d\u014dTERRA\u2122 sun Body Mineral Sunscreen Spray d\u014dTERRA\u2122 sun Mineralny spray przeciws\u0142oneczny do cia\u0142a<\/h6>\n<p>170 g<\/p>\n<p>Pe\u0142na ochrona cia\u0142a jest w zasi\u0119gu r\u0119ki dzi\u0119ki naszemu mineralnemu sprayowi przeciws\u0142onecznemu do cia\u0142a. Kwiatowe aromaty magnolii, ylang-ylang i kocanki \u0142\u0105cz\u0105 si\u0119 z czerwon\u0105 mandarynk\u0105, traw\u0105 cytrynow\u0105, nasionami marchwi i kadzid\u0142em, tworz\u0105c lekki, podnosz\u0105cy na duchu zapach. Jest zapakowany w aluminiow\u0105 butelk\u0119 bez aerozolu, kt\u00f3ra zapewnia ci\u0105g\u0142\u0105 mgie\u0142k\u0119 dla \u0142atwego, wszechstronnego pokrycia do 80 minut.<\/p>\n<ul class=\"spotlight__list-custom custom-list\">\n<li>Zapewnia ochron\u0119 SPF 30+ o szerokim spektrum (UVA\/UVB) w lekkim, nawil\u017caj\u0105cym sprayu mineralnym.<\/li>\n<li>Zawiera nienanotlenek cynku, olej z awokado, aloes, olej z pestek malin i witamin\u0119 E.<\/li>\n<li>Nie zawiera ftalan\u00f3w, oksybenzonu i syntetycznych substancji zapachowych.<\/li>\n<li>Od\u017cywcza, intensywnie nawil\u017caj\u0105ca formu\u0142a jest testowana dermatologicznie i wodoodporna do 80 minut.<\/li>\n<li>Przyjazny dla wegan i bezpieczny dla raf koralowych.<\/li>\n<\/ul>\n","protected":false},"excerpt":{"rendered":"<ul class=\"spotlight__list-custom custom-list\">\n<li>Zapewnia ochron\u0119 SPF 30+ o szerokim spektrum (UVA\/UVB) w lekkim, nawil\u017caj\u0105cym sprayu mineralnym.<\/li>\n<li>Zawiera nienanotlenek cynku, olej z awokado, aloes, olej z pestek malin i witamin\u0119 E.<\/li>\n<li>Nie zawiera ftalan\u00f3w, oksybenzonu i syntetycznych substancji zapachowych.<\/li>\n<li>Od\u017cywcza, intensywnie nawil\u017caj\u0105ca formu\u0142a jest testowana dermatologicznie i wodoodporna do 80 minut.<\/li>\n<li>Przyjazny dla wegan i bezpieczny dla raf koralowych.<\/li>\n<li><\/li>\n<\/ul>\n","protected":false},"featured_media":18304,"template":"","meta":{"site-sidebar-layout":"default","site-content-layout":"default","ast-site-content-layout":"default","site-content-style":"default","site-sidebar-style":"default","ast-global-header-display":"","ast-banner-title-visibility":"","ast-main-header-display":"","ast-hfb-above-header-display":"","ast-hfb-below-header-display":"","ast-hfb-mobile-header-display":"","site-post-title":"","ast-breadcrumbs-content":"","ast-featured-img":"","footer-sml-layout":"","ast-disable-related-posts":"","theme-transparent-header-meta":"default","adv-header-id-meta":"","stick-header-meta":"","header-above-stick-meta":"","header-main-stick-meta":"","header-below-stick-meta":"","astra-migrate-meta-layouts":"set","ast-page-background-enabled":"default","ast-page-background-meta":{"desktop":{"background-color":"","background-image":"","background-repeat":"repeat","background-position":"center center","background-size":"auto","background-attachment":"scroll","background-type":"","background-media":"","overlay-type":"","overlay-color":"","overlay-opacity":"","overlay-gradient":""},"tablet":{"background-color":"","background-image":"","background-repeat":"repeat","background-position":"center center","background-size":"auto","background-attachment":"scroll","background-type":"","background-media":"","overlay-type":"","overlay-color":"","overlay-opacity":"","overlay-gradient":""},"mobile":{"background-color":"","background-image":"","background-repeat":"repeat","background-position":"center center","background-size":"auto","background-attachment":"scroll","background-type":"","background-media":"","overlay-type":"","overlay-color":"","overlay-opacity":"","overlay-gradient":""}},"ast-content-background-meta":{"desktop":{"background-color":"var(--ast-global-color-5)","background-image":"","background-repeat":"repeat","background-position":"center center","background-size":"auto","background-attachment":"scroll","background-type":"","background-media":"","overlay-type":"","overlay-color":"","overlay-opacity":"","overlay-gradient":""},"tablet":{"background-color":"var(--ast-global-color-5)","background-image":"","background-repeat":"repeat","background-position":"center center","background-size":"auto","background-attachment":"scroll","background-type":"","background-media":"","overlay-type":"","overlay-color":"","overlay-opacity":"","overlay-gradient":""},"mobile":{"background-color":"var(--ast-global-color-5)","background-image":"","background-repeat":"repeat","background-position":"center center","background-size":"auto","background-attachment":"scroll","background-type":"","background-media":"","overlay-type":"","overlay-color":"","overlay-opacity":"","overlay-gradient":""}}},"product_brand":[],"product_cat":[1755,3585,1711],"product_tag":[],"class_list":{"0":"post-18308","1":"product","2":"type-product","3":"status-publish","4":"has-post-thumbnail","6":"product_cat-dla-dzieci","7":"product_cat-doterra-slonce-pl","8":"product_cat-higiena-i-pielegnacja-skory","9":"desktop-align-left","10":"tablet-align-left","11":"mobile-align-left","13":"first","14":"instock","15":"sale","16":"taxable","17":"shipping-taxable","18":"purchasable","19":"product-type-simple"},"_links":{"self":[{"href":"https:\/\/mamaterra.lt\/pl\/wp-json\/wp\/v2\/product\/18308","targetHints":{"allow":["GET"]}}],"collection":[{"href":"https:\/\/mamaterra.lt\/pl\/wp-json\/wp\/v2\/product"}],"about":[{"href":"https:\/\/mamaterra.lt\/pl\/wp-json\/wp\/v2\/types\/product"}],"wp:featuredmedia":[{"embeddable":true,"href":"https:\/\/mamaterra.lt\/pl\/wp-json\/wp\/v2\/media\/18304"}],"wp:attachment":[{"href":"https:\/\/mamaterra.lt\/pl\/wp-json\/wp\/v2\/media?parent=18308"}],"wp:term":[{"taxonomy":"product_brand","embeddable":true,"href":"https:\/\/mamaterra.lt\/pl\/wp-json\/wp\/v2\/product_brand?post=18308"},{"taxonomy":"product_cat","embeddable":true,"href":"https:\/\/mamaterra.lt\/pl\/wp-json\/wp\/v2\/product_cat?post=18308"},{"taxonomy":"product_tag","embeddable":true,"href":"https:\/\/mamaterra.lt\/pl\/wp-json\/wp\/v2\/product_tag?post=18308"}],"curies":[{"name":"wp","href":"https:\/\/api.w.org\/{rel}","templated":true}]}}