{"id":18296,"date":"2023-07-01T11:58:49","date_gmt":"2023-07-01T10:58:49","guid":{"rendered":"https:\/\/mamaterra.lt\/parduotuve\/bez-kategorii\/doterra-sun-after-sun-body-spray-purskiklis-kunui-po-deginimosi-2\/"},"modified":"2024-03-10T16:42:39","modified_gmt":"2024-03-10T15:42:39","slug":"doterra-sun-after-sun-body-spray-do-ciala","status":"publish","type":"product","link":"https:\/\/mamaterra.lt\/pl\/parduotuve\/higiena-i-pielegnacja-skory\/doterra-slonce-pl\/doterra-sun-after-sun-body-spray-do-ciala\/","title":{"rendered":"d\u014dTERRA\u2122 sun After Sun Body Spray do cia\u0142a"},"content":{"rendered":"<h6>d\u014dTERRA\u2122 sun After Sun Spray do cia\u0142a<\/h6>\n<p>170 g<\/p>\n<p>Podaruj swojej sk\u00f3rze ukochan\u0105, dodatkow\u0105 piel\u0119gnacj\u0119 po d\u0142ugich godzinach sp\u0119dzonych pod ciep\u0142ymi promieniami dzi\u0119ki After Sun Body Spray. Nawil\u017caj\u0105ce w\u0142a\u015bciwo\u015bci kwasu hialuronowego i koj\u0105ce w\u0142a\u015bciwo\u015bci aloesu w po\u0142\u0105czeniu z ekstraktem z kwiat\u00f3w arniki g\u00f3rskiej tworz\u0105 g\u0142\u0119boko nawil\u017caj\u0105c\u0105 formu\u0142\u0119. Dodatek olejk\u00f3w eterycznych z Copaiba, lawendy, trawy cytrynowej, mi\u0119ty pieprzowej, japo\u0144skiej mi\u0119ty pieprzowej, kocanki, drzewa sanda\u0142owego, wrotyczu pospolitego, kadzid\u0142owca i kolendry zapewnia \u015bwie\u017cy i jasny, a jednocze\u015bnie uziemiaj\u0105cy i subtelny aromat. Zapakowany w aluminiow\u0105 butelk\u0119 bez aerozolu, produkt uwalnia ci\u0105g\u0142\u0105 mgie\u0142k\u0119, u\u0142atwiaj\u0105c pokrycie ca\u0142ego cia\u0142a. Pokochaj i piel\u0119gnuj swoj\u0105 sk\u00f3r\u0119 z doTERRA After Sun.<\/p>\n<ul class=\"spotlight__list-custom custom-list\">\n<li>Zapewnia sk\u00f3rze koj\u0105c\u0105, ch\u0142odz\u0105c\u0105 ulg\u0119.<\/li>\n<li>Zawiera aloes, kwas hialuronowy, zielon\u0105 herbat\u0119 i witamin\u0119 E.<\/li>\n<li>Nie zawiera ftalan\u00f3w, oksybenzonu i syntetycznych substancji zapachowych.<\/li>\n<li>Od\u017cywcza, intensywnie nawil\u017caj\u0105ca formu\u0142a jest testowana dermatologicznie i wodoodporna.<\/li>\n<li>Przyjazny dla wegan i bezpieczny dla raf koralowych.<\/li>\n<\/ul>\n","protected":false},"excerpt":{"rendered":"<ul class=\"spotlight__list-custom custom-list\">\n<li>Zapewnia sk\u00f3rze koj\u0105c\u0105, ch\u0142odz\u0105c\u0105 ulg\u0119.<\/li>\n<li>Zawiera aloes, kwas hialuronowy, zielon\u0105 herbat\u0119 i witamin\u0119 E.<\/li>\n<li>Nie zawiera ftalan\u00f3w, oksybenzonu i syntetycznych substancji zapachowych.<\/li>\n<li>Od\u017cywcza, intensywnie nawil\u017caj\u0105ca formu\u0142a jest testowana dermatologicznie i wodoodporna.<\/li>\n<li>Przyjazny dla wegan i bezpieczny dla raf koralowych.<\/li>\n<li><\/li>\n<li><\/li>\n<li><\/li>\n<\/ul>\n","protected":false},"featured_media":18284,"template":"","meta":{"site-sidebar-layout":"default","site-content-layout":"default","ast-site-content-layout":"default","site-content-style":"default","site-sidebar-style":"default","ast-global-header-display":"","ast-banner-title-visibility":"","ast-main-header-display":"","ast-hfb-above-header-display":"","ast-hfb-below-header-display":"","ast-hfb-mobile-header-display":"","site-post-title":"","ast-breadcrumbs-content":"","ast-featured-img":"","footer-sml-layout":"","ast-disable-related-posts":"","theme-transparent-header-meta":"default","adv-header-id-meta":"","stick-header-meta":"","header-above-stick-meta":"","header-main-stick-meta":"","header-below-stick-meta":"","astra-migrate-meta-layouts":"set","ast-page-background-enabled":"default","ast-page-background-meta":{"desktop":{"background-color":"","background-image":"","background-repeat":"repeat","background-position":"center center","background-size":"auto","background-attachment":"scroll","background-type":"","background-media":"","overlay-type":"","overlay-color":"","overlay-opacity":"","overlay-gradient":""},"tablet":{"background-color":"","background-image":"","background-repeat":"repeat","background-position":"center center","background-size":"auto","background-attachment":"scroll","background-type":"","background-media":"","overlay-type":"","overlay-color":"","overlay-opacity":"","overlay-gradient":""},"mobile":{"background-color":"","background-image":"","background-repeat":"repeat","background-position":"center center","background-size":"auto","background-attachment":"scroll","background-type":"","background-media":"","overlay-type":"","overlay-color":"","overlay-opacity":"","overlay-gradient":""}},"ast-content-background-meta":{"desktop":{"background-color":"var(--ast-global-color-5)","background-image":"","background-repeat":"repeat","background-position":"center center","background-size":"auto","background-attachment":"scroll","background-type":"","background-media":"","overlay-type":"","overlay-color":"","overlay-opacity":"","overlay-gradient":""},"tablet":{"background-color":"var(--ast-global-color-5)","background-image":"","background-repeat":"repeat","background-position":"center center","background-size":"auto","background-attachment":"scroll","background-type":"","background-media":"","overlay-type":"","overlay-color":"","overlay-opacity":"","overlay-gradient":""},"mobile":{"background-color":"var(--ast-global-color-5)","background-image":"","background-repeat":"repeat","background-position":"center center","background-size":"auto","background-attachment":"scroll","background-type":"","background-media":"","overlay-type":"","overlay-color":"","overlay-opacity":"","overlay-gradient":""}}},"product_brand":[],"product_cat":[1755,3585,1711],"product_tag":[],"class_list":{"0":"post-18296","1":"product","2":"type-product","3":"status-publish","4":"has-post-thumbnail","6":"product_cat-dla-dzieci","7":"product_cat-doterra-slonce-pl","8":"product_cat-higiena-i-pielegnacja-skory","9":"desktop-align-left","10":"tablet-align-left","11":"mobile-align-left","13":"first","14":"instock","15":"taxable","16":"shipping-taxable","17":"purchasable","18":"product-type-simple"},"_links":{"self":[{"href":"https:\/\/mamaterra.lt\/pl\/wp-json\/wp\/v2\/product\/18296","targetHints":{"allow":["GET"]}}],"collection":[{"href":"https:\/\/mamaterra.lt\/pl\/wp-json\/wp\/v2\/product"}],"about":[{"href":"https:\/\/mamaterra.lt\/pl\/wp-json\/wp\/v2\/types\/product"}],"wp:featuredmedia":[{"embeddable":true,"href":"https:\/\/mamaterra.lt\/pl\/wp-json\/wp\/v2\/media\/18284"}],"wp:attachment":[{"href":"https:\/\/mamaterra.lt\/pl\/wp-json\/wp\/v2\/media?parent=18296"}],"wp:term":[{"taxonomy":"product_brand","embeddable":true,"href":"https:\/\/mamaterra.lt\/pl\/wp-json\/wp\/v2\/product_brand?post=18296"},{"taxonomy":"product_cat","embeddable":true,"href":"https:\/\/mamaterra.lt\/pl\/wp-json\/wp\/v2\/product_cat?post=18296"},{"taxonomy":"product_tag","embeddable":true,"href":"https:\/\/mamaterra.lt\/pl\/wp-json\/wp\/v2\/product_tag?post=18296"}],"curies":[{"name":"wp","href":"https:\/\/api.w.org\/{rel}","templated":true}]}}