{"id":18253,"date":"2023-07-01T11:21:37","date_gmt":"2023-07-01T10:21:37","guid":{"rendered":"https:\/\/mamaterra.lt\/parduotuve\/bez-kategorii\/supermint-beadlets\/"},"modified":"2024-03-10T19:06:14","modified_gmt":"2024-03-10T18:06:14","slug":"supermint-beadlets","status":"publish","type":"product","link":"https:\/\/mamaterra.lt\/pl\/parduotuve\/olejki-eteryczne\/mieszanki-olejkow-eterycznych\/supermint-beadlets\/","title":{"rendered":"Supermint beadlets"},"content":{"rendered":"<h6>Supermint beadlets<\/h6>\n<p>Korzystaj z dobrodziejstw mieszanki olejk\u00f3w eterycznych SuperMint\u2122 gdziekolwiek i kiedykolwiek tego potrzebujesz. Ma\u0142e, ale pot\u0119\u017cne, te mi\u0119kkie, wygodne wegetaria\u0144skie kulki zawieraj\u0105 opatentowan\u0105 mieszank\u0119 olejk\u00f3w eterycznych z mi\u0119ty pieprzowej, mi\u0119ty japo\u0144skiej, mi\u0119ty bergamotki i mi\u0119ty zielonej. Zapewniaj\u0105c mi\u0119towy i ch\u0142odz\u0105cy smak, kulki SuperMint pozostawiaj\u0105 uczucie od\u015bwie\u017cenia, szczeg\u00f3lnie po du\u017cych posi\u0142kach, zapewniaj\u0105c lekki, koj\u0105cy komfort.<\/p>\n<ul class=\"spotlight__list-custom custom-list\">\n<li>Po\u0142\u0105czenie olejk\u00f3w eterycznych z mi\u0119ty pieprzowej, mi\u0119ty japo\u0144skiej, mi\u0119ty bergamotki i mi\u0119ty zielonej w \u0142atwej do po\u0142kni\u0119cia formie pere\u0142ek.<\/li>\n<li>Zapewnia wygodny spos\u00f3b stosowania mieszanki doTERRA SuperMint Blend o ka\u017cdej porze dnia.<\/li>\n<li>Mo\u017ce przynosi\u0107 ulg\u0119 w przypadku sporadycznych dolegliwo\u015bci \u017co\u0142\u0105dkowych, idealna po du\u017cych posi\u0142kach lub d\u0142ugich podr\u00f3\u017cach samochodem.<\/li>\n<li>Mo\u017ce o\u017cywi\u0107 zmys\u0142y dzi\u0119ki \u015bwie\u017cym, mi\u0119towym i zio\u0142owym w\u0142a\u015bciwo\u015bciom.<\/li>\n<\/ul>\n","protected":false},"excerpt":{"rendered":"<ul class=\"spotlight__list-custom custom-list\">\n<li>Mo\u017ce przynosi\u0107 ulg\u0119 w przypadku sporadycznych dolegliwo\u015bci \u017co\u0142\u0105dkowych, idealna po du\u017cych posi\u0142kach lub d\u0142ugich podr\u00f3\u017cach samochodem.<\/li>\n<li>Mo\u017ce o\u017cywi\u0107 zmys\u0142y dzi\u0119ki \u015bwie\u017cym, mi\u0119towym i zio\u0142owym w\u0142a\u015bciwo\u015bciom.<\/li>\n<\/ul>\n","protected":false},"featured_media":0,"template":"","meta":{"site-sidebar-layout":"default","site-content-layout":"default","ast-site-content-layout":"default","site-content-style":"default","site-sidebar-style":"default","ast-global-header-display":"","ast-banner-title-visibility":"","ast-main-header-display":"","ast-hfb-above-header-display":"","ast-hfb-below-header-display":"","ast-hfb-mobile-header-display":"","site-post-title":"","ast-breadcrumbs-content":"","ast-featured-img":"","footer-sml-layout":"","ast-disable-related-posts":"","theme-transparent-header-meta":"default","adv-header-id-meta":"","stick-header-meta":"","header-above-stick-meta":"","header-main-stick-meta":"","header-below-stick-meta":"","astra-migrate-meta-layouts":"set","ast-page-background-enabled":"default","ast-page-background-meta":{"desktop":{"background-color":"","background-image":"","background-repeat":"repeat","background-position":"center center","background-size":"auto","background-attachment":"scroll","background-type":"","background-media":"","overlay-type":"","overlay-color":"","overlay-opacity":"","overlay-gradient":""},"tablet":{"background-color":"","background-image":"","background-repeat":"repeat","background-position":"center center","background-size":"auto","background-attachment":"scroll","background-type":"","background-media":"","overlay-type":"","overlay-color":"","overlay-opacity":"","overlay-gradient":""},"mobile":{"background-color":"","background-image":"","background-repeat":"repeat","background-position":"center center","background-size":"auto","background-attachment":"scroll","background-type":"","background-media":"","overlay-type":"","overlay-color":"","overlay-opacity":"","overlay-gradient":""}},"ast-content-background-meta":{"desktop":{"background-color":"var(--ast-global-color-5)","background-image":"","background-repeat":"repeat","background-position":"center center","background-size":"auto","background-attachment":"scroll","background-type":"","background-media":"","overlay-type":"","overlay-color":"","overlay-opacity":"","overlay-gradient":""},"tablet":{"background-color":"var(--ast-global-color-5)","background-image":"","background-repeat":"repeat","background-position":"center center","background-size":"auto","background-attachment":"scroll","background-type":"","background-media":"","overlay-type":"","overlay-color":"","overlay-opacity":"","overlay-gradient":""},"mobile":{"background-color":"var(--ast-global-color-5)","background-image":"","background-repeat":"repeat","background-position":"center center","background-size":"auto","background-attachment":"scroll","background-type":"","background-media":"","overlay-type":"","overlay-color":"","overlay-opacity":"","overlay-gradient":""}}},"product_brand":[],"product_cat":[1732,1702,1758],"product_tag":[],"class_list":{"0":"post-18253","1":"product","2":"type-product","3":"status-publish","5":"product_cat-dla-koncentracji","6":"product_cat-mieszanki-olejkow-eterycznych","7":"product_cat-trawienie","8":"desktop-align-left","9":"tablet-align-left","10":"mobile-align-left","12":"first","13":"instock","14":"taxable","15":"shipping-taxable","16":"purchasable","17":"product-type-simple"},"_links":{"self":[{"href":"https:\/\/mamaterra.lt\/pl\/wp-json\/wp\/v2\/product\/18253","targetHints":{"allow":["GET"]}}],"collection":[{"href":"https:\/\/mamaterra.lt\/pl\/wp-json\/wp\/v2\/product"}],"about":[{"href":"https:\/\/mamaterra.lt\/pl\/wp-json\/wp\/v2\/types\/product"}],"wp:attachment":[{"href":"https:\/\/mamaterra.lt\/pl\/wp-json\/wp\/v2\/media?parent=18253"}],"wp:term":[{"taxonomy":"product_brand","embeddable":true,"href":"https:\/\/mamaterra.lt\/pl\/wp-json\/wp\/v2\/product_brand?post=18253"},{"taxonomy":"product_cat","embeddable":true,"href":"https:\/\/mamaterra.lt\/pl\/wp-json\/wp\/v2\/product_cat?post=18253"},{"taxonomy":"product_tag","embeddable":true,"href":"https:\/\/mamaterra.lt\/pl\/wp-json\/wp\/v2\/product_tag?post=18253"}],"curies":[{"name":"wp","href":"https:\/\/api.w.org\/{rel}","templated":true}]}}