{"id":18222,"date":"2023-03-02T20:45:22","date_gmt":"2023-03-02T19:45:22","guid":{"rendered":"https:\/\/mamaterra.lt\/parduotuve\/bez-kategorii\/kondicionierius-kasdienai-doterra-daily-conditioner-500-ml\/"},"modified":"2024-02-02T19:40:39","modified_gmt":"2024-02-02T18:40:39","slug":"kondicionierius-kasdienai-doterra-daily-conditioner-500-ml","status":"publish","type":"product","link":"https:\/\/mamaterra.lt\/pl\/parduotuve\/higiena-i-pielegnacja-skory\/produkty-do-pielegnacji-wlosow-salon-essentials\/kondicionierius-kasdienai-doterra-daily-conditioner-500-ml\/","title":{"rendered":"Kondicionierius kasdienai (doTERRA Daily Conditioner) 500 ml"},"content":{"rendered":"<h6>Kondicionierius kasdienai (doTERRA Daily Conditioner)<\/h6>\n<h6>500 ml<\/h6>\n<p>Kad ir koki\u0173 i\u0161\u0161\u016bki\u0173 kelt\u0173 j\u016bs\u0173 plaukai, kiekviena diena gali b\u016bti ger\u0173 plauk\u0173 diena. Nuo lengvo doTERRA Daily Conditioner (Kondicionieriaus kasdienai) plaukai atrodys glotn\u016bs ir sveiki. Maitinantis ir puosel\u0117jantis kondicionierius naudingas vis\u0173 tip\u0173 plaukams. Be sulfat\u0173, silikon\u0173, ftalat\u0173 ir paraben\u0173 pagamintas kondicionierius padeda i\u0161saugoti ry\u0161ki\u0105 plauk\u0173 spalv\u0105. Gaivinan\u010diais CPTG\u2122 Peppermint (Pipirm\u0117\u010di\u0173), Eucalyptus (Eukalipt\u0173), Tea Tree (Arbatmed\u017ei\u0173) ir Spearmint (\u0160altm\u0117\u010di\u0173) eteriniais aliejais praturtintas doTERRA Daily Conditioner (Kondicionierius kasdienia) papildo doTERRA plauk\u0173 prie\u017ei\u016bros rutin\u0105.<\/p>\n<ul class=\"spotlight__list-custom custom-list\">\n<li>Sukurtas maitinti, saugoti ir ry\u0161kiai spalvai i\u0161laikyti.<\/li>\n<li>doTERRA Daily Conditioner (Kondicionierius kasdienai) skirtas naudoti kiekvien\u0105 dien\u0105.<\/li>\n<li>Praturtintas CPTG Peppermint (Pipirm\u0117\u010di\u0173), Eucalyptus (Eukalipt\u0173), Tea Tree (Arbatmed\u017ei\u0173) ir Spearmint (\u0160altm\u0117\u010di\u0173) eteriniais aliejais.<\/li>\n<li>Be sulfat\u0173, silikon\u0173, ftalat\u0173 ir paraben\u0173.<\/li>\n<\/ul>\n<p class=\"product-uses__block-title\"><strong>Naudojimas<\/strong><\/p>\n<div class=\"product-uses__block-list\">\n<ul class=\"custom-list\">\n<li>Naudokite kaip nurodyta kasdien optimaliai plauk\u0173 prie\u017ei\u016brai palaikyti.<\/li>\n<li>Pasiekite norim\u0173 rezultat\u0173, naudodami po d\u014dTERRA\u2122 Protecting Shampoo (Plaukus apsaugan\u010dio \u0161amp\u016bno).<\/li>\n<\/ul>\n<p><strong style=\"font-size: 16px;\">Naudojimo nurodymai<\/strong><\/p>\n<\/div>\n<div class=\"product-uses__directions-for-use\">\n<div class=\"product-uses__directions-for-use-item\">\n<div class=\"product-uses__directions-for-use-icon\">\n<div class=\"icon--topically icon--xxl\"><span style=\"font-size: 16px;\">I\u0161trink\u0119 plaukus \u0161amp\u016bnu, u\u017etepkite kondicionieriaus ant vidurin\u0117s plauk\u0173 dalies ir galiuk\u0173. Palaukite vien\u0105 minut\u0119. Kruop\u0161\u010diai i\u0161skalaukite.<\/span><\/div>\n<\/div>\n<\/div>\n<\/div>\n<div class=\"product-uses__cautions\">\n<p class=\"product-uses__block-title\"><strong>Atsargumo priemon\u0117s<\/strong><\/p>\n<p class=\"product-uses__block-title\"><span style=\"font-size: 16px;\">Saugokite, kad nepatekt\u0173 \u012f akis. Tik i\u0161oriniam naudojimui. Nustokite naudoti, jei atsiranda sudirginimas. Laikyti vaikams nepasiekiamoje vietoje.<\/span><\/p>\n<\/div>\n<div class=\"spotlight__foot-block-icons\">\n<div class=\"body-system-list\">\n<div class=\"body-system-list__item\">\n<div class=\"body-system-list__item-img\">\n<div class=\"span icon--bodycare icon--xl\"><strong>Visos sudedamosios dalys<\/strong><\/div>\n<\/div>\n<div class=\"body-system-list__item-label\">\n<p class=\"product-whats-inside__footer-title\"><span style=\"font-size: 16px;\">Vanduo, cetearilo alkoholis, glicerilo stearatas, Cocos Nucifera (kokos\u0173) aliejus, behenamidpropilo dimetilaminas, cetilo esteriai, kvaternis-98, behentrimonio chloridas, Mentha Piperita (pipirm\u0117\u010di\u0173) aliejus, Eucalyptus Globulus lap\u0173 aliejus, Melaleuca Alternifolia (arbatmed\u017ei\u0173) lap\u0173 aliejus, Mentha Spicata \u017eied\u0173, lap\u0173 ir stieb\u0173 aliejus, Butyrospermum Parkii (sviestmed\u017ei\u0173) sviestas, glicerolis, pieno r\u016bg\u0161tis, natrio PCA, poliglicerilo-2 stearatas, natrio benzoatas, chlorfenezinas, stearilo alkoholis, guaro hidroksipropiltrimonio chloridas, pantenolis, kapriloilo glicerino \/ sebaco r\u016bg\u0161ties kopolimeras, hidroksipropilo gliukonamidas, diheptilo sukcinatas, hidroksipropilamonio gliukonatas, tetranatrio glutamato diacetatas, natrio hidroksidas, izopropilo alkoholis, tartaro r\u016bg\u0161tis, benzilo alkoholis, kalio sorbatas.<\/span><\/p>\n<\/div>\n<\/div>\n<\/div>\n<\/div>\n","protected":false},"excerpt":{"rendered":"<ul class=\"spotlight__list-custom custom-list\">\n<li>Sukurtas maitinti, saugoti ir ry\u0161kiai spalvai i\u0161laikyti.<\/li>\n<li>doTERRA Daily Conditioner (Kondicionierius kasdienai) skirtas naudoti kiekvien\u0105 dien\u0105.<\/li>\n<li>Praturtintas CPTG Peppermint (Pipirm\u0117\u010di\u0173), Eucalyptus (Eukalipt\u0173), Tea Tree (Arbatmed\u017ei\u0173) ir Spearmint (\u0160altm\u0117\u010di\u0173) eteriniais aliejais.<\/li>\n<li>Be sulfat\u0173, silikon\u0173, ftalat\u0173 ir paraben\u0173.<\/li>\n<\/ul>\n","protected":false},"featured_media":17150,"template":"","meta":{"site-sidebar-layout":"default","site-content-layout":"default","ast-site-content-layout":"default","site-content-style":"default","site-sidebar-style":"default","ast-global-header-display":"","ast-banner-title-visibility":"","ast-main-header-display":"","ast-hfb-above-header-display":"","ast-hfb-below-header-display":"","ast-hfb-mobile-header-display":"","site-post-title":"","ast-breadcrumbs-content":"","ast-featured-img":"","footer-sml-layout":"","ast-disable-related-posts":"","theme-transparent-header-meta":"default","adv-header-id-meta":"","stick-header-meta":"","header-above-stick-meta":"","header-main-stick-meta":"","header-below-stick-meta":"","astra-migrate-meta-layouts":"default","ast-page-background-enabled":"default","ast-page-background-meta":{"desktop":{"background-color":"","background-image":"","background-repeat":"repeat","background-position":"center center","background-size":"auto","background-attachment":"scroll","background-type":"","background-media":"","overlay-type":"","overlay-color":"","overlay-opacity":"","overlay-gradient":""},"tablet":{"background-color":"","background-image":"","background-repeat":"repeat","background-position":"center center","background-size":"auto","background-attachment":"scroll","background-type":"","background-media":"","overlay-type":"","overlay-color":"","overlay-opacity":"","overlay-gradient":""},"mobile":{"background-color":"","background-image":"","background-repeat":"repeat","background-position":"center center","background-size":"auto","background-attachment":"scroll","background-type":"","background-media":"","overlay-type":"","overlay-color":"","overlay-opacity":"","overlay-gradient":""}},"ast-content-background-meta":{"desktop":{"background-color":"var(--ast-global-color-5)","background-image":"","background-repeat":"repeat","background-position":"center center","background-size":"auto","background-attachment":"scroll","background-type":"","background-media":"","overlay-type":"","overlay-color":"","overlay-opacity":"","overlay-gradient":""},"tablet":{"background-color":"var(--ast-global-color-5)","background-image":"","background-repeat":"repeat","background-position":"center center","background-size":"auto","background-attachment":"scroll","background-type":"","background-media":"","overlay-type":"","overlay-color":"","overlay-opacity":"","overlay-gradient":""},"mobile":{"background-color":"var(--ast-global-color-5)","background-image":"","background-repeat":"repeat","background-position":"center center","background-size":"auto","background-attachment":"scroll","background-type":"","background-media":"","overlay-type":"","overlay-color":"","overlay-opacity":"","overlay-gradient":""}}},"product_brand":[],"product_cat":[1711,1713],"product_tag":[],"class_list":{"0":"post-18222","1":"product","2":"type-product","3":"status-publish","4":"has-post-thumbnail","6":"product_cat-higiena-i-pielegnacja-skory","7":"product_cat-produkty-do-pielegnacji-wlosow-salon-essentials","8":"desktop-align-left","9":"tablet-align-left","10":"mobile-align-left","12":"first","13":"instock","14":"taxable","15":"shipping-taxable","16":"purchasable","17":"product-type-simple"},"_links":{"self":[{"href":"https:\/\/mamaterra.lt\/pl\/wp-json\/wp\/v2\/product\/18222","targetHints":{"allow":["GET"]}}],"collection":[{"href":"https:\/\/mamaterra.lt\/pl\/wp-json\/wp\/v2\/product"}],"about":[{"href":"https:\/\/mamaterra.lt\/pl\/wp-json\/wp\/v2\/types\/product"}],"wp:featuredmedia":[{"embeddable":true,"href":"https:\/\/mamaterra.lt\/pl\/wp-json\/wp\/v2\/media\/17150"}],"wp:attachment":[{"href":"https:\/\/mamaterra.lt\/pl\/wp-json\/wp\/v2\/media?parent=18222"}],"wp:term":[{"taxonomy":"product_brand","embeddable":true,"href":"https:\/\/mamaterra.lt\/pl\/wp-json\/wp\/v2\/product_brand?post=18222"},{"taxonomy":"product_cat","embeddable":true,"href":"https:\/\/mamaterra.lt\/pl\/wp-json\/wp\/v2\/product_cat?post=18222"},{"taxonomy":"product_tag","embeddable":true,"href":"https:\/\/mamaterra.lt\/pl\/wp-json\/wp\/v2\/product_tag?post=18222"}],"curies":[{"name":"wp","href":"https:\/\/api.w.org\/{rel}","templated":true}]}}