{"id":18210,"date":"2023-03-31T20:08:02","date_gmt":"2023-03-31T19:08:02","guid":{"rendered":"https:\/\/mamaterra.lt\/parduotuve\/bez-kategorii\/doterra-forest-breeze-eteriniu-alieju-misinys-15-ml\/"},"modified":"2023-12-14T20:44:56","modified_gmt":"2023-12-14T19:44:56","slug":"doterra-forest-breeze-eteriniu-alieju-misinys-15-ml","status":"publish","type":"product","link":"https:\/\/mamaterra.lt\/pl\/parduotuve\/olejki-eteryczne\/mieszanki-olejkow-eterycznych\/doterra-forest-breeze-eteriniu-alieju-misinys-15-ml\/","title":{"rendered":"doTERRA Forest Breeze Eterini\u0173 Aliej\u0173 Mi\u0161inys 15 ml"},"content":{"rendered":"<p>d\u014dTERRA Forest Breeze &#8211; tai mi\u0161ko v\u0117jo aromatas, kur\u012f \u012fkv\u0117p\u0117 daugyb\u0117 Europos mi\u0161k\u0173. Aliejaus &#8222;Forest Breeze&#8221; sud\u0117tyje yra CPTG standarto Sibiro k\u0117ni\u0173, kiparis\u0173, kadagi\u0173, juod\u0173j\u0173 egli\u0173, laukini\u0173 apelsin\u0173, Frankincense ir kmyn\u0173 eterini\u0173 aliej\u0173. Be nuostabaus aromato, &#8222;doTERRA Forest Breeze&#8221; palaiko geresn\u0119 nuotaik\u0105 ir teigiamai veikia kv\u0117pavimo takus.<\/p>\n<ul>\n<li>Naudokite &#8222;Forest Breeze&#8221; aliej\u0173 difuzoriuje, kad patalpoje pasklist\u0173 mi\u0161ko kvapas ir b\u016bt\u0173 palaikomi kv\u0117pavimo takai.<\/li>\n<li>\u012ela\u0161inkite 1 la\u0161\u0105 &#8222;d\u014dTERRA Forest Breeze&#8221; aliejaus \u012f du\u0161o \u017eel\u0117, kad pasinaudotum\u0117te eterini\u0173 aliej\u0173 galiomis ir pajustum\u0117te gaivinant\u012f medienos aromat\u0105.<\/li>\n<li>Naudojimas ant odos: Masa\u017eui sumai\u0161ykite 5 la\u0161us &#8222;Forest Breeze&#8221; aliejaus su 10 ml doTERRA ne\u0161iklio aliejaus. Vonioje 5 la\u0161us sumai\u0161ykite su 5 ml ne\u0161an\u010diojo aliejaus. Kvepalams sumai\u0161ykite 1 la\u0161\u0105 su 10 la\u0161\u0173 ne\u0161an\u010diojo aliejaus.<\/li>\n<\/ul>\n<p>\u012eSP\u012eJIMAI<\/p>\n<p>Galimas odos jautrumas. Laikykite &#8222;doTERRA Forest Breeze&#8221; vaikams nepasiekiamoje vietoje. Jei esate n\u0117\u0161\u010dia arba pri\u017ei\u016brima gydytojo, pasitarkite su gydytoju. Venkite s\u0105ly\u010dio su akimis, vidin\u0117mis ausimis ir jautriomis vietomis. Patekus ant odos, gausiai praskieskite ne\u0161an\u010diuoju aliejumi. Patekus ant odos, po naudojimo bent 12 valand\u0173 venkite saul\u0117s spinduli\u0173 ir ultravioletini\u0173 spinduli\u0173.<\/p>\n","protected":false},"excerpt":{"rendered":"<p>d\u014dTERRA Forest Breeze &#8211; tai mi\u0161ko v\u0117jo aromatas, kur\u012f \u012fkv\u0117p\u0117 daugyb\u0117 Europos mi\u0161k\u0173. Aliejaus &#8222;Forest Breeze&#8221; sud\u0117tyje yra CPTG standarto Sibiro k\u0117ni\u0173, kiparis\u0173, kadagi\u0173, juod\u0173j\u0173 egli\u0173, laukini\u0173 apelsin\u0173, Frankincense ir kmyn\u0173 eterini\u0173 aliej\u0173.<\/p>\n","protected":false},"featured_media":17282,"template":"","meta":{"site-sidebar-layout":"default","site-content-layout":"default","ast-site-content-layout":"default","site-content-style":"default","site-sidebar-style":"default","ast-global-header-display":"","ast-banner-title-visibility":"","ast-main-header-display":"","ast-hfb-above-header-display":"","ast-hfb-below-header-display":"","ast-hfb-mobile-header-display":"","site-post-title":"","ast-breadcrumbs-content":"","ast-featured-img":"","footer-sml-layout":"","ast-disable-related-posts":"","theme-transparent-header-meta":"default","adv-header-id-meta":"","stick-header-meta":"","header-above-stick-meta":"","header-main-stick-meta":"","header-below-stick-meta":"","astra-migrate-meta-layouts":"default","ast-page-background-enabled":"default","ast-page-background-meta":{"desktop":{"background-color":"","background-image":"","background-repeat":"repeat","background-position":"center center","background-size":"auto","background-attachment":"scroll","background-type":"","background-media":"","overlay-type":"","overlay-color":"","overlay-opacity":"","overlay-gradient":""},"tablet":{"background-color":"","background-image":"","background-repeat":"repeat","background-position":"center center","background-size":"auto","background-attachment":"scroll","background-type":"","background-media":"","overlay-type":"","overlay-color":"","overlay-opacity":"","overlay-gradient":""},"mobile":{"background-color":"","background-image":"","background-repeat":"repeat","background-position":"center center","background-size":"auto","background-attachment":"scroll","background-type":"","background-media":"","overlay-type":"","overlay-color":"","overlay-opacity":"","overlay-gradient":""}},"ast-content-background-meta":{"desktop":{"background-color":"var(--ast-global-color-5)","background-image":"","background-repeat":"repeat","background-position":"center center","background-size":"auto","background-attachment":"scroll","background-type":"","background-media":"","overlay-type":"","overlay-color":"","overlay-opacity":"","overlay-gradient":""},"tablet":{"background-color":"var(--ast-global-color-5)","background-image":"","background-repeat":"repeat","background-position":"center center","background-size":"auto","background-attachment":"scroll","background-type":"","background-media":"","overlay-type":"","overlay-color":"","overlay-opacity":"","overlay-gradient":""},"mobile":{"background-color":"var(--ast-global-color-5)","background-image":"","background-repeat":"repeat","background-position":"center center","background-size":"auto","background-attachment":"scroll","background-type":"","background-media":"","overlay-type":"","overlay-color":"","overlay-opacity":"","overlay-gradient":""}}},"product_brand":[],"product_cat":[1702,1750,1698],"product_tag":[],"class_list":{"0":"post-18210","1":"product","2":"type-product","3":"status-publish","4":"has-post-thumbnail","6":"product_cat-mieszanki-olejkow-eterycznych","7":"product_cat-oczyszczanie-powietrza","8":"product_cat-olejki-eteryczne","9":"desktop-align-left","10":"tablet-align-left","11":"mobile-align-left","13":"first","14":"outofstock","15":"taxable","16":"shipping-taxable","17":"purchasable","18":"product-type-simple"},"_links":{"self":[{"href":"https:\/\/mamaterra.lt\/pl\/wp-json\/wp\/v2\/product\/18210","targetHints":{"allow":["GET"]}}],"collection":[{"href":"https:\/\/mamaterra.lt\/pl\/wp-json\/wp\/v2\/product"}],"about":[{"href":"https:\/\/mamaterra.lt\/pl\/wp-json\/wp\/v2\/types\/product"}],"wp:featuredmedia":[{"embeddable":true,"href":"https:\/\/mamaterra.lt\/pl\/wp-json\/wp\/v2\/media\/17282"}],"wp:attachment":[{"href":"https:\/\/mamaterra.lt\/pl\/wp-json\/wp\/v2\/media?parent=18210"}],"wp:term":[{"taxonomy":"product_brand","embeddable":true,"href":"https:\/\/mamaterra.lt\/pl\/wp-json\/wp\/v2\/product_brand?post=18210"},{"taxonomy":"product_cat","embeddable":true,"href":"https:\/\/mamaterra.lt\/pl\/wp-json\/wp\/v2\/product_cat?post=18210"},{"taxonomy":"product_tag","embeddable":true,"href":"https:\/\/mamaterra.lt\/pl\/wp-json\/wp\/v2\/product_tag?post=18210"}],"curies":[{"name":"wp","href":"https:\/\/api.w.org\/{rel}","templated":true}]}}