{"id":18200,"date":"2023-04-30T16:21:27","date_gmt":"2023-04-30T15:21:27","guid":{"rendered":"https:\/\/mamaterra.lt\/parduotuve\/bez-kategorii\/doterra-valerijonu-eterinis-aliejus-valerian-15-ml\/"},"modified":"2024-03-11T20:07:29","modified_gmt":"2024-03-11T19:07:29","slug":"doterra-olejek-eteryczny-z-waleriany-valerian-15-ml","status":"publish","type":"product","link":"https:\/\/mamaterra.lt\/pl\/parduotuve\/olejki-eteryczne\/czyste-olejki-eteryczne\/doterra-olejek-eteryczny-z-waleriany-valerian-15-ml\/","title":{"rendered":"doTERRA Olejek eteryczny z waleriany (VALERIAN) 15 ml"},"content":{"rendered":"<p>doTERRA Olejek eteryczny z waleriany (VALERIAN) 15 ml<\/p>\n<p>Valeriana officinalis<\/p>\n<p>Waleriana, kt\u00f3rej nazwa pochodzi od \u0142aci\u0144skiego s\u0142owa &#8222;valere&#8221; oznaczaj\u0105cego &#8222;dobrobyt&#8221;, to wieloletnia ro\u015blina o r\u00f3\u017cowych kwiatach, kt\u00f3re kwitn\u0105 wiosn\u0105 po wykopaniu korzeni. Jedn\u0105 z najstarszych znanych i najlepiej zbadanych w\u0142a\u015bciwo\u015bci olejku eterycznego z waleriany jest jego dzia\u0142anie relaksuj\u0105ce, kt\u00f3re doceniano ju\u017c w czasach staro\u017cytnych Grek\u00f3w i Rzymian. Olejek jest destylowany par\u0105 wodn\u0105 z korzeni waleriany i jest bogaty w seskwiterpeny i seskwiterpenole, kt\u00f3re s\u0105 znane ze swojego relaksuj\u0105cego dzia\u0142ania. Olejek eteryczny z waleriany mo\u017ce pom\u00f3c uspokoi\u0107 si\u0119 i zrelaksowa\u0107 w stresuj\u0105cych chwilach, a stosowany w przepisach i domowych lekach ma ziemisty, uziemiaj\u0105cy aromat.<\/p>\n<p>&nbsp;<\/p>\n<p>Kluczowe korzy\u015bci<br \/>\nUziemiaj\u0105cy, ziemisty aromat.<br \/>\nIdealny do stosowania w ramach wieczornej rutyny relaksacyjnej.<br \/>\nUnikalny zapach, kt\u00f3ry pomaga do\u015bwiadczy\u0107 przyjemnych chwil spokoju.<\/p>\n","protected":false},"excerpt":{"rendered":"<p>Olejek eteryczny z waleriany mo\u017ce pom\u00f3c uspokoi\u0107 si\u0119 i zrelaksowa\u0107 w stresuj\u0105cych chwilach, a stosowany w przepisach i domowych lekach ma ziemisty, uziemiaj\u0105cy aromat<\/p>\n","protected":false},"featured_media":23695,"template":"","meta":{"site-sidebar-layout":"default","site-content-layout":"default","ast-site-content-layout":"default","site-content-style":"default","site-sidebar-style":"default","ast-global-header-display":"","ast-banner-title-visibility":"","ast-main-header-display":"","ast-hfb-above-header-display":"","ast-hfb-below-header-display":"","ast-hfb-mobile-header-display":"","site-post-title":"","ast-breadcrumbs-content":"","ast-featured-img":"","footer-sml-layout":"","ast-disable-related-posts":"","theme-transparent-header-meta":"default","adv-header-id-meta":"","stick-header-meta":"","header-above-stick-meta":"","header-main-stick-meta":"","header-below-stick-meta":"","astra-migrate-meta-layouts":"set","ast-page-background-enabled":"default","ast-page-background-meta":{"desktop":{"background-color":"","background-image":"","background-repeat":"repeat","background-position":"center center","background-size":"auto","background-attachment":"scroll","background-type":"","background-media":"","overlay-type":"","overlay-color":"","overlay-opacity":"","overlay-gradient":""},"tablet":{"background-color":"","background-image":"","background-repeat":"repeat","background-position":"center center","background-size":"auto","background-attachment":"scroll","background-type":"","background-media":"","overlay-type":"","overlay-color":"","overlay-opacity":"","overlay-gradient":""},"mobile":{"background-color":"","background-image":"","background-repeat":"repeat","background-position":"center center","background-size":"auto","background-attachment":"scroll","background-type":"","background-media":"","overlay-type":"","overlay-color":"","overlay-opacity":"","overlay-gradient":""}},"ast-content-background-meta":{"desktop":{"background-color":"var(--ast-global-color-5)","background-image":"","background-repeat":"repeat","background-position":"center center","background-size":"auto","background-attachment":"scroll","background-type":"","background-media":"","overlay-type":"","overlay-color":"","overlay-opacity":"","overlay-gradient":""},"tablet":{"background-color":"var(--ast-global-color-5)","background-image":"","background-repeat":"repeat","background-position":"center center","background-size":"auto","background-attachment":"scroll","background-type":"","background-media":"","overlay-type":"","overlay-color":"","overlay-opacity":"","overlay-gradient":""},"mobile":{"background-color":"var(--ast-global-color-5)","background-image":"","background-repeat":"repeat","background-position":"center center","background-size":"auto","background-attachment":"scroll","background-type":"","background-media":"","overlay-type":"","overlay-color":"","overlay-opacity":"","overlay-gradient":""}}},"product_brand":[],"product_cat":[1704,1738,1698,1752,1758],"product_tag":[],"class_list":{"0":"post-18200","1":"product","2":"type-product","3":"status-publish","4":"has-post-thumbnail","6":"product_cat-czyste-olejki-eteryczne","7":"product_cat-do-spania","8":"product_cat-olejki-eteryczne","9":"product_cat-radzenia-sobie-ze-stresem","10":"product_cat-trawienie","11":"desktop-align-left","12":"tablet-align-left","13":"mobile-align-left","15":"first","16":"instock","17":"taxable","18":"shipping-taxable","19":"purchasable","20":"product-type-simple"},"_links":{"self":[{"href":"https:\/\/mamaterra.lt\/pl\/wp-json\/wp\/v2\/product\/18200","targetHints":{"allow":["GET"]}}],"collection":[{"href":"https:\/\/mamaterra.lt\/pl\/wp-json\/wp\/v2\/product"}],"about":[{"href":"https:\/\/mamaterra.lt\/pl\/wp-json\/wp\/v2\/types\/product"}],"wp:featuredmedia":[{"embeddable":true,"href":"https:\/\/mamaterra.lt\/pl\/wp-json\/wp\/v2\/media\/23695"}],"wp:attachment":[{"href":"https:\/\/mamaterra.lt\/pl\/wp-json\/wp\/v2\/media?parent=18200"}],"wp:term":[{"taxonomy":"product_brand","embeddable":true,"href":"https:\/\/mamaterra.lt\/pl\/wp-json\/wp\/v2\/product_brand?post=18200"},{"taxonomy":"product_cat","embeddable":true,"href":"https:\/\/mamaterra.lt\/pl\/wp-json\/wp\/v2\/product_cat?post=18200"},{"taxonomy":"product_tag","embeddable":true,"href":"https:\/\/mamaterra.lt\/pl\/wp-json\/wp\/v2\/product_tag?post=18200"}],"curies":[{"name":"wp","href":"https:\/\/api.w.org\/{rel}","templated":true}]}}