{"id":18196,"date":"2023-04-30T17:17:28","date_gmt":"2023-04-30T16:17:28","guid":{"rendered":"https:\/\/mamaterra.lt\/parduotuve\/bez-kategorii\/doterra-blue-lotus-touch-10ml\/"},"modified":"2024-02-10T21:44:05","modified_gmt":"2024-02-10T20:44:05","slug":"doterra-blue-lotus-touch-10ml","status":"publish","type":"product","link":"https:\/\/mamaterra.lt\/pl\/parduotuve\/olejki-eteryczne\/czyste-olejki-eteryczne\/doterra-blue-lotus-touch-10ml\/","title":{"rendered":"doTERRA Blue Lotus Touch 10ml"},"content":{"rendered":"<h6 class=\"spotlight__head-latin-title\">Nymphaea caerulea<\/h6>\n<div class=\"spotlight__head-copy\">\n<p>Blue Lotus, znany ze swojej tajemniczo\u015bci i mistycyzmu, z pewno\u015bci\u0105 Ci\u0119 oczaruje. doTERRA Blue Lotus Touch \u0142\u0105czy frakcjonowany olej kokosowy i Blue Lotus, wspania\u0142y ekstrakt wysoko ceniony w egipskiej kulturze i sztuce. Ekstrakt ten pozyskiwany jest z kwiat\u00f3w ro\u015bliny Nymphaea caerulea &#8211; znanej r\u00f3wnie\u017c jako lotos egipski lub niebieska lilia wodna. Niezwykle rzadki, popularny i ceniony Blue Lotus ma charakterystyczny s\u0142odki i uwodzicielski kwiatowy zapach.<\/p>\n<p>Cz\u0119sto stosowany w olejkach do masa\u017cu i medytacji.<br \/>\nPomaga utrzyma\u0107 optymalne nawil\u017cenie sk\u00f3ry.<br \/>\nCz\u0119sto u\u017cywany jako czaruj\u0105ce perfumy osobiste.<br \/>\nGotowy do u\u017cycia &#8211; rozcie\u0144czony frakcjonowanym olejem kokosowym.<br \/>\nNak\u0142ada\u0107 na pulsuj\u0105ce obszary, aby uzyska\u0107 r\u00f3wnowa\u017c\u0105cy i relaksuj\u0105cy zapach przez ca\u0142y dzie\u0144.<br \/>\nStosowa\u0107 jako cz\u0119\u015b\u0107 codziennej rutyny piel\u0119gnacyjnej, aby pom\u00f3c utrzyma\u0107 naturaln\u0105 barier\u0119 wilgoci sk\u00f3ry.<br \/>\nStosowa\u0107 na szyj\u0119 i nadgarstki jako hipnotyzuj\u0105ce i uwodzicielskie perfumy osobiste.<br \/>\nSpos\u00f3b u\u017cycia<\/p>\n<p>Tylko do u\u017cytku zewn\u0119trznego. Wmasowa\u0107 w sk\u00f3r\u0119 w celu nadania zapachu, piel\u0119gnacji sk\u00f3ry lub masa\u017cu.<\/p>\n<\/div>\n","protected":false},"excerpt":{"rendered":"<ul>\n<li>Nak\u0142ada\u0107 na pulsuj\u0105ce obszary sk\u00f3ry, aby uzyska\u0107 r\u00f3wnowa\u017c\u0105cy i relaksuj\u0105cy aromat przez ca\u0142y dzie\u0144.<\/li>\n<li>Stosowa\u0107 w ramach codziennej piel\u0119gnacji sk\u00f3ry, aby utrzyma\u0107 jej naturaln\u0105 barier\u0119 nawil\u017caj\u0105c\u0105.<\/li>\n<li>Stosuj na szyj\u0119 i nadgarstki jako hipnotyzuj\u0105ce i uwodzicielskie perfumy osobiste.<\/li>\n<\/ul>\n","protected":false},"featured_media":0,"template":"","meta":{"site-sidebar-layout":"default","site-content-layout":"default","ast-site-content-layout":"default","site-content-style":"default","site-sidebar-style":"default","ast-global-header-display":"","ast-banner-title-visibility":"","ast-main-header-display":"","ast-hfb-above-header-display":"","ast-hfb-below-header-display":"","ast-hfb-mobile-header-display":"","site-post-title":"","ast-breadcrumbs-content":"","ast-featured-img":"","footer-sml-layout":"","ast-disable-related-posts":"","theme-transparent-header-meta":"default","adv-header-id-meta":"","stick-header-meta":"","header-above-stick-meta":"","header-main-stick-meta":"","header-below-stick-meta":"","astra-migrate-meta-layouts":"set","ast-page-background-enabled":"default","ast-page-background-meta":{"desktop":{"background-color":"","background-image":"","background-repeat":"repeat","background-position":"center center","background-size":"auto","background-attachment":"scroll","background-type":"","background-media":"","overlay-type":"","overlay-color":"","overlay-opacity":"","overlay-gradient":""},"tablet":{"background-color":"","background-image":"","background-repeat":"repeat","background-position":"center center","background-size":"auto","background-attachment":"scroll","background-type":"","background-media":"","overlay-type":"","overlay-color":"","overlay-opacity":"","overlay-gradient":""},"mobile":{"background-color":"","background-image":"","background-repeat":"repeat","background-position":"center center","background-size":"auto","background-attachment":"scroll","background-type":"","background-media":"","overlay-type":"","overlay-color":"","overlay-opacity":"","overlay-gradient":""}},"ast-content-background-meta":{"desktop":{"background-color":"var(--ast-global-color-5)","background-image":"","background-repeat":"repeat","background-position":"center center","background-size":"auto","background-attachment":"scroll","background-type":"","background-media":"","overlay-type":"","overlay-color":"","overlay-opacity":"","overlay-gradient":""},"tablet":{"background-color":"var(--ast-global-color-5)","background-image":"","background-repeat":"repeat","background-position":"center center","background-size":"auto","background-attachment":"scroll","background-type":"","background-media":"","overlay-type":"","overlay-color":"","overlay-opacity":"","overlay-gradient":""},"mobile":{"background-color":"var(--ast-global-color-5)","background-image":"","background-repeat":"repeat","background-position":"center center","background-size":"auto","background-attachment":"scroll","background-type":"","background-media":"","overlay-type":"","overlay-color":"","overlay-opacity":"","overlay-gradient":""}}},"product_brand":[],"product_cat":[1704,1711,1698,1752],"product_tag":[],"class_list":{"0":"post-18196","1":"product","2":"type-product","3":"status-publish","5":"product_cat-czyste-olejki-eteryczne","6":"product_cat-higiena-i-pielegnacja-skory","7":"product_cat-olejki-eteryczne","8":"product_cat-radzenia-sobie-ze-stresem","9":"desktop-align-left","10":"tablet-align-left","11":"mobile-align-left","13":"first","14":"instock","15":"sale","16":"taxable","17":"shipping-taxable","18":"purchasable","19":"product-type-simple"},"_links":{"self":[{"href":"https:\/\/mamaterra.lt\/pl\/wp-json\/wp\/v2\/product\/18196","targetHints":{"allow":["GET"]}}],"collection":[{"href":"https:\/\/mamaterra.lt\/pl\/wp-json\/wp\/v2\/product"}],"about":[{"href":"https:\/\/mamaterra.lt\/pl\/wp-json\/wp\/v2\/types\/product"}],"wp:attachment":[{"href":"https:\/\/mamaterra.lt\/pl\/wp-json\/wp\/v2\/media?parent=18196"}],"wp:term":[{"taxonomy":"product_brand","embeddable":true,"href":"https:\/\/mamaterra.lt\/pl\/wp-json\/wp\/v2\/product_brand?post=18196"},{"taxonomy":"product_cat","embeddable":true,"href":"https:\/\/mamaterra.lt\/pl\/wp-json\/wp\/v2\/product_cat?post=18196"},{"taxonomy":"product_tag","embeddable":true,"href":"https:\/\/mamaterra.lt\/pl\/wp-json\/wp\/v2\/product_tag?post=18196"}],"curies":[{"name":"wp","href":"https:\/\/api.w.org\/{rel}","templated":true}]}}