{"id":18186,"date":"2023-05-10T20:52:19","date_gmt":"2023-05-10T19:52:19","guid":{"rendered":"https:\/\/mamaterra.lt\/parduotuve\/bez-kategorii\/metapwr-advantage\/"},"modified":"2024-02-10T19:29:43","modified_gmt":"2024-02-10T18:29:43","slug":"kolagen-doterra-metapwr-advantage","status":"publish","type":"product","link":"https:\/\/mamaterra.lt\/pl\/parduotuve\/olejki-eteryczne\/kolagen-doterra-metapwr-advantage\/","title":{"rendered":"Kolagen doTERRA MetaPWR Advantage"},"content":{"rendered":"<h6>Kolagen doTERRA MetaPWR Advantage<br \/>\nSuplement diety zawieraj\u0105cy kolagen, sk\u0142adniki botaniczne, olejki eteryczne, witaminy, cukry i substancje s\u0142odz\u0105ce.<\/h6>\n<p>Z biegiem czasu naturalna produkcja NAD+\/NADH (dinukleotydu nikotynamidoadeninowego) i kolagenu w naszym organizmie spada, co uniemo\u017cliwia jego pe\u0142ne funkcjonowanie. W tym miejscu do gry wkraczaj\u0105 zalety MetaPWR\u2122 Advantage. Dziewi\u0119\u0107 rodzaj\u00f3w tripeptyd\u00f3w kolagenowych pochodzenia morskiego i NMN (mononukleotyd nikotynamidowy) w formule mo\u017ce przyczyni\u0107 si\u0119 do produkcji NADH i NAD+. Ca\u0142kowicie popraw sw\u00f3j og\u00f3lny sk\u0142ad cia\u0142a, przyjmuj\u0105c pyszny proszek MetaPWR Advantage.<\/p>\n<p>Nie zawiera GMO, nabia\u0142u, soi, glutenu, konserwant\u00f3w, sztucznych substancji s\u0142odz\u0105cych ani aromat\u00f3w.<br \/>\nKolagen mo\u017ce pom\u00f3c poprawi\u0107 wygl\u0105d sk\u00f3ry poprzez promowanie g\u0119sto\u015bci sk\u00f3ry, pomagaj\u0105c zwi\u0119kszy\u0107 j\u0119drno\u015b\u0107 i poprawi\u0107 nawil\u017cenie.<br \/>\nZawiera ekstrakt z pestek winogron (Vitis vinifera):<br \/>\nWspomaga metabolizm, pomaga utrzyma\u0107 zdrowe serce i ma pozytywny wp\u0142yw na ci\u015bnienie krwi*.<br \/>\nZawiera naturalnie wyst\u0119puj\u0105ce przeciwutleniacze, kt\u00f3re chroni\u0105 kom\u00f3rki przed szkodliwym dzia\u0142aniem wolnych rodnik\u00f3w*.<br \/>\nPrzeciwutleniacze zwi\u0119kszaj\u0105 og\u00f3ln\u0105 zdolno\u015b\u0107 antyoksydacyjn\u0105 organizmu i mog\u0105 pom\u00f3c wzmocni\u0107 mechanizmy obronne organizmu*.<br \/>\nKlinicznie i naukowo udowodniono, \u017ce chroni\u0105 kom\u00f3rki i tkanki przed uszkodzeniami oksydacyjnymi powodowanymi przez wolne rodniki*.<br \/>\nZawiera kwas L-askorbinowy:<br \/>\nSpowalnia proces starzenia*.<br \/>\nChroni sk\u00f3r\u0119 przed szkodliwym dzia\u0142aniem \u015brodowiska*.<br \/>\nUdowodniono naukowo, \u017ce pomaga chroni\u0107 sk\u00f3r\u0119 przed przedwczesnym starzeniem, zmniejsza rumie\u0144 i stres spowodowany szkodliwym dzia\u0142aniem wolnych rodnik\u00f3w*.<br \/>\nWspomaga zdrowie uk\u0142adu sercowo-naczyniowego*.<br \/>\n*Te o\u015bwiadczenia zdrowotne s\u0105 nadal rozpatrywane przez UE i Europejski Urz\u0105d ds. Bezpiecze\u0144stwa \u017bywno\u015bci (EFSA).<\/p>\n<div class=\"spotlight__head-copy\">\n<p>Pe\u0142ny sk\u0142ad<\/p>\n<p>Kolagen rybi, no\u015bnik (odporna dekstryna\/rozpuszczalne w\u0142\u00f3kno tapioki), emulgator (guma arabska), regulator kwasowo\u015bci (kwas cytrynowy), dro\u017cd\u017ce piwne (Saccharomyces cerevisiae), w\u0119glan wapnia, wzmacniacz smaku (glukonian sodu), maltodekstryna, kwas L-askorbinowy, ekstrakt z owoc\u00f3w rokitnika zwyczajnego (Hippophae rhamnoides), Naturalny aromat, substancja s\u0142odz\u0105ca (glikozyd stewiolowy pochodz\u0105cy ze stewii), koncentrat soku z czerwonych winogron, ekstrakt z pestek winogron (Vitis vinifera), stabilizatory (fosfolipidy, kwasy t\u0142uszczowe), ekstrakt z czerwonej pomara\u0144czy (Citrus sinensis), hialuronian sodu, ekstrakt z owoc\u00f3w jab\u0142ka (Malus pumila), T\u0142uszcze ro\u015blinne, tr\u00f3jglicerydy \u015brednio\u0142a\u0144cuchowe, cyklodekstryna, sacharoza, olejek eteryczny ze sk\u00f3rki grejpfruta (Citrus paradisi), ekstrakt z otr\u0119b\u00f3w i zarodk\u00f3w ry\u017cu (Oryza sativa), olejek eteryczny ze sk\u00f3rki cytryny (Citrus limon), barwnik (chlorofilina), dinukleotyd nikotynamidoadeninowy, bioflawonoidy cytrusowe, Olejek eteryczny z \u0142odygi i li\u015bci mi\u0119ty pieprzowej (Mentha Piperita), Olejek eteryczny z korzenia imbiru (Zingiber officinale), Barwnik (beta karoten), Przeciwutleniacz (askorbinian sodu), Olejek eteryczny z kory cynamonu (Cinnamomum Zeylanicum), Substancja klej\u0105ca (dwutlenek krzemu), Przeciwutleniacz (DL-alfa tokoferol), D-biotyna.<\/p>\n<\/div>\n","protected":false},"excerpt":{"rendered":"<p>Ten suplement diety zawiera dziewi\u0119\u0107 rodzaj\u00f3w tripeptyd\u00f3w kolagenowych pochodz\u0105cych ze \u017ar\u00f3de\u0142 morskich oraz mononukleotyd nikotynamidowy (NMN), kt\u00f3ry mo\u017ce promowa\u0107 produkcj\u0119 NADH i NAD+. Przyjmuj \u201eMetaPower Advantage\u201d w formie przyjemnego w smaku proszku, aby od wewn\u0105trz poprawi\u0107 og\u00f3lny sk\u0142ad tkanek swojego organizmu.<\/p>\n","protected":false},"featured_media":17611,"template":"","meta":{"site-sidebar-layout":"default","site-content-layout":"default","ast-site-content-layout":"default","site-content-style":"default","site-sidebar-style":"default","ast-global-header-display":"","ast-banner-title-visibility":"","ast-main-header-display":"","ast-hfb-above-header-display":"","ast-hfb-below-header-display":"","ast-hfb-mobile-header-display":"","site-post-title":"","ast-breadcrumbs-content":"","ast-featured-img":"","footer-sml-layout":"","ast-disable-related-posts":"","theme-transparent-header-meta":"default","adv-header-id-meta":"","stick-header-meta":"","header-above-stick-meta":"","header-main-stick-meta":"","header-below-stick-meta":"","astra-migrate-meta-layouts":"set","ast-page-background-enabled":"default","ast-page-background-meta":{"desktop":{"background-color":"","background-image":"","background-repeat":"repeat","background-position":"center center","background-size":"auto","background-attachment":"scroll","background-type":"","background-media":"","overlay-type":"","overlay-color":"","overlay-opacity":"","overlay-gradient":""},"tablet":{"background-color":"","background-image":"","background-repeat":"repeat","background-position":"center center","background-size":"auto","background-attachment":"scroll","background-type":"","background-media":"","overlay-type":"","overlay-color":"","overlay-opacity":"","overlay-gradient":""},"mobile":{"background-color":"","background-image":"","background-repeat":"repeat","background-position":"center center","background-size":"auto","background-attachment":"scroll","background-type":"","background-media":"","overlay-type":"","overlay-color":"","overlay-opacity":"","overlay-gradient":""}},"ast-content-background-meta":{"desktop":{"background-color":"var(--ast-global-color-5)","background-image":"","background-repeat":"repeat","background-position":"center center","background-size":"auto","background-attachment":"scroll","background-type":"","background-media":"","overlay-type":"","overlay-color":"","overlay-opacity":"","overlay-gradient":""},"tablet":{"background-color":"var(--ast-global-color-5)","background-image":"","background-repeat":"repeat","background-position":"center center","background-size":"auto","background-attachment":"scroll","background-type":"","background-media":"","overlay-type":"","overlay-color":"","overlay-opacity":"","overlay-gradient":""},"mobile":{"background-color":"var(--ast-global-color-5)","background-image":"","background-repeat":"repeat","background-position":"center center","background-size":"auto","background-attachment":"scroll","background-type":"","background-media":"","overlay-type":"","overlay-color":"","overlay-opacity":"","overlay-gradient":""}}},"product_brand":[],"product_cat":[1698],"product_tag":[],"class_list":{"0":"post-18186","1":"product","2":"type-product","3":"status-publish","4":"has-post-thumbnail","6":"product_cat-olejki-eteryczne","7":"desktop-align-left","8":"tablet-align-left","9":"mobile-align-left","11":"first","12":"instock","13":"sale","14":"taxable","15":"shipping-taxable","16":"purchasable","17":"product-type-simple"},"_links":{"self":[{"href":"https:\/\/mamaterra.lt\/pl\/wp-json\/wp\/v2\/product\/18186","targetHints":{"allow":["GET"]}}],"collection":[{"href":"https:\/\/mamaterra.lt\/pl\/wp-json\/wp\/v2\/product"}],"about":[{"href":"https:\/\/mamaterra.lt\/pl\/wp-json\/wp\/v2\/types\/product"}],"wp:featuredmedia":[{"embeddable":true,"href":"https:\/\/mamaterra.lt\/pl\/wp-json\/wp\/v2\/media\/17611"}],"wp:attachment":[{"href":"https:\/\/mamaterra.lt\/pl\/wp-json\/wp\/v2\/media?parent=18186"}],"wp:term":[{"taxonomy":"product_brand","embeddable":true,"href":"https:\/\/mamaterra.lt\/pl\/wp-json\/wp\/v2\/product_brand?post=18186"},{"taxonomy":"product_cat","embeddable":true,"href":"https:\/\/mamaterra.lt\/pl\/wp-json\/wp\/v2\/product_cat?post=18186"},{"taxonomy":"product_tag","embeddable":true,"href":"https:\/\/mamaterra.lt\/pl\/wp-json\/wp\/v2\/product_tag?post=18186"}],"curies":[{"name":"wp","href":"https:\/\/api.w.org\/{rel}","templated":true}]}}