{"id":18182,"date":"2023-05-30T20:27:56","date_gmt":"2023-05-30T19:27:56","guid":{"rendered":"https:\/\/mamaterra.lt\/parduotuve\/bez-kategorii\/mineralinis-losjonas-nuo-saules-veidui-ir-kunui-sunscreen-150-ml\/"},"modified":"2024-03-10T19:38:35","modified_gmt":"2024-03-10T18:38:35","slug":"mineralny-balsam-do-opalania-twarzy-i-ciala-sunscreen-150","status":"publish","type":"product","link":"https:\/\/mamaterra.lt\/pl\/parduotuve\/higiena-i-pielegnacja-skory\/doterra-slonce-pl\/mineralny-balsam-do-opalania-twarzy-i-ciala-sunscreen-150\/","title":{"rendered":"Mineralny balsam do opalania twarzy i cia\u0142a (SUNSCREEN) 150"},"content":{"rendered":"<p>Sk\u00f3ra mu\u015bni\u0119ta s\u0142o\u0144cem jest chroniona, gdy u\u017cywasz naszego mineralnego balsamu przeciws\u0142onecznego do twarzy i cia\u0142a. Zawiera olejki eteryczne z czerwonej mandarynki, magnolii, trawy cytrynowej, ylang-ylang, nasion marchwi, kadzid\u0142owca i kocanki, kt\u00f3re zapewniaj\u0105 cudownie lekki i satysfakcjonuj\u0105cy zapach. Od\u017cywczy, nawil\u017caj\u0105cy i koj\u0105cy balsam rozprowadza si\u0119 na sk\u00f3rze i zapewnia wodoodporn\u0105 ochron\u0119 do 80 minut. Na\u0142\u00f3\u017c obficie na sk\u00f3r\u0119 przed dniem sp\u0119dzonym na s\u0142o\u0144cu i ciesz si\u0119 ochron\u0105 od st\u00f3p do g\u0142\u00f3w.<\/p>\n<p>G\u0119sty krem nawil\u017caj\u0105cy zapewnia ochron\u0119 SPF 30.<br \/>\nZawiera nienano tlenek cynku, olej z awokado, aloes, olej z pestek malin i witamin\u0119 E.<br \/>\nNie zawiera ftalan\u00f3w, oksybenzonu i syntetycznych substancji zapachowych.<br \/>\nOd\u017cywcza i ultranawil\u017caj\u0105ca formu\u0142a jest testowana dermatologicznie i wodoodporna do 80 minut.<br \/>\nOdpowiedni dla wegan i przyjazny dla koralowc\u00f3w.<br \/>\nSpos\u00f3b u\u017cycia<\/p>\n<p>Stosowa\u0107 15 minut przed ekspozycj\u0105 na s\u0142o\u0144ce. Na\u0142o\u017cy\u0107 na ca\u0142\u0105 ods\u0142oni\u0119t\u0105 sk\u00f3r\u0119. Nak\u0142ada\u0107 ponownie co najmniej co dwie godziny.<br \/>\n\u015arodki ostro\u017cno\u015bci<\/p>\n<p>Tylko do u\u017cytku zewn\u0119trznego. Nie stosowa\u0107 na uszkodzon\u0105 lub spierzchni\u0119t\u0105 sk\u00f3r\u0119. Nie stosowa\u0107 do oczu. Sp\u0142uka\u0107 wod\u0105. W przypadku wyst\u0105pienia wysypki przerwa\u0107 stosowanie i zasi\u0119gn\u0105\u0107 porady lekarza. Nie przebywa\u0107 zbyt d\u0142ugo na s\u0142o\u0144cu, nawet je\u015bli stosowany jest filtr przeciws\u0142oneczny. Niemowl\u0119ta i ma\u0142e dzieci nale\u017cy trzyma\u0107 z dala od bezpo\u015bredniego \u015bwiat\u0142a s\u0142onecznego. Nadmierna ekspozycja na s\u0142o\u0144ce mo\u017ce spowodowa\u0107 powa\u017cny uszczerbek na zdrowiu. Mo\u017ce powodowa\u0107 podra\u017cnienie sk\u00f3ry. Przechowywa\u0107 w miejscu niedost\u0119pnym dla dzieci. W przypadku ci\u0105\u017cy lub leczenia nale\u017cy skonsultowa\u0107 si\u0119 z lekarzem. Unika\u0107 kontaktu z oczami, uchem wewn\u0119trznym i wra\u017cliwymi obszarami. Dzieci poni\u017cej 6 miesi\u0105ca \u017cycia: skonsultowa\u0107 si\u0119 z lekarzem.<\/p>\n","protected":false},"excerpt":{"rendered":"<p>G\u0119sty krem nawil\u017caj\u0105cy zapewnia ochron\u0119 SPF 30.<br \/>\nZawiera nienano tlenek cynku, olej z awokado, aloes, olej z pestek malin i witamin\u0119 E.<br \/>\nNie zawiera ftalan\u00f3w, oksybenzonu i syntetycznych substancji zapachowych.<br \/>\nOd\u017cywcza i ultranawil\u017caj\u0105ca formu\u0142a jest testowana dermatologicznie i wodoodporna do 80 minut.<br \/>\nOdpowiedni dla wegan i przyjazny dla koralowc\u00f3w.<\/p>\n","protected":false},"featured_media":23267,"template":"","meta":{"site-sidebar-layout":"default","site-content-layout":"default","ast-site-content-layout":"default","site-content-style":"default","site-sidebar-style":"default","ast-global-header-display":"","ast-banner-title-visibility":"","ast-main-header-display":"","ast-hfb-above-header-display":"","ast-hfb-below-header-display":"","ast-hfb-mobile-header-display":"","site-post-title":"","ast-breadcrumbs-content":"","ast-featured-img":"","footer-sml-layout":"","ast-disable-related-posts":"","theme-transparent-header-meta":"default","adv-header-id-meta":"","stick-header-meta":"","header-above-stick-meta":"","header-main-stick-meta":"","header-below-stick-meta":"","astra-migrate-meta-layouts":"set","ast-page-background-enabled":"default","ast-page-background-meta":{"desktop":{"background-color":"","background-image":"","background-repeat":"repeat","background-position":"center center","background-size":"auto","background-attachment":"scroll","background-type":"","background-media":"","overlay-type":"","overlay-color":"","overlay-opacity":"","overlay-gradient":""},"tablet":{"background-color":"","background-image":"","background-repeat":"repeat","background-position":"center center","background-size":"auto","background-attachment":"scroll","background-type":"","background-media":"","overlay-type":"","overlay-color":"","overlay-opacity":"","overlay-gradient":""},"mobile":{"background-color":"","background-image":"","background-repeat":"repeat","background-position":"center center","background-size":"auto","background-attachment":"scroll","background-type":"","background-media":"","overlay-type":"","overlay-color":"","overlay-opacity":"","overlay-gradient":""}},"ast-content-background-meta":{"desktop":{"background-color":"var(--ast-global-color-5)","background-image":"","background-repeat":"repeat","background-position":"center center","background-size":"auto","background-attachment":"scroll","background-type":"","background-media":"","overlay-type":"","overlay-color":"","overlay-opacity":"","overlay-gradient":""},"tablet":{"background-color":"var(--ast-global-color-5)","background-image":"","background-repeat":"repeat","background-position":"center center","background-size":"auto","background-attachment":"scroll","background-type":"","background-media":"","overlay-type":"","overlay-color":"","overlay-opacity":"","overlay-gradient":""},"mobile":{"background-color":"var(--ast-global-color-5)","background-image":"","background-repeat":"repeat","background-position":"center center","background-size":"auto","background-attachment":"scroll","background-type":"","background-media":"","overlay-type":"","overlay-color":"","overlay-opacity":"","overlay-gradient":""}}},"product_brand":[],"product_cat":[3585,1711],"product_tag":[],"class_list":{"0":"post-18182","1":"product","2":"type-product","3":"status-publish","4":"has-post-thumbnail","6":"product_cat-doterra-slonce-pl","7":"product_cat-higiena-i-pielegnacja-skory","8":"desktop-align-left","9":"tablet-align-left","10":"mobile-align-left","12":"first","13":"instock","14":"sale","15":"taxable","16":"shipping-taxable","17":"purchasable","18":"product-type-simple"},"_links":{"self":[{"href":"https:\/\/mamaterra.lt\/pl\/wp-json\/wp\/v2\/product\/18182","targetHints":{"allow":["GET"]}}],"collection":[{"href":"https:\/\/mamaterra.lt\/pl\/wp-json\/wp\/v2\/product"}],"about":[{"href":"https:\/\/mamaterra.lt\/pl\/wp-json\/wp\/v2\/types\/product"}],"wp:featuredmedia":[{"embeddable":true,"href":"https:\/\/mamaterra.lt\/pl\/wp-json\/wp\/v2\/media\/23267"}],"wp:attachment":[{"href":"https:\/\/mamaterra.lt\/pl\/wp-json\/wp\/v2\/media?parent=18182"}],"wp:term":[{"taxonomy":"product_brand","embeddable":true,"href":"https:\/\/mamaterra.lt\/pl\/wp-json\/wp\/v2\/product_brand?post=18182"},{"taxonomy":"product_cat","embeddable":true,"href":"https:\/\/mamaterra.lt\/pl\/wp-json\/wp\/v2\/product_cat?post=18182"},{"taxonomy":"product_tag","embeddable":true,"href":"https:\/\/mamaterra.lt\/pl\/wp-json\/wp\/v2\/product_tag?post=18182"}],"curies":[{"name":"wp","href":"https:\/\/api.w.org\/{rel}","templated":true}]}}