{"id":18168,"date":"2023-06-03T16:46:14","date_gmt":"2023-06-03T15:46:14","guid":{"rendered":"https:\/\/mamaterra.lt\/parduotuve\/bez-kategorii\/rinkinys-1-muilone-vonia-1-muilas-100-g-levandu-kvapo-1-muilas-100-g-su-alyvuogiu-lapeliais\/"},"modified":"2023-06-26T20:05:23","modified_gmt":"2023-06-26T19:05:23","slug":"rinkinys-1-muilone-vonia-1-muilas-100-g-levandu-kvapo-1-muilas-100-g-su-alyvuogiu-lapeliais","status":"publish","type":"product","link":"https:\/\/mamaterra.lt\/pl\/parduotuve\/prezenty\/prezenty-dla-kobiet\/rinkinys-1-muilone-vonia-1-muilas-100-g-levandu-kvapo-1-muilas-100-g-su-alyvuogiu-lapeliais\/","title":{"rendered":"Myd\u0142o ceramiczne do k\u0105pieli + 1 myd\u0142o 100 g. Zapach lawendy + 1 myd\u0142o 100 g. z li\u015b\u0107mi oliwnymi"},"content":{"rendered":"<p>Kolekcja<\/p>\n<p>MYDELNICZKA &#8222;K\u0104PIEL&#8221; OZDOBIONA OLIWKOWYMI WZORAMI<\/p>\n<p>1 Myd\u0142o Oliwkowe 100g<br \/>\n1 Myd\u0142o z li\u015b\u0107mi oliwnymi 100g<\/p>\n","protected":false},"excerpt":{"rendered":"<p>Kolekcja<\/p>\n<p>MYDELNICZKA &#8222;K\u0104PIEL&#8221; OZDOBIONA OLIWKOWYMI WZORAMI<\/p>\n<p>1 Myd\u0142o Oliwkowe 100g<br \/>\n1 Myd\u0142o z li\u015b\u0107mi oliwnymi 100g<\/p>\n","protected":false},"featured_media":17743,"template":"","meta":{"site-sidebar-layout":"default","site-content-layout":"default","ast-site-content-layout":"default","site-content-style":"default","site-sidebar-style":"default","ast-global-header-display":"","ast-banner-title-visibility":"","ast-main-header-display":"","ast-hfb-above-header-display":"","ast-hfb-below-header-display":"","ast-hfb-mobile-header-display":"","site-post-title":"","ast-breadcrumbs-content":"","ast-featured-img":"","footer-sml-layout":"","ast-disable-related-posts":"","theme-transparent-header-meta":"default","adv-header-id-meta":"","stick-header-meta":"","header-above-stick-meta":"","header-main-stick-meta":"","header-below-stick-meta":"","astra-migrate-meta-layouts":"default","ast-page-background-enabled":"default","ast-page-background-meta":{"desktop":{"background-color":"","background-image":"","background-repeat":"repeat","background-position":"center center","background-size":"auto","background-attachment":"scroll","background-type":"","background-media":"","overlay-type":"","overlay-color":"","overlay-opacity":"","overlay-gradient":""},"tablet":{"background-color":"","background-image":"","background-repeat":"repeat","background-position":"center center","background-size":"auto","background-attachment":"scroll","background-type":"","background-media":"","overlay-type":"","overlay-color":"","overlay-opacity":"","overlay-gradient":""},"mobile":{"background-color":"","background-image":"","background-repeat":"repeat","background-position":"center center","background-size":"auto","background-attachment":"scroll","background-type":"","background-media":"","overlay-type":"","overlay-color":"","overlay-opacity":"","overlay-gradient":""}},"ast-content-background-meta":{"desktop":{"background-color":"var(--ast-global-color-5)","background-image":"","background-repeat":"repeat","background-position":"center center","background-size":"auto","background-attachment":"scroll","background-type":"","background-media":"","overlay-type":"","overlay-color":"","overlay-opacity":"","overlay-gradient":""},"tablet":{"background-color":"var(--ast-global-color-5)","background-image":"","background-repeat":"repeat","background-position":"center center","background-size":"auto","background-attachment":"scroll","background-type":"","background-media":"","overlay-type":"","overlay-color":"","overlay-opacity":"","overlay-gradient":""},"mobile":{"background-color":"var(--ast-global-color-5)","background-image":"","background-repeat":"repeat","background-position":"center center","background-size":"auto","background-attachment":"scroll","background-type":"","background-media":"","overlay-type":"","overlay-color":"","overlay-opacity":"","overlay-gradient":""}}},"product_brand":[],"product_cat":[1858,1711,1692,1695,1857],"product_tag":[],"class_list":{"0":"post-18168","1":"product","2":"type-product","3":"status-publish","4":"has-post-thumbnail","6":"product_cat-dodatki","7":"product_cat-higiena-i-pielegnacja-skory","8":"product_cat-prezenty-dla-kobiet","9":"product_cat-prezenty-dla-mezczyzn","10":"product_cat-produkty-z-prowencji","11":"desktop-align-left","12":"tablet-align-left","13":"mobile-align-left","15":"first","16":"instock","17":"taxable","18":"shipping-taxable","19":"purchasable","20":"product-type-simple"},"_links":{"self":[{"href":"https:\/\/mamaterra.lt\/pl\/wp-json\/wp\/v2\/product\/18168","targetHints":{"allow":["GET"]}}],"collection":[{"href":"https:\/\/mamaterra.lt\/pl\/wp-json\/wp\/v2\/product"}],"about":[{"href":"https:\/\/mamaterra.lt\/pl\/wp-json\/wp\/v2\/types\/product"}],"wp:featuredmedia":[{"embeddable":true,"href":"https:\/\/mamaterra.lt\/pl\/wp-json\/wp\/v2\/media\/17743"}],"wp:attachment":[{"href":"https:\/\/mamaterra.lt\/pl\/wp-json\/wp\/v2\/media?parent=18168"}],"wp:term":[{"taxonomy":"product_brand","embeddable":true,"href":"https:\/\/mamaterra.lt\/pl\/wp-json\/wp\/v2\/product_brand?post=18168"},{"taxonomy":"product_cat","embeddable":true,"href":"https:\/\/mamaterra.lt\/pl\/wp-json\/wp\/v2\/product_cat?post=18168"},{"taxonomy":"product_tag","embeddable":true,"href":"https:\/\/mamaterra.lt\/pl\/wp-json\/wp\/v2\/product_tag?post=18168"}],"curies":[{"name":"wp","href":"https:\/\/api.w.org\/{rel}","templated":true}]}}