{"id":18153,"date":"2023-06-22T19:28:00","date_gmt":"2023-06-22T18:28:00","guid":{"rendered":"https:\/\/mamaterra.lt\/parduotuve\/bez-kategorii\/doterra-neshama-soulful-blend\/"},"modified":"2025-02-24T09:34:18","modified_gmt":"2025-02-24T08:34:18","slug":"doterra-neshama-soulful-blend","status":"publish","type":"product","link":"https:\/\/mamaterra.lt\/pl\/parduotuve\/olejki-eteryczne\/mieszanki-olejkow-eterycznych\/doterra-neshama-soulful-blend\/","title":{"rendered":"doTERRA Neshama Soulful Blend"},"content":{"rendered":"<h6>Neshama 10 ml<\/h6>\n<p>&nbsp;<\/p>\n<div dir=\"auto\">\n<p>Neshama pochodzi od hebrajskiego s\u0142owa oznaczaj\u0105cego &#8222;dusz\u0119&#8221; i zosta\u0142a stworzona, aby przypomina\u0107 nam o tym, kim naprawd\u0119 jeste\u015bmy i jak wszyscy jeste\u015bmy po\u0142\u0105czeni ze sob\u0105 i otaczaj\u0105cym nas \u015bwiatem.<\/p>\n<p>Historycznie rzecz bior\u0105c, zar\u00f3wno ro\u015bliny, jak i olejki eteryczne by\u0142y celebrowane ze wzgl\u0119du na ich korzy\u015bci i zastosowania dla ludzko\u015bci, co pokazuje zwi\u0105zek mi\u0119dzy cz\u0142owiekiem a natur\u0105.<\/p>\n<p>Wiele olejk\u00f3w eterycznych wybranych do mieszanki Neshama Soulful Blend zosta\u0142o uznanych za \u015bwi\u0119te i wspomnianych w staro\u017cytnych pismach \u015bwi\u0119tych, u\u017cywanych wtedy i teraz, aby pom\u00f3c nam po\u0142\u0105czy\u0107 si\u0119 z wy\u017cszym poczuciem siebie. W czasach ekstremalnych trudno\u015bci, stosowanie Neshama mo\u017ce przypomnie\u0107 ci, \u017ce twoja dusza ma g\u0142\u0119bokie po\u0142\u0105czenie z otaczaj\u0105cym ci\u0119 \u015bwiatem i \u017ce uzdrowienie nadejdzie z czasem.<\/p>\n<p>Ta inspiruj\u0105ca mieszanka zawiera niekt\u00f3re z najbardziej cenionych olejk\u00f3w eterycznych CPTG: kadzid\u0142o, lawend\u0119, drzewo cedrowe, cyprys, mirr\u0119, spikenard\u0119, dzik\u0105 pomara\u0144cz\u0119, kasj\u0119 i cynamon. W czasach ekstremalnych trudno\u015bci stosowanie Neshama mo\u017ce przypomnie\u0107 ci, \u017ce twoja dusza ma g\u0142\u0119bokie po\u0142\u0105czenie z otaczaj\u0105cym ci\u0119 \u015bwiatem i \u017ce nadszed\u0142 czas, aby pom\u00f3c.<\/p>\n<\/div>\n","protected":false},"excerpt":{"rendered":"<p>Podnosz\u0105cy na duchu i energetyzuj\u0105cy<br \/>\nWspiera nastr\u00f3j<br \/>\n\u0141\u0105czy<br \/>\nU\u017cywaj jako osobistego zapachu w ci\u0105gu dnia, aby po\u0142\u0105czy\u0107 si\u0119 z ziemi\u0105.<br \/>\nPoczuj o\u017cywienie i wdzi\u0119czno\u015b\u0107 przez ca\u0142y dzie\u0144, gdy przypomnisz sobie, kim jeste\u015b.<br \/>\nKai kartais jau\u010diat\u0117s neramiai, u\u017etepkite ant pulso ta\u0161k\u0173, kad atsipalaiduotum\u0117te ir prisijaukintum\u0117te nuotaik\u0105.<\/p>\n","protected":false},"featured_media":18025,"template":"","meta":{"site-sidebar-layout":"default","site-content-layout":"default","ast-site-content-layout":"default","site-content-style":"default","site-sidebar-style":"default","ast-global-header-display":"","ast-banner-title-visibility":"","ast-main-header-display":"","ast-hfb-above-header-display":"","ast-hfb-below-header-display":"","ast-hfb-mobile-header-display":"","site-post-title":"","ast-breadcrumbs-content":"","ast-featured-img":"","footer-sml-layout":"","ast-disable-related-posts":"","theme-transparent-header-meta":"default","adv-header-id-meta":"","stick-header-meta":"","header-above-stick-meta":"","header-main-stick-meta":"","header-below-stick-meta":"","astra-migrate-meta-layouts":"default","ast-page-background-enabled":"default","ast-page-background-meta":{"desktop":{"background-color":"","background-image":"","background-repeat":"repeat","background-position":"center center","background-size":"auto","background-attachment":"scroll","background-type":"","background-media":"","overlay-type":"","overlay-color":"","overlay-opacity":"","overlay-gradient":""},"tablet":{"background-color":"","background-image":"","background-repeat":"repeat","background-position":"center center","background-size":"auto","background-attachment":"scroll","background-type":"","background-media":"","overlay-type":"","overlay-color":"","overlay-opacity":"","overlay-gradient":""},"mobile":{"background-color":"","background-image":"","background-repeat":"repeat","background-position":"center center","background-size":"auto","background-attachment":"scroll","background-type":"","background-media":"","overlay-type":"","overlay-color":"","overlay-opacity":"","overlay-gradient":""}},"ast-content-background-meta":{"desktop":{"background-color":"var(--ast-global-color-5)","background-image":"","background-repeat":"repeat","background-position":"center center","background-size":"auto","background-attachment":"scroll","background-type":"","background-media":"","overlay-type":"","overlay-color":"","overlay-opacity":"","overlay-gradient":""},"tablet":{"background-color":"var(--ast-global-color-5)","background-image":"","background-repeat":"repeat","background-position":"center center","background-size":"auto","background-attachment":"scroll","background-type":"","background-media":"","overlay-type":"","overlay-color":"","overlay-opacity":"","overlay-gradient":""},"mobile":{"background-color":"var(--ast-global-color-5)","background-image":"","background-repeat":"repeat","background-position":"center center","background-size":"auto","background-attachment":"scroll","background-type":"","background-media":"","overlay-type":"","overlay-color":"","overlay-opacity":"","overlay-gradient":""}}},"product_brand":[],"product_cat":[1702,1752],"product_tag":[],"class_list":{"0":"post-18153","1":"product","2":"type-product","3":"status-publish","4":"has-post-thumbnail","6":"product_cat-mieszanki-olejkow-eterycznych","7":"product_cat-radzenia-sobie-ze-stresem","8":"desktop-align-left","9":"tablet-align-left","10":"mobile-align-left","12":"first","13":"instock","14":"taxable","15":"shipping-taxable","16":"purchasable","17":"product-type-simple"},"_links":{"self":[{"href":"https:\/\/mamaterra.lt\/pl\/wp-json\/wp\/v2\/product\/18153","targetHints":{"allow":["GET"]}}],"collection":[{"href":"https:\/\/mamaterra.lt\/pl\/wp-json\/wp\/v2\/product"}],"about":[{"href":"https:\/\/mamaterra.lt\/pl\/wp-json\/wp\/v2\/types\/product"}],"wp:featuredmedia":[{"embeddable":true,"href":"https:\/\/mamaterra.lt\/pl\/wp-json\/wp\/v2\/media\/18025"}],"wp:attachment":[{"href":"https:\/\/mamaterra.lt\/pl\/wp-json\/wp\/v2\/media?parent=18153"}],"wp:term":[{"taxonomy":"product_brand","embeddable":true,"href":"https:\/\/mamaterra.lt\/pl\/wp-json\/wp\/v2\/product_brand?post=18153"},{"taxonomy":"product_cat","embeddable":true,"href":"https:\/\/mamaterra.lt\/pl\/wp-json\/wp\/v2\/product_cat?post=18153"},{"taxonomy":"product_tag","embeddable":true,"href":"https:\/\/mamaterra.lt\/pl\/wp-json\/wp\/v2\/product_tag?post=18153"}],"curies":[{"name":"wp","href":"https:\/\/api.w.org\/{rel}","templated":true}]}}