{"id":18147,"date":"2023-06-22T19:41:08","date_gmt":"2023-06-22T18:41:08","guid":{"rendered":"https:\/\/mamaterra.lt\/parduotuve\/bez-kategorii\/serenity-touch\/"},"modified":"2023-06-26T19:36:32","modified_gmt":"2023-06-26T18:36:32","slug":"serenity-touch","status":"publish","type":"product","link":"https:\/\/mamaterra.lt\/pl\/parduotuve\/olejki-eteryczne\/mieszanki-olejkow-eterycznych\/serenity-touch\/","title":{"rendered":"Serenity Touch"},"content":{"rendered":"<p>Serenity Touch, 10 ml<\/p>\n<p>Pra\u017cony z frakcjonowanym olejem kokosowym<\/p>\n<p>doTERRA SERENITY\u2122 Koj\u0105ca mieszanka olejk\u00f3w eterycznych Opis:<\/p>\n<p>doTERRA Serenity to mieszanka koj\u0105cych olejk\u00f3w eterycznych, kt\u00f3ra pomaga zapomnie\u0107 o zmartwieniach i zrelaksowa\u0107 si\u0119. Ta uspokajaj\u0105ca mieszanka natychmiast wprowadzi Ci\u0119 w b\u0142ogi stan relaksu.<\/p>\n<p>Koi zmys\u0142y<br \/>\nPomaga roz\u0142adowa\u0107 napi\u0119cie<br \/>\nPomaga stworzy\u0107 relaksuj\u0105c\u0105 atmosfer\u0119<\/p>\n<p>doTERRA SERENITY\u2122 Koj\u0105ca mieszanka olejk\u00f3w eterycznych Sk\u0142adniki:<\/p>\n<p>Lawenda, Drzewo cedrowe, Ylang-Ylang, Majeranek, Rumianek rzymski, Wetyweria, Absolut wanilii, Hawajskie drzewo sanda\u0142owe, Frakcjonowany olej kokosowy<\/p>\n<p>doTERRA SERENITY\u2122 Koj\u0105ca mieszanka olejk\u00f3w eterycznych Og\u00f3lne w\u0142a\u015bciwo\u015bci i zastosowanie:<\/p>\n<p>&#8222;doTERRA Serenity Restful Blend ma koj\u0105cy i relaksuj\u0105cy aromat, kt\u00f3ry zapewnia u\u017cytkownikowi wyj\u0105tkowe doznania. Ta doskonale zbalansowana, spokojna mieszanka jest natychmiast wyczuwalna i wprowadza u\u017cytkownika w b\u0142ogi stan. &#8222;doTERRA Serenity \u0142\u0105czy olejki eteryczne znane ze swojej zdolno\u015bci do tworzenia spokojnego \u015brodowiska przed snem. Olejki eteryczne z drzewa cedrowego, drewna Ho i wetiweru nadaj\u0105 doTERRA Serenity uziemiaj\u0105cy aromat, kt\u00f3ry sprzyja spokojnej atmosferze, gdy nadchodzi czas na wyciszenie.<\/p>\n<p>Nanie\u015b na nadgarstki i wdychaj kilka razy dziennie, aby z\u0142agodzi\u0107 codzienny stres.<\/p>\n","protected":false},"excerpt":{"rendered":"<ul>\n<li>Nak\u0142adaj na nadgarstki i wdychaj kilka razy dziennie, aby z\u0142agodzi\u0107 codzienny stres.<br \/>\nPrzed p\u00f3j\u015bciem spa\u0107 nanie\u015b\u0107 na podeszwy st\u00f3p, aby si\u0119 zrelaksowa\u0107.<br \/>\nStosuj w po\u0142\u0105czeniu z doTERRA Serenity Restful Complex Softgels, aby wzmocni\u0107 efekt.<br \/>\nZastosuj na kark lub okolice serca, aby poczu\u0107 spok\u00f3j.<\/li>\n<\/ul>\n<p>&nbsp;<\/p>\n","protected":false},"featured_media":18073,"template":"","meta":{"site-sidebar-layout":"default","site-content-layout":"default","ast-site-content-layout":"default","site-content-style":"default","site-sidebar-style":"default","ast-global-header-display":"","ast-banner-title-visibility":"","ast-main-header-display":"","ast-hfb-above-header-display":"","ast-hfb-below-header-display":"","ast-hfb-mobile-header-display":"","site-post-title":"","ast-breadcrumbs-content":"","ast-featured-img":"","footer-sml-layout":"","ast-disable-related-posts":"","theme-transparent-header-meta":"default","adv-header-id-meta":"","stick-header-meta":"","header-above-stick-meta":"","header-main-stick-meta":"","header-below-stick-meta":"","astra-migrate-meta-layouts":"default","ast-page-background-enabled":"default","ast-page-background-meta":{"desktop":{"background-color":"","background-image":"","background-repeat":"repeat","background-position":"center center","background-size":"auto","background-attachment":"scroll","background-type":"","background-media":"","overlay-type":"","overlay-color":"","overlay-opacity":"","overlay-gradient":""},"tablet":{"background-color":"","background-image":"","background-repeat":"repeat","background-position":"center center","background-size":"auto","background-attachment":"scroll","background-type":"","background-media":"","overlay-type":"","overlay-color":"","overlay-opacity":"","overlay-gradient":""},"mobile":{"background-color":"","background-image":"","background-repeat":"repeat","background-position":"center center","background-size":"auto","background-attachment":"scroll","background-type":"","background-media":"","overlay-type":"","overlay-color":"","overlay-opacity":"","overlay-gradient":""}},"ast-content-background-meta":{"desktop":{"background-color":"var(--ast-global-color-5)","background-image":"","background-repeat":"repeat","background-position":"center center","background-size":"auto","background-attachment":"scroll","background-type":"","background-media":"","overlay-type":"","overlay-color":"","overlay-opacity":"","overlay-gradient":""},"tablet":{"background-color":"var(--ast-global-color-5)","background-image":"","background-repeat":"repeat","background-position":"center center","background-size":"auto","background-attachment":"scroll","background-type":"","background-media":"","overlay-type":"","overlay-color":"","overlay-opacity":"","overlay-gradient":""},"mobile":{"background-color":"var(--ast-global-color-5)","background-image":"","background-repeat":"repeat","background-position":"center center","background-size":"auto","background-attachment":"scroll","background-type":"","background-media":"","overlay-type":"","overlay-color":"","overlay-opacity":"","overlay-gradient":""}}},"product_brand":[],"product_cat":[1755,1738,1702],"product_tag":[],"class_list":{"0":"post-18147","1":"product","2":"type-product","3":"status-publish","4":"has-post-thumbnail","6":"product_cat-dla-dzieci","7":"product_cat-do-spania","8":"product_cat-mieszanki-olejkow-eterycznych","9":"desktop-align-left","10":"tablet-align-left","11":"mobile-align-left","13":"first","14":"outofstock","15":"taxable","16":"shipping-taxable","17":"purchasable","18":"product-type-simple"},"_links":{"self":[{"href":"https:\/\/mamaterra.lt\/pl\/wp-json\/wp\/v2\/product\/18147","targetHints":{"allow":["GET"]}}],"collection":[{"href":"https:\/\/mamaterra.lt\/pl\/wp-json\/wp\/v2\/product"}],"about":[{"href":"https:\/\/mamaterra.lt\/pl\/wp-json\/wp\/v2\/types\/product"}],"wp:featuredmedia":[{"embeddable":true,"href":"https:\/\/mamaterra.lt\/pl\/wp-json\/wp\/v2\/media\/18073"}],"wp:attachment":[{"href":"https:\/\/mamaterra.lt\/pl\/wp-json\/wp\/v2\/media?parent=18147"}],"wp:term":[{"taxonomy":"product_brand","embeddable":true,"href":"https:\/\/mamaterra.lt\/pl\/wp-json\/wp\/v2\/product_brand?post=18147"},{"taxonomy":"product_cat","embeddable":true,"href":"https:\/\/mamaterra.lt\/pl\/wp-json\/wp\/v2\/product_cat?post=18147"},{"taxonomy":"product_tag","embeddable":true,"href":"https:\/\/mamaterra.lt\/pl\/wp-json\/wp\/v2\/product_tag?post=18147"}],"curies":[{"name":"wp","href":"https:\/\/api.w.org\/{rel}","templated":true}]}}